{"id":3258,"date":"2017-12-18T18:33:08","date_gmt":"2017-12-18T18:33:08","guid":{"rendered":"http:\/\/biblian.is\/gudbrandsbiblia\/salmarnir-86-kafli\/"},"modified":"2017-12-18T18:33:08","modified_gmt":"2017-12-18T18:33:08","slug":"salmarnir-86-kafli","status":"publish","type":"page","link":"https:\/\/biblian.is\/gudbrandsbiblia\/salmarnir-86-kafli\/","title":{"rendered":"S\u00e1lmarnir 86. kafli"},"content":{"rendered":"<p>LXXXVI.<\/p>\n<p>B\u00e6n Dav\u00ed\u00f0s.<\/p>\n<p>Drottinn, hneig \u00feitt eyra og b\u00e6nheyr mig \u00fev\u00ed a\u00f0 eg em vesall og vola\u00f0ur.<\/p>\n<p>\tVar\u00f0veit \u00fe\u00fa s\u00e1l m\u00edna \u00fev\u00ed eg em <span class=\"athugasemd\" title=\"a \/ Heilagur m\u00e1 h\u00e9r og meina, ford\u00e6mdur, fyrirlitinn per anlihprasinn so sem einn villuma\u00f0ur\">[<\/span> heilagur, hj\u00e1lpa \u00fe\u00fa m\u00e9r, Gu\u00f0, \u00fer\u00e6li \u00fe\u00ednum sem treystir \u00e1 \u00feig.<\/p>\n<p>\tMiskunna \u00fe\u00fa m\u00e9r, Drottinn, \u00fev\u00ed a\u00f0 daglegana kalla eg til \u00fe\u00edn.<\/p>\n<p>\tGle\u00f0 \u00fe\u00fa s\u00e1lina \u00fer\u00e6ls \u00fe\u00edns \u00fevi a\u00f0 eftir \u00fe\u00e9r, Drottinn, forlengir mig.<\/p>\n<p>\t\u00dev\u00ed a\u00f0 \u00fe\u00fa, Drottinn, ert g\u00f3\u00f0ur og l\u00edknsamur og n\u00e6sta miskunnsamur vi\u00f0 alla \u00fe\u00e1 e\u00f0 \u00feig \u00e1kalla.<\/p>\n<p>\tHeyr \u00fe\u00fa, Drottinn, m\u00edna b\u00e6n og hygg a\u00f0 kveinstafan minnar gr\u00e1tbei\u00f0ni.<\/p>\n<p>\t\u00cd minni \u00e1nau\u00f0 kalla eg til \u00fe\u00edn, \u00fe\u00fa vildir n\u00fa \u00fe\u00e1 b\u00e6nheyra mig.<\/p>\n<p>\tDrottinn, enginn er \u00fe\u00e9r l\u00edkur me\u00f0al gu\u00f0anna og \u00fear er ei s\u00e1 neinn sem svoddan verk kann gj\u00f6ra sem \u00fe\u00fa.<\/p>\n<p>\tAllar \u00fej\u00f3\u00f0ir hverjar \u00fe\u00fa hefur skapa\u00f0 munu koma og tilbi\u00f0ja fyrir \u00fe\u00e9r, Drottinn, og \u00feitt nafn d\u00fdrka<\/p>\n<p>\t\u00fea\u00f0 \u00fe\u00fa ert svo m\u00e1ttugur og gj\u00f6rir d\u00e1semdarverkin og \u00fe\u00fa alleina ert Gu\u00f0.<\/p>\n<p>\tKenn \u00fe\u00fa m\u00e9r, Drottinn, \u00fe\u00edna vegu so a\u00f0 eg gangi \u00ed \u00fe\u00ednum sannleika, var\u00f0veit mitt hjarta vi\u00f0 \u00fea\u00f0 hi\u00f0 <span class=\"athugasemd\" title=\"b \/ \u00dea\u00f0 er, var\u00f0veit mig vi\u00f0 \u00feitt einkaor\u00f0 hvert e\u00f0 alleinasta bl\u00edfur og sannlega eitt gj\u00f6rir \u00fear a\u00f0rar kenningar sundurtv\u00edstra og gj\u00f6ra ekki nema villur og vantr\u00fana\u00f0\">[<\/span> einkanlega svo a\u00f0 eg \u00f3ttist \u00feitt nafn.<\/p>\n<p>\tEg \u00feakka \u00fe\u00e9r, Drottinn Gu\u00f0 minn, \u00fat af \u00f6llu hjarta og hei\u00f0ra \u00feitt nafn eil\u00edflega<\/p>\n<p>\t\u00fev\u00ed a\u00f0 \u00fe\u00edn miskunnsemi er mikil yfir m\u00e9r og m\u00edna s\u00e1lu hefur \u00fe\u00fa frelsa\u00f0 \u00fat af dj\u00fapi helv\u00edtis.<\/p>\n<p>\tGu\u00f0, hinir drambl\u00e1tu setja sig upp \u00e1 m\u00f3ti m\u00e9r og s\u00e1 flokkur v\u00edkinganna umsitur m\u00edna s\u00e1l og hefur \u00feig ekki s\u00e9r fyrir augum.<\/p>\n<p>\tEn \u00fe\u00fa, Drottinn Gu\u00f0 minn, ert mildur og miskunnsamur, \u00feolinm\u00f3\u00f0ur og mikillrar miskunnsemdar og sannarlegur. <span class=\"athugasemd\" title=\"S\u00e1l. 104 \/ Exod. 34\">[<\/span><\/p>\n<p>\tL\u00edttu til m\u00edn og miskunna m\u00e9r, styrk \u00fer\u00e6l \u00feinn me\u00f0 \u00fe\u00ednum krafti og hj\u00e1lpa \u00fe\u00fa son \u00feinnar amb\u00e1ttar.<\/p>\n<p>\tGj\u00f6r \u00fe\u00fa eitt teikn vi\u00f0 mig m\u00e9r til g\u00f3\u00f0a svo \u00fea\u00f0 sj\u00e1i \u00feeir e\u00f0 mig hata og skammist s\u00edn \u00fea\u00f0 \u00fe\u00fa, Drottinn, hj\u00e1lpar m\u00e9r og huggar mig.<\/p>\n","protected":false},"excerpt":{"rendered":"<p>LXXXVI. B\u00e6n Dav\u00ed\u00f0s. Drottinn, hneig \u00feitt eyra og b\u00e6nheyr mig \u00fev\u00ed a\u00f0 eg em vesall og vola\u00f0ur. Var\u00f0veit \u00fe\u00fa s\u00e1l m\u00edna \u00fev\u00ed eg em [ heilagur, hj\u00e1lpa \u00fe\u00fa m\u00e9r, Gu\u00f0, \u00fer\u00e6li \u00fe\u00ednum sem treystir \u00e1 \u00feig. Miskunna \u00fe\u00fa m\u00e9r, Drottinn, \u00fev\u00ed a\u00f0 daglegana kalla eg til \u00fe\u00edn. Gle\u00f0 \u00fe\u00fa s\u00e1lina \u00fer\u00e6ls \u00fe\u00edns \u00fevi a\u00f0 eftir \u00fe\u00e9r, Drottinn, forlengir mig. \u00dev\u00ed a\u00f0 \u00fe\u00fa, Drottinn, ert g\u00f3\u00f0ur og l\u00edknsamur og n\u00e6sta miskunnsamur vi\u00f0 alla \u00fe\u00e1 e\u00f0 \u00feig \u00e1kalla. Heyr \u00fe\u00fa, Drottinn, m\u00edna b\u00e6n og hygg a\u00f0 kveinstafan minnar gr\u00e1tbei\u00f0ni. \u00cd minni \u00e1nau\u00f0 kalla eg til \u00fe\u00edn, \u00fe\u00fa vildir n\u00fa \u00fe\u00e1 b\u00e6nheyra mig. <a href=\"https:\/\/biblian.is\/gudbrandsbiblia\/salmarnir-86-kafli\/\"> [&#8230;]<\/a><\/p>\n","protected":false},"author":1,"featured_media":0,"parent":0,"menu_order":0,"comment_status":"open","ping_status":"open","template":"bibliukaflar.php","meta":{"footnotes":""},"class_list":["post-3258","page","type-page","status-publish","hentry"],"_links":{"self":[{"href":"https:\/\/biblian.is\/gudbrandsbiblia\/wp-json\/wp\/v2\/pages\/3258","targetHints":{"allow":["GET"]}}],"collection":[{"href":"https:\/\/biblian.is\/gudbrandsbiblia\/wp-json\/wp\/v2\/pages"}],"about":[{"href":"https:\/\/biblian.is\/gudbrandsbiblia\/wp-json\/wp\/v2\/types\/page"}],"author":[{"embeddable":true,"href":"https:\/\/biblian.is\/gudbrandsbiblia\/wp-json\/wp\/v2\/users\/1"}],"replies":[{"embeddable":true,"href":"https:\/\/biblian.is\/gudbrandsbiblia\/wp-json\/wp\/v2\/comments?post=3258"}],"version-history":[{"count":0,"href":"https:\/\/biblian.is\/gudbrandsbiblia\/wp-json\/wp\/v2\/pages\/3258\/revisions"}],"wp:attachment":[{"href":"https:\/\/biblian.is\/gudbrandsbiblia\/wp-json\/wp\/v2\/media?parent=3258"}],"curies":[{"name":"wp","href":"https:\/\/api.w.org\/{rel}","templated":true}]}}