{"id":3257,"date":"2017-12-18T18:33:08","date_gmt":"2017-12-18T18:33:08","guid":{"rendered":"http:\/\/biblian.is\/gudbrandsbiblia\/salmarnir-85-kafli\/"},"modified":"2017-12-18T18:33:08","modified_gmt":"2017-12-18T18:33:08","slug":"salmarnir-85-kafli","status":"publish","type":"page","link":"https:\/\/biblian.is\/gudbrandsbiblia\/salmarnir-85-kafli\/","title":{"rendered":"S\u00e1lmarnir 85. kafli"},"content":{"rendered":"<p>LXXXV.<\/p>\n<p>S\u00e1lmur sona K\u00f3ra. Fyrir a\u00f0 syngja.<\/p>\n<p>Drottinn, \u00fe\u00fa sem \u00e1\u00f0ur vart miskunnsamur \u00fe\u00ednu landi og frelsa\u00f0ir \u00fe\u00e1 hina herteknu Jakobs,<\/p>\n<p>\t\u00fe\u00fa sem \u00e1\u00f0ur fyrirgafst misgj\u00f6r\u00f0irnar \u00fe\u00ednu f\u00f3lki og ni\u00f0urbyrg\u00f0ir allar \u00feeirra syndir. Sela.<\/p>\n<p>\t\u00de\u00fa sem \u00e1\u00f0ur m\u00fdktir alla \u00fe\u00edna rei\u00f0i og \u00ed burt snerir \u00fe\u00e9r fr\u00e1 \u00feinni heiftarbr\u00e6\u00f0i,<\/p>\n<p>\thugga oss, Gu\u00f0 vort hj\u00e1lpr\u00e6\u00f0i, og tak \u00ed burt \u00fe\u00edna f\u00e1\u00feykju fr\u00e1 oss.<\/p>\n<p>\tHvert viltu alla \u00e6vina oss rei\u00f0ur vera<\/p>\n<p>\tog \u00fat\u00feenja \u00fe\u00edna rei\u00f0i um aldur og \u00e6vi?<\/p>\n<p>\tViltu enn ekki l\u00edfga oss aftur svo a\u00f0 \u00feitt f\u00f3lk megi gle\u00f0ja sig yfir \u00fe\u00e9r?<\/p>\n<p>\tAu\u00f0s\u00fdn \u00fe\u00fa oss, Drottinn, \u00fe\u00edna miskunnsemi og gef oss \u00feitt hj\u00e1lpr\u00e6\u00f0i.<\/p>\n<p>\tM\u00e6tta eg f\u00e1 a\u00f0 heyra \u00fea\u00f0 Gu\u00f0 Drottinn hann tala\u00f0i, a\u00f0 hann fri\u00f0inn tilseg\u00f0i s\u00ednu f\u00f3lki og s\u00ednum heil\u00f6gum so a\u00f0 \u00feeir r\u00f6tu\u00f0u ekki \u00ed neina <span class=\"athugasemd\" title=\"a \/ A\u00f0 \u00feeir ekki um s\u00ed\u00f0ir \u00f6rvilnist e\u00f0ur \u00f3\u00feolugir ver\u00f0i og lasti Gu\u00f0\">[<\/span> f\u00e1visku.<\/p>\n<p>\t\u00de\u00f3 er hans hj\u00e1lp \u00feeim n\u00e1l\u00e6g sem hann \u00f3ttast, svo \u00fea\u00f0 <span class=\"athugasemd\" title=\"b \/ A\u00f0 allt fari loflega fram, menn s\u00e9 fr\u00f3mir og g\u00f3\u00f0vilja\u00f0ir hver vi\u00f0 annan\">[<\/span> d\u00fdr\u00f0in b\u00fai \u00ed voru landi,<\/p>\n<p>\ta\u00f0 miskunnsemin og sannleikurinn m\u00e6tist s\u00edn \u00e1 milli og a\u00f0 r\u00e9ttv\u00edsin og fri\u00f0urinn kyssi hvort anna\u00f0,<\/p>\n<p>\tso \u00fea\u00f0 tr\u00fain yxi \u00e1 j\u00f6r\u00f0u og r\u00e9ttv\u00edsin af himni ofan s\u00e6i,<\/p>\n<p>\tsvo a\u00f0 Drottinn veiti oss g\u00f3\u00f0vild, svo a\u00f0 vort land beri sinn \u00e1v\u00f6xt,<\/p>\n<p>\tsvo \u00fea\u00f0 r\u00e9ttv\u00edsin bl\u00edfi \u00fe\u00f3 samt fyrir honum og f\u00e1i fullan framgang.<\/p>\n","protected":false},"excerpt":{"rendered":"<p>LXXXV. S\u00e1lmur sona K\u00f3ra. Fyrir a\u00f0 syngja. Drottinn, \u00fe\u00fa sem \u00e1\u00f0ur vart miskunnsamur \u00fe\u00ednu landi og frelsa\u00f0ir \u00fe\u00e1 hina herteknu Jakobs, \u00fe\u00fa sem \u00e1\u00f0ur fyrirgafst misgj\u00f6r\u00f0irnar \u00fe\u00ednu f\u00f3lki og ni\u00f0urbyrg\u00f0ir allar \u00feeirra syndir. Sela. \u00de\u00fa sem \u00e1\u00f0ur m\u00fdktir alla \u00fe\u00edna rei\u00f0i og \u00ed burt snerir \u00fe\u00e9r fr\u00e1 \u00feinni heiftarbr\u00e6\u00f0i, hugga oss, Gu\u00f0 vort hj\u00e1lpr\u00e6\u00f0i, og tak \u00ed burt \u00fe\u00edna f\u00e1\u00feykju fr\u00e1 oss. Hvert viltu alla \u00e6vina oss rei\u00f0ur vera og \u00fat\u00feenja \u00fe\u00edna rei\u00f0i um aldur og \u00e6vi? Viltu enn ekki l\u00edfga oss aftur svo a\u00f0 \u00feitt f\u00f3lk megi gle\u00f0ja sig yfir \u00fe\u00e9r? Au\u00f0s\u00fdn \u00fe\u00fa oss, Drottinn, \u00fe\u00edna miskunnsemi og gef <a href=\"https:\/\/biblian.is\/gudbrandsbiblia\/salmarnir-85-kafli\/\"> [&#8230;]<\/a><\/p>\n","protected":false},"author":1,"featured_media":0,"parent":0,"menu_order":0,"comment_status":"open","ping_status":"open","template":"bibliukaflar.php","meta":{"footnotes":""},"class_list":["post-3257","page","type-page","status-publish","hentry"],"_links":{"self":[{"href":"https:\/\/biblian.is\/gudbrandsbiblia\/wp-json\/wp\/v2\/pages\/3257","targetHints":{"allow":["GET"]}}],"collection":[{"href":"https:\/\/biblian.is\/gudbrandsbiblia\/wp-json\/wp\/v2\/pages"}],"about":[{"href":"https:\/\/biblian.is\/gudbrandsbiblia\/wp-json\/wp\/v2\/types\/page"}],"author":[{"embeddable":true,"href":"https:\/\/biblian.is\/gudbrandsbiblia\/wp-json\/wp\/v2\/users\/1"}],"replies":[{"embeddable":true,"href":"https:\/\/biblian.is\/gudbrandsbiblia\/wp-json\/wp\/v2\/comments?post=3257"}],"version-history":[{"count":0,"href":"https:\/\/biblian.is\/gudbrandsbiblia\/wp-json\/wp\/v2\/pages\/3257\/revisions"}],"wp:attachment":[{"href":"https:\/\/biblian.is\/gudbrandsbiblia\/wp-json\/wp\/v2\/media?parent=3257"}],"curies":[{"name":"wp","href":"https:\/\/api.w.org\/{rel}","templated":true}]}}