{"id":3256,"date":"2017-12-18T18:33:08","date_gmt":"2017-12-18T18:33:08","guid":{"rendered":"http:\/\/biblian.is\/gudbrandsbiblia\/salmarnir-84-kafli\/"},"modified":"2017-12-18T18:33:08","modified_gmt":"2017-12-18T18:33:08","slug":"salmarnir-84-kafli","status":"publish","type":"page","link":"https:\/\/biblian.is\/gudbrandsbiblia\/salmarnir-84-kafli\/","title":{"rendered":"S\u00e1lmarnir 84. kafli"},"content":{"rendered":"<p>LXXXIIII.<\/p>\n<p>S\u00e1lmur sona K\u00f3ra. Upp \u00e1 git\u00edt fyrir a\u00f0 syngja.<\/p>\n<p>Hversu elskulegar eru \u00fe\u00ednar tjaldb\u00fa\u00f0ir, Drottinn allsherjar!<\/p>\n<p>\tS\u00e1lu m\u00edna forlengir og tregar eftir forgar\u00f0i Drottins, m\u00edn s\u00e1la og l\u00edkami gle\u00f0ur sig \u00ed \u00feeim lifandi Gu\u00f0i.<\/p>\n<p>\t\u00dev\u00ed a\u00f0 tittlingurinn hefur s\u00e9r hreysi fundi\u00f0 og svalan hrei\u00f0ur til a\u00f0 \u00fatklekja ungum s\u00ednum, einkum \u00feitt altari, Drottinn allsherjar, minn konungur og minn Gu\u00f0.<\/p>\n<p>\tS\u00e6lir eru \u00feeir sem \u00ed \u00fe\u00ednu h\u00fasi byggja \u00fev\u00ed \u00feeir lofa \u00feig um aldur og \u00e6vi. Sela.<\/p>\n<p>\tS\u00e6ll er s\u00e1 ma\u00f0ur sem \u00feig heldur fyrir sinn styrkleika og af hjarta \u00fe\u00e9r eftir fylgir.<\/p>\n<p>\t\u00deeir e\u00f0 \u00ed gegnum \u00feann <span class=\"athugasemd\" title=\"a \/ \u00dea\u00f0 er, \u00feeir e\u00f0 fara um kring aftur og fram a\u00f0 l\u00e6ra og kenna f\u00f3lkinu\">[<\/span> t\u00e1radalinn ganga og grafa \u00fear upp brunna og \u00feeir l\u00e6rife\u00f0urnir ver\u00f0a me\u00f0 margfaldlegri blessan pr\u00fdddir.<\/p>\n<p>\t\u00deeir \u00f6\u00f0last hverja sigurvinning eftir a\u00f0ra svo a\u00f0 sj\u00e1st hl\u00fdtur \u00fea\u00f0 hinn sannarlegi Gu\u00f0 s\u00e9 til S\u00edon.<\/p>\n<p>\tDrottinn Gu\u00f0 allsherjar, heyr \u00fe\u00fa m\u00edna b\u00e6n og l\u00e1t \u00fe\u00e9r \u00fea\u00f0 skiljast, Gu\u00f0 Jakobs. Sela.<\/p>\n<p>\tGu\u00f0, vor hl\u00edf\u00f0arskj\u00f6ldur, sj\u00e1 \u00fe\u00fa \u00fear til, \u00e1l\u00edttu r\u00edki\u00f0 \u00fe\u00edns \u00feess hins smur\u00f0a.<\/p>\n<p>\t\u00dev\u00ed a\u00f0 einn dagur \u00ed \u00fe\u00ednum fordyrum er betri en \u00fe\u00fasund a\u00f0rir, eg vil miklu heldur dyrav\u00f6r\u00f0ur vera \u00ed Gu\u00f0s m\u00edns h\u00fasi en lengi a\u00f0 b\u00faa \u00fat \u00ed tjaldb\u00fa\u00f0um \u00f3gu\u00f0legra.<\/p>\n<p>\t\u00dev\u00ed Drottinn er <span class=\"athugasemd\" title=\"b \/ Hann l\u00e6rir, verndar, huggar og hj\u00e1lpar\">[<\/span> s\u00f3l og skj\u00f6ldur, Drottinn gefur <span class=\"athugasemd\" title=\"c \/ \u00cd sta\u00f0inn haturs og forsm\u00e1nar heimsins\">[<\/span> n\u00e1\u00f0 og hei\u00f0ur, hinir r\u00e9ttfer\u00f0ugu munu \u00f6ngvan brest hafa \u00e1 neinu g\u00f3\u00f0u.<\/p>\n<p>\tDrottinn Gu\u00f0 allsherjar, s\u00e6ll er s\u00e1 ma\u00f0ur sem treystir upp \u00e1 \u00feig.<\/p>\n","protected":false},"excerpt":{"rendered":"<p>LXXXIIII. S\u00e1lmur sona K\u00f3ra. Upp \u00e1 git\u00edt fyrir a\u00f0 syngja. Hversu elskulegar eru \u00fe\u00ednar tjaldb\u00fa\u00f0ir, Drottinn allsherjar! S\u00e1lu m\u00edna forlengir og tregar eftir forgar\u00f0i Drottins, m\u00edn s\u00e1la og l\u00edkami gle\u00f0ur sig \u00ed \u00feeim lifandi Gu\u00f0i. \u00dev\u00ed a\u00f0 tittlingurinn hefur s\u00e9r hreysi fundi\u00f0 og svalan hrei\u00f0ur til a\u00f0 \u00fatklekja ungum s\u00ednum, einkum \u00feitt altari, Drottinn allsherjar, minn konungur og minn Gu\u00f0. S\u00e6lir eru \u00feeir sem \u00ed \u00fe\u00ednu h\u00fasi byggja \u00fev\u00ed \u00feeir lofa \u00feig um aldur og \u00e6vi. Sela. S\u00e6ll er s\u00e1 ma\u00f0ur sem \u00feig heldur fyrir sinn styrkleika og af hjarta \u00fe\u00e9r eftir fylgir. \u00deeir e\u00f0 \u00ed gegnum \u00feann [ t\u00e1radalinn <a href=\"https:\/\/biblian.is\/gudbrandsbiblia\/salmarnir-84-kafli\/\"> [&#8230;]<\/a><\/p>\n","protected":false},"author":1,"featured_media":0,"parent":0,"menu_order":0,"comment_status":"open","ping_status":"open","template":"bibliukaflar.php","meta":{"footnotes":""},"class_list":["post-3256","page","type-page","status-publish","hentry"],"_links":{"self":[{"href":"https:\/\/biblian.is\/gudbrandsbiblia\/wp-json\/wp\/v2\/pages\/3256","targetHints":{"allow":["GET"]}}],"collection":[{"href":"https:\/\/biblian.is\/gudbrandsbiblia\/wp-json\/wp\/v2\/pages"}],"about":[{"href":"https:\/\/biblian.is\/gudbrandsbiblia\/wp-json\/wp\/v2\/types\/page"}],"author":[{"embeddable":true,"href":"https:\/\/biblian.is\/gudbrandsbiblia\/wp-json\/wp\/v2\/users\/1"}],"replies":[{"embeddable":true,"href":"https:\/\/biblian.is\/gudbrandsbiblia\/wp-json\/wp\/v2\/comments?post=3256"}],"version-history":[{"count":0,"href":"https:\/\/biblian.is\/gudbrandsbiblia\/wp-json\/wp\/v2\/pages\/3256\/revisions"}],"wp:attachment":[{"href":"https:\/\/biblian.is\/gudbrandsbiblia\/wp-json\/wp\/v2\/media?parent=3256"}],"curies":[{"name":"wp","href":"https:\/\/api.w.org\/{rel}","templated":true}]}}