{"id":3252,"date":"2017-12-18T18:33:04","date_gmt":"2017-12-18T18:33:04","guid":{"rendered":"http:\/\/biblian.is\/gudbrandsbiblia\/salmarnir-81-kafli\/"},"modified":"2017-12-18T18:33:04","modified_gmt":"2017-12-18T18:33:04","slug":"salmarnir-81-kafli","status":"publish","type":"page","link":"https:\/\/biblian.is\/gudbrandsbiblia\/salmarnir-81-kafli\/","title":{"rendered":"S\u00e1lmarnir 81. kafli"},"content":{"rendered":"<p>LXXXI.<\/p>\n<p>S\u00e1lmur Assaf. Upp \u00e1 git\u00edt fyrir a\u00f0 syngja.<\/p>\n<p>Syngi\u00f0 gla\u00f0lega Gu\u00f0i hj\u00e1lpara vorum, syngi\u00f0 h\u00e1tt lof Gu\u00f0i Jakob!<\/p>\n<p>\tTaki\u00f0 s\u00e1lmana og f\u00e1i\u00f0 hinga\u00f0 bumbuna, listilega h\u00f6rpu me\u00f0 symf\u00f3ni.<\/p>\n<p>\tBl\u00e1si\u00f0 \u00ed l\u00fa\u00f0rana me\u00f0 n\u00fdinu tunglsins, \u00e1 h\u00e1t\u00ed\u00f0ardegi vorrar tjaldb\u00fa\u00f0ar.<\/p>\n<p>\t\u00dev\u00ed a\u00f0 svoddan er si\u00f0venja \u00ed \u00cdsrael og einn r\u00e9ttur Gu\u00f0s Jakob.<\/p>\n<p>\tSoddan hefur hann til vitnisbur\u00f0ar sett me\u00f0al J\u00f3sefs \u00fe\u00e1 e\u00f0 \u00feeir \u00fatf\u00f3ru af Egyptalandi og heyrt h\u00f6f\u00f0u annarlegt tungum\u00e1l. <span class=\"athugasemd\" title=\"Gen. 41 \/ Exod. 15\">[<\/span> <\/p>\n<p>\tOg \u00fe\u00e1 eg haf\u00f0a \u00feunga burtsvipt af \u00feeirra her\u00f0um og \u00fe\u00e1 \u00feeirra hendur frj\u00e1lsar ur\u00f0u af <span class=\"athugasemd\" title=\"sword Leirpottunum\">[<\/span> leirveltunni.<\/p>\n<p>\t\u00de\u00e1 e\u00f0 \u00fe\u00fa \u00e1kalla\u00f0ir mig \u00ed ney\u00f0inni hj\u00e1lpa\u00f0i eg \u00fe\u00e9r \u00fat \u00fea\u00f0an og b\u00e6nheyr\u00f0a \u00feig \u00fe\u00e1 e\u00f0 stormvi\u00f0ri\u00f0 dundi yfir \u00fe\u00e9r og eg reynda \u00feig vi\u00f0 M\u00f3tm\u00e6lisvatni\u00f0. <span class=\"athugasemd\" title=\"Exod. 17\">[<\/span> Sela.<\/p>\n<p>\tHeyr \u00fe\u00fa, mitt f\u00f3lk, eg vil vitna me\u00f0al \u00fe\u00edn, \u00cdsrael, \u00fe\u00fa skalt m\u00e9r hl\u00fd\u00f0a,<\/p>\n<p>\tsvo \u00fea\u00f0 me\u00f0al \u00fe\u00edn s\u00e9 enginn annar gu\u00f0 og \u00fe\u00fa eigi neinn annarlegan gu\u00f0 tilbi\u00f0jir.<\/p>\n<p>\tEg em Drottinn Gu\u00f0 \u00feinn s\u00e1 e\u00f0 \u00feig hefur \u00fatleitt af Egyptalandi, l\u00fak \u00fe\u00ednum munni vel \u00ed sundur og l\u00e1t mig hann fylla. <span class=\"athugasemd\" title=\"Exod. 20\">[<\/span><\/p>\n<p>\tEn mitt f\u00f3lk heyr\u00f0i ei m\u00edna raust og \u00cdsrael skeytir m\u00e9r ekki.<\/p>\n<p>\tOg \u00fev\u00ed hef eg \u00fe\u00e1 yfirgefi\u00f0 \u00ed s\u00edns hjartans vellystingar a\u00f0 \u00feeir gangi \u00ed s\u00ednu sj\u00e1lfr\u00e6\u00f0i. <span class=\"athugasemd\" title=\"Act. 14\">[<\/span><\/p>\n<p>\tEf a\u00f0 mitt f\u00f3lk vildi m\u00e9r hl\u00fd\u00f0i\u00f0 vera og \u00cdsrael ganga \u00e1 m\u00ednum vegi<\/p>\n<p>\t\u00fe\u00e1 munda eg snarlega ni\u00f0urkefja \u00feeirra \u00f3vini og m\u00edna h\u00f6nd koma l\u00e1ta yfir \u00feeirra m\u00f3tst\u00f6\u00f0umenn <span class=\"athugasemd\" title=\"Bar\u00fak. 3\">[<\/span><\/p>\n<p>\tog \u00feeir e\u00f0 Drottin hata \u00feeim skyldi \u00fea\u00f0 breg\u00f0ast en \u00feeirra t\u00edmi mundi vara \u00e6vinlega<\/p>\n<p>\tog me\u00f0 \u00fev\u00ed hinu feitasta korni mundi eg \u00fe\u00e1 metta og \u00fe\u00e1 me\u00f0 \u00fev\u00ed hunanginu \u00fat af hellunni se\u00f0ja.<\/p>\n","protected":false},"excerpt":{"rendered":"<p>LXXXI. S\u00e1lmur Assaf. Upp \u00e1 git\u00edt fyrir a\u00f0 syngja. Syngi\u00f0 gla\u00f0lega Gu\u00f0i hj\u00e1lpara vorum, syngi\u00f0 h\u00e1tt lof Gu\u00f0i Jakob! Taki\u00f0 s\u00e1lmana og f\u00e1i\u00f0 hinga\u00f0 bumbuna, listilega h\u00f6rpu me\u00f0 symf\u00f3ni. Bl\u00e1si\u00f0 \u00ed l\u00fa\u00f0rana me\u00f0 n\u00fdinu tunglsins, \u00e1 h\u00e1t\u00ed\u00f0ardegi vorrar tjaldb\u00fa\u00f0ar. \u00dev\u00ed a\u00f0 svoddan er si\u00f0venja \u00ed \u00cdsrael og einn r\u00e9ttur Gu\u00f0s Jakob. Soddan hefur hann til vitnisbur\u00f0ar sett me\u00f0al J\u00f3sefs \u00fe\u00e1 e\u00f0 \u00feeir \u00fatf\u00f3ru af Egyptalandi og heyrt h\u00f6f\u00f0u annarlegt tungum\u00e1l. [ Og \u00fe\u00e1 eg haf\u00f0a \u00feunga burtsvipt af \u00feeirra her\u00f0um og \u00fe\u00e1 \u00feeirra hendur frj\u00e1lsar ur\u00f0u af [ leirveltunni. \u00de\u00e1 e\u00f0 \u00fe\u00fa \u00e1kalla\u00f0ir mig \u00ed ney\u00f0inni hj\u00e1lpa\u00f0i eg \u00fe\u00e9r \u00fat <a href=\"https:\/\/biblian.is\/gudbrandsbiblia\/salmarnir-81-kafli\/\"> [&#8230;]<\/a><\/p>\n","protected":false},"author":1,"featured_media":0,"parent":0,"menu_order":0,"comment_status":"open","ping_status":"open","template":"bibliukaflar.php","meta":{"footnotes":""},"class_list":["post-3252","page","type-page","status-publish","hentry"],"_links":{"self":[{"href":"https:\/\/biblian.is\/gudbrandsbiblia\/wp-json\/wp\/v2\/pages\/3252","targetHints":{"allow":["GET"]}}],"collection":[{"href":"https:\/\/biblian.is\/gudbrandsbiblia\/wp-json\/wp\/v2\/pages"}],"about":[{"href":"https:\/\/biblian.is\/gudbrandsbiblia\/wp-json\/wp\/v2\/types\/page"}],"author":[{"embeddable":true,"href":"https:\/\/biblian.is\/gudbrandsbiblia\/wp-json\/wp\/v2\/users\/1"}],"replies":[{"embeddable":true,"href":"https:\/\/biblian.is\/gudbrandsbiblia\/wp-json\/wp\/v2\/comments?post=3252"}],"version-history":[{"count":0,"href":"https:\/\/biblian.is\/gudbrandsbiblia\/wp-json\/wp\/v2\/pages\/3252\/revisions"}],"wp:attachment":[{"href":"https:\/\/biblian.is\/gudbrandsbiblia\/wp-json\/wp\/v2\/media?parent=3252"}],"curies":[{"name":"wp","href":"https:\/\/api.w.org\/{rel}","templated":true}]}}