{"id":3249,"date":"2017-12-18T18:33:04","date_gmt":"2017-12-18T18:33:04","guid":{"rendered":"http:\/\/biblian.is\/gudbrandsbiblia\/salmarnir-78-kafli\/"},"modified":"2017-12-18T18:33:04","modified_gmt":"2017-12-18T18:33:04","slug":"salmarnir-78-kafli","status":"publish","type":"page","link":"https:\/\/biblian.is\/gudbrandsbiblia\/salmarnir-78-kafli\/","title":{"rendered":"S\u00e1lmarnir 78. kafli"},"content":{"rendered":"<p>LXXVIII.<\/p>\n<p>Menntanarfr\u00e6\u00f0i Assaf.<\/p>\n<p>Hyggi\u00f0 \u00fe\u00e9r, mitt f\u00f3lk, a\u00f0 m\u00ednu l\u00f6gm\u00e1li, hneigi\u00f0 y\u00f0ar eyru til r\u00e6\u00f0u m\u00edns munns.<\/p>\n<p>\tEg vil m\u00ednum munni uppl\u00faka me\u00f0 eftirl\u00edkingu og \u00feau hinu g\u00f6mlu d\u00e6min framsetja, <span class=\"athugasemd\" title=\"Math. 13\">[<\/span> <\/p>\n<p>\t\u00feau e\u00f0 v\u00e9r h\u00f6fum heyrt og vitum af og vorir forfe\u00f0ur hafa sagt oss<\/p>\n<p>\tsvo a\u00f0 v\u00e9r skyldum ei hylja \u00fea\u00f0 fyrir \u00feeirra b\u00f6rnum og eftirkomendum og kunngj\u00f6ra lof Drottins, hans magt og d\u00e1semdir \u00fe\u00e6r e\u00f0 hann hefur gj\u00f6rt.<\/p>\n<p>\tHann upph\u00f3f einn vitnisbur\u00f0 \u00ed Jakob og gaf eitt l\u00f6gm\u00e1l \u00ed \u00cdsrael, hvert e\u00f0 hann bau\u00f0 fe\u00f0rum vorum a\u00f0 kenna sonum s\u00ednum<\/p>\n<p>\tso a\u00f0 \u00feeirra eftirkomendur l\u00e6r\u00f0u \u00fea\u00f0 og \u00feau b\u00f6rn sem skyldu borin ver\u00f0a, so a\u00f0 n\u00e6r \u00feau k\u00e6mi \u00fe\u00e1 kunngj\u00f6r\u00f0u \u00feau \u00fea\u00f0 einnin s\u00ednum b\u00f6rnum<\/p>\n<p>\tsvo a\u00f0 \u00feeir setti einnin s\u00edna von til Gu\u00f0s og forgleymdi ekki \u00feeim d\u00e1semdarverkum og h\u00e9ldi hans bo\u00f0or\u00f0<\/p>\n<p>\tog a\u00f0 \u00feeir ver\u00f0i ekki l\u00edka sem fe\u00f0ur \u00feeirra, \u00ferj\u00f3skfullt og \u00f3hl\u00fd\u00f0ugt slekti, hverra hjarta \u00fea\u00f0 ekki r\u00e9ttfer\u00f0ugt var og \u00feeirra andi h\u00e9lt ekki tr\u00falega vi\u00f0 Gu\u00f0.<\/p>\n<p>\tSo sem \u00fea\u00f0 synir <span class=\"athugasemd\" title=\"sword Fyrir k\u00f3nga\u00f6ldina var \u00e6\u00f0sta r\u00edkisstj\u00f3rn hj\u00e1 \u00e6tt Efra\u00edm, \u00feeir sem b\u00e1ru vopn og boga. En af \u00fev\u00ed \u00feeir voru drambsamir og treystu ekki Gu\u00f0i, \u00fev\u00ed var h\u00fan fr\u00e1 \u00feeim tekin og gefin \u00e6tt J\u00fada\">[<\/span> Efra\u00edm \u00feeir e\u00f0 brynja\u00f0ir bogaskeytin f\u00e6r\u00f0u fr\u00e1f\u00e9llu \u00e1 <span class=\"athugasemd\" title=\"a \/ \u00d3fri\u00f0 kallar hann freistanir, ney\u00f0 og m\u00f3tgang\">[<\/span> \u00f3fri\u00f0art\u00edmanum.<\/p>\n<p>\tS\u00e1ttm\u00e1lann Gu\u00f0s h\u00e9ldu \u00feeir ekki og \u00ed hans l\u00f6gm\u00e1li vildu \u00feeir ei ganga.<\/p>\n<p>\tOg \u00feeir forgleymdu hans velgj\u00f6rningum og hans d\u00e1semdum sem hann haf\u00f0i au\u00f0s\u00fdnt \u00feeim.<\/p>\n<p>\tFyrir fe\u00f0rum \u00feeirra gj\u00f6r\u00f0i hann st\u00f3rmerki \u00e1 Egyptalandi, \u00e1 v\u00f6llunum vi\u00f0 S\u00f3an.<\/p>\n<p>\tHann \u00ed sundurskipti hafinu og l\u00e9t \u00fe\u00e1 \u00fear \u00ed gegnum ganga og setti up vatni\u00f0 l\u00edka sem m\u00farvegg. <span class=\"athugasemd\" title=\"Exod. 14\">[<\/span> <\/p>\n<p>\t\u00c1 daginn leiddi hann \u00fe\u00e1 me\u00f0 sk\u00fdinu en \u00e1 n\u00e6turnar \u00ed birtunni eldsins.<\/p>\n<p>\tHann \u00ed sundurklauf hellubjargi\u00f0 \u00e1 ey\u00f0im\u00f6rkinni og gaf \u00feeim vatn a\u00f0 drekka yfirgn\u00e6fanlega. <span class=\"athugasemd\" title=\"Exo. 17 \/ Num. 20\">[<\/span> <\/p>\n<p>\tOg hann l\u00e9t uppspretta af hellunni so a\u00f0 \u00feeir flutu \u00fea\u00f0an \u00ed burt sem a\u00f0rir vatsstraumar.<\/p>\n<p>\t\u00de\u00f3 syndgu\u00f0u \u00feeir enn framar meir \u00e1 m\u00f3ti honum og til rei\u00f0i reittu Hinn h\u00e6\u00f0sta \u00e1 ey\u00f0im\u00f6rkinni.<\/p>\n<p>\tOg \u00feeir freistu\u00f0u Gu\u00f0s \u00ed s\u00ednum hj\u00f6rtum \u00fev\u00ed a\u00f0 \u00feeir heimtu f\u00e6\u00f0slu fyrir s\u00ednar s\u00e1lir<\/p>\n<p>\tog m\u00e6ltu \u00e1 m\u00f3ti Gu\u00f0i og s\u00f6g\u00f0u: &#8222;Hvernin skyuldi Gu\u00f0 kunna matbor\u00f0 a\u00f0 b\u00faa \u00ed ey\u00f0im\u00f6rkinni?<\/p>\n<p>\tSj\u00e1 \u00fe\u00fa, \u00fe\u00f3 hann hafi helluna so slegi\u00f0 og vatn flyti \u00fe.ar \u00fat og l\u00e6kir dundu \u00fear fram<\/p>\n<p>\ten hvernin skal hann kunna brau\u00f0 a\u00f0 gefa og s\u00ednu f\u00f3lki kj\u00f6t a\u00f0 matrei\u00f0a?&#8220;<\/p>\n<p>\t\u00de\u00e1 e\u00f0 Drottinn heyr\u00f0i n\u00fa sl\u00edkt gramdist honum \u00feetta og eldur t\u00f3k a\u00f0 tendrast \u00ed bland Jakob og rei\u00f0i kom yfir \u00cdsrael\t<\/p>\n<p>\t\u00fev\u00ed a\u00f0 \u00feeir tr\u00fa\u00f0u ekki \u00e1 Gu\u00f0 og vonu\u00f0u ekki upp \u00e1 hans hj\u00e1lpr\u00e6\u00f0i.<\/p>\n<p>\tOg hann bau\u00f0 sk\u00fdjunum \u00fear uppi og upplauk dyrum himinsins<\/p>\n<p>\tog hann l\u00e9t \u00feeim ofan rigna manna til f\u00e6\u00f0slu og gaf \u00feeim himnabrau\u00f0. <span class=\"athugasemd\" title=\"Exo. 16 \/ Num. 11 \/ J\u00f3h. 6 \/ Sap. 11 \/ 1. Kor. 10 \/ Num. 11\">[<\/span> <\/p>\n<p>\t\u00deeir \u00e1tu englabrau\u00f0, hann sendi \u00feeim n\u00f3glega f\u00e6\u00f0slu.<\/p>\n<p>\tHann l\u00e9t bl\u00e1sa austanvind af loftinu og fyrir sinn kraft hr\u00e6r\u00f0i hann \u00feann sunnanvind.<\/p>\n<p>\tOg hann l\u00e9t kj\u00f6ti yfir \u00fe\u00e1 rigna svo sem moldardufti og fuglana svo \u00feykkt sem sj\u00e1varsand.<\/p>\n<p>\tOg hann l\u00e9t \u00fe\u00e1 alls sta\u00f0ar ni\u00f0ur detta \u00e1 millum landtjalda \u00feeirra \u00fear e\u00f0 \u00feeir sinn b\u00fasta\u00f0 h\u00f6f\u00f0u.<\/p>\n<p>\tN\u00e6r e\u00f0 \u00feeir h\u00f6f\u00f0u n\u00fa haft s\u00edna lysting og \u00e1 me\u00f0an \u00feeir \u00e1tu \u00fear af<\/p>\n<p>\t\u00fe\u00e1 kom Gu\u00f0s rei\u00f0i yfir \u00fe\u00e1 og \u00ed hel sl\u00f3 hina \u00e6\u00f0stu af \u00feeim og drap \u00fear ni\u00f0ur \u00fe\u00e1 hina bestu \u00ed \u00cdsrael.<\/p>\n<p>\tEn a\u00f0 auk alls \u00feessa \u00fe\u00e1 syndgu\u00f0ust \u00feeir enn framarmeir og tr\u00fa\u00f0u ekki \u00e1 hans d\u00e1semdarverk.<\/p>\n<p>\t\u00dear fyrir l\u00e9t hann \u00fe\u00e1 deyja \u00ed burt svo a\u00f0 \u00feeir <span class=\"athugasemd\" title=\"b \/ \u00deeir fengu ekki a\u00f0 koma \u00ed \u00fea\u00f0 fyrirheitna land og voru forgefins \u00fatfarnir af Egyptalandi\">[<\/span> \u00f6\u00f0lu\u00f0ust ekkert og hlutu um s\u00edna l\u00edfdaga pl\u00e1ga\u00f0ir a\u00f0 vera.<\/p>\n<p>\tN\u00e6r e\u00f0 hann sl\u00f3 \u00fe\u00e1 ni\u00f0ur leitu\u00f0u \u00feeir hans og sneru s\u00e9r \u00e1rla til Gu\u00f0s.<\/p>\n<p>\tOg \u00feeir hugsu\u00f0u \u00fea\u00f0 Gu\u00f0 hann v\u00e6ri \u00feeirra traust og s\u00e1 hinn h\u00e6\u00f0sti Gu\u00f0 \u00feeirra frelsari.<\/p>\n<p>\tOg \u00feeir smj\u00f6\u00f0ru\u00f0u a\u00f0 honum me\u00f0 munni s\u00ednum og lugu a\u00f0 honum me\u00f0 s\u00ednum tungum.<\/p>\n<p>\tEn \u00feeirra hjarta var ekki r\u00e9ttsinnugt til hans og ekki voru \u00feeir tr\u00falyndir \u00ed hans s\u00e1ttm\u00e1la.<\/p>\n<p>\tEn hann var \u00feeim miskunnsamur og fyrirgaf \u00feeim misgj\u00f6r\u00f0ina og afm\u00e1\u00f0i \u00fe\u00e1 ekki og \u00ed burtsneri oftsinnis sinni rei\u00f0i og l\u00e9t ekki alla s\u00edna rei\u00f0i yfir \u00fe\u00e1 koma.<\/p>\n<p>\t\u00dev\u00ed a\u00f0 hann \u00feenkti \u00e1 \u00fea\u00f0 \u00feeir v\u00e6ri hold og s\u00e1 vindur e\u00f0 \u00ed burt l\u00ed\u00f0ur og ekki aftur kemur.<\/p>\n<p>\tMj\u00f6g oft reittu \u00feeir hann \u00ed ey\u00f0im\u00f6rkinni og egndu hann til rei\u00f0i \u00e1 \u00feeim \u00f6r\u00e6funum.<\/p>\n<p>\t\u00deeir <span class=\"athugasemd\" title=\"c \/ \u00deeir settu Gu\u00f0i jafnan stund og m\u00e1ta n\u00e6r og hvernin hann skyldi \u00fereifanlega hj\u00e1lpa \u00feeim en ekki vildu \u00feeir tr\u00faa \u00e1 \u00fea\u00f0 \u00f3komna. Stundum girnast \u00feeir kj\u00f6t, stundum vatn, stundum brau\u00f0. En a\u00f0 setja svo Gu\u00f0i fyrir og kenna honum hva\u00f0 hann skal gj\u00f6ra, \u00fea\u00f0 heitir a\u00f0 freista Gu\u00f0s. Exodi vy; vyi; ix; x.\">[<\/span> freistu\u00f0u Gu\u00f0s einatt aftur og vildu kenna \u00deeim heilaga \u00ed \u00cdsrael. <\/p>\n<p>\t\u00deeir minntust ekki \u00e1 hans h\u00f6nd \u00e1 \u00feeim degi e\u00f0 hann frelsa\u00f0i \u00e1 \u00ed fr\u00e1 \u00f3vinunum,<\/p>\n<p>\thversu hann haf\u00f0i gj\u00f6rt s\u00edn st\u00f3rmerki \u00e1 Egyptalandi og s\u00edn d\u00e1semdarverk \u00ed landinu S\u00f3an,<\/p>\n<p>\t\u00fe\u00e1 e\u00f0 hann umsneri \u00feeirra v\u00f6tnum \u00ed bl\u00f3\u00f0 so a\u00f0 \u00feeir g\u00e1tu ekki \u00far s\u00ednum vatsbrunnum drukki\u00f0, <\/p>\n<p>\t\u00fe\u00e1 hann \u00fatsendi me\u00f0al \u00feeirra illskuormana sem \u00e1tu \u00fe\u00e1 og \u00fe\u00e6r p\u00f6ddurnar sem fordj\u00f6rfu\u00f0u \u00fe\u00e1, <span class=\"athugasemd\" title=\"Exod. 8\">[<\/span> <\/p>\n<p>\tog gaf \u00feeirra \u00e1v\u00f6xtu \u00feeim grasm\u00f6\u00f0kunum og \u00feeirra kornf\u00e6\u00f0i engisprettunum, <span class=\"athugasemd\" title=\"Exod. 10\">[<\/span> <\/p>\n<p>\t\u00fe\u00e1 e\u00f0 hann \u00feeirra v\u00ednvi\u00f0u me\u00f0ur hagli ni\u00f0ursl\u00f3 og \u00feeirra m\u00f3rbertr\u00e9 me\u00f0 frosti, <span class=\"athugasemd\" title=\"Exod. 8\">[<\/span>  <\/p>\n<p>\t\u00fe\u00e1 e\u00f0 hann me\u00f0 hagli ni\u00f0ursl\u00f3 \u00feeirra f\u00e9na\u00f0 og hjar\u00f0ir \u00feeirra me\u00f0 eldinum,<\/p>\n<p>\t\u00fe\u00e1 e\u00f0 hann \u00ed sinni heiftarbr\u00e6\u00f0i \u00fatsendi illskuenglana \u00e1 me\u00f0al \u00feeirra og l\u00e9t \u00fe\u00e1 \u00e6\u00f0a og \u00f3lmast og illt af s\u00e9r gj\u00f6ra,<\/p>\n<p>\t\u00fe\u00e1 e\u00f0 hann l\u00e9t s\u00edna rei\u00f0i yfirganga og \u00feyrmdi ekki s\u00e1lu \u00feeirra fyrir dau\u00f0anum og l\u00e9t \u00feeirra f\u00e9na\u00f0 \u00ed dreps\u00f3tt deyja,<\/p>\n<p>\t\u00fe\u00e1 e\u00f0 hann sl\u00f3 alla frumgetninga \u00e1 Egyptalandi, \u00fe\u00e1 frumbur\u00f0i \u00ed tjaldb\u00fa\u00f0um Kam. <span class=\"athugasemd\" title=\"Exod. 12\">[<\/span>  <\/p>\n<p>\tOg hann l\u00e9t sitt f\u00f3lk \u00fea\u00f0an burt fara sem sau\u00f0i og leiddi \u00fe\u00e1 sem a\u00f0ra hj\u00f6r\u00f0 \u00e1 ey\u00f0im\u00f6rkinni.<\/p>\n<p>\tOg hann \u00fatleiddi \u00fe\u00e1 \u00ed g\u00f3\u00f0u trausti svo a\u00f0 \u00feeir \u00f3ttu\u00f0ust ekki, en \u00f3vini \u00feeirra huldi sj\u00f3rinn. <span class=\"athugasemd\" title=\"Exod. 14\">[<\/span><\/p>\n<p>\tOg hann innleiddi \u00fe\u00e1 \u00ed s\u00edn heil\u00f6gu landsmerki, til \u00feess fjallsins sem hans h\u00e6gri h\u00f6nd hefur \u00fatvega\u00f0, <span class=\"athugasemd\" title=\"J\u00f3s. 7\">[<\/span> <\/p>\n<p>\tog \u00ed burtdreif fyrir \u00feeirra augs\u00fdn hei\u00f0nar \u00fej\u00f3\u00f0ir og skipti me\u00f0 \u00feeim arfleif\u00f0inni og l\u00e9t svo \u00ed h\u00edb\u00fdlum hinna annarra \u00e6ttmenn \u00cdsraels byggja.  <\/p>\n<p>\tEn \u00feeir freistu\u00f0u og reittu Gu\u00f0 hinn h\u00e6sta og h\u00e9ldu ekki hans vitnisbur\u00f0i.<\/p>\n<p>\tOg \u00feeir fr\u00e1snerust og forsm\u00e1\u00f0u alla hluti, l\u00edka sem fe\u00f0ur \u00feeirra, og h\u00e9ldu ekki svo sem annar sta\u00f0laus bogi.<\/p>\n<p>\tOg \u00feeir reittu hann til rei\u00f0i me\u00f0 s\u00ednum h\u00e6\u00f0um og hugm\u00f3\u00f0u\u00f0u hann me\u00f0 s\u00ednum sk\u00fargo\u00f0um.<\/p>\n<p>\tOg \u00fe\u00e1 e\u00f0 Gu\u00f0 heyr\u00f0i \u00fea\u00f0 gramdist honum sl\u00edkt og forlag\u00f0i \u00cdsrael harla mj\u00f6g<\/p>\n<p>\tsvo a\u00f0 hann yfirgaf s\u00edna tjaldb\u00fa\u00f0 til S\u00edl\u00f3, \u00fe\u00e1 s\u00edna tjaldb\u00fa\u00f0 \u00fear e\u00f0 hann innibygg\u00f0i me\u00f0al mannanna,<\/p>\n<p>\tog gaf \u00feeirra <span class=\"athugasemd\" title=\"b \/ S\u00e1ttm\u00e1lsaurkina, upp \u00e1 hverja \u00feeir treystu\">[<\/span> magt \u00fat \u00ed herlei\u00f0ingina og \u00feeirra pr\u00fd\u00f0i \u00ed hendur \u00f3vinarins<\/p>\n<p>\tog yfirgaf sitt f\u00f3lk undir sver\u00f0 og var\u00f0 gramur sinni \u00e6ttleif\u00f0.<\/p>\n<p>\t\u00deeirra yngism\u00f6nnum eyddi eldurinn og \u00feeirra meyjar hlutu \u00f3giftar a\u00f0 bl\u00edfa.<\/p>\n<p>\tKennimenn \u00feeirra f\u00e9llu fyrir sver\u00f0i og \u00fear voru \u00f6ngvar \u00fe\u00e6r ekkjur sem harma skyldu.<\/p>\n<p>\tOg Drottinn hann vakna\u00f0i upp svo sem af svefni, l\u00edka sem voldugur h\u00e1reystir eftir v\u00edndrykkju, <span class=\"athugasemd\" title=\"1. Reg. 5\">[<\/span> <\/p>\n<p>\tog hann sl\u00f3 s\u00edna \u00f3vini \u00ed bakhlutinn og lag\u00f0i \u00e1 \u00fe\u00e1 \u00e6vinlega sk\u00f6mm.<\/p>\n<p>\tOg hann forlag\u00f0i tjaldb\u00fa\u00f0ina J\u00f3sefs og \u00fatvaldi ekki slekti\u00f0 Efra\u00edm,<\/p>\n<p>\theldur \u00fatvaldi hann slekti\u00f0 J\u00fada, fjalli\u00f0 S\u00edon hvert hann elska\u00f0i,<\/p>\n<p>\tog bygg\u00f0i sinn helgid\u00f3m h\u00e1tt so sem \u00fea\u00f0 land hvert e\u00f0 \u00e6vinlega skal standa.<\/p>\n<p>\tOg hann \u00fatvaldi sinn \u00fej\u00f3n Dav\u00ed\u00f0 og t\u00f3k hann \u00ed burt fr\u00e1 sau\u00f0ahjar\u00f0argeymslu. <span class=\"athugasemd\" title=\"1. Reg. 10\">[<\/span> <\/p>\n<p>\t\u00cd burt fr\u00e1 \u00feeim mj\u00f3lkandi sau\u00f0um t\u00f3k hann hann a\u00f0 hann skyldi f\u00e6\u00f0a hans \u00fej\u00f3n Jakob og hans \u00e6ttleif\u00f0 \u00cdsrael.<\/p>\n<p>\tOg hann f\u00e6ddi \u00fe\u00e1 einnin me\u00f0 allri dygg\u00f0 og st\u00fdr\u00f0i \u00feeim me\u00f0 \u00f6llu kostg\u00e6fi.<\/p>\n","protected":false},"excerpt":{"rendered":"<p>LXXVIII. Menntanarfr\u00e6\u00f0i Assaf. Hyggi\u00f0 \u00fe\u00e9r, mitt f\u00f3lk, a\u00f0 m\u00ednu l\u00f6gm\u00e1li, hneigi\u00f0 y\u00f0ar eyru til r\u00e6\u00f0u m\u00edns munns. Eg vil m\u00ednum munni uppl\u00faka me\u00f0 eftirl\u00edkingu og \u00feau hinu g\u00f6mlu d\u00e6min framsetja, [ \u00feau e\u00f0 v\u00e9r h\u00f6fum heyrt og vitum af og vorir forfe\u00f0ur hafa sagt oss svo a\u00f0 v\u00e9r skyldum ei hylja \u00fea\u00f0 fyrir \u00feeirra b\u00f6rnum og eftirkomendum og kunngj\u00f6ra lof Drottins, hans magt og d\u00e1semdir \u00fe\u00e6r e\u00f0 hann hefur gj\u00f6rt. Hann upph\u00f3f einn vitnisbur\u00f0 \u00ed Jakob og gaf eitt l\u00f6gm\u00e1l \u00ed \u00cdsrael, hvert e\u00f0 hann bau\u00f0 fe\u00f0rum vorum a\u00f0 kenna sonum s\u00ednum so a\u00f0 \u00feeirra eftirkomendur l\u00e6r\u00f0u \u00fea\u00f0 og \u00feau <a href=\"https:\/\/biblian.is\/gudbrandsbiblia\/salmarnir-78-kafli\/\"> [&#8230;]<\/a><\/p>\n","protected":false},"author":1,"featured_media":0,"parent":0,"menu_order":0,"comment_status":"open","ping_status":"open","template":"bibliukaflar.php","meta":{"footnotes":""},"class_list":["post-3249","page","type-page","status-publish","hentry"],"_links":{"self":[{"href":"https:\/\/biblian.is\/gudbrandsbiblia\/wp-json\/wp\/v2\/pages\/3249","targetHints":{"allow":["GET"]}}],"collection":[{"href":"https:\/\/biblian.is\/gudbrandsbiblia\/wp-json\/wp\/v2\/pages"}],"about":[{"href":"https:\/\/biblian.is\/gudbrandsbiblia\/wp-json\/wp\/v2\/types\/page"}],"author":[{"embeddable":true,"href":"https:\/\/biblian.is\/gudbrandsbiblia\/wp-json\/wp\/v2\/users\/1"}],"replies":[{"embeddable":true,"href":"https:\/\/biblian.is\/gudbrandsbiblia\/wp-json\/wp\/v2\/comments?post=3249"}],"version-history":[{"count":0,"href":"https:\/\/biblian.is\/gudbrandsbiblia\/wp-json\/wp\/v2\/pages\/3249\/revisions"}],"wp:attachment":[{"href":"https:\/\/biblian.is\/gudbrandsbiblia\/wp-json\/wp\/v2\/media?parent=3249"}],"curies":[{"name":"wp","href":"https:\/\/api.w.org\/{rel}","templated":true}]}}