{"id":3248,"date":"2017-12-18T18:33:04","date_gmt":"2017-12-18T18:33:04","guid":{"rendered":"http:\/\/biblian.is\/gudbrandsbiblia\/salmarnir-77-kafli\/"},"modified":"2017-12-18T18:33:04","modified_gmt":"2017-12-18T18:33:04","slug":"salmarnir-77-kafli","status":"publish","type":"page","link":"https:\/\/biblian.is\/gudbrandsbiblia\/salmarnir-77-kafli\/","title":{"rendered":"S\u00e1lmarnir 77. kafli"},"content":{"rendered":"<p>LXXVII.<\/p>\n<p>S\u00e1lmur Assaf fyrir Jed\u00edt\u00fan fyrir a\u00f0 syngja.<\/p>\n<p>Me\u00f0 minni raust kalla eg til Gu\u00f0s, til Gu\u00f0s kalla eg og hann b\u00e6nheyrir mig.<\/p>\n<p>\t\u00c1 m\u00ednum m\u00f3tgangst\u00edma leita eg Drottins, m\u00edna h\u00f6nd uppr\u00e9tti eg \u00e1 n\u00e1ttar\u00feeli og l\u00e6t ei af \u00fev\u00ed a\u00f0 s\u00e1la m\u00edn vill sig ekki hugga l\u00e1ta.<\/p>\n<p>\tN\u00e6r e\u00f0 eg em hryggur \u00fe\u00e1 hugsa eg til Gu\u00f0s, n\u00e6r e\u00f0 mitt hjarta l\u00ed\u00f0ur angist \u00fe\u00e1 tala eg. Sela.<\/p>\n<p>\tV\u00f6ku heldur \u00fe\u00fa fyrir m\u00ednum augum og svo m\u00e1ttlaus em eg \u00fea\u00f0 eg get ekki tala\u00f0.<\/p>\n<p>\tEg \u00feenki \u00e1 hina fyrri \u00e6vina og minnunst \u00e1 \u00feau umli\u00f0nu \u00e1rin.<\/p>\n<p>\t\u00c1 n\u00e1ttart\u00edma hugsa eg til m\u00edns hlj\u00f3\u00f0f\u00e6ris og m\u00e6li me\u00f0 m\u00ednu hjarta, minn andi grennslast \u00fear eftir<\/p>\n<p>\thvert a\u00f0 Drottinn muni eil\u00edflega fordr\u00edfa og \u00f6ngva l\u00edkn n\u00fa lengur au\u00f0s\u00fdna vilja.<\/p>\n<p>\tE\u00f0a er n\u00fa hans miskunnsemi me\u00f0 \u00f6llu \u00fatgj\u00f6r\u00f0 og hefur hans fyrirheit teki\u00f0 enda?<\/p>\n<p>\tHefur Gu\u00f0 \u00fe\u00e1 forgleymt miskunnsamur a\u00f0 vera og s\u00edna miskunnsemi fyrir rei\u00f0i innibyrgt? Sela.<\/p>\n<p>\tEn \u00fe\u00f3 sag\u00f0a eg: &#8222;Eg hl\u00fdt \u00fea\u00f0 a\u00f0 l\u00ed\u00f0a, h\u00e6gri h\u00f6nd Hins h\u00e6sta kann \u00f6llu um a\u00f0 breyta.&#8220; <span class=\"athugasemd\" title=\"\u00de\u00f3 eg syrgi mig dau\u00f0an \u00fe\u00e1 kann eg \u00fev\u00ed ei um a\u00f0 breyta\">[<\/span> <\/p>\n<p>\t\u00dear fyrir huglei\u00f0i eg st\u00f3rmerkin Drottins, j\u00e1 eg minnunst \u00e1 \u00fe\u00edn hinu fyrri d\u00e1semdarverkin<\/p>\n<p>\tog sk\u00fdri \u00ed fr\u00e1 \u00f6llum \u00fe\u00ednum verkum og segi \u00fat af \u00fe\u00ednum gj\u00f6rningum.<\/p>\n<p>\tGu\u00f0, \u00feinn vegur er <span class=\"athugasemd\" title=\"a \/ (Heilagur) \/ \u00dea\u00f0 er, hann er hulinn svo sem \u00fe\u00e1 Gu\u00f0 hann l\u00edfgar \u00ed dau\u00f0anum og er n\u00e1l\u00e6gur \u00fe\u00e1 hann \u00feykir vera fjarl\u00e6gastur. \u00deetta kann skynsemin ekki a\u00f0 skilja, \u00fea\u00f0 er forheilagt og f\u00f3lgi\u00f0\">[<\/span> heilagur, hver er svo voldugur Gu\u00f0 sem \u00fe\u00fa ert?<\/p>\n<p>\t\u00de\u00fa ert s\u00e1 Gu\u00f0 sem d\u00e1semdarverkin gj\u00f6rir, \u00fe\u00fa hefur augl\u00fdst \u00fe\u00edna magt \u00e1 me\u00f0al \u00fej\u00f3\u00f0anna.<\/p>\n<p>\tVolduglega hefur \u00fe\u00fa frelsa\u00f0 \u00feitt f\u00f3lk, sonu Jakobs og J\u00f3sefs. Sela.<\/p>\n<p>\tV\u00f6tnin \u00feau s\u00e1u \u00feig, Gu\u00f0, v\u00f6tnin \u00feau s\u00e1u \u00feig og ur\u00f0u hr\u00e6dd og undirdj\u00fapin t\u00f3ku um a\u00f0 ry\u00f0jast.<\/p>\n<p>\t\u00deau \u00feykkvu sk\u00fdin helltu ofan vatni, sk\u00fdin g\u00e1fu hlj\u00f3\u00f0 me\u00f0 brestum svo a\u00f0 eldingar flugu \u00fear af.<\/p>\n<p>\tRei\u00f0ar\u00ferumurnar hlj\u00f3\u00f0u\u00f0u af himni, \u00fe\u00ednar eldflaugar l\u00fdstu yfir j\u00f6r\u00f0ina so a\u00f0 jar\u00f0r\u00edki\u00f0 \u00fea\u00f0 hr\u00e6r\u00f0ist vi\u00f0 og hristist \u00fear \u00fat af.<\/p>\n<p>\t\u00deinn vegur var \u00ed sj\u00e1num og \u00feinn g\u00f6tust\u00edgur \u00ed miklum v\u00f6tnum og \u00fe\u00edn f\u00f3tspor \u00feekktust ekki heldur.<\/p>\n<p>\t\u00de\u00fa \u00fatleiddir \u00feitt f\u00f3lk so sem a\u00f0ra sau\u00f0i fyrir h\u00f6nd M\u00f3ses og Arons.<\/p>\n","protected":false},"excerpt":{"rendered":"<p>LXXVII. S\u00e1lmur Assaf fyrir Jed\u00edt\u00fan fyrir a\u00f0 syngja. Me\u00f0 minni raust kalla eg til Gu\u00f0s, til Gu\u00f0s kalla eg og hann b\u00e6nheyrir mig. \u00c1 m\u00ednum m\u00f3tgangst\u00edma leita eg Drottins, m\u00edna h\u00f6nd uppr\u00e9tti eg \u00e1 n\u00e1ttar\u00feeli og l\u00e6t ei af \u00fev\u00ed a\u00f0 s\u00e1la m\u00edn vill sig ekki hugga l\u00e1ta. N\u00e6r e\u00f0 eg em hryggur \u00fe\u00e1 hugsa eg til Gu\u00f0s, n\u00e6r e\u00f0 mitt hjarta l\u00ed\u00f0ur angist \u00fe\u00e1 tala eg. Sela. V\u00f6ku heldur \u00fe\u00fa fyrir m\u00ednum augum og svo m\u00e1ttlaus em eg \u00fea\u00f0 eg get ekki tala\u00f0. Eg \u00feenki \u00e1 hina fyrri \u00e6vina og minnunst \u00e1 \u00feau umli\u00f0nu \u00e1rin. \u00c1 n\u00e1ttart\u00edma hugsa eg <a href=\"https:\/\/biblian.is\/gudbrandsbiblia\/salmarnir-77-kafli\/\"> [&#8230;]<\/a><\/p>\n","protected":false},"author":1,"featured_media":0,"parent":0,"menu_order":0,"comment_status":"open","ping_status":"open","template":"bibliukaflar.php","meta":{"footnotes":""},"class_list":["post-3248","page","type-page","status-publish","hentry"],"_links":{"self":[{"href":"https:\/\/biblian.is\/gudbrandsbiblia\/wp-json\/wp\/v2\/pages\/3248","targetHints":{"allow":["GET"]}}],"collection":[{"href":"https:\/\/biblian.is\/gudbrandsbiblia\/wp-json\/wp\/v2\/pages"}],"about":[{"href":"https:\/\/biblian.is\/gudbrandsbiblia\/wp-json\/wp\/v2\/types\/page"}],"author":[{"embeddable":true,"href":"https:\/\/biblian.is\/gudbrandsbiblia\/wp-json\/wp\/v2\/users\/1"}],"replies":[{"embeddable":true,"href":"https:\/\/biblian.is\/gudbrandsbiblia\/wp-json\/wp\/v2\/comments?post=3248"}],"version-history":[{"count":0,"href":"https:\/\/biblian.is\/gudbrandsbiblia\/wp-json\/wp\/v2\/pages\/3248\/revisions"}],"wp:attachment":[{"href":"https:\/\/biblian.is\/gudbrandsbiblia\/wp-json\/wp\/v2\/media?parent=3248"}],"curies":[{"name":"wp","href":"https:\/\/api.w.org\/{rel}","templated":true}]}}