{"id":3247,"date":"2017-12-18T18:33:04","date_gmt":"2017-12-18T18:33:04","guid":{"rendered":"http:\/\/biblian.is\/gudbrandsbiblia\/salmarnir-76-kafli\/"},"modified":"2017-12-18T18:33:04","modified_gmt":"2017-12-18T18:33:04","slug":"salmarnir-76-kafli","status":"publish","type":"page","link":"https:\/\/biblian.is\/gudbrandsbiblia\/salmarnir-76-kafli\/","title":{"rendered":"S\u00e1lmarnir 76. kafli"},"content":{"rendered":"<p>LXXVI.<\/p>\n<p>Gu\u00f0 er kunnigur \u00ed J\u00fada, \u00ed \u00cdsrael er hans nafn vegsamlegt.<\/p>\n<p>\tTil Salem er hans tjaldb\u00fa\u00f0 og hans heimili til S\u00edon.<\/p>\n<p>\t\u00dear \u00ed \u00feeim sta\u00f0 sundurbr\u00fdtur hann \u00f6rvarnar bogans, skj\u00f6ld, sver\u00f0 og styrj\u00f6ld. Sela.<\/p>\n<p>\tHerralegri og megtugri ertu heldur en \u00feau <span class=\"athugasemd\" title=\"a \/ (R\u00e1nsfj\u00f6ll) \/ svo kallar hann \u00feau st\u00f3ru megtugu r\u00edki, sem var Syria, Eegiptus, Babilon, \u00feeir e\u00f0 l\u00f6ndin brutu undir sig og r\u00e6ntu \u00feau svo s\u00ednu\">[<\/span> r\u00e1nsfj\u00f6llin.<\/p>\n<p>\tHinir forsugu hlj\u00f3ta r\u00e6ntir a\u00f0 ver\u00f0a og a\u00f0 sofna \u00fat af og allt str\u00ed\u00f0sf\u00f3lk \u00fea hl\u00fdtur s\u00e9r hendur a\u00f0 falla l\u00e1ta.<\/p>\n<p>\tAf \u00feinni straffan, Gu\u00f0 Jakob, s\u00edga \u00ed svefn b\u00e6\u00f0i hestar og vagnar.<\/p>\n<p>\t\u00d3gurlegur ert \u00fe\u00fa, hver f\u00e6r sta\u00f0ist fyrir \u00fe\u00e9r n\u00e6r e\u00f0 \u00fe\u00fa rei\u00f0ist?<\/p>\n<p>\tN\u00e6r e\u00f0 \u00fe\u00fa l\u00e6tur d\u00f3msa\u00f0kv\u00e6\u00f0in heyrast af himnum \u00fe\u00e1 skelfist jar\u00f0r\u00edki\u00f0 og hlj\u00f3\u00f0nar vi\u00f0,<\/p>\n<p>\thven\u00e6r e\u00f0 Gu\u00f0 tekur sig upp til a\u00f0 d\u00e6ma \u00fea\u00f0 hann hj\u00e1lpi \u00f6llum f\u00e1r\u00e1\u00f0um \u00e1 j\u00f6r\u00f0u. Sela. <\/p>\n<p>\tN\u00e6r e\u00f0 mennirnir \u00e6\u00f0a \u00ed gegn \u00fe\u00e9r \u00fe\u00e1 vinnur \u00fe\u00fa sigurinn og \u00fe\u00f3 \u00feeir \u00f3lmist enn meir \u00fe\u00e1 ertu enn rei\u00f0ub\u00fainn.<\/p>\n<p>\t<span class=\"athugasemd\" title=\"b \/ (Heiti\u00f0) \/ \u00dea\u00f0 hann skuli vera y\u00f0ar Gu\u00f0 eftir hlj\u00f3\u00f0an fyrsta bo\u00f0or\u00f0s og heiti\u00f0 ekki \u00e1 a\u00f0ra heilaga e\u00f0a \u00f6nnur heimskuheit hafi\u00f0\">[<\/span> Heiti\u00f0 og haldi\u00f0 \u00fea\u00f0 Drottni y\u00f0ar Gu\u00f0i, \u00fe\u00e9r allir sem h\u00e9r \u00ed kringum hann eru\u00f0, skenki\u00f0 gjafir \u00deeim hr\u00e6\u00f0ilega,<\/p>\n<p>\thann sem huglausa gj\u00f6rir h\u00f6f\u00f0ingjana og hr\u00e6\u00f0ilegur er me\u00f0al konunganna \u00e1 j\u00f6r\u00f0u.<\/p>\n","protected":false},"excerpt":{"rendered":"<p>LXXVI. Gu\u00f0 er kunnigur \u00ed J\u00fada, \u00ed \u00cdsrael er hans nafn vegsamlegt. Til Salem er hans tjaldb\u00fa\u00f0 og hans heimili til S\u00edon. \u00dear \u00ed \u00feeim sta\u00f0 sundurbr\u00fdtur hann \u00f6rvarnar bogans, skj\u00f6ld, sver\u00f0 og styrj\u00f6ld. Sela. Herralegri og megtugri ertu heldur en \u00feau [ r\u00e1nsfj\u00f6llin. Hinir forsugu hlj\u00f3ta r\u00e6ntir a\u00f0 ver\u00f0a og a\u00f0 sofna \u00fat af og allt str\u00ed\u00f0sf\u00f3lk \u00fea hl\u00fdtur s\u00e9r hendur a\u00f0 falla l\u00e1ta. Af \u00feinni straffan, Gu\u00f0 Jakob, s\u00edga \u00ed svefn b\u00e6\u00f0i hestar og vagnar. \u00d3gurlegur ert \u00fe\u00fa, hver f\u00e6r sta\u00f0ist fyrir \u00fe\u00e9r n\u00e6r e\u00f0 \u00fe\u00fa rei\u00f0ist? N\u00e6r e\u00f0 \u00fe\u00fa l\u00e6tur d\u00f3msa\u00f0kv\u00e6\u00f0in heyrast af himnum \u00fe\u00e1 skelfist jar\u00f0r\u00edki\u00f0 <a href=\"https:\/\/biblian.is\/gudbrandsbiblia\/salmarnir-76-kafli\/\"> [&#8230;]<\/a><\/p>\n","protected":false},"author":1,"featured_media":0,"parent":0,"menu_order":0,"comment_status":"open","ping_status":"open","template":"bibliukaflar.php","meta":{"footnotes":""},"class_list":["post-3247","page","type-page","status-publish","hentry"],"_links":{"self":[{"href":"https:\/\/biblian.is\/gudbrandsbiblia\/wp-json\/wp\/v2\/pages\/3247","targetHints":{"allow":["GET"]}}],"collection":[{"href":"https:\/\/biblian.is\/gudbrandsbiblia\/wp-json\/wp\/v2\/pages"}],"about":[{"href":"https:\/\/biblian.is\/gudbrandsbiblia\/wp-json\/wp\/v2\/types\/page"}],"author":[{"embeddable":true,"href":"https:\/\/biblian.is\/gudbrandsbiblia\/wp-json\/wp\/v2\/users\/1"}],"replies":[{"embeddable":true,"href":"https:\/\/biblian.is\/gudbrandsbiblia\/wp-json\/wp\/v2\/comments?post=3247"}],"version-history":[{"count":0,"href":"https:\/\/biblian.is\/gudbrandsbiblia\/wp-json\/wp\/v2\/pages\/3247\/revisions"}],"wp:attachment":[{"href":"https:\/\/biblian.is\/gudbrandsbiblia\/wp-json\/wp\/v2\/media?parent=3247"}],"curies":[{"name":"wp","href":"https:\/\/api.w.org\/{rel}","templated":true}]}}