{"id":3246,"date":"2017-12-18T18:33:04","date_gmt":"2017-12-18T18:33:04","guid":{"rendered":"http:\/\/biblian.is\/gudbrandsbiblia\/salmarnir-75-kafli\/"},"modified":"2017-12-18T18:33:04","modified_gmt":"2017-12-18T18:33:04","slug":"salmarnir-75-kafli","status":"publish","type":"page","link":"https:\/\/biblian.is\/gudbrandsbiblia\/salmarnir-75-kafli\/","title":{"rendered":"S\u00e1lmarnir 75. kafli"},"content":{"rendered":"<p>LXXV.<\/p>\n<p>S\u00e1lmur og diktur Assaf a\u00f0 hann ei fyrirf\u00e6rist. Til a\u00f0 syngja fyrir.<\/p>\n<p>V\u00e9r \u00fe\u00f6kkum \u00fe\u00e9r, Gu\u00f0, v\u00e9r \u00fe\u00f6kkum \u00fe\u00e9r og kunngj\u00f6rum \u00fe\u00ednar d\u00e1semdir, a\u00f0 \u00feitt nafn er so <span class=\"athugasemd\" title=\"sword A\u00f0 hann b\u00e6\u00f0i skj\u00f3tt og sterklega hj\u00e1lpar oss\">[<\/span> n\u00e1l\u00e6gt. <\/p>\n<p>\t&#8222;\u00dev\u00ed a\u00f0 \u00e1 s\u00ednum t\u00edma mun eg \u00fear d\u00f3m r\u00e9ttan \u00e1 leggja.<\/p>\n<p>\tJ\u00f6r\u00f0in skelfur og allir \u00feeir e\u00f0 \u00fear innibyggja en hennar <span class=\"athugasemd\" title=\"a \/ \u00deeir gu\u00f0hr\u00e6ddu frelsast fyrir Gu\u00f0i en hann styrkir \u00fe\u00e1 \u00fe\u00f3 en \u00f3gu\u00f0hr\u00e6ddir eru stoltir og fyrirfarast\">[<\/span> st\u00f3lpum held eg fast. Sela.<\/p>\n<p>\tEg sag\u00f0i til \u00feeirra skrumaranna: L\u00e1ti\u00f0 y\u00f0ur ei ofv\u00e6nt um \u00feykja, og til hinna \u00f3gu\u00f0legu: St\u00e6ri\u00f0 y\u00f0ur ekki \u00fat af magtinni.<\/p>\n<p>\t\u00deykist ekki so miklir \u00fat af y\u00f0varri magt, tali\u00f0 ei heldur so reigingslega,<\/p>\n<p>\ta\u00f0 \u00fea\u00f0 hafi \u00f6ngva ney\u00f0, hverki af austrinu e\u00f0ur af vestrinu, n\u00e9 af fj\u00f6llunum \u00ed ey\u00f0im\u00f6rkinni.&#8220;<\/p>\n<p>\t\u00dev\u00ed a\u00f0 Gu\u00f0 er d\u00f3marinn, hann ni\u00f0url\u00e6gir einn og upphefur annan.<\/p>\n<p>\t\u00dev\u00ed a\u00f0 Gu\u00f0 hefur bikar \u00ed hendi, <span class=\"athugasemd\" title=\"a \/ Hann gefur s\u00e9rhverjum sinn m\u00e6lir, hva\u00f0 hann \u00e1 a\u00f0 l\u00ed\u00f0a, en dreggjarnar geymast \u00feeim hinum \u00f3gu\u00f0hr\u00e6ddu\">[<\/span> fleytifullan af sterku v\u00edni, og skenkir af \u00feeim hinum sama en \u00feeir \u00f3gu\u00f0hr\u00e6ddu hlj\u00f3ta allir af a\u00f0 drekka og dreggjarnar af a\u00f0 s\u00fapa.<\/p>\n<p>\tEn eg vil kunngj\u00f6ra \u00fea\u00f0 eil\u00edflegana og lofsyngja Gu\u00f0i Jakob<\/p>\n<p>\tog vil allt magtarveldi hinna \u00f3gu\u00f0legu \u00ed sundurbrj\u00f3ta svo \u00fea\u00f0 valdi\u00f0 r\u00e9ttl\u00e1tra upphafi\u00f0 ver\u00f0i.<\/p>\n","protected":false},"excerpt":{"rendered":"<p>LXXV. S\u00e1lmur og diktur Assaf a\u00f0 hann ei fyrirf\u00e6rist. Til a\u00f0 syngja fyrir. V\u00e9r \u00fe\u00f6kkum \u00fe\u00e9r, Gu\u00f0, v\u00e9r \u00fe\u00f6kkum \u00fe\u00e9r og kunngj\u00f6rum \u00fe\u00ednar d\u00e1semdir, a\u00f0 \u00feitt nafn er so [ n\u00e1l\u00e6gt. &#8222;\u00dev\u00ed a\u00f0 \u00e1 s\u00ednum t\u00edma mun eg \u00fear d\u00f3m r\u00e9ttan \u00e1 leggja. J\u00f6r\u00f0in skelfur og allir \u00feeir e\u00f0 \u00fear innibyggja en hennar [ st\u00f3lpum held eg fast. Sela. Eg sag\u00f0i til \u00feeirra skrumaranna: L\u00e1ti\u00f0 y\u00f0ur ei ofv\u00e6nt um \u00feykja, og til hinna \u00f3gu\u00f0legu: St\u00e6ri\u00f0 y\u00f0ur ekki \u00fat af magtinni. \u00deykist ekki so miklir \u00fat af y\u00f0varri magt, tali\u00f0 ei heldur so reigingslega, a\u00f0 \u00fea\u00f0 hafi \u00f6ngva ney\u00f0, hverki af <a href=\"https:\/\/biblian.is\/gudbrandsbiblia\/salmarnir-75-kafli\/\"> [&#8230;]<\/a><\/p>\n","protected":false},"author":1,"featured_media":0,"parent":0,"menu_order":0,"comment_status":"open","ping_status":"open","template":"bibliukaflar.php","meta":{"footnotes":""},"class_list":["post-3246","page","type-page","status-publish","hentry"],"_links":{"self":[{"href":"https:\/\/biblian.is\/gudbrandsbiblia\/wp-json\/wp\/v2\/pages\/3246","targetHints":{"allow":["GET"]}}],"collection":[{"href":"https:\/\/biblian.is\/gudbrandsbiblia\/wp-json\/wp\/v2\/pages"}],"about":[{"href":"https:\/\/biblian.is\/gudbrandsbiblia\/wp-json\/wp\/v2\/types\/page"}],"author":[{"embeddable":true,"href":"https:\/\/biblian.is\/gudbrandsbiblia\/wp-json\/wp\/v2\/users\/1"}],"replies":[{"embeddable":true,"href":"https:\/\/biblian.is\/gudbrandsbiblia\/wp-json\/wp\/v2\/comments?post=3246"}],"version-history":[{"count":0,"href":"https:\/\/biblian.is\/gudbrandsbiblia\/wp-json\/wp\/v2\/pages\/3246\/revisions"}],"wp:attachment":[{"href":"https:\/\/biblian.is\/gudbrandsbiblia\/wp-json\/wp\/v2\/media?parent=3246"}],"curies":[{"name":"wp","href":"https:\/\/api.w.org\/{rel}","templated":true}]}}