{"id":3244,"date":"2017-12-18T18:33:04","date_gmt":"2017-12-18T18:33:04","guid":{"rendered":"http:\/\/biblian.is\/gudbrandsbiblia\/salmarnir-73-kafli\/"},"modified":"2017-12-18T18:33:04","modified_gmt":"2017-12-18T18:33:04","slug":"salmarnir-73-kafli","status":"publish","type":"page","link":"https:\/\/biblian.is\/gudbrandsbiblia\/salmarnir-73-kafli\/","title":{"rendered":"S\u00e1lmarnir 73. kafli"},"content":{"rendered":"<p>LXXIII.<\/p>\n<p>S\u00e1lmur Assaf.<\/p>\n<p>Hversu g\u00f3\u00f0ur Gu\u00f0 er \u00feeim \u00ed \u00cdsrael sem eru <span class=\"athugasemd\" title=\"a \/ \u00dea\u00f0 er, \u00feeir sem halda s\u00e9r vi\u00f0 hreint og sk\u00e6rt Gu\u00f0s or\u00f0\">[<\/span> hreinhjarta\u00f0ir!<\/p>\n<p>\tEn m\u00ednir f\u00e6tur h\u00f6f\u00f0u svo n\u00e6r sem skeika\u00f0, m\u00edn f\u00f3tspor \u00feau h\u00f6f\u00f0u a\u00f0 mestu skri\u00f0na\u00f0.<\/p>\n<p>\t\u00dev\u00ed a\u00f0 \u00fea\u00f0 m\u00f3\u00f0ga\u00f0ist m\u00e9r vi\u00f0ur hina rangl\u00e1tu \u00fe\u00e1 e\u00f0 eg s\u00e1 \u00fea\u00f0 a\u00f0 hinum \u00f3gu\u00f0hr\u00e6ddu veitti svo vel.<\/p>\n<p>\t\u00dev\u00ed a\u00f0 \u00feeir eru \u00ed \u00f6ngri dau\u00f0ans h\u00e6ttu heldur standa \u00feeir sta\u00f0fastir sem \u00f6nnur h\u00f6ll.<\/p>\n<p>\t\u00deeir velkjast ekki \u00ed eymdum sem a\u00f0rir menn og ver\u00f0a ekki \u00fevinga\u00f0ir sem a\u00f0rir menn.<\/p>\n<p>\t\u00dear fyrir hl\u00fdtur \u00feeirra dramb kostulegt a\u00f0 vera og \u00fea\u00f0 rangt \u00feeir gj\u00f6ra \u00fea\u00f0 hl\u00fdtur a\u00f0 kallast vel gj\u00f6rt.<\/p>\n<p>\t\u00deeirra <span class=\"athugasemd\" title=\"sword Auga\">[<\/span> pers\u00f3na bl\u00e6s sig upp sem annar \u00edstrumagi, \u00feeir gj\u00f6ra hva\u00f0 helst \u00feeir hugsa.<\/p>\n<p>\t\u00deeir \u00f3vir\u00f0a alla hluti og leggja \u00fear till til, n\u00ed\u00f0a og tala st\u00f3rt af h\u00e6\u00f0inni.<\/p>\n<p>\tHva\u00f0 \u00feeir tala \u00fe\u00e1 hl\u00fdtur \u00fea\u00f0 af himnum tala\u00f0 a\u00f0 vera, hva\u00f0 \u00feeir segja \u00fea\u00f0 hl\u00fdtur \u00e1 j\u00f6r\u00f0u magt a\u00f0 hafa.<\/p>\n<p>\t\u00dear fyrir hlynnir al\u00fe\u00fd\u00f0uf\u00f3lki\u00f0 a\u00f0 me\u00f0 \u00feeim og rennur a\u00f0 \u00feeim sem vatn<\/p>\n<p>\tog segja: &#8222;Hva\u00f0 skyldi Gu\u00f0 hir\u00f0a um \u00fe\u00e1 (hina)? Hva\u00f0 skyldi s\u00e1 Hinn h\u00e6\u00f0sti skeyta um \u00fe\u00e1?&#8220;<\/p>\n<p>\tSj\u00e1 \u00fe\u00fa, \u00feeir eru hinir \u00f3gu\u00f0hr\u00e6ddu, \u00feeir hafa lukku \u00ed ver\u00f6ldinni og ver\u00f0a r\u00edkir.<\/p>\n<p>\tSkal \u00fea\u00f0 \u00fe\u00e1 til einskis vera a\u00f0 mitt hjarta lifir \u00f3straffanlega og a\u00f0 eg \u00fev\u00e6 m\u00ednar hendur \u00ed meinleysinu<\/p>\n<p>\tog em \u00fevinga\u00f0ur daglegana og m\u00edn hegning er alla morna fyrir h\u00f6ndum?<\/p>\n<p>\tEg haf\u00f0i a\u00f0 mestu einnin l\u00edka sagt so sem \u00feeir, en sj\u00e1 \u00fe\u00fa, \u00fear me\u00f0 \u00fe\u00e1 hef\u00f0a eg ford\u00e6mt \u00f6ll \u00fe\u00edn b\u00f6rn sem nokkurn t\u00edma veri\u00f0 hafa.<\/p>\n<p>\tEg hugsa\u00f0i um hann hvert a\u00f0 eg g\u00e6ti skynja\u00f0 \u00fea\u00f0 en \u00fea\u00f0 var m\u00e9r of \u00feungt.<\/p>\n<p>\tAllt \u00fear til eg <span class=\"athugasemd\" title=\"a \/ \u00dear e\u00f0 Gu\u00f0s or\u00f0 hlj\u00f3mar hvert e\u00f0 kennir undirst\u00f6\u00f0u \u00e1 \u00feessum hlut\">[<\/span> gekk inn \u00ed helgid\u00f3minn Gu\u00f0s og hug\u00f0i a\u00f0 \u00feeirra \u00e6vilokum.<\/p>\n<p>\tEn \u00fe\u00fa setur \u00fe\u00e1 upp \u00e1 hi\u00f0 h\u00e1la og steypir \u00feeim svo ni\u00f0ur \u00ed grunn.<\/p>\n<p>\tHvernin ver\u00f0a \u00feeir so skyndilega a\u00f0 \u00f6ngvo? \u00deeir forganga og taka einn enda me\u00f0 hrelling.<\/p>\n<p>\tL\u00edka sem annan draum \u00feess e\u00f0 vaknar, eins gj\u00f6rir \u00fe\u00fa, Drottinn, \u00feeirra <span class=\"athugasemd\" title=\"b \/ \u00deeirra fallvalta au\u00f0leg\u00f0, hver a\u00f0 er ei utan ein h\u00e9g\u00f3mleg mynd\">[<\/span> mynd \u00ed borginni forsm\u00e1\u00f0a.<\/p>\n<p>\tEn \u00fea\u00f0 angrar mig \u00ed hjartanu og \u00fea\u00f0 stingur mig \u00ed m\u00ednum n\u00fdrum<\/p>\n<p>\t\u00fea\u00f0 eg hl\u00fdt einn skiptingur a\u00f0 ver\u00f0a og ekkert a\u00f0 vita og var\u00f0 so a\u00f0 vera sem \u00f6nnur skynlaus skefna fyrir \u00fe\u00e9r.<\/p>\n<p>\t\u00de\u00f3 bl\u00edf eg samt me\u00f0 jafna\u00f0i hj\u00e1 \u00fe\u00e9r, \u00fev\u00ed a\u00f0 \u00fe\u00fa sty\u00f0ur mig vi\u00f0 \u00fe\u00edna h\u00e6gri h\u00f6nd.<\/p>\n<p>\t\u00de\u00fa lei\u00f0ir mig eftir \u00fe\u00ednu r\u00e1\u00f0i og me\u00f0tekur mig endilega til \u00e6ru.\t<\/p>\n<p>\tN\u00e6r a\u00f0 eg hefi a\u00f0eins \u00feig \u00fe\u00e1 hir\u00f0i eg ekki um himin n\u00e9 j\u00f6r\u00f0.<\/p>\n<p>\t\u00de\u00f3 a\u00f0 einnin m\u00edn s\u00e1la og l\u00edf farist af vanmegni \u00fe\u00e1 ertu, Gu\u00f0, \u00fe\u00f3 alla t\u00edma mitt hjartans traust og mitt hlutskipti.<\/p>\n<p>\t\u00dev\u00ed a\u00f0 sj\u00e1 \u00fe\u00fa, a\u00f0 \u00feeir sem fr\u00e1 \u00fe\u00e9r sn\u00faast munu fyrirfarast, \u00fe\u00fa glatar \u00feeim \u00f6llum sem h\u00f3ranir dr\u00fdgja \u00e1 m\u00f3ti \u00fe\u00e9r.<\/p>\n<p>\tEn \u00fea\u00f0 er m\u00edn gle\u00f0i a\u00f0 eg held mig til Drottins, a\u00f0 eg kunngj\u00f6ri svo \u00f6ll \u00fe\u00edn verk.<\/p>\n","protected":false},"excerpt":{"rendered":"<p>LXXIII. S\u00e1lmur Assaf. Hversu g\u00f3\u00f0ur Gu\u00f0 er \u00feeim \u00ed \u00cdsrael sem eru [ hreinhjarta\u00f0ir! En m\u00ednir f\u00e6tur h\u00f6f\u00f0u svo n\u00e6r sem skeika\u00f0, m\u00edn f\u00f3tspor \u00feau h\u00f6f\u00f0u a\u00f0 mestu skri\u00f0na\u00f0. \u00dev\u00ed a\u00f0 \u00fea\u00f0 m\u00f3\u00f0ga\u00f0ist m\u00e9r vi\u00f0ur hina rangl\u00e1tu \u00fe\u00e1 e\u00f0 eg s\u00e1 \u00fea\u00f0 a\u00f0 hinum \u00f3gu\u00f0hr\u00e6ddu veitti svo vel. \u00dev\u00ed a\u00f0 \u00feeir eru \u00ed \u00f6ngri dau\u00f0ans h\u00e6ttu heldur standa \u00feeir sta\u00f0fastir sem \u00f6nnur h\u00f6ll. \u00deeir velkjast ekki \u00ed eymdum sem a\u00f0rir menn og ver\u00f0a ekki \u00fevinga\u00f0ir sem a\u00f0rir menn. \u00dear fyrir hl\u00fdtur \u00feeirra dramb kostulegt a\u00f0 vera og \u00fea\u00f0 rangt \u00feeir gj\u00f6ra \u00fea\u00f0 hl\u00fdtur a\u00f0 kallast vel gj\u00f6rt. \u00deeirra [ pers\u00f3na <a href=\"https:\/\/biblian.is\/gudbrandsbiblia\/salmarnir-73-kafli\/\"> [&#8230;]<\/a><\/p>\n","protected":false},"author":1,"featured_media":0,"parent":0,"menu_order":0,"comment_status":"open","ping_status":"open","template":"bibliukaflar.php","meta":{"footnotes":""},"class_list":["post-3244","page","type-page","status-publish","hentry"],"_links":{"self":[{"href":"https:\/\/biblian.is\/gudbrandsbiblia\/wp-json\/wp\/v2\/pages\/3244","targetHints":{"allow":["GET"]}}],"collection":[{"href":"https:\/\/biblian.is\/gudbrandsbiblia\/wp-json\/wp\/v2\/pages"}],"about":[{"href":"https:\/\/biblian.is\/gudbrandsbiblia\/wp-json\/wp\/v2\/types\/page"}],"author":[{"embeddable":true,"href":"https:\/\/biblian.is\/gudbrandsbiblia\/wp-json\/wp\/v2\/users\/1"}],"replies":[{"embeddable":true,"href":"https:\/\/biblian.is\/gudbrandsbiblia\/wp-json\/wp\/v2\/comments?post=3244"}],"version-history":[{"count":0,"href":"https:\/\/biblian.is\/gudbrandsbiblia\/wp-json\/wp\/v2\/pages\/3244\/revisions"}],"wp:attachment":[{"href":"https:\/\/biblian.is\/gudbrandsbiblia\/wp-json\/wp\/v2\/media?parent=3244"}],"curies":[{"name":"wp","href":"https:\/\/api.w.org\/{rel}","templated":true}]}}