{"id":3240,"date":"2017-12-18T18:33:04","date_gmt":"2017-12-18T18:33:04","guid":{"rendered":"http:\/\/biblian.is\/gudbrandsbiblia\/salmarnir-69-kafli\/"},"modified":"2017-12-18T18:33:04","modified_gmt":"2017-12-18T18:33:04","slug":"salmarnir-69-kafli","status":"publish","type":"page","link":"https:\/\/biblian.is\/gudbrandsbiblia\/salmarnir-69-kafli\/","title":{"rendered":"S\u00e1lmarnir 69. kafli"},"content":{"rendered":"<p>LXIX.<\/p>\n<p>S\u00e1lmur Dav\u00ed\u00f0s a\u00f0 syngja fyrir. Af r\u00f3sinni.<\/p>\n<p>Gu\u00f0, frelsa \u00fe\u00fa mig \u00fev\u00ed a\u00f0 vatni\u00f0 tekur inn a\u00f0 renna allt til minnar s\u00e1lu.<\/p>\n<p>\tEg s\u00edg ni\u00f0ur \u00ed dj\u00fapan saur \u00fear e\u00f0 enginn botn er, eg em kominn \u00ed sj\u00e1vardj\u00fapi\u00f0 og vatsfl\u00f3\u00f0i\u00f0 vill drekkja m\u00e9r.<\/p>\n<p>\tEg hefi kalla\u00f0 mig m\u00f3\u00f0an svo m\u00ednar kverkar eru r\u00e1mar or\u00f0nar, s\u00fdnin tekur m\u00e9r a\u00f0 \u00feverra \u00fat af langri eftirv\u00e6nting \u00e1 minn Gu\u00f0.<\/p>\n<p>\t\u00deeir e\u00f0 mig hata fyrir ekki \u00feeir eru fleir en h\u00e1ri\u00f0 \u00e1 h\u00f6f\u00f0i m\u00e9r.<\/p>\n<p>\t\u00deeir e\u00f0 ranglega ofs\u00e6kja og ska\u00f0a mig eru megtugir, eg ver\u00f0 a\u00f0 borga \u00fea\u00f0 sem eg r\u00e6nta ekki.<\/p>\n<p>\tGu\u00f0, \u00fe\u00fa veist m\u00edna f\u00e1k\u00e6nsku og m\u00ednar skuldir eru ekki duldar fyrir \u00fe\u00e9r.<\/p>\n<p>\tL\u00e1t \u00fe\u00e1 ekki til skammar ver\u00f0a \u00e1 m\u00e9r sem v\u00e6nta \u00fe\u00edn, Drottinn, Drottinn allsherjar, l\u00e1t ei a\u00f0 vanvir\u00f0u ver\u00f0a yfir m\u00e9r \u00fe\u00e1 sem leita \u00fe\u00edn, Gu\u00f0 \u00cdsraels.<\/p>\n<p>\t\u00dev\u00ed a\u00f0 \u00feinna vegna \u00feoli eg forsm\u00e1n, mitt andlit er fullt af kinnro\u00f0a.<\/p>\n<p>\tEg em framandi vor\u00f0inn m\u00ednum br\u00e6\u00f0rum og \u00f3kunnigur sonum minnar m\u00f3\u00f0ur.<\/p>\n<p>\t\u00dev\u00ed a\u00f0 vandl\u00e6ti \u00fe\u00edns h\u00fass \u00e9tur mig og br\u00edgslanir \u00feeirra sem \u00fe\u00e9r br\u00edgsla falla yfir mig. <span class=\"athugasemd\" title=\"J\u00f3h. 2 \/ R\u00f3m. 15\">[<\/span><\/p>\n<p>\tEn eg fasta\u00f0i og gr\u00e9t beisklegana og \u00feeir gj\u00f6r\u00f0u og so gys a\u00f0 m\u00e9r.<\/p>\n<p>\tEg f\u00e6r\u00f0a mig \u00ed sekk en \u00feeir gj\u00f6r\u00f0u sp\u00e9 a\u00f0 \u00fev\u00ed.<\/p>\n<p>\t\u00deeir sem \u00ed portunum sitja r\u00e6\u00f0a um mig og vi\u00f0 \u00f6ldrykkjurnar kve\u00f0a \u00feeir um mig.<\/p>\n<p>\tEn eg, Drottinn, bi\u00f0 til \u00fe\u00edn \u00ed hagkv\u00e6milegan t\u00edma, Gu\u00f0, fyrir mikilleik miskunnar \u00feinnar \u00fe\u00e1 heyr \u00fe\u00fa mig \u00ed sannleika \u00fe\u00edns hj\u00e1lpr\u00e6\u00f0is.<\/p>\n<p>\tHj\u00e1lpa \u00fe\u00fa m\u00e9r burt \u00far \u00feeim saurindunum svo a\u00f0 eg s\u00f6kkvi ei ni\u00f0ur, a\u00f0 eg svo frelsa\u00f0ur ver\u00f0i \u00ed fr\u00e1 \u00feeim sem mig hata og \u00ed burt \u00far dj\u00fapi vatnanna,<\/p>\n<p>\tsvo a\u00f0 vatsfl\u00f3\u00f0i\u00f0 drekki m\u00e9r ekki og dj\u00fapi\u00f0 svelgi mig ei og s\u00e1 pytturinn l\u00faki ei sinn munn saman yfir m\u00e9r.<\/p>\n<p>\tB\u00e6nheyr \u00fe\u00fa mig, Drottinn, \u00fev\u00ed \u00fe\u00edn miskunn er huggunarsamleg, sn\u00fa \u00fe\u00fa \u00fe\u00e9r til m\u00edn eftir mikilleik miskunnsemda \u00feinna.<\/p>\n<p>\tOg hyl ekki andlit \u00feitt fyrir \u00fej\u00f3n \u00fe\u00ednum \u00fev\u00ed a\u00f0 eg kveljunst, heyr \u00fe\u00fa mig snarlega.<\/p>\n<p>\tN\u00e1lgast \u00fe\u00fa s\u00e1lu m\u00edna og frelsa \u00fe\u00fa hana, frelsa mig fyrir minna \u00f3vina sakir.<\/p>\n<p>\t\u00de\u00fa veist m\u00edna forsm\u00e1n, sk\u00f6mm og hneisu, m\u00ednir m\u00f3tst\u00f6\u00f0umenn allir eru fyrir \u00feinni augs\u00fdn.<\/p>\n<p>\tS\u00fa forsm\u00e1n kremur mitt hjarta og krenkir mig, eg hug\u00f0a a\u00f0 hvert a\u00f0 n\u00f6kkrum mundi \u00fea\u00f0 aumlegt \u00feykja en \u00fear var s\u00e1 enginn, og ef a\u00f0 s\u00e1 v\u00e6ri nokkur sem m\u00e9r hugsvala vildi en eg fann \u00f6ngvan.<\/p>\n<p>\tOg \u00feeir g\u00e1fu m\u00e9r gall a\u00f0 eta og edik a\u00f0 drekka \u00ed m\u00ednum mikla \u00feorsta. <span class=\"athugasemd\" title=\"Je. 19\">[<\/span> <\/p>\n<p>\t\u00deeirra <span class=\"athugasemd\" title=\"sword \u00deeirra pr\u00e9dikan, l\u00e6rd\u00f3mur, \u00fear af \u00feeir hyggjast a\u00f0 f\u00e6\u00f0a sig\">[<\/span> matbor\u00f0 \u00fea\u00f0 ver\u00f0i fyrir \u00feeim a\u00f0 sn\u00f6ru, til endurgjald og til einnrar gildru.<\/p>\n<p>\t\u00deeirra autu hlj\u00f3ti myrkur a\u00f0 ver\u00f0a svo a\u00f0 \u00feeir sj\u00e1i ei og lendar \u00feeirra l\u00e1t \u00e6t\u00ed\u00f0 veiklast.<\/p>\n<p>\t\u00dathell \u00feinnar heiftar br\u00e6\u00f0i yfir \u00fe\u00e1 og \u00fe\u00edn grimmdarrei\u00f0i h\u00fan h\u00f6ndli \u00fe\u00e1.<\/p>\n<p>\t\u00deeirra b\u00fasta\u00f0ur ver\u00f0i \u00ed ey\u00f0i og ei s\u00e9 \u00fear s\u00e1 neinn e\u00f0 b\u00fai \u00feeirra tjaldb\u00fa\u00f0um. <span class=\"athugasemd\" title=\"Act. 1\">[<\/span> <\/p>\n<p>\t\u00dev\u00ed a\u00f0 \u00feeir ofs\u00e6kja \u00feann sem \u00fe\u00fa hefur lami\u00f0 og h\u00e6last um \u00fea\u00f0 a\u00f0 \u00fe\u00fa leggur mj\u00f6g illt \u00e1 \u00fe\u00edna.<\/p>\n<p>\t<span class=\"athugasemd\" title=\"a \/ Sam\u00feykk ekkert af \u00feeirra verkum\">[<\/span> L\u00e1ttu \u00fe\u00e1 hrasa \u00ed eina synd eftir a\u00f0ra so a\u00f0 \u00feeir komist ei til \u00fe\u00edns r\u00e9ttl\u00e6tis.<\/p>\n<p>\tAfskaf \u00fe\u00fa \u00fe\u00e1 af l\u00edfsb\u00f3kinni svo a\u00f0 \u00feeir ver\u00f0i ei uppskrifa\u00f0ir me\u00f0 r\u00e9ttfer\u00f0ugum. <span class=\"athugasemd\" title=\"Exod. 32 \/ Dan. 12 \/ Luc. 10 \/ Phil. 4\">[<\/span> <\/p>\n<p>\tEn eg em f\u00e1r\u00e1\u00f0ur og harm\u00ferunginn, Gu\u00f0, \u00feitt hj\u00e1lpr\u00e6\u00f0i \u00fea\u00f0 verndi mig.<\/p>\n<p>\tNafni\u00f0 Gu\u00f0s vil eg pr\u00edsa me\u00f0 lofs\u00f6ng og eg vil h\u00e1leitlega hei\u00f0ra hann me\u00f0 \u00feakkargj\u00f6r\u00f0.\t<\/p>\n<p>\t\u00dea\u00f0 mun Drottni betur \u00fe\u00f3knast heldur en einn uxi s\u00e1 e\u00f0 hefur horn og klaufir.<\/p>\n<p>\tHinir f\u00e1r\u00e1\u00f0u sj\u00e1 n\u00fa \u00fea\u00f0 og gle\u00f0ja sig og \u00feeir e\u00f0 Gu\u00f0s leita, \u00e1 \u00feeim mun hjarta\u00f0 lifna,<\/p>\n<p>\t\u00fev\u00ed a\u00f0 Drottinn heyrir hina f\u00e1t\u00e6ku og fyrirl\u00edtur ekki s\u00edna bandingja.<\/p>\n<p>\tHimnarnir, j\u00f6r\u00f0in og sj\u00f3rinn \u00fe\u00e1 lofi hann og allt hva\u00f0 sig hr\u00e6rir \u00fear inni.<\/p>\n<p>\t\u00dev\u00ed a\u00f0 Gu\u00f0 hann mun hj\u00e1lpa S\u00edon og borgirnar \u00ed J\u00fada uppbyggja so a\u00f0 menn byggi \u00fear og \u00ed eignarsetu sitji.<\/p>\n<p>\tOg s\u00e6\u00f0i\u00f0 hans \u00fej\u00f3na mun hana erfa og \u00feeir e\u00f0 hans nafn elska munu \u00fear inni b\u00faa.<\/p>\n","protected":false},"excerpt":{"rendered":"<p>LXIX. S\u00e1lmur Dav\u00ed\u00f0s a\u00f0 syngja fyrir. Af r\u00f3sinni. Gu\u00f0, frelsa \u00fe\u00fa mig \u00fev\u00ed a\u00f0 vatni\u00f0 tekur inn a\u00f0 renna allt til minnar s\u00e1lu. Eg s\u00edg ni\u00f0ur \u00ed dj\u00fapan saur \u00fear e\u00f0 enginn botn er, eg em kominn \u00ed sj\u00e1vardj\u00fapi\u00f0 og vatsfl\u00f3\u00f0i\u00f0 vill drekkja m\u00e9r. Eg hefi kalla\u00f0 mig m\u00f3\u00f0an svo m\u00ednar kverkar eru r\u00e1mar or\u00f0nar, s\u00fdnin tekur m\u00e9r a\u00f0 \u00feverra \u00fat af langri eftirv\u00e6nting \u00e1 minn Gu\u00f0. \u00deeir e\u00f0 mig hata fyrir ekki \u00feeir eru fleir en h\u00e1ri\u00f0 \u00e1 h\u00f6f\u00f0i m\u00e9r. \u00deeir e\u00f0 ranglega ofs\u00e6kja og ska\u00f0a mig eru megtugir, eg ver\u00f0 a\u00f0 borga \u00fea\u00f0 sem eg r\u00e6nta ekki. Gu\u00f0, <a href=\"https:\/\/biblian.is\/gudbrandsbiblia\/salmarnir-69-kafli\/\"> [&#8230;]<\/a><\/p>\n","protected":false},"author":1,"featured_media":0,"parent":0,"menu_order":0,"comment_status":"open","ping_status":"open","template":"bibliukaflar.php","meta":{"footnotes":""},"class_list":["post-3240","page","type-page","status-publish","hentry"],"_links":{"self":[{"href":"https:\/\/biblian.is\/gudbrandsbiblia\/wp-json\/wp\/v2\/pages\/3240","targetHints":{"allow":["GET"]}}],"collection":[{"href":"https:\/\/biblian.is\/gudbrandsbiblia\/wp-json\/wp\/v2\/pages"}],"about":[{"href":"https:\/\/biblian.is\/gudbrandsbiblia\/wp-json\/wp\/v2\/types\/page"}],"author":[{"embeddable":true,"href":"https:\/\/biblian.is\/gudbrandsbiblia\/wp-json\/wp\/v2\/users\/1"}],"replies":[{"embeddable":true,"href":"https:\/\/biblian.is\/gudbrandsbiblia\/wp-json\/wp\/v2\/comments?post=3240"}],"version-history":[{"count":0,"href":"https:\/\/biblian.is\/gudbrandsbiblia\/wp-json\/wp\/v2\/pages\/3240\/revisions"}],"wp:attachment":[{"href":"https:\/\/biblian.is\/gudbrandsbiblia\/wp-json\/wp\/v2\/media?parent=3240"}],"curies":[{"name":"wp","href":"https:\/\/api.w.org\/{rel}","templated":true}]}}