{"id":3239,"date":"2017-12-18T18:33:04","date_gmt":"2017-12-18T18:33:04","guid":{"rendered":"http:\/\/biblian.is\/gudbrandsbiblia\/salmarnir-68-kafli\/"},"modified":"2017-12-18T18:33:04","modified_gmt":"2017-12-18T18:33:04","slug":"salmarnir-68-kafli","status":"publish","type":"page","link":"https:\/\/biblian.is\/gudbrandsbiblia\/salmarnir-68-kafli\/","title":{"rendered":"S\u00e1lmarnir 68. kafli"},"content":{"rendered":"<p>LXVIII.<\/p>\n<p>Lofs\u00f6ngss\u00e1lmur Dav\u00ed\u00f0s fyrir a\u00f0 syngja<\/p>\n<p>Gu\u00f0 hann hreyfi s\u00e9r upp svo \u00fea\u00f0 hans \u00f3vinir \u00ed sundurtv\u00edstra\u00f0ir ver\u00f0i og \u00feeir e\u00f0 hann hata \u00fe\u00e1 fl\u00fdi fyrir honum. <span class=\"athugasemd\" title=\"\u00deessi s\u00e1lmur talar um Christum. \u00dear fyrir er hann vel merkjandi \u00fev\u00ed a\u00f0 eftir b\u00f3kstafnum hefur hann undarleg or\u00f0 og m\u00e1lt\u00e6ki\">[<\/span> <\/p>\n<p>\t\u00cd burtdr\u00edf \u00fe\u00e1 so sem \u00fea\u00f0 reykurinn \u00ed burtdrifinn ver\u00f0ur, l\u00edka sem vax \u00fea\u00f0 br\u00e1\u00f0nar fyrir eldi, so hlj\u00f3ta hinir \u00f3mildu a\u00f0 fyrirfarast fyrir Gu\u00f0s augliti.<\/p>\n<p>\tEn hinir r\u00e9ttfer\u00f0ugu munu sig gle\u00f0ja og gla\u00f0v\u00e6rir vera fyrir Gu\u00f0s augs\u00fdn og \u00fat af hjarta \u00fe\u00e1 munu \u00feeir fagna.<\/p>\n<p>\tSyngi\u00f0 Gu\u00f0i, lofsyngi\u00f0 hans nafni, gj\u00f6ri\u00f0 \u00feeim grei\u00f0an veg sem h\u00f3glega h\u00e9r kemur, Drottinn er hans heiti og gle\u00f0ji\u00f0 y\u00f0ur fyrir honum.<\/p>\n<p>\tHver a\u00f0 er fa\u00f0ir f\u00f6\u00f0urlausra og d\u00f3mari ekknanna, hann er Gu\u00f0 \u00ed s\u00ednu heilaga heimili.<\/p>\n<p>\tS\u00e1 Gu\u00f0 sem hinum einmana gefur fullt h\u00fas barna, hver e\u00f0 hina herleiddu \u00fatlei\u00f0ir \u00ed hagkv\u00e6man t\u00edma og l\u00e6tur hinu \u00feverbrotnu bl\u00edfa \u00e1 \u00feurrlendis hrj\u00f3stri.<\/p>\n<p>\tGu\u00f0, \u00feann t\u00ed\u00f0 \u00fe\u00fa dr\u00f3st \u00fat fyrir \u00fe\u00ednu f\u00f3lki, \u00fe\u00e1 e\u00f0 \u00fe\u00fa bruna\u00f0ir h\u00e9r fram \u00e1 ey\u00f0im\u00f6rkinni. Sela.<\/p>\n<p>\t\u00de\u00e1 skalf j\u00f6r\u00f0in og himnarnir drupu fyrir \u00feeim Gu\u00f0i \u00e1 S\u00edna\u00ed, fyrir \u00feeim Gu\u00f0i sem \u00cdsraels Gu\u00f0 er.<\/p>\n<p>\tEn n\u00fa gefur \u00fe\u00fa svo n\u00e1\u00f0arlegt regn og \u00fe\u00edna arfleif\u00f0 sem \u00feornu\u00f0 er endurl\u00edfgar \u00fe\u00fa<\/p>\n<p>\tso a\u00f0 \u00fe\u00edn d\u00fdr mega \u00fear inni b\u00faa, Gu\u00f0, \u00fe\u00fa se\u00f0ur hinn f\u00e1r\u00e1\u00f0a me\u00f0 \u00fe\u00ednum au\u00f0\u00e6fum.<\/p>\n<p>\tDrottinn hann gefur or\u00f0i\u00f0 me\u00f0 miklu herli\u00f0i gu\u00f0spjallaranna.<\/p>\n<p>\t<span class=\"athugasemd\" title=\"sword eru postularnir, sam\u00feykkilegir \u00ed l\u00e6rd\u00f3minum\">[<\/span> Konugarnir herli\u00f0sins eru s\u00edn \u00e1 milli vinir til samans og <span class=\"athugasemd\" title=\"a \/ \u00dea\u00f0 er, h\u00fasfreyja og merkir kristnina, Christi br\u00fa\u00f0ur\">[<\/span> h\u00faspr\u00fd\u00f0in skiptir \u00fat herfanginu.<\/p>\n<p>\tN\u00e6r e\u00f0 \u00fe\u00e9r liggi\u00f0 me\u00f0 li\u00f0inu til herna\u00f0ar \u00fe\u00e1 lj\u00f3mar \u00fea\u00f0 l\u00edka sem v\u00e6ngir d\u00fafunnar, \u00feeir e\u00f0 me\u00f0 <span class=\"athugasemd\" title=\"b \/ (Silfur) \/ Rautt og hv\u00edtt svo sem \u00fe\u00e1 sk\u00edn \u00e1 skj\u00f6ldu og vopn \u00ed herli\u00f0i\">[<\/span> silfur og gull eru hla\u00f0nir.<\/p>\n<p>\tN\u00e6r e\u00f0 s\u00e1 Hinn alm\u00e1ttugi ni\u00f0ursetur allavegana konunga \u00feeirra \u00e1 milli \u00fe\u00e1 ver\u00f0ur \u00fear bjart hvar n\u00fa er myrkt.<\/p>\n<p>\tFjalli\u00f0 Gu\u00f0s er eitt frj\u00f3samt fjall, eitt miki\u00f0 og frj\u00f3samt fjall.<\/p>\n<p>\tHva\u00f0 <span class=\"athugasemd\" title=\"c \/ Hr\u00f3si\u00f0 y\u00f0ur og treysti\u00f0 upp \u00e1 y\u00f0ar d\u00fdr\u00f0\">[<\/span> st\u00f6kkvi \u00fe\u00e9r, hinu h\u00e1vu fj\u00f6llin? Gu\u00f0 hann lystir \u00e1 \u00feessum fj\u00f6llum a\u00f0 b\u00faa og Drottinn mun \u00fear \u00ed \u00feeim sta\u00f0 \u00e6vinlega byggja.<\/p>\n<p>\tHervagn Gu\u00f0s er m\u00f6rg \u00fe\u00fasund sinnum \u00fe\u00fasund, Drottinn er \u00e1 me\u00f0al \u00feeirra \u00e1 \u00fev\u00ed heilaga S\u00edna\u00ed.<\/p>\n<p>\t\u00de\u00fa ert \u00ed h\u00e6\u00f0ina uppstiginn og hefur herlei\u00f0ingina a\u00f0 herfangi leitt, \u00fe\u00fa hefur gjafir \u00f6\u00f0last m\u00f6nnum til handa, einnin fyrir \u00fe\u00e1 hina \u00feverbrotnu \u00fea\u00f0 a\u00f0 Gu\u00f0 Drottinn mun \u00fe\u00f3 samt \u00fear \u00ed \u00feeim sta\u00f0 b\u00faa. <span class=\"athugasemd\" title=\"Ef. 4\">[<\/span> <\/p>\n<p>\tAlla daga s\u00e9 Drottinn lofa\u00f0ur, Gu\u00f0 leggur \u00feunga \u00e1 oss en hann hj\u00e1lpar oss og einnin. Sela.<\/p>\n<p>\tV\u00e9r h\u00f6fum einn Gu\u00f0 s\u00e1 er hj\u00e1lpar og \u00feann Drottin Drottin sem af dau\u00f0anum frelsar.<\/p>\n<p>\tEn Gu\u00f0 hann mun \u00ed sundurmerja h\u00f6fu\u00f0 sinna \u00f3vina samt me\u00f0 h\u00e1rlokkum \u00feeirra <span class=\"athugasemd\" title=\"d \/ \u00dea\u00f0 er, r\u00edki\u00f0 og kennimannskapurinn Gy\u00f0inga, me\u00f0 \u00fev\u00ed a\u00f0 \u00feeir bl\u00edfa \u00ed vantr\u00fanni\">[<\/span> hvirfils, \u00feeir sem \u00fear fram \u00e1 halda \u00ed s\u00ednum syndum.<\/p>\n<p>\t\u00de\u00f3 segir Drottinn: &#8222;\u00c1 me\u00f0al \u00feeirra <span class=\"athugasemd\" title=\"e \/ Af \u00cdsraels l\u00fd\u00f0, hver e\u00f0 veglegur var vegna Gu\u00f0s\">[<\/span> feitingjanna vil eg s\u00e6kja nokkra, \u00fat \u00far dj\u00fapi sj\u00e1varins vil eg \u00fe\u00e1 suma s\u00e6kja.&#8220;<\/p>\n<p>\t\u00dear fyrir mun \u00feinn f\u00f3tur \u00ed bl\u00f3\u00f0i \u00f3vinanna lita\u00f0ur ver\u00f0a og \u00fe\u00ednir hundar munu sleikja \u00fea\u00f0.<\/p>\n<p>\tGu\u00f0, menn s\u00e1u \u00feinn gang hvernin e\u00f0 \u00fe\u00fa, konungur minn og minn Gu\u00f0, frambruna\u00f0ir \u00ed helgid\u00f3minum.<\/p>\n<p>\tS\u00f6ngvararnir \u00feeir ganga fyrst fram undan, \u00fear n\u00e6st spilmennirnir me\u00f0al meyjanna sem \u00e1 bumburnar berja.<\/p>\n<p>\tLofi\u00f0 Gu\u00f0 Drottin \u00ed samkundunum <span class=\"athugasemd\" title=\"sword \u00dat af brunni\">[<\/span> fyrir \u00feann <span class=\"athugasemd\" title=\"f \/ (Brunn) \/ Fyrir r\u00edki\u00f0 Christi, hvert t\u00f3k a\u00f0 vaxa og upp a\u00f0 spretta\">[<\/span> brunninn \u00cdsrael.<\/p>\n<p>\t\u00dear \u00e1 milli \u00feeirra drottnar s\u00e1 litli Benjam\u00edn, h\u00f6f\u00f0ingjarnir J\u00fada me\u00f0 s\u00ednum hersveitum, h\u00f6f\u00f0ingjarnir Seb\u00falon, h\u00f6f\u00f0ingjarnir Neftal\u00edm.<\/p>\n<p>\t\u00de\u00ednn Gu\u00f0 hefur \u00feitt r\u00edki uppbyrja\u00f0, \u00fea\u00f0 hi\u00f0 sama \u00fea vildir \u00fe\u00fa, Gu\u00f0, efla fyrir oss, \u00fev\u00ed a\u00f0 \u00fea\u00f0 er \u00feitt verk.<\/p>\n<p>\tFyrir \u00fe\u00edns musteris sakir til Jer\u00fasalem, \u00fe\u00e1 munu k\u00f3ngarnir skenkja \u00fe\u00e9r g\u00e1fur.<\/p>\n<p>\tStraffa \u00fe\u00fa \u00fea\u00f0 <span class=\"athugasemd\" title=\"sword Falskennendur\">[<\/span> kvikindi \u00ed reyrnum, \u00feann flokk oxanna me\u00f0al <span class=\"athugasemd\" title=\"g \/ me\u00f0al f\u00f3lksins\">[<\/span> k\u00e1lfanna, \u00feeir sem <span class=\"athugasemd\" title=\"h \/ (F\u00f3ttro\u00f0a) \/ Svo sem hestar gj\u00f6ra vatni\u00f0 gruggugt svo \u00fea\u00f0 er ei drekkanlegt, svo tro\u00f0a allir villumenn og grugguga gj\u00f6ra heilaga ritning\">[<\/span> f\u00f3ttro\u00f0a fyrir peninga sakir, sundurdreif \u00fe\u00fa f\u00f3lki\u00f0 sem gjarnan vill hafa \u00f6rl\u00f6g.<\/p>\n<p>\tH\u00f6f\u00f0ingjarnir af Egyptalandi munu koma, Bl\u00e1land mun s\u00ednar hendur \u00fatbrei\u00f0a til Gu\u00f0s.<\/p>\n<p>\t\u00de\u00e9r konungar\u00edkin \u00e1 j\u00f6r\u00f0u, syngi\u00f0 Gu\u00f0i, lofsyngi\u00f0 Drottni. Sela.<\/p>\n<p>\t\u00deeim sem \u00fear situr \u00e1 himnum alla vegana \u00ed fr\u00e1 upphafi, sj\u00e1 \u00fe\u00fa, hann mun sinni raust kraft gefa. <\/p>\n<p>\tGefi\u00f0 Gu\u00f0i <span class=\"athugasemd\" title=\"k \/ L\u00e1t \u00fea\u00f0 r\u00edki vera d\u00fdrlegt\">[<\/span> magtina, hans d\u00fdr\u00f0 er \u00ed \u00cdsrael og hans kraftur \u00ed sk\u00fdjunum.<\/p>\n<p>\tD\u00e1samur er Gu\u00f0 \u00ed s\u00ednum heil\u00f6gum, hann er Gu\u00f0 \u00cdsraels, hann mun kraft og magt gefa s\u00ednu f\u00f3lki. Blessa\u00f0ur s\u00e9 Gu\u00f0.<\/p>\n","protected":false},"excerpt":{"rendered":"<p>LXVIII. Lofs\u00f6ngss\u00e1lmur Dav\u00ed\u00f0s fyrir a\u00f0 syngja Gu\u00f0 hann hreyfi s\u00e9r upp svo \u00fea\u00f0 hans \u00f3vinir \u00ed sundurtv\u00edstra\u00f0ir ver\u00f0i og \u00feeir e\u00f0 hann hata \u00fe\u00e1 fl\u00fdi fyrir honum. [ \u00cd burtdr\u00edf \u00fe\u00e1 so sem \u00fea\u00f0 reykurinn \u00ed burtdrifinn ver\u00f0ur, l\u00edka sem vax \u00fea\u00f0 br\u00e1\u00f0nar fyrir eldi, so hlj\u00f3ta hinir \u00f3mildu a\u00f0 fyrirfarast fyrir Gu\u00f0s augliti. En hinir r\u00e9ttfer\u00f0ugu munu sig gle\u00f0ja og gla\u00f0v\u00e6rir vera fyrir Gu\u00f0s augs\u00fdn og \u00fat af hjarta \u00fe\u00e1 munu \u00feeir fagna. Syngi\u00f0 Gu\u00f0i, lofsyngi\u00f0 hans nafni, gj\u00f6ri\u00f0 \u00feeim grei\u00f0an veg sem h\u00f3glega h\u00e9r kemur, Drottinn er hans heiti og gle\u00f0ji\u00f0 y\u00f0ur fyrir honum. Hver a\u00f0 er fa\u00f0ir <a href=\"https:\/\/biblian.is\/gudbrandsbiblia\/salmarnir-68-kafli\/\"> [&#8230;]<\/a><\/p>\n","protected":false},"author":1,"featured_media":0,"parent":0,"menu_order":0,"comment_status":"open","ping_status":"open","template":"bibliukaflar.php","meta":{"footnotes":""},"class_list":["post-3239","page","type-page","status-publish","hentry"],"_links":{"self":[{"href":"https:\/\/biblian.is\/gudbrandsbiblia\/wp-json\/wp\/v2\/pages\/3239","targetHints":{"allow":["GET"]}}],"collection":[{"href":"https:\/\/biblian.is\/gudbrandsbiblia\/wp-json\/wp\/v2\/pages"}],"about":[{"href":"https:\/\/biblian.is\/gudbrandsbiblia\/wp-json\/wp\/v2\/types\/page"}],"author":[{"embeddable":true,"href":"https:\/\/biblian.is\/gudbrandsbiblia\/wp-json\/wp\/v2\/users\/1"}],"replies":[{"embeddable":true,"href":"https:\/\/biblian.is\/gudbrandsbiblia\/wp-json\/wp\/v2\/comments?post=3239"}],"version-history":[{"count":0,"href":"https:\/\/biblian.is\/gudbrandsbiblia\/wp-json\/wp\/v2\/pages\/3239\/revisions"}],"wp:attachment":[{"href":"https:\/\/biblian.is\/gudbrandsbiblia\/wp-json\/wp\/v2\/media?parent=3239"}],"curies":[{"name":"wp","href":"https:\/\/api.w.org\/{rel}","templated":true}]}}