{"id":3238,"date":"2017-12-18T18:33:04","date_gmt":"2017-12-18T18:33:04","guid":{"rendered":"http:\/\/biblian.is\/gudbrandsbiblia\/salmarnir-67-kafli\/"},"modified":"2017-12-18T18:33:04","modified_gmt":"2017-12-18T18:33:04","slug":"salmarnir-67-kafli","status":"publish","type":"page","link":"https:\/\/biblian.is\/gudbrandsbiblia\/salmarnir-67-kafli\/","title":{"rendered":"S\u00e1lmarnir 67. kafli"},"content":{"rendered":"<p>LXVII.<\/p>\n<p>Einn lofs\u00f6ngss\u00e1lmur fyrir a\u00f0 syngja upp \u00e1 strengjaleik<\/p>\n<p>Gu\u00f0 s\u00e9 oss miskunnsamur og velsigni oss, hann l\u00e1ti sitt andlit <span class=\"athugasemd\" title=\"sword \u00c1l\u00edti \/ hann oss me\u00f0 h\u00fdru og gla\u00f0v\u00e6ru yfirbrag\u00f0i og tj\u00e1i sig bl\u00ed\u00f0an vi\u00f0 oss\">[<\/span> l\u00fdsa yfir oss. Sela.<\/p>\n<p>\tSvo a\u00f0 v\u00e9r \u00e1 j\u00f6r\u00f0u me\u00f0kennum hans vegu, \u00e1 me\u00f0al allra hei\u00f0inna \u00fej\u00f3\u00f0a hans hj\u00e1lpr\u00e6\u00f0i.<\/p>\n<p>\tGu\u00f0, \u00fe\u00e9r \u00feakkar f\u00f3lki\u00f0, \u00fe\u00e9r \u00feakkar allt f\u00f3lk.<\/p>\n<p>\t\u00dej\u00f3\u00f0irnar gle\u00f0ja sig og ver\u00f0a fegnar \u00fea\u00f0 \u00fe\u00fa d\u00e6mir f\u00f3lki\u00f0 r\u00e9ttv\u00edslega og stj\u00f3rnar l\u00fd\u00f0num \u00e1 j\u00f6r\u00f0u. Sela.<\/p>\n<p>\tGu\u00f0, \u00fe\u00e9r \u00feakkar f\u00f3lki\u00f0, \u00fe\u00e9r \u00feakkar allt f\u00f3lk.<\/p>\n<p>\tJ\u00f6r\u00f0in gefur sinn \u00e1v\u00f6xt, blessi oss Gu\u00f0, vor Gu\u00f0,<\/p>\n<p>\tblessi oss Gu\u00f0 og \u00f6ll takm\u00f6rk jar\u00f0arinnar \u00f3ttist hann.<\/p>\n","protected":false},"excerpt":{"rendered":"<p>LXVII. Einn lofs\u00f6ngss\u00e1lmur fyrir a\u00f0 syngja upp \u00e1 strengjaleik Gu\u00f0 s\u00e9 oss miskunnsamur og velsigni oss, hann l\u00e1ti sitt andlit [ l\u00fdsa yfir oss. Sela. Svo a\u00f0 v\u00e9r \u00e1 j\u00f6r\u00f0u me\u00f0kennum hans vegu, \u00e1 me\u00f0al allra hei\u00f0inna \u00fej\u00f3\u00f0a hans hj\u00e1lpr\u00e6\u00f0i. Gu\u00f0, \u00fe\u00e9r \u00feakkar f\u00f3lki\u00f0, \u00fe\u00e9r \u00feakkar allt f\u00f3lk. \u00dej\u00f3\u00f0irnar gle\u00f0ja sig og ver\u00f0a fegnar \u00fea\u00f0 \u00fe\u00fa d\u00e6mir f\u00f3lki\u00f0 r\u00e9ttv\u00edslega og stj\u00f3rnar l\u00fd\u00f0num \u00e1 j\u00f6r\u00f0u. Sela. Gu\u00f0, \u00fe\u00e9r \u00feakkar f\u00f3lki\u00f0, \u00fe\u00e9r \u00feakkar allt f\u00f3lk. J\u00f6r\u00f0in gefur sinn \u00e1v\u00f6xt, blessi oss Gu\u00f0, vor Gu\u00f0, blessi oss Gu\u00f0 og \u00f6ll takm\u00f6rk jar\u00f0arinnar \u00f3ttist hann.<\/p>\n","protected":false},"author":1,"featured_media":0,"parent":0,"menu_order":0,"comment_status":"open","ping_status":"open","template":"bibliukaflar.php","meta":{"footnotes":""},"class_list":["post-3238","page","type-page","status-publish","hentry"],"_links":{"self":[{"href":"https:\/\/biblian.is\/gudbrandsbiblia\/wp-json\/wp\/v2\/pages\/3238","targetHints":{"allow":["GET"]}}],"collection":[{"href":"https:\/\/biblian.is\/gudbrandsbiblia\/wp-json\/wp\/v2\/pages"}],"about":[{"href":"https:\/\/biblian.is\/gudbrandsbiblia\/wp-json\/wp\/v2\/types\/page"}],"author":[{"embeddable":true,"href":"https:\/\/biblian.is\/gudbrandsbiblia\/wp-json\/wp\/v2\/users\/1"}],"replies":[{"embeddable":true,"href":"https:\/\/biblian.is\/gudbrandsbiblia\/wp-json\/wp\/v2\/comments?post=3238"}],"version-history":[{"count":0,"href":"https:\/\/biblian.is\/gudbrandsbiblia\/wp-json\/wp\/v2\/pages\/3238\/revisions"}],"wp:attachment":[{"href":"https:\/\/biblian.is\/gudbrandsbiblia\/wp-json\/wp\/v2\/media?parent=3238"}],"curies":[{"name":"wp","href":"https:\/\/api.w.org\/{rel}","templated":true}]}}