{"id":3237,"date":"2017-12-18T18:33:04","date_gmt":"2017-12-18T18:33:04","guid":{"rendered":"http:\/\/biblian.is\/gudbrandsbiblia\/salmarnir-66-kafli\/"},"modified":"2017-12-18T18:33:04","modified_gmt":"2017-12-18T18:33:04","slug":"salmarnir-66-kafli","status":"publish","type":"page","link":"https:\/\/biblian.is\/gudbrandsbiblia\/salmarnir-66-kafli\/","title":{"rendered":"S\u00e1lmarnir 66. kafli"},"content":{"rendered":"<p>LXVI.<\/p>\n<p>Einn lofkv\u00e6\u00f0iss\u00e1lmur a\u00f0 syngja fyrir <\/p>\n<p>Syngi\u00f0 h\u00e1tt lof Gu\u00f0i, \u00f6ll l\u00f6nd, syngi\u00f0 lof til d\u00fdr\u00f0ar hans nafni, pr\u00edsi\u00f0 hann d\u00fdrlega!<\/p>\n<p>\tSegi\u00f0 til Gu\u00f0s: Hversu d\u00e1samleg eru \u00fe\u00edn verk! \u00dea\u00f0 mun \u00fe\u00ednum \u00f3vinum <span class=\"athugasemd\" title=\"a \/ \u00dea\u00f0 er, \u00ed \u00f6llum \u00feeirra upptektum \u00e1 m\u00f3ti \u00fe\u00e9r\">[<\/span> breg\u00f0ast fyrir \u00feinni mikilli magt.<\/p>\n<p>\t\u00d6ll l\u00f6nd tilbi\u00f0ji \u00feig og lofsyngi \u00fe\u00e9r, syngi lof \u00fe\u00ednu nafni. Sela.<\/p>\n<p>\tKomi\u00f0 hinga\u00f0 og sj\u00e1i\u00f0 verkin Gu\u00f0s sem svo d\u00e1samlegur er me\u00f0al mannanna sona. <\/p>\n<p>\tHann umsn\u00fdr hafinu \u00ed har\u00f0ar grundir svo a\u00f0 \u00feurrum f\u00f3tum m\u00e1 yfir vatni\u00f0 ganga, vegna \u00feess hins sama \u00fe\u00e1 gle\u00f0jum v\u00e9r oss \u00ed honum.<\/p>\n<p>\tHann drottnar me\u00f0 s\u00ednum veldiskrafti eil\u00edflegana, hans augu l\u00edta \u00e1 f\u00f3lki\u00f0, hinir sem <span class=\"athugasemd\" title=\"b \/ \u00deeir skulu ekki vinna hversu h\u00e1tt sem \u00feeir hefja sig\">[<\/span> m\u00f3t\u00fer\u00f3ast f\u00e1 ei upphafi\u00f0 sig. Sela.<\/p>\n<p>\t\u00de\u00e9r \u00fej\u00f3\u00f0ir, lofi\u00f0 vorn Gu\u00f0, l\u00e1ti\u00f0 hans lofst\u00edr v\u00ed\u00f0fr\u00e6gan ver\u00f0a.<\/p>\n<p>\tHann e\u00f0 s\u00e1lir vorar heldur vi\u00f0 l\u00edfi\u00f0 og l\u00e6tur ekki f\u00e6tur vora afvega skeika.<\/p>\n<p>\t\u00dev\u00ed a\u00f0, Gu\u00f0, \u00fe\u00fa hefur fors\u00f3tt oss og kl\u00e1ra\u00f0 svo sem \u00fe\u00e1 silfri\u00f0 ver\u00f0ur kl\u00e1ra\u00f0.<\/p>\n<p>\t\u00de\u00fa hefur leitt oss inn \u00ed turninn, \u00fe\u00fa hefur \u00e1 vorn hrygg eina byr\u00f0i lagt.<\/p>\n<p>\t\u00de\u00fa hefur sett menn yfir vort h\u00f6fu\u00f0, v\u00e9r h\u00f6fum va\u00f0i\u00f0 yfir eld og vatn, en \u00fe\u00fa hefur \u00fatleitt oss af \u00feessu og endurl\u00edfga\u00f0 oss.<\/p>\n<p>\t\u00dear fyrir vil eg me\u00f0 brennioffri ganga \u00ed \u00feitt h\u00fas og gjalda \u00fe\u00e9r m\u00edn heit, l\u00edka svo sem eg hefi m\u00ednum v\u00f6rum til upploki\u00f0 og \u00fea\u00f0 minn munnur hefur tala\u00f0 \u00ed minni \u00e1nau\u00f0.<\/p>\n<p>\tFeitar brennif\u00f3rnir vil eg f\u00e6ra \u00fe\u00e9r af brenndum hr\u00fatum, naut og kjarnhafra vil eg \u00fe\u00e9r offra. Sela.<\/p>\n<p>\tKomi\u00f0 hinga\u00f0, heyri\u00f0 til, allir \u00fe\u00e9r sem \u00f3ttist Gu\u00f0: Eg vil framtelja hva\u00f0 hann hefur gj\u00f6rt vi\u00f0 m\u00edna s\u00e1lu.<\/p>\n<p>\tTil hans kalla\u00f0i eg me\u00f0 m\u00ednum munni og eg hei\u00f0ra\u00f0i hann me\u00f0 minni tungu.<\/p>\n<p>\tEf a\u00f0 eg hef\u00f0a rangan \u00e1setning \u00ed m\u00ednu hjarta \u00fe\u00e1 mundi Drottinn ekki heyra.<\/p>\n<p>\t\u00dear fyrir \u00fe\u00e1 b\u00e6nheyrir Gu\u00f0 mig og hyggur a\u00f0 minni gr\u00e1tbei\u00f0ni.<\/p>\n<p>\tLofa\u00f0ur s\u00e9 Gu\u00f0, s\u00e1 e\u00f0 ekki fyrirl\u00edtur m\u00edna b\u00e6n og ekki burt sn\u00fdr sinni miskunn fr\u00e1 m\u00e9r.<\/p>\n","protected":false},"excerpt":{"rendered":"<p>LXVI. Einn lofkv\u00e6\u00f0iss\u00e1lmur a\u00f0 syngja fyrir Syngi\u00f0 h\u00e1tt lof Gu\u00f0i, \u00f6ll l\u00f6nd, syngi\u00f0 lof til d\u00fdr\u00f0ar hans nafni, pr\u00edsi\u00f0 hann d\u00fdrlega! Segi\u00f0 til Gu\u00f0s: Hversu d\u00e1samleg eru \u00fe\u00edn verk! \u00dea\u00f0 mun \u00fe\u00ednum \u00f3vinum [ breg\u00f0ast fyrir \u00feinni mikilli magt. \u00d6ll l\u00f6nd tilbi\u00f0ji \u00feig og lofsyngi \u00fe\u00e9r, syngi lof \u00fe\u00ednu nafni. Sela. Komi\u00f0 hinga\u00f0 og sj\u00e1i\u00f0 verkin Gu\u00f0s sem svo d\u00e1samlegur er me\u00f0al mannanna sona. Hann umsn\u00fdr hafinu \u00ed har\u00f0ar grundir svo a\u00f0 \u00feurrum f\u00f3tum m\u00e1 yfir vatni\u00f0 ganga, vegna \u00feess hins sama \u00fe\u00e1 gle\u00f0jum v\u00e9r oss \u00ed honum. Hann drottnar me\u00f0 s\u00ednum veldiskrafti eil\u00edflegana, hans augu l\u00edta \u00e1 f\u00f3lki\u00f0, hinir <a href=\"https:\/\/biblian.is\/gudbrandsbiblia\/salmarnir-66-kafli\/\"> [&#8230;]<\/a><\/p>\n","protected":false},"author":1,"featured_media":0,"parent":0,"menu_order":0,"comment_status":"open","ping_status":"open","template":"bibliukaflar.php","meta":{"footnotes":""},"class_list":["post-3237","page","type-page","status-publish","hentry"],"_links":{"self":[{"href":"https:\/\/biblian.is\/gudbrandsbiblia\/wp-json\/wp\/v2\/pages\/3237","targetHints":{"allow":["GET"]}}],"collection":[{"href":"https:\/\/biblian.is\/gudbrandsbiblia\/wp-json\/wp\/v2\/pages"}],"about":[{"href":"https:\/\/biblian.is\/gudbrandsbiblia\/wp-json\/wp\/v2\/types\/page"}],"author":[{"embeddable":true,"href":"https:\/\/biblian.is\/gudbrandsbiblia\/wp-json\/wp\/v2\/users\/1"}],"replies":[{"embeddable":true,"href":"https:\/\/biblian.is\/gudbrandsbiblia\/wp-json\/wp\/v2\/comments?post=3237"}],"version-history":[{"count":0,"href":"https:\/\/biblian.is\/gudbrandsbiblia\/wp-json\/wp\/v2\/pages\/3237\/revisions"}],"wp:attachment":[{"href":"https:\/\/biblian.is\/gudbrandsbiblia\/wp-json\/wp\/v2\/media?parent=3237"}],"curies":[{"name":"wp","href":"https:\/\/api.w.org\/{rel}","templated":true}]}}