{"id":3236,"date":"2017-12-18T18:33:04","date_gmt":"2017-12-18T18:33:04","guid":{"rendered":"http:\/\/biblian.is\/gudbrandsbiblia\/salmarnir-65-kafli\/"},"modified":"2017-12-18T18:33:04","modified_gmt":"2017-12-18T18:33:04","slug":"salmarnir-65-kafli","status":"publish","type":"page","link":"https:\/\/biblian.is\/gudbrandsbiblia\/salmarnir-65-kafli\/","title":{"rendered":"S\u00e1lmarnir 65. kafli"},"content":{"rendered":"<p>LXV.<\/p>\n<p>Lofs\u00f6ngss\u00e1lmur Dav\u00ed\u00f0s fyrir a\u00f0 syngja <span class=\"athugasemd\" title=\"\u00deessi s\u00e1lmur pr\u00edsar Gu\u00f0 fyrir stundlega g\u00f3\u00f0a hluti\">[<\/span> <\/p>\n<p>Gu\u00f0, v\u00e9r lofum \u00feig \u00ed <span class=\"athugasemd\" title=\"a \/ (Hlj\u00f3\u00f0i) \/ \u00cd \u00feolinm\u00e6\u00f0i, l\u00ed\u00f0andi \u00feegjandi hva\u00f0 a\u00f0 kemur\">[<\/span> hlj\u00f3\u00f0i til S\u00edon og \u00fe\u00e9r gj\u00f6ldum v\u00e9r heitin.<\/p>\n<p>\t\u00de\u00fa heyrir b\u00e6nakalli\u00f0, \u00fear fyrir kemur allt hold til \u00fe\u00edn.<\/p>\n<p>\tVorar misgj\u00f6r\u00f0ir \u00fevinga oss har\u00f0lega, \u00fe\u00fa vildir vorar syndir fyrirgefa.<\/p>\n<p>\tS\u00e6ll er hann sem \u00fe\u00fa \u00fatvelur og s\u00e1 e\u00f0 \u00fe\u00fa me\u00f0tekur til \u00fe\u00edn \u00fea\u00f0 hann byggi \u00ed \u00fe\u00ednum fordyrum, s\u00e1 hefur n\u00f3glegt traust \u00e1 \u00fe\u00ednu h\u00fasi, \u00fe\u00ednu heilaga musteri.<\/p>\n<p>\tHeyr \u00fe\u00fa oss eftir \u00feinni d\u00e1semdarr\u00e9ttv\u00edsi, Gu\u00f0 vor heilsugjafari, \u00fe\u00fa sem ert traust allra \u00feeirra \u00e1 j\u00f6r\u00f0u eru og \u00feeirra sem eru langt \u00ed burt \u00ed sj\u00e1varhafinu,<\/p>\n<p>\thann sem fj\u00f6llin setur st\u00f6\u00f0ugt \u00ed s\u00ednum krafti og gyrtur er <span class=\"athugasemd\" title=\"b \/ \u00c1vaxtandi og margfaldandi velgj\u00f6rninga\">[<\/span> magtarveldi,<\/p>\n<p>\t\u00fe\u00fa sem stillir grenjan sj\u00e1varins og hlj\u00f3\u00f0an bylgnanna og \u00feann \u00e6\u00f0igang \u00fej\u00f3\u00f0anna<\/p>\n<p>\tsvo a\u00f0 \u00feeir sem \u00ed \u00feeim s\u00f6mum takm\u00f6rkum byggja eru hr\u00e6ddir af \u00fe\u00ednum teiknum. \u00de\u00fa gj\u00f6rir lystilegt allt hva\u00f0 sig hr\u00e6rir, b\u00e6\u00f0i \u00e1 morna og so \u00e1 kv\u00f6ld.<\/p>\n<p>\t\u00de\u00fa vitjar landsins og v\u00f6kvar \u00fea\u00f0 og au\u00f0gar \u00fea\u00f0 n\u00e6sta. Gu\u00f0s <span class=\"athugasemd\" title=\"c \/ \u00dea\u00f0 er, hans land og f\u00f3lk\">[<\/span> uppsprettukelda hefur n\u00f3glegt vatn, \u00feeirra korn \u00fea\u00f0 l\u00e6tur \u00fe\u00fa t\u00edngast vel \u00fev\u00ed a\u00f0 svo uppbyggir \u00fe\u00fa landi\u00f0.<\/p>\n<p>\t\u00de\u00fa d\u00f6ggvar \u00feess akurreinar og v\u00e6tir \u00fea\u00f0 sem pl\u00e6gt er, me\u00f0ur dropum daggarinnar m\u00fdkir \u00fe\u00fa \u00fea\u00f0 og blessar svo \u00feess gr\u00f3\u00f0a.<\/p>\n<p>\t\u00de\u00fa k\u00f3r\u00f3nar \u00e1ri\u00f0 me\u00f0 \u00feinni g\u00f3\u00f0girnd, \u00f3 \u00fe\u00edn <span class=\"athugasemd\" title=\"sword Hvar hann fer \u00fear lukkast allt vel\">[<\/span> f\u00f3tspor drj\u00fapa af feiti.<\/p>\n<p>\tH\u00edb\u00fdlin ey\u00f0imarkarinnar eru einnin svo feit a\u00f0 \u00feau drj\u00fapa og h\u00f3larnir eru umhverfis lystilegir.<\/p>\n<p>\tUm v\u00f6lluna er fullt me\u00f0 sau\u00f0f\u00e9 og dalirnir standa \u00feykkvaxnir af korni, so a\u00f0 \u00fear \u00fata f syngja menn og kve\u00f0a.<\/p>\n","protected":false},"excerpt":{"rendered":"<p>LXV. Lofs\u00f6ngss\u00e1lmur Dav\u00ed\u00f0s fyrir a\u00f0 syngja [ Gu\u00f0, v\u00e9r lofum \u00feig \u00ed [ hlj\u00f3\u00f0i til S\u00edon og \u00fe\u00e9r gj\u00f6ldum v\u00e9r heitin. \u00de\u00fa heyrir b\u00e6nakalli\u00f0, \u00fear fyrir kemur allt hold til \u00fe\u00edn. Vorar misgj\u00f6r\u00f0ir \u00fevinga oss har\u00f0lega, \u00fe\u00fa vildir vorar syndir fyrirgefa. S\u00e6ll er hann sem \u00fe\u00fa \u00fatvelur og s\u00e1 e\u00f0 \u00fe\u00fa me\u00f0tekur til \u00fe\u00edn \u00fea\u00f0 hann byggi \u00ed \u00fe\u00ednum fordyrum, s\u00e1 hefur n\u00f3glegt traust \u00e1 \u00fe\u00ednu h\u00fasi, \u00fe\u00ednu heilaga musteri. Heyr \u00fe\u00fa oss eftir \u00feinni d\u00e1semdarr\u00e9ttv\u00edsi, Gu\u00f0 vor heilsugjafari, \u00fe\u00fa sem ert traust allra \u00feeirra \u00e1 j\u00f6r\u00f0u eru og \u00feeirra sem eru langt \u00ed burt \u00ed sj\u00e1varhafinu, hann sem fj\u00f6llin <a href=\"https:\/\/biblian.is\/gudbrandsbiblia\/salmarnir-65-kafli\/\"> [&#8230;]<\/a><\/p>\n","protected":false},"author":1,"featured_media":0,"parent":0,"menu_order":0,"comment_status":"open","ping_status":"open","template":"bibliukaflar.php","meta":{"footnotes":""},"class_list":["post-3236","page","type-page","status-publish","hentry"],"_links":{"self":[{"href":"https:\/\/biblian.is\/gudbrandsbiblia\/wp-json\/wp\/v2\/pages\/3236","targetHints":{"allow":["GET"]}}],"collection":[{"href":"https:\/\/biblian.is\/gudbrandsbiblia\/wp-json\/wp\/v2\/pages"}],"about":[{"href":"https:\/\/biblian.is\/gudbrandsbiblia\/wp-json\/wp\/v2\/types\/page"}],"author":[{"embeddable":true,"href":"https:\/\/biblian.is\/gudbrandsbiblia\/wp-json\/wp\/v2\/users\/1"}],"replies":[{"embeddable":true,"href":"https:\/\/biblian.is\/gudbrandsbiblia\/wp-json\/wp\/v2\/comments?post=3236"}],"version-history":[{"count":0,"href":"https:\/\/biblian.is\/gudbrandsbiblia\/wp-json\/wp\/v2\/pages\/3236\/revisions"}],"wp:attachment":[{"href":"https:\/\/biblian.is\/gudbrandsbiblia\/wp-json\/wp\/v2\/media?parent=3236"}],"curies":[{"name":"wp","href":"https:\/\/api.w.org\/{rel}","templated":true}]}}