{"id":3235,"date":"2017-12-18T18:33:04","date_gmt":"2017-12-18T18:33:04","guid":{"rendered":"http:\/\/biblian.is\/gudbrandsbiblia\/salmarnir-64-kafli\/"},"modified":"2017-12-18T18:33:04","modified_gmt":"2017-12-18T18:33:04","slug":"salmarnir-64-kafli","status":"publish","type":"page","link":"https:\/\/biblian.is\/gudbrandsbiblia\/salmarnir-64-kafli\/","title":{"rendered":"S\u00e1lmarnir 64. kafli"},"content":{"rendered":"<p>LXIIII.<\/p>\n<p>S\u00e1lmur Dav\u00ed\u00f0s fyrir a\u00f0 syngja<\/p>\n<p>Heyr \u00fe\u00fa m\u00edna raust \u00fe\u00e1 e\u00f0 eg gr\u00e1tb\u00e6ni \u00feig, var\u00f0veit mitt l\u00edf fyri \u00feeim grimma \u00f3vin.<\/p>\n<p>\tSk\u00fdl \u00fe\u00fa m\u00e9r fyrir samkundum \u00feeirra illskufullra, fyrir flokki \u00feeirra illgj\u00f6r\u00f0amanna,<\/p>\n<p>\thverjir e\u00f0 s\u00ednar tungur hvetja sem sver\u00f0, \u00feeir e\u00f0 me\u00f0 s\u00ednum eitru\u00f0um or\u00f0um svo skj\u00f3ta sem me\u00f0 p\u00edlum,<\/p>\n<p>\ta\u00f0 \u00feeir svo heimuglega skj\u00f3ti hinn saklausa, skyndilega \u00fe\u00e1 skj\u00f3ta \u00feeir a\u00f0 honum og \u00f3ttast \u00fea\u00f0 ekki.<\/p>\n<p>\tFlugdjarfir eru \u00feeir me\u00f0 s\u00ednar vondslegar r\u00e1\u00f0agj\u00f6r\u00f0ir og segja hversu \u00feeir vilja \u00fe\u00e6r sn\u00f6rur \u00fatleggja og m\u00e6la svo: &#8222;Hver er hann s\u00e1 e\u00f0 \u00fea\u00f0 kunni a\u00f0 sj\u00e1?&#8220;<\/p>\n<p>\t\u00deeir uppkveikja rangindin og hylja \u00feau heimuglega, eru forslegnir og hafa kyndugleg illskup\u00f6r.<\/p>\n<p>\tEn Gu\u00f0 mun skyndilega skj\u00f3ta \u00fe\u00e1 so a\u00f0 \u00feeim mun d\u00e1tt vi\u00f0 ver\u00f0a.<\/p>\n<p>\t\u00deeirra eigin tungur munu fella \u00fe\u00e1 svo a\u00f0 hver sem \u00fe\u00e1 s\u00e9r mun gj\u00f6ra sk\u00f6ll a\u00f0 \u00feeim<\/p>\n<p>\tog allir \u00feeir menn sem \u00fea\u00f0 sj\u00e1 \u00feeir munu segja: &#8222;Gu\u00f0 hefur \u00fea\u00f0 gj\u00f6rt&#8220; og formerkja a\u00f0 \u00fea\u00f0 sama er hans verk.<\/p>\n<p>\tHinir r\u00e9ttfer\u00f0ugu munu gle\u00f0ja sig \u00ed Drottni og treysta upp \u00e1 hann og \u00f6ll g\u00f3\u00f0f\u00fas hj\u00f6rtu munu gle\u00f0jast \u00fear af.<\/p>\n","protected":false},"excerpt":{"rendered":"<p>LXIIII. S\u00e1lmur Dav\u00ed\u00f0s fyrir a\u00f0 syngja Heyr \u00fe\u00fa m\u00edna raust \u00fe\u00e1 e\u00f0 eg gr\u00e1tb\u00e6ni \u00feig, var\u00f0veit mitt l\u00edf fyri \u00feeim grimma \u00f3vin. Sk\u00fdl \u00fe\u00fa m\u00e9r fyrir samkundum \u00feeirra illskufullra, fyrir flokki \u00feeirra illgj\u00f6r\u00f0amanna, hverjir e\u00f0 s\u00ednar tungur hvetja sem sver\u00f0, \u00feeir e\u00f0 me\u00f0 s\u00ednum eitru\u00f0um or\u00f0um svo skj\u00f3ta sem me\u00f0 p\u00edlum, a\u00f0 \u00feeir svo heimuglega skj\u00f3ti hinn saklausa, skyndilega \u00fe\u00e1 skj\u00f3ta \u00feeir a\u00f0 honum og \u00f3ttast \u00fea\u00f0 ekki. Flugdjarfir eru \u00feeir me\u00f0 s\u00ednar vondslegar r\u00e1\u00f0agj\u00f6r\u00f0ir og segja hversu \u00feeir vilja \u00fe\u00e6r sn\u00f6rur \u00fatleggja og m\u00e6la svo: &#8222;Hver er hann s\u00e1 e\u00f0 \u00fea\u00f0 kunni a\u00f0 sj\u00e1?&#8220; \u00deeir uppkveikja rangindin og hylja <a href=\"https:\/\/biblian.is\/gudbrandsbiblia\/salmarnir-64-kafli\/\"> [&#8230;]<\/a><\/p>\n","protected":false},"author":1,"featured_media":0,"parent":0,"menu_order":0,"comment_status":"open","ping_status":"open","template":"bibliukaflar.php","meta":{"footnotes":""},"class_list":["post-3235","page","type-page","status-publish","hentry"],"_links":{"self":[{"href":"https:\/\/biblian.is\/gudbrandsbiblia\/wp-json\/wp\/v2\/pages\/3235","targetHints":{"allow":["GET"]}}],"collection":[{"href":"https:\/\/biblian.is\/gudbrandsbiblia\/wp-json\/wp\/v2\/pages"}],"about":[{"href":"https:\/\/biblian.is\/gudbrandsbiblia\/wp-json\/wp\/v2\/types\/page"}],"author":[{"embeddable":true,"href":"https:\/\/biblian.is\/gudbrandsbiblia\/wp-json\/wp\/v2\/users\/1"}],"replies":[{"embeddable":true,"href":"https:\/\/biblian.is\/gudbrandsbiblia\/wp-json\/wp\/v2\/comments?post=3235"}],"version-history":[{"count":0,"href":"https:\/\/biblian.is\/gudbrandsbiblia\/wp-json\/wp\/v2\/pages\/3235\/revisions"}],"wp:attachment":[{"href":"https:\/\/biblian.is\/gudbrandsbiblia\/wp-json\/wp\/v2\/media?parent=3235"}],"curies":[{"name":"wp","href":"https:\/\/api.w.org\/{rel}","templated":true}]}}