{"id":3234,"date":"2017-12-18T18:33:04","date_gmt":"2017-12-18T18:33:04","guid":{"rendered":"http:\/\/biblian.is\/gudbrandsbiblia\/salmarnir-63-kafli\/"},"modified":"2017-12-18T18:33:04","modified_gmt":"2017-12-18T18:33:04","slug":"salmarnir-63-kafli","status":"publish","type":"page","link":"https:\/\/biblian.is\/gudbrandsbiblia\/salmarnir-63-kafli\/","title":{"rendered":"S\u00e1lmarnir 63. kafli"},"content":{"rendered":"<p>LXIII.<\/p>\n<p>S\u00e1lmur Dav\u00ed\u00f0s \u00fe\u00e1 hann var \u00ed ey\u00f0im\u00f6rku J\u00fada<\/p>\n<p>Gu\u00f0, \u00fe\u00fa ert minn, Gu\u00f0, \u00e1rla vakna eg til \u00fe\u00edn, m\u00edna s\u00e1l \u00feyrstir eftir \u00fe\u00e9r, mitt hold \u00fea\u00f0 f\u00fdsir til \u00fe\u00edn, \u00fat \u00ed \u00feurru hrj\u00f3stugu landi \u00fear ekkert vatn er. <\/p>\n<p>\t\u00dear \u00ed \u00feeim sta\u00f0 horfi eg eftir \u00fe\u00e9r, \u00ed \u00fe\u00ednum helgid\u00f3mi, viljandi gjarnan sj\u00e1 mega \u00fe\u00edna <span class=\"athugasemd\" title=\"a \/ Eg vilda gjarnan vera vi\u00f0 \u00fej\u00f3nustugj\u00f6r\u00f0 \u00fe\u00edns nafns \u00fear \u00fe\u00fa kr\u00f6ftugur ert og \u00fe\u00fa d\u00fdrkast, en n\u00fa hl\u00fdt eg a\u00f0 vera h\u00e9r \u00e1 ey\u00f0im\u00f6rkum\">[<\/span> magt og d\u00fdr\u00f0.<\/p>\n<p>\t\u00dev\u00ed a\u00f0 \u00fe\u00edn miskunn h\u00fan er betri en l\u00edfi\u00f0, m\u00ednar varir \u00fe\u00e6r lofa \u00feig.<\/p>\n<p>\t\u00dear \u00ed \u00feeim sta\u00f0 vilda eg feginn lofa \u00feig m\u00edna l\u00edfdaga og \u00ed \u00fe\u00ednu nafni m\u00ednar hendur upphefja.<\/p>\n<p>\t\u00dea\u00f0 v\u00e6ri minn hjartans f\u00f6gnu\u00f0ur og una\u00f0semd a\u00f0 eg \u00feig me\u00f0 gla\u00f0v\u00e6rum munni lofa skyldi.<\/p>\n<p>\tN\u00e6r e\u00f0 eg legg mig til s\u00e6ngur \u00fe\u00e1 minnist eg \u00e1 \u00feig, n\u00e6r e\u00f0 eg vakna \u00fe\u00e1 tala eg um \u00feig.<\/p>\n<p>\t\u00dev\u00ed a\u00f0 \u00fe\u00fa ert minn hj\u00e1lpari og undir skugga \u00feinna v\u00e6ngja gle\u00f0junst eg.<\/p>\n<p>\tM\u00edn s\u00e1la h\u00fan \u00e1hengur \u00fe\u00e9r, \u00fe\u00edn h\u00e6gri h\u00f6nd h\u00fan vi\u00f0heldur m\u00e9r.<\/p>\n<p>\tEn \u00feeir s\u00e6kja eftir minni s\u00e1lu m\u00e9r til fordj\u00f6rfunar, ofan \u00ed \u00feau ne\u00f0stu takm\u00f6rk jar\u00f0ar munu \u00feeir fara.<\/p>\n<p>\t\u00deeir munu falla undir sver\u00f0i\u00f0 og refunum a\u00f0 hlutskipti ver\u00f0a.<\/p>\n<p>\tEn k\u00f3ngurinn mun gle\u00f0ja sig \u00ed Gu\u00f0i, hver e\u00f0 vi\u00f0 hann sver \u00feeir munu vegsamlegir ver\u00f0a \u00fev\u00ed lygim\u00e6lginnar munnar munu afturbyrg\u00f0ir ver\u00f0a.<\/p>\n","protected":false},"excerpt":{"rendered":"<p>LXIII. S\u00e1lmur Dav\u00ed\u00f0s \u00fe\u00e1 hann var \u00ed ey\u00f0im\u00f6rku J\u00fada Gu\u00f0, \u00fe\u00fa ert minn, Gu\u00f0, \u00e1rla vakna eg til \u00fe\u00edn, m\u00edna s\u00e1l \u00feyrstir eftir \u00fe\u00e9r, mitt hold \u00fea\u00f0 f\u00fdsir til \u00fe\u00edn, \u00fat \u00ed \u00feurru hrj\u00f3stugu landi \u00fear ekkert vatn er. \u00dear \u00ed \u00feeim sta\u00f0 horfi eg eftir \u00fe\u00e9r, \u00ed \u00fe\u00ednum helgid\u00f3mi, viljandi gjarnan sj\u00e1 mega \u00fe\u00edna [ magt og d\u00fdr\u00f0. \u00dev\u00ed a\u00f0 \u00fe\u00edn miskunn h\u00fan er betri en l\u00edfi\u00f0, m\u00ednar varir \u00fe\u00e6r lofa \u00feig. \u00dear \u00ed \u00feeim sta\u00f0 vilda eg feginn lofa \u00feig m\u00edna l\u00edfdaga og \u00ed \u00fe\u00ednu nafni m\u00ednar hendur upphefja. \u00dea\u00f0 v\u00e6ri minn hjartans f\u00f6gnu\u00f0ur og una\u00f0semd a\u00f0 eg <a href=\"https:\/\/biblian.is\/gudbrandsbiblia\/salmarnir-63-kafli\/\"> [&#8230;]<\/a><\/p>\n","protected":false},"author":1,"featured_media":0,"parent":0,"menu_order":0,"comment_status":"open","ping_status":"open","template":"bibliukaflar.php","meta":{"footnotes":""},"class_list":["post-3234","page","type-page","status-publish","hentry"],"_links":{"self":[{"href":"https:\/\/biblian.is\/gudbrandsbiblia\/wp-json\/wp\/v2\/pages\/3234","targetHints":{"allow":["GET"]}}],"collection":[{"href":"https:\/\/biblian.is\/gudbrandsbiblia\/wp-json\/wp\/v2\/pages"}],"about":[{"href":"https:\/\/biblian.is\/gudbrandsbiblia\/wp-json\/wp\/v2\/types\/page"}],"author":[{"embeddable":true,"href":"https:\/\/biblian.is\/gudbrandsbiblia\/wp-json\/wp\/v2\/users\/1"}],"replies":[{"embeddable":true,"href":"https:\/\/biblian.is\/gudbrandsbiblia\/wp-json\/wp\/v2\/comments?post=3234"}],"version-history":[{"count":0,"href":"https:\/\/biblian.is\/gudbrandsbiblia\/wp-json\/wp\/v2\/pages\/3234\/revisions"}],"wp:attachment":[{"href":"https:\/\/biblian.is\/gudbrandsbiblia\/wp-json\/wp\/v2\/media?parent=3234"}],"curies":[{"name":"wp","href":"https:\/\/api.w.org\/{rel}","templated":true}]}}