{"id":3233,"date":"2017-12-18T18:33:04","date_gmt":"2017-12-18T18:33:04","guid":{"rendered":"http:\/\/biblian.is\/gudbrandsbiblia\/salmarnir-62-kafli\/"},"modified":"2017-12-18T18:33:04","modified_gmt":"2017-12-18T18:33:04","slug":"salmarnir-62-kafli","status":"publish","type":"page","link":"https:\/\/biblian.is\/gudbrandsbiblia\/salmarnir-62-kafli\/","title":{"rendered":"S\u00e1lmarnir 62. kafli"},"content":{"rendered":"<p>LXII.<\/p>\n<p>S\u00e1lmur Dav\u00ed\u00f0s fyrir Jed\u00edt\u00fan a\u00f0 syngja fyrir<\/p>\n<p>M\u00edn s\u00e1l hefur <span class=\"athugasemd\" title=\"a \/ (Hlj\u00f3tt) \/ L\u00e6tur Gu\u00f0 r\u00e1\u00f0a, m\u00f6glar ei n\u00e9 m\u00e6lir m\u00f3ti Gu\u00f0i, b\u00ed\u00f0ur og vonar\">[<\/span> hlj\u00f3tt um vi\u00f0 Gu\u00f0, hann er s\u00e1 sem hj\u00e1lpar m\u00e9r.<\/p>\n<p>\t\u00dev\u00ed hann er minn styrkur, mitt hj\u00e1lpr\u00e6\u00f0i, m\u00edn verndarhl\u00edf, so \u00fea\u00f0 ekkert \u00f3fall f\u00e6r m\u00e9r um koll kasta\u00f0, hversu st\u00f3rt sem \u00fea\u00f0 er.<\/p>\n<p>\tHversu lengi \u00fe\u00e1 veiti \u00fe\u00e9r allir einum ums\u00e1tir a\u00f0 \u00fe\u00e9r \u00ed hel sl\u00e1i\u00f0 hann, l\u00edka sem einum hn\u00edganda vegg og \u00ed sundurrifnu\u00f0um m\u00far?<\/p>\n<p>\t\u00deeir hugsa sig um hvernin \u00feeir f\u00e1i ni\u00f0urk\u00e6ft hann, kveikja s\u00e9r upp lygarnar, tala fagurt me\u00f0 munninum en b\u00f6lva \u00ed hjartanu. Sela.<\/p>\n<p>\tEn m\u00edn s\u00e1la h\u00fan vonar upp \u00e1 Gu\u00f0 alleinasta \u00fev\u00ed a\u00f0 hann er m\u00edn von.<\/p>\n<p>\tHann er mitt traust, m\u00edn hj\u00e1lp og m\u00edn hl\u00edf, so a\u00f0 eg mun ei falla.<\/p>\n<p>\tHj\u00e1 Gu\u00f0i er mitt hj\u00e1lpr\u00e6\u00f0i, m\u00edn d\u00fdr\u00f0, m\u00edn styrktarhella, mitt traust er \u00e1 Gu\u00f0i.<\/p>\n<p>\tVoni\u00f0 \u00e1 hann alla t\u00edma, gott f\u00f3lk, \u00fatausi\u00f0 y\u00f0ar hj\u00f6rtum fyrir honum, Gu\u00f0 hann er vort traust. Sela.<\/p>\n<p>\tEn mannanna synir \u00feeir eru sem ekkert, mikilmennin \u00feau breg\u00f0ast einnin, \u00feeir vega minna en ekki par, hversu margir sem \u00feeir eru.<\/p>\n<p>\tTreysti\u00f0 ekki upp \u00e1 \u00f3r\u00e9ttindin og rangl\u00e6ti\u00f0, haldi\u00f0 y\u00f0ur ekki til sl\u00edks sem \u00f6ngvu er neytt, vilji y\u00f0ur r\u00edkd\u00f3mur til \u00fe\u00e1 \u00e1hengi\u00f0 honum ekki me\u00f0 hjartanu.<\/p>\n<p>\tGu\u00f0 hann hefur m\u00e6lt eitt or\u00f0, \u00fea\u00f0 sama hef eg nokkrum sinnum heyrt, \u00fea\u00f0 a\u00f0 Gu\u00f0 alleinasta s\u00e9 m\u00e1ttugur.<\/p>\n<p>\tOg \u00fe\u00fa, Drottinn, ert miskunnsamur og endurgeldur einum s\u00e9rhverjum eftir \u00fev\u00ed sem hann hefur ver\u00f0skulda\u00f0 til. <span class=\"athugasemd\" title=\"Math. 16 \/ R\u00f3m. 2\">[<\/span><\/p>\n","protected":false},"excerpt":{"rendered":"<p>LXII. S\u00e1lmur Dav\u00ed\u00f0s fyrir Jed\u00edt\u00fan a\u00f0 syngja fyrir M\u00edn s\u00e1l hefur [ hlj\u00f3tt um vi\u00f0 Gu\u00f0, hann er s\u00e1 sem hj\u00e1lpar m\u00e9r. \u00dev\u00ed hann er minn styrkur, mitt hj\u00e1lpr\u00e6\u00f0i, m\u00edn verndarhl\u00edf, so \u00fea\u00f0 ekkert \u00f3fall f\u00e6r m\u00e9r um koll kasta\u00f0, hversu st\u00f3rt sem \u00fea\u00f0 er. Hversu lengi \u00fe\u00e1 veiti \u00fe\u00e9r allir einum ums\u00e1tir a\u00f0 \u00fe\u00e9r \u00ed hel sl\u00e1i\u00f0 hann, l\u00edka sem einum hn\u00edganda vegg og \u00ed sundurrifnu\u00f0um m\u00far? \u00deeir hugsa sig um hvernin \u00feeir f\u00e1i ni\u00f0urk\u00e6ft hann, kveikja s\u00e9r upp lygarnar, tala fagurt me\u00f0 munninum en b\u00f6lva \u00ed hjartanu. Sela. En m\u00edn s\u00e1la h\u00fan vonar upp \u00e1 Gu\u00f0 alleinasta \u00fev\u00ed <a href=\"https:\/\/biblian.is\/gudbrandsbiblia\/salmarnir-62-kafli\/\"> [&#8230;]<\/a><\/p>\n","protected":false},"author":1,"featured_media":0,"parent":0,"menu_order":0,"comment_status":"open","ping_status":"open","template":"bibliukaflar.php","meta":{"footnotes":""},"class_list":["post-3233","page","type-page","status-publish","hentry"],"_links":{"self":[{"href":"https:\/\/biblian.is\/gudbrandsbiblia\/wp-json\/wp\/v2\/pages\/3233","targetHints":{"allow":["GET"]}}],"collection":[{"href":"https:\/\/biblian.is\/gudbrandsbiblia\/wp-json\/wp\/v2\/pages"}],"about":[{"href":"https:\/\/biblian.is\/gudbrandsbiblia\/wp-json\/wp\/v2\/types\/page"}],"author":[{"embeddable":true,"href":"https:\/\/biblian.is\/gudbrandsbiblia\/wp-json\/wp\/v2\/users\/1"}],"replies":[{"embeddable":true,"href":"https:\/\/biblian.is\/gudbrandsbiblia\/wp-json\/wp\/v2\/comments?post=3233"}],"version-history":[{"count":0,"href":"https:\/\/biblian.is\/gudbrandsbiblia\/wp-json\/wp\/v2\/pages\/3233\/revisions"}],"wp:attachment":[{"href":"https:\/\/biblian.is\/gudbrandsbiblia\/wp-json\/wp\/v2\/media?parent=3233"}],"curies":[{"name":"wp","href":"https:\/\/api.w.org\/{rel}","templated":true}]}}