{"id":3232,"date":"2017-12-18T18:33:01","date_gmt":"2017-12-18T18:33:01","guid":{"rendered":"http:\/\/biblian.is\/gudbrandsbiblia\/salmarnir-61-kafli\/"},"modified":"2017-12-18T18:33:01","modified_gmt":"2017-12-18T18:33:01","slug":"salmarnir-61-kafli","status":"publish","type":"page","link":"https:\/\/biblian.is\/gudbrandsbiblia\/salmarnir-61-kafli\/","title":{"rendered":"S\u00e1lmarnir 61. kafli"},"content":{"rendered":"<p>LXI.<\/p>\n<p>Einn s\u00e1lmur Dav\u00ed\u00f0s fyrir a\u00f0 syngja upp \u00e1 hlj\u00f3\u00f0f\u00e6ri<\/p>\n<p>Heyr \u00fe\u00fa, Gu\u00f0, mitt \u00e1kall og hygg a\u00f0 minni b\u00e6n.<\/p>\n<p>\tH\u00e9r ni\u00f0ri \u00e1 j\u00f6r\u00f0u kalla eg til \u00fe\u00edn n\u00e6r e\u00f0 mitt hjarta \u00fea\u00f0 kvelst \u00ed \u00e1nau\u00f0, a\u00f0 \u00fe\u00fa vildir \u00fe\u00e1 hefja mig upp \u00e1 h\u00e1tt bjarg.<\/p>\n<p>\t\u00dev\u00ed a\u00f0 \u00fe\u00fa ert mitt tr\u00fana\u00f0artraust, einn \u00f6ruggur kastali fyrir m\u00ednum \u00f3vinum.<\/p>\n<p>\tEg vil byggja \u00ed \u00feinni tjaldb\u00fa\u00f0 \u00e6vinlega og skj\u00f3ls leita undir \u00fe\u00ednum v\u00e6ngjum. Sela.<\/p>\n<p>\t\u00dev\u00ed a\u00f0 \u00fe\u00fa, Gu\u00f0, heyrir m\u00edn heit, \u00fe\u00fa launar \u00feeim vel sem \u00feitt nafn \u00f3ttast.<\/p>\n<p>\t\u00de\u00fa gefur konunginum langa l\u00edfdaga svo \u00fea\u00f0 hans \u00e1ratala varir fr\u00e1 einni kynsl\u00f3\u00f0 til annarrar.<\/p>\n<p>\tSvo \u00fea\u00f0 hann \u00e6vinlega st\u00f6\u00f0ugur bl\u00edfi fyrir Gu\u00f0s augs\u00fdn au\u00f0s\u00fdn \u00fe\u00fa honum miskunn og sannleik svo a\u00f0 \u00fe\u00e6r var\u00f0veiti hann.<\/p>\n<p>\t\u00de\u00e1 vil eg \u00fe\u00ednu nafni lofsyngja eil\u00edflega so a\u00f0 eg gjaldi m\u00edn heit daglegana.<\/p>\n","protected":false},"excerpt":{"rendered":"<p>LXI. Einn s\u00e1lmur Dav\u00ed\u00f0s fyrir a\u00f0 syngja upp \u00e1 hlj\u00f3\u00f0f\u00e6ri Heyr \u00fe\u00fa, Gu\u00f0, mitt \u00e1kall og hygg a\u00f0 minni b\u00e6n. H\u00e9r ni\u00f0ri \u00e1 j\u00f6r\u00f0u kalla eg til \u00fe\u00edn n\u00e6r e\u00f0 mitt hjarta \u00fea\u00f0 kvelst \u00ed \u00e1nau\u00f0, a\u00f0 \u00fe\u00fa vildir \u00fe\u00e1 hefja mig upp \u00e1 h\u00e1tt bjarg. \u00dev\u00ed a\u00f0 \u00fe\u00fa ert mitt tr\u00fana\u00f0artraust, einn \u00f6ruggur kastali fyrir m\u00ednum \u00f3vinum. Eg vil byggja \u00ed \u00feinni tjaldb\u00fa\u00f0 \u00e6vinlega og skj\u00f3ls leita undir \u00fe\u00ednum v\u00e6ngjum. Sela. \u00dev\u00ed a\u00f0 \u00fe\u00fa, Gu\u00f0, heyrir m\u00edn heit, \u00fe\u00fa launar \u00feeim vel sem \u00feitt nafn \u00f3ttast. \u00de\u00fa gefur konunginum langa l\u00edfdaga svo \u00fea\u00f0 hans \u00e1ratala varir fr\u00e1 einni kynsl\u00f3\u00f0 <a href=\"https:\/\/biblian.is\/gudbrandsbiblia\/salmarnir-61-kafli\/\"> [&#8230;]<\/a><\/p>\n","protected":false},"author":1,"featured_media":0,"parent":0,"menu_order":0,"comment_status":"open","ping_status":"open","template":"bibliukaflar.php","meta":{"footnotes":""},"class_list":["post-3232","page","type-page","status-publish","hentry"],"_links":{"self":[{"href":"https:\/\/biblian.is\/gudbrandsbiblia\/wp-json\/wp\/v2\/pages\/3232","targetHints":{"allow":["GET"]}}],"collection":[{"href":"https:\/\/biblian.is\/gudbrandsbiblia\/wp-json\/wp\/v2\/pages"}],"about":[{"href":"https:\/\/biblian.is\/gudbrandsbiblia\/wp-json\/wp\/v2\/types\/page"}],"author":[{"embeddable":true,"href":"https:\/\/biblian.is\/gudbrandsbiblia\/wp-json\/wp\/v2\/users\/1"}],"replies":[{"embeddable":true,"href":"https:\/\/biblian.is\/gudbrandsbiblia\/wp-json\/wp\/v2\/comments?post=3232"}],"version-history":[{"count":0,"href":"https:\/\/biblian.is\/gudbrandsbiblia\/wp-json\/wp\/v2\/pages\/3232\/revisions"}],"wp:attachment":[{"href":"https:\/\/biblian.is\/gudbrandsbiblia\/wp-json\/wp\/v2\/media?parent=3232"}],"curies":[{"name":"wp","href":"https:\/\/api.w.org\/{rel}","templated":true}]}}