{"id":3231,"date":"2017-12-18T18:33:01","date_gmt":"2017-12-18T18:33:01","guid":{"rendered":"http:\/\/biblian.is\/gudbrandsbiblia\/salmarnir-60-kafli\/"},"modified":"2017-12-18T18:33:01","modified_gmt":"2017-12-18T18:33:01","slug":"salmarnir-60-kafli","status":"publish","type":"page","link":"https:\/\/biblian.is\/gudbrandsbiblia\/salmarnir-60-kafli\/","title":{"rendered":"S\u00e1lmarnir 60. kafli"},"content":{"rendered":"<p>LX.<\/p>\n<p>Eitt gyllini klenodium Dav\u00ed\u00f0s fyrir a\u00f0 syngja, \u00fat af \u00fev\u00ed gulllega <span class=\"athugasemd\" title=\"sword Eitt hangandi nisti svo gj\u00f6rt sem liljur\u00f3s. Svo nefnir hann sitt r\u00edki, hvert e\u00f0 \u00ed sannleik var gu\u00f0legt klenodium e\u00f0ur nisti\">[<\/span> r\u00f3sarnisti a\u00f0 l\u00e6ra, \u00fe\u00e1 hann haf\u00f0i barist vi\u00f0 Syros \u00far Mesopotamia og vi\u00f0 \u00fe\u00e1 Syros af S\u00f3ba, \u00fe\u00e1 e\u00f0 J\u00f3ab sneri aftur og sl\u00f3 \u00fe\u00e1 Ed\u00f3m\u00edta \u00ed Saltdalnum, t\u00f3lf \u00fe\u00fasundir <\/p>\n<p>Gu\u00f0, \u00fe\u00fa sem hefur \u00ed burt reki\u00f0 og \u00ed sundurdreift oss og rei\u00f0ur varst, hugga \u00fe\u00fa oss n\u00fa aftur.<\/p>\n<p>\t\u00de\u00fa sem j\u00f6r\u00f0ina hefur svo skeki\u00f0 og \u00ed sundurhrist, l\u00e6kna \u00fe\u00fa hennar sprungur sem svo er ni\u00f0urhrunin.<\/p>\n<p>\t\u00dev\u00ed a\u00f0 \u00fe\u00ednu f\u00f3lki au\u00f0s\u00fdndir \u00fe\u00fa hart atl\u00e6ti, \u00feann v\u00edndrykk gafstu oss a\u00f0 v\u00e9r tumbu\u00f0um um koll.<\/p>\n<p>\tEn eitt sigurmerki hefur \u00fe\u00fa \u00fe\u00f3 gefi\u00f0 \u00feeim sem \u00feigg \u00f3ttast, hvert \u00feeir upp setja og \u00f6rrugir af ver\u00f0a. Sela.<\/p>\n<p>\tUpp \u00e1 \u00fea\u00f0 \u00fe\u00ednir \u00e1stvinir frelsa\u00f0ir ver\u00f0i, \u00fe\u00e1 hj\u00e1lpa \u00fe\u00fa n\u00fa me\u00f0 \u00feinni h\u00e6gri h\u00f6nd og b\u00e6nheyr oss.<\/p>\n<p>\tGu\u00f0 hann talar \u00ed s\u00ednum helgid\u00f3m: &#8222;\u00deess hins sama gle\u00f0 eg mig, a\u00f0 eg vilji sundurskipta <span class=\"athugasemd\" title=\"a \/ Eg vil reikna hva\u00f0 fyrir f\u00f3lk eg hef\">[<\/span> S\u00edkem og m\u00e6la afdalinn S\u00fak\u00f3t.<\/p>\n<p>\tGalaa\u00f0 er minn, minn er Manasses, Efra\u00edm er styrkleikur m\u00edns h\u00f6fu\u00f0s, J\u00fada er minn h\u00f6f\u00f0ingi,<\/p>\n<p>\tM\u00f3ab er mitt <span class=\"athugasemd\" title=\"b \/ er m\u00e9r undirgefinn\">[<\/span> \u00fev\u00e6ttikerald, minn sk\u00f3 dreg eg yfir Ed\u00f3m, Philistei syngur m\u00e9r sigur\u00f3p.&#8220;<\/p>\n<p>\tHver mun vilja flytja mig \u00fat \u00ed eina \u00f6rugga <span class=\"athugasemd\" title=\"c \/ (Borg) \/ kallast allt \u00fea\u00f0 sem er styrkt og \u00f6ruggt og \u00f3brig\u00f0anlegt\">[<\/span> borg? Hver mun \u00ed burt lei\u00f0a mig allt \u00ed Ed\u00f3m?<\/p>\n<p>\tMuntu, Gu\u00f0, ekki gj\u00f6ra \u00fea\u00f0, sem oss hefur fordrifi\u00f0, og \u00fe\u00fa, Gu\u00f0, sem <span class=\"athugasemd\" title=\"d \/ Ei me\u00f0 vorum styrkleika heldur me\u00f0 \u00fe\u00ednum krafti gj\u00f6rir \u00fe\u00fa hva\u00f0 \u00fe\u00fa oss gj\u00f6rir\">[<\/span> ekki dregur \u00fat me\u00f0 voru herli\u00f0i?<\/p>\n<p>\tVeit \u00fe\u00fa oss fulltingi \u00ed h\u00f6rmunginni \u00fev\u00ed a\u00f0 mannsins hj\u00e1lp er a\u00f0 \u00f6ngu n\u00fdt.<\/p>\n<p>\tMe\u00f0 Gu\u00f0i viljum v\u00e9r hreystiverk gj\u00f6ra og hann sj\u00e1lfur mun vora \u00f3vini undir leggja.<\/p>\n","protected":false},"excerpt":{"rendered":"<p>LX. Eitt gyllini klenodium Dav\u00ed\u00f0s fyrir a\u00f0 syngja, \u00fat af \u00fev\u00ed gulllega [ r\u00f3sarnisti a\u00f0 l\u00e6ra, \u00fe\u00e1 hann haf\u00f0i barist vi\u00f0 Syros \u00far Mesopotamia og vi\u00f0 \u00fe\u00e1 Syros af S\u00f3ba, \u00fe\u00e1 e\u00f0 J\u00f3ab sneri aftur og sl\u00f3 \u00fe\u00e1 Ed\u00f3m\u00edta \u00ed Saltdalnum, t\u00f3lf \u00fe\u00fasundir Gu\u00f0, \u00fe\u00fa sem hefur \u00ed burt reki\u00f0 og \u00ed sundurdreift oss og rei\u00f0ur varst, hugga \u00fe\u00fa oss n\u00fa aftur. \u00de\u00fa sem j\u00f6r\u00f0ina hefur svo skeki\u00f0 og \u00ed sundurhrist, l\u00e6kna \u00fe\u00fa hennar sprungur sem svo er ni\u00f0urhrunin. \u00dev\u00ed a\u00f0 \u00fe\u00ednu f\u00f3lki au\u00f0s\u00fdndir \u00fe\u00fa hart atl\u00e6ti, \u00feann v\u00edndrykk gafstu oss a\u00f0 v\u00e9r tumbu\u00f0um um koll. En eitt sigurmerki hefur <a href=\"https:\/\/biblian.is\/gudbrandsbiblia\/salmarnir-60-kafli\/\"> [&#8230;]<\/a><\/p>\n","protected":false},"author":1,"featured_media":0,"parent":0,"menu_order":0,"comment_status":"open","ping_status":"open","template":"bibliukaflar.php","meta":{"footnotes":""},"class_list":["post-3231","page","type-page","status-publish","hentry"],"_links":{"self":[{"href":"https:\/\/biblian.is\/gudbrandsbiblia\/wp-json\/wp\/v2\/pages\/3231","targetHints":{"allow":["GET"]}}],"collection":[{"href":"https:\/\/biblian.is\/gudbrandsbiblia\/wp-json\/wp\/v2\/pages"}],"about":[{"href":"https:\/\/biblian.is\/gudbrandsbiblia\/wp-json\/wp\/v2\/types\/page"}],"author":[{"embeddable":true,"href":"https:\/\/biblian.is\/gudbrandsbiblia\/wp-json\/wp\/v2\/users\/1"}],"replies":[{"embeddable":true,"href":"https:\/\/biblian.is\/gudbrandsbiblia\/wp-json\/wp\/v2\/comments?post=3231"}],"version-history":[{"count":0,"href":"https:\/\/biblian.is\/gudbrandsbiblia\/wp-json\/wp\/v2\/pages\/3231\/revisions"}],"wp:attachment":[{"href":"https:\/\/biblian.is\/gudbrandsbiblia\/wp-json\/wp\/v2\/media?parent=3231"}],"curies":[{"name":"wp","href":"https:\/\/api.w.org\/{rel}","templated":true}]}}