{"id":3230,"date":"2017-12-18T18:33:01","date_gmt":"2017-12-18T18:33:01","guid":{"rendered":"http:\/\/biblian.is\/gudbrandsbiblia\/salmarnir-59-kafli\/"},"modified":"2017-12-18T18:33:01","modified_gmt":"2017-12-18T18:33:01","slug":"salmarnir-59-kafli","status":"publish","type":"page","link":"https:\/\/biblian.is\/gudbrandsbiblia\/salmarnir-59-kafli\/","title":{"rendered":"S\u00e1lmarnir 59. kafli"},"content":{"rendered":"<p>LIX.<\/p>\n<p>Gyllini klenodium Dav\u00ed\u00f0s (a\u00f0 hann glata\u00f0ist ekki) \u00fe\u00e1 Saul sendi og l\u00e9t geyma h\u00fas hans \u00fe\u00e1 hann vildi drepa hann <span class=\"athugasemd\" title=\"1. Reg. 19\">[<\/span><\/p>\n<p>Frelsa mig, minn Gu\u00f0, \u00ed fr\u00e1 \u00f3vinum m\u00ednum og hl\u00edf m\u00e9r fyrir \u00feeim sem setja sig upp \u00e1 m\u00f3ti m\u00e9r.<\/p>\n<p>\tFrelsa \u00fe\u00fa mig fr\u00e1 \u00feeim illr\u00e6\u00f0ism\u00f6nnum og hj\u00e1lpa m\u00e9r \u00ed fr\u00e1 \u00feeim bl\u00f3\u00f0g\u00edrugum.<\/p>\n<p>\t\u00dev\u00ed a\u00f0 sj\u00e1 \u00fe\u00fa, Drottinn, \u00feeir umsitja a\u00f0 vei\u00f0a m\u00edna s\u00e1lu, hinir voldugu veita m\u00e9r \u00e1r\u00e1sir fyrir utan minn tilverkna\u00f0 og misgj\u00f6rning.<\/p>\n<p>\t\u00deeir hlaupa \u00e1n m\u00edns ills tilverkna\u00f0ar og b\u00faa sig \u00fat. R\u00eds upp og kom \u00ed m\u00f3ts vi\u00f0 mig og sj\u00e1 \u00fe\u00fa \u00fear til.<\/p>\n<p>\t\u00de\u00fa, Drottinn Gu\u00f0 allsherjar, Gu\u00f0 \u00cdsraels, vakna upp a\u00f0 vitja heim allra \u00fej\u00f3\u00f0a, vert ekki neinum miskunnsamur af \u00feeim sem svo illmannlega breyta. Sela.<\/p>\n<p>\t\u00cd kv\u00f6ldt\u00edma \u00fe\u00e1 l\u00e1ttu \u00fe\u00e1 \u00fear aftur einnin \u00fdla sem hunda og \u00ed borginni um kring hlaupa.<\/p>\n<p>\tSj\u00e1 \u00fe\u00fa, \u00feeir \u00fev\u00e6tta s\u00edn \u00e1 milli, sver\u00f0 eru \u00ed \u00feeirra v\u00f6rum: &#8222;Hver skyldi <span class=\"athugasemd\" title=\"a \/ \u00deeir breyta sem enginn Gu\u00f0 s\u00e9 s\u00e1 sem \u00feetta heyri og ei hugsa \u00feeir a\u00f0 \u00fea\u00f0 muni nokkurn t\u00edma opinbert ver\u00f0a\">[<\/span> heyra \u00fea\u00f0?&#8220;<\/p>\n<p>\tEn \u00fe\u00fa, Drottinn, munt h\u00e6\u00f0a a\u00f0 \u00feeim og a\u00f0 h\u00e1\u00f0i hafa allar hei\u00f0nar \u00fej\u00f3\u00f0ir.<\/p>\n<p>\tFyrir \u00feeirra <span class=\"athugasemd\" title=\"b \/ \u00deeir eru m\u00e9r megtugri, \u00fev\u00ed l\u00edt eg \u00e1 \u00feig\">[<\/span> magt \u00fe\u00e1 held eg mig a\u00f0 \u00fe\u00e9r \u00fev\u00ed a\u00f0 Gu\u00f0 er mitt verndarhl\u00edf.<\/p>\n<p>\tGu\u00f0 hann tj\u00e1ir m\u00e9r <span class=\"athugasemd\" title=\"c \/ Gu\u00f0 veitir m\u00e9r meira gott en \u00feeir kunna mig a\u00f0 ska\u00f0a\">[<\/span> n\u00f3glegana s\u00edna miskunnsemi, Gu\u00f0 l\u00e6tur mig sj\u00e1 m\u00edna vild \u00e1 m\u00ednum \u00f3vinum.<\/p>\n<p>\t\u00cd hel sl\u00e1 \u00fe\u00e1 ekki so a\u00f0 mitt f\u00f3lk forgleymi \u00fev\u00ed ei en \u00ed sundurdreif \u00feeim me\u00f0 \u00feinni magt, Drottinn vor hl\u00edf\u00f0arskj\u00f6ldur, og steyp \u00feeim ni\u00f0ur \u00ed grunn.<\/p>\n<p>\tL\u00e6rd\u00f3mur \u00feeirra er ei utan synd og \u00ed sinni drambsemi bl\u00edfa \u00feeir samt og pr\u00e9dika ekki nema b\u00f6lvan og lygar.<\/p>\n<p>\tAfm\u00e1 \u00fe\u00fa \u00fe\u00e1 \u00e1n allrar miskunnar, afm\u00e1 \u00fe\u00fa \u00fe\u00e1 so a\u00f0 \u00feeir s\u00e9u ekkert og formerki \u00fea\u00f0 a\u00f0 Gu\u00f0 s\u00e9 stj\u00f3rnari yfir Jakob og \u00fat \u00ed \u00f6llum \u00e1ttum veraldarinnar. Sela.<\/p>\n<p>\tA\u00f0 kv\u00f6ldi l\u00e1t \u00fe\u00fa \u00fe\u00e1 \u00fear aftur einnin \u00fdla sem hunda og \u00ed borginni um kring hlaupa.<\/p>\n<p>\tL\u00e1t \u00fe\u00fa \u00fe\u00e1 hinga\u00f0 og \u00feanga\u00f0 eftir matnum renna og m\u00f6gla n\u00e6r e\u00f0 \u00feeir ver\u00f0a ei mettir.<\/p>\n<p>\tEn eg vil \u00fat af \u00feinni magt syngja og \u00e1rla pr\u00edsa \u00fe\u00edna miskunnsemi \u00fev\u00ed a\u00f0 \u00fe\u00fa ert m\u00edn hl\u00edf\u00f0arvernd og athvarf \u00ed minni ney\u00f0.<\/p>\n<p>\t\u00de\u00e9r, minn Gu\u00f0, vil eg lofsyngja \u00fev\u00ed a\u00f0 \u00fe\u00fa, Gu\u00f0, ert m\u00edn verndarhl\u00edf og minn miskunnsamur Gu\u00f0.<\/p>\n","protected":false},"excerpt":{"rendered":"<p>LIX. Gyllini klenodium Dav\u00ed\u00f0s (a\u00f0 hann glata\u00f0ist ekki) \u00fe\u00e1 Saul sendi og l\u00e9t geyma h\u00fas hans \u00fe\u00e1 hann vildi drepa hann [ Frelsa mig, minn Gu\u00f0, \u00ed fr\u00e1 \u00f3vinum m\u00ednum og hl\u00edf m\u00e9r fyrir \u00feeim sem setja sig upp \u00e1 m\u00f3ti m\u00e9r. Frelsa \u00fe\u00fa mig fr\u00e1 \u00feeim illr\u00e6\u00f0ism\u00f6nnum og hj\u00e1lpa m\u00e9r \u00ed fr\u00e1 \u00feeim bl\u00f3\u00f0g\u00edrugum. \u00dev\u00ed a\u00f0 sj\u00e1 \u00fe\u00fa, Drottinn, \u00feeir umsitja a\u00f0 vei\u00f0a m\u00edna s\u00e1lu, hinir voldugu veita m\u00e9r \u00e1r\u00e1sir fyrir utan minn tilverkna\u00f0 og misgj\u00f6rning. \u00deeir hlaupa \u00e1n m\u00edns ills tilverkna\u00f0ar og b\u00faa sig \u00fat. R\u00eds upp og kom \u00ed m\u00f3ts vi\u00f0 mig og sj\u00e1 \u00fe\u00fa \u00fear til. <a href=\"https:\/\/biblian.is\/gudbrandsbiblia\/salmarnir-59-kafli\/\"> [&#8230;]<\/a><\/p>\n","protected":false},"author":1,"featured_media":0,"parent":0,"menu_order":0,"comment_status":"open","ping_status":"open","template":"bibliukaflar.php","meta":{"footnotes":""},"class_list":["post-3230","page","type-page","status-publish","hentry"],"_links":{"self":[{"href":"https:\/\/biblian.is\/gudbrandsbiblia\/wp-json\/wp\/v2\/pages\/3230","targetHints":{"allow":["GET"]}}],"collection":[{"href":"https:\/\/biblian.is\/gudbrandsbiblia\/wp-json\/wp\/v2\/pages"}],"about":[{"href":"https:\/\/biblian.is\/gudbrandsbiblia\/wp-json\/wp\/v2\/types\/page"}],"author":[{"embeddable":true,"href":"https:\/\/biblian.is\/gudbrandsbiblia\/wp-json\/wp\/v2\/users\/1"}],"replies":[{"embeddable":true,"href":"https:\/\/biblian.is\/gudbrandsbiblia\/wp-json\/wp\/v2\/comments?post=3230"}],"version-history":[{"count":0,"href":"https:\/\/biblian.is\/gudbrandsbiblia\/wp-json\/wp\/v2\/pages\/3230\/revisions"}],"wp:attachment":[{"href":"https:\/\/biblian.is\/gudbrandsbiblia\/wp-json\/wp\/v2\/media?parent=3230"}],"curies":[{"name":"wp","href":"https:\/\/api.w.org\/{rel}","templated":true}]}}