{"id":3229,"date":"2017-12-18T18:33:01","date_gmt":"2017-12-18T18:33:01","guid":{"rendered":"http:\/\/biblian.is\/gudbrandsbiblia\/salmarnir-58-kafli\/"},"modified":"2017-12-18T18:33:01","modified_gmt":"2017-12-18T18:33:01","slug":"salmarnir-58-kafli","status":"publish","type":"page","link":"https:\/\/biblian.is\/gudbrandsbiblia\/salmarnir-58-kafli\/","title":{"rendered":"S\u00e1lmarnir 58. kafli"},"content":{"rendered":"<p>LVIII.<\/p>\n<p>Gyllini klenodium Dav\u00ed\u00f0s a\u00f0 syngja fyri a\u00f0 hann glata\u00f0ist ei<\/p>\n<p>Eru \u00fe\u00e9r \u00fe\u00e1 m\u00e1llausir a\u00f0 \u00fe\u00e9r vilji\u00f0 ekki tala r\u00e9ttindin og d\u00e6ma hva\u00f0 r\u00e9ttv\u00edslegt er, \u00fe\u00e9r mannanna synir?<\/p>\n<p>\tM\u00f3t\u00fer\u00f3anlega gj\u00f6ri \u00fe\u00e9r rangindin \u00ed landinu og eru\u00f0 fullf\u00fasir me\u00f0 y\u00f0ar h\u00f6ndum til illskuverkanna!<\/p>\n<p>\tHinir \u00f3gu\u00f0hr\u00e6ddu eru fr\u00e1leitir \u00feegar \u00ed fr\u00e1 m\u00f3\u00f0urkvi\u00f0i, \u00feeir lj\u00fagendur fara villt \u00ed fr\u00e1 <span class=\"athugasemd\" title=\"sword \u00deeir eru illir af art og naturu\">[<\/span> m\u00f3\u00f0urkvi\u00f0i.<\/p>\n<p>\t\u00deeirra \u00e6\u00f0i er so sem h\u00f6ggormsins \u00e6\u00f0i, so sem einn daufur eiturormur tilbyrgja \u00feeir s\u00edn eyru<\/p>\n<p>\tsvo \u00fea\u00f0 hann heyri ekki hlj\u00f3\u00f0 t\u00f6frarans, \u00feess s\u00e6ringarmannsins sem mennt er \u00ed a\u00f0 s\u00e6ra.<\/p>\n<p>\tGu\u00f0 \u00ed sundurbrj\u00f3ti \u00feeirra tennur \u00ed \u00feeirra munni, \u00ed sundurmola \u00fe\u00fa, Drottinn, jaxlatennur le\u00f3nanna.<\/p>\n<p>\tA\u00f0 \u00f6ngu munu \u00feeir ver\u00f0a l\u00edka sem vatn \u00fea\u00f0 er \u00ed burt fl\u00fdtur, \u00feeir benda sinn boga \u00feanga\u00f0 til a\u00f0 hann brestur \u00ed sundur.<\/p>\n<p>\t\u00deeir forganga sem \u00fe\u00e1 snigillinn do\u00f0nar ni\u00f0ur, l\u00edka sem \u00f3t\u00ed\u00f0ugur bur\u00f0ur kvinnunnar \u00fe\u00e1 sj\u00e1 \u00feeir ekki s\u00f3lina.<\/p>\n<p>\t\u00c1\u00f0ur en \u00fea\u00f0 y\u00f0var \u00feyrnir eru <span class=\"athugasemd\" title=\"sword \u00c1\u00f0ur en \u00feeir hafa h\u00e1lfna\u00f0 \u00feeirra \u00e1setning \u00fe\u00e1 mun rei\u00f0i Gu\u00f0s ni\u00f0urbrj\u00f3ta \u00fe\u00e1 en hj\u00e1lpa r\u00e9ttl\u00e1tum\">[<\/span> fullvaxnir \u00e1 klungurhr\u00edslunni \u00fe\u00e1 mun rei\u00f0in \u00fe\u00e1 ferska \u00ed burt sl\u00edta.<\/p>\n<p>\tHinn r\u00e9ttv\u00edsi mun gle\u00f0jast \u00fe\u00e1 e\u00f0 hann s\u00e9r svoddan hefnd og mun lauga s\u00edna f\u00e6tur \u00ed <span class=\"athugasemd\" title=\"a \/ (Bl\u00f3\u00f0i) \/ Hefndin mun vera meiri en nokkur girnist svo a\u00f0 s\u00e1 sem bi\u00f0ur um einn bl\u00f3\u00f0dropa hefndar hann mun sj\u00e1 svo miki\u00f0 bl\u00f3\u00f0 a\u00f0 hann megi lauga sig \u00fear \u00ed\">[<\/span> bl\u00f3\u00f0i hins \u00f3gu\u00f0lega<\/p>\n<p>\tsvo \u00fea\u00f0 menn munu segja: &#8222;Hinn r\u00e9ttfer\u00f0ugi hefur s\u00edn n\u00f3t,<\/p>\n<p>\tsannlega er Gu\u00f0 enn d\u00f3mari \u00e1 j\u00f6r\u00f0u.&#8220;<\/p>\n","protected":false},"excerpt":{"rendered":"<p>LVIII. Gyllini klenodium Dav\u00ed\u00f0s a\u00f0 syngja fyri a\u00f0 hann glata\u00f0ist ei Eru \u00fe\u00e9r \u00fe\u00e1 m\u00e1llausir a\u00f0 \u00fe\u00e9r vilji\u00f0 ekki tala r\u00e9ttindin og d\u00e6ma hva\u00f0 r\u00e9ttv\u00edslegt er, \u00fe\u00e9r mannanna synir? M\u00f3t\u00fer\u00f3anlega gj\u00f6ri \u00fe\u00e9r rangindin \u00ed landinu og eru\u00f0 fullf\u00fasir me\u00f0 y\u00f0ar h\u00f6ndum til illskuverkanna! Hinir \u00f3gu\u00f0hr\u00e6ddu eru fr\u00e1leitir \u00feegar \u00ed fr\u00e1 m\u00f3\u00f0urkvi\u00f0i, \u00feeir lj\u00fagendur fara villt \u00ed fr\u00e1 [ m\u00f3\u00f0urkvi\u00f0i. \u00deeirra \u00e6\u00f0i er so sem h\u00f6ggormsins \u00e6\u00f0i, so sem einn daufur eiturormur tilbyrgja \u00feeir s\u00edn eyru svo \u00fea\u00f0 hann heyri ekki hlj\u00f3\u00f0 t\u00f6frarans, \u00feess s\u00e6ringarmannsins sem mennt er \u00ed a\u00f0 s\u00e6ra. Gu\u00f0 \u00ed sundurbrj\u00f3ti \u00feeirra tennur \u00ed \u00feeirra munni, \u00ed sundurmola <a href=\"https:\/\/biblian.is\/gudbrandsbiblia\/salmarnir-58-kafli\/\"> [&#8230;]<\/a><\/p>\n","protected":false},"author":1,"featured_media":0,"parent":0,"menu_order":0,"comment_status":"open","ping_status":"open","template":"bibliukaflar.php","meta":{"footnotes":""},"class_list":["post-3229","page","type-page","status-publish","hentry"],"_links":{"self":[{"href":"https:\/\/biblian.is\/gudbrandsbiblia\/wp-json\/wp\/v2\/pages\/3229","targetHints":{"allow":["GET"]}}],"collection":[{"href":"https:\/\/biblian.is\/gudbrandsbiblia\/wp-json\/wp\/v2\/pages"}],"about":[{"href":"https:\/\/biblian.is\/gudbrandsbiblia\/wp-json\/wp\/v2\/types\/page"}],"author":[{"embeddable":true,"href":"https:\/\/biblian.is\/gudbrandsbiblia\/wp-json\/wp\/v2\/users\/1"}],"replies":[{"embeddable":true,"href":"https:\/\/biblian.is\/gudbrandsbiblia\/wp-json\/wp\/v2\/comments?post=3229"}],"version-history":[{"count":0,"href":"https:\/\/biblian.is\/gudbrandsbiblia\/wp-json\/wp\/v2\/pages\/3229\/revisions"}],"wp:attachment":[{"href":"https:\/\/biblian.is\/gudbrandsbiblia\/wp-json\/wp\/v2\/media?parent=3229"}],"curies":[{"name":"wp","href":"https:\/\/api.w.org\/{rel}","templated":true}]}}