{"id":3228,"date":"2017-12-18T18:33:01","date_gmt":"2017-12-18T18:33:01","guid":{"rendered":"http:\/\/biblian.is\/gudbrandsbiblia\/salmarnir-57-kafli\/"},"modified":"2017-12-18T18:33:01","modified_gmt":"2017-12-18T18:33:01","slug":"salmarnir-57-kafli","status":"publish","type":"page","link":"https:\/\/biblian.is\/gudbrandsbiblia\/salmarnir-57-kafli\/","title":{"rendered":"S\u00e1lmarnir 57. kafli"},"content":{"rendered":"<p>LVII.<\/p>\n<p>Gyllini klenodium a\u00f0 syngja fyrir (\u00fe\u00e1 hann tort\u00fdndist ekki) \u00fe\u00e1 hann fl\u00fd\u00f0i fyrir Saul \u00ed hellirinn <span class=\"athugasemd\" title=\"1. Reg. 22; 24\">[<\/span>  <\/p>\n<p>Miskunna \u00fe\u00fa m\u00e9r, Gu\u00f0, miskunna \u00fe\u00fa m\u00e9r \u00fea\u00f0 \u00e1 \u00feig treystir s\u00e1la m\u00edn og undir skugga \u00feinna v\u00e6ngja hef eg mitt athvarf, \u00fear til e\u00f0 s\u00fa <span class=\"athugasemd\" title=\"a \/ Ska\u00f0i og m\u00f3tgangur sem eg l\u00ed\u00f0\">[<\/span> \u00f3g\u00e6fan er umli\u00f0in.<\/p>\n<p>\tEg kalla til Gu\u00f0s hins h\u00e6sta, til \u00feess Gu\u00f0s hver e\u00f0 \u00e1 minni eymd gj\u00f6rir einn enda.<\/p>\n<p>\tHann sendir af himnum ofan og hj\u00e1lpar m\u00e9r \u00fat af \u00feeirri forsm\u00e1n sem f\u00f3ttro\u00f0a mig. Sela. Gu\u00f0 hann sendir s\u00edna miskunn og sannleikstrygg\u00f0.<\/p>\n<p>\tEg ligg me\u00f0 minni s\u00e1lu me\u00f0al le\u00f3na, mannanna synir eru eldsins logi, \u00feeirra tennur eru spj\u00f3t og \u00f6rvar og \u00feeirra tungur h\u00e1rhv\u00f6ss sver\u00f0.<\/p>\n<p>\tUpphef \u00feig, Gu\u00f0, yfir himnana og \u00fe\u00edna d\u00fdr\u00f0 yfir alla ver\u00f6ldina.<\/p>\n<p>\tV\u00e9lasn\u00f6rur tilb\u00faa \u00feeir m\u00ednum f\u00f3tsporum og ni\u00f0ur\u00ferykkja minni s\u00e1lu, \u00feeir grafa gr\u00f6f fyrir m\u00e9r og falla sj\u00e1lfir \u00ed. Sela.<\/p>\n<p>\tMitt hjarta er rei\u00f0ub\u00fai\u00f0 (Gu\u00f0), mitt hjarta er rei\u00f0ub\u00fai\u00f0 \u00fea\u00f0 eg syngi og lof segi.<\/p>\n<p>\tR\u00eds upp, m\u00edn <span class=\"athugasemd\" title=\"a \/ M\u00ednir s\u00e1lmar og diktar me\u00f0 \u00feeim eg d\u00fdrka Gu\u00f0\">[<\/span> d\u00fdr\u00f0, r\u00eds upp, saltari og harpa, mj\u00f6g \u00e1rla vil eg upp r\u00edsa.<\/p>\n<p>\tDrottinn, \u00fe\u00e9r vil eg \u00feakkir gj\u00f6ra me\u00f0al f\u00f3lksins, \u00fe\u00e9r vil eg lof segja me\u00f0al \u00fej\u00f3\u00f0anna.<\/p>\n<p>\t\u00dev\u00ed a\u00f0 \u00fe\u00edn miskunnsemi er svo v\u00ed\u00f0 sem himinninn er og \u00feinn sannleikur so v\u00ed\u00f0ur sem sk\u00fdin ganga.<\/p>\n<p>\tUpphef \u00feig, Gu\u00f0, yfir himininn og \u00fe\u00edna d\u00fdr\u00f0 yfir alla ver\u00f6ldina.<\/p>\n","protected":false},"excerpt":{"rendered":"<p>LVII. Gyllini klenodium a\u00f0 syngja fyrir (\u00fe\u00e1 hann tort\u00fdndist ekki) \u00fe\u00e1 hann fl\u00fd\u00f0i fyrir Saul \u00ed hellirinn [ Miskunna \u00fe\u00fa m\u00e9r, Gu\u00f0, miskunna \u00fe\u00fa m\u00e9r \u00fea\u00f0 \u00e1 \u00feig treystir s\u00e1la m\u00edn og undir skugga \u00feinna v\u00e6ngja hef eg mitt athvarf, \u00fear til e\u00f0 s\u00fa [ \u00f3g\u00e6fan er umli\u00f0in. Eg kalla til Gu\u00f0s hins h\u00e6sta, til \u00feess Gu\u00f0s hver e\u00f0 \u00e1 minni eymd gj\u00f6rir einn enda. Hann sendir af himnum ofan og hj\u00e1lpar m\u00e9r \u00fat af \u00feeirri forsm\u00e1n sem f\u00f3ttro\u00f0a mig. Sela. Gu\u00f0 hann sendir s\u00edna miskunn og sannleikstrygg\u00f0. Eg ligg me\u00f0 minni s\u00e1lu me\u00f0al le\u00f3na, mannanna synir eru eldsins logi, <a href=\"https:\/\/biblian.is\/gudbrandsbiblia\/salmarnir-57-kafli\/\"> [&#8230;]<\/a><\/p>\n","protected":false},"author":1,"featured_media":0,"parent":0,"menu_order":0,"comment_status":"open","ping_status":"open","template":"bibliukaflar.php","meta":{"footnotes":""},"class_list":["post-3228","page","type-page","status-publish","hentry"],"_links":{"self":[{"href":"https:\/\/biblian.is\/gudbrandsbiblia\/wp-json\/wp\/v2\/pages\/3228","targetHints":{"allow":["GET"]}}],"collection":[{"href":"https:\/\/biblian.is\/gudbrandsbiblia\/wp-json\/wp\/v2\/pages"}],"about":[{"href":"https:\/\/biblian.is\/gudbrandsbiblia\/wp-json\/wp\/v2\/types\/page"}],"author":[{"embeddable":true,"href":"https:\/\/biblian.is\/gudbrandsbiblia\/wp-json\/wp\/v2\/users\/1"}],"replies":[{"embeddable":true,"href":"https:\/\/biblian.is\/gudbrandsbiblia\/wp-json\/wp\/v2\/comments?post=3228"}],"version-history":[{"count":0,"href":"https:\/\/biblian.is\/gudbrandsbiblia\/wp-json\/wp\/v2\/pages\/3228\/revisions"}],"wp:attachment":[{"href":"https:\/\/biblian.is\/gudbrandsbiblia\/wp-json\/wp\/v2\/media?parent=3228"}],"curies":[{"name":"wp","href":"https:\/\/api.w.org\/{rel}","templated":true}]}}