{"id":3227,"date":"2017-12-18T18:33:01","date_gmt":"2017-12-18T18:33:01","guid":{"rendered":"http:\/\/biblian.is\/gudbrandsbiblia\/salmarnir-56-kafli\/"},"modified":"2017-12-18T18:33:01","modified_gmt":"2017-12-18T18:33:01","slug":"salmarnir-56-kafli","status":"publish","type":"page","link":"https:\/\/biblian.is\/gudbrandsbiblia\/salmarnir-56-kafli\/","title":{"rendered":"S\u00e1lmarnir 56. kafli"},"content":{"rendered":"<p>LVI.<\/p>\n<p>Gyllini klenodium Dav\u00ed\u00f0s, af \u00feeirri m\u00e1llausri d\u00fafunni me\u00f0al \u00f3kunnigra, \u00fe\u00e1 Philistei gripu hann til Gat <span class=\"athugasemd\" title=\"sword Dav\u00ed\u00f0 hlaut a\u00f0 vera sem m\u00e1llaus d\u00fafa, \u00fea\u00f0 er, hann hlaut a\u00f0 \u00feegja og \u00e1klaga ekki Saul k\u00f3ng \u00e1 milli \u00feeirra Philisteis\">[<\/span> <\/p>\n<p>Gu\u00f0, vertu m\u00e9r miskunnsamur \u00fev\u00ed a\u00f0 mennirnir vilja f\u00f3ttro\u00f0a mig, daglegana \u00fe\u00e1 str\u00ed\u00f0a \u00feeir og \u00ferengja a\u00f0 m\u00e9r.<\/p>\n<p>\tM\u00ednir <span class=\"athugasemd\" title=\"a \/ Hofgar\u00f0s\u00fe\u00e9narar Saul reka mig \u00ed \u00fatleg\u00f0 svo a\u00f0 eg hl\u00fdt a\u00f0 vera so sem \u00fatl\u00e6gur ma\u00f0ur \u00e6t\u00ed\u00f0\">[<\/span> \u00f3vinir tro\u00f0a mig daglega undir f\u00e6tur \u00fev\u00ed margir berjast \u00e1 m\u00f3ti m\u00e9r drambsamlega.<\/p>\n<p>\tN\u00e6r e\u00f0 eg em hr\u00e6ddur \u00fe\u00e1 treysti eg upp \u00e1 \u00feig.<\/p>\n<p>\tGu\u00f0s or\u00f0 vil eg hei\u00f0ra og \u00e1 Gu\u00f0 vil eg treysta og ekki um mig hr\u00e6ddur vera, hva\u00f0 skyldi m\u00e9r l\u00edkamlegt hold gj\u00f6ra mega?<\/p>\n<p>\t\u00deeir afbaka daglega m\u00edn or\u00f0, allar \u00feeirra hugsanir eru a\u00f0 gj\u00f6ra m\u00e9r til vonda.<\/p>\n<p>\t\u00deeir halda til samans og sitja til vei\u00f0i og ums\u00e1tur veita m\u00ednu h\u00e6lbeini, hvernin \u00feeir f\u00e1i helst h\u00f6ndla\u00f0 m\u00edna s\u00e1lu.<\/p>\n<p>\tHva\u00f0 illt sem \u00feeir gj\u00f6ra <span class=\"athugasemd\" title=\"sword Hva\u00f0 \u00feeir gj\u00f6ra, \u00fea\u00f0 \u00e1 vera allt r\u00e9tt\">[<\/span> \u00fea\u00f0 er \u00feeim \u00feegar fyrirgefi\u00f0, miskunnarlaust steypi Gu\u00f0 svoddan m\u00f6nnum ni\u00f0ur \u00ed grunn.<\/p>\n<p>\tReikna \u00fe\u00fa minn fl\u00f3tta, hell m\u00ednum t\u00e1rum \u00ed \u00feinn sj\u00f3\u00f0, sennilega \u00fe\u00e1 reiknar \u00fe\u00fa \u00feau.<\/p>\n<p>\t\u00de\u00e1 munu m\u00ednir \u00f3vinir ver\u00f0a til baka a\u00f0 sn\u00faa, n\u00e6r e\u00f0 eg kalla \u00fe\u00e1 veit eg \u00fea\u00f0 a\u00f0 \u00fe\u00fa ert minn Gu\u00f0.<\/p>\n<p>\tGu\u00f0s or\u00f0 vil eg pr\u00edsa, or\u00f0i\u00f0 Drottins vil eg pr\u00edsa. <span class=\"athugasemd\" title=\"S\u00e1l. 18\">[<\/span><\/p>\n<p>\t\u00c1 Gu\u00f0 treysti eg og em ei hr\u00e6ddur um mig, hva\u00f0 kunna m\u00e9r \u00fe\u00e1 mennirnir a\u00f0 gj\u00f6ra?<\/p>\n<p>\t\u00dev\u00ed hefi eg, Gu\u00f0, heiti\u00f0 \u00fe\u00e9r \u00fea\u00f0 eg vil \u00fe\u00e9r \u00feakkir gj\u00f6ra.<\/p>\n<p>\t\u00dev\u00ed a\u00f0 s\u00e1l m\u00edna hefur \u00fe\u00fa frelsa\u00f0 fr\u00e1 dau\u00f0anum, f\u00e6tur m\u00edna \u00ed fr\u00e1 hrasan, so \u00fea\u00f0 eg m\u00e1 ganga fyrir Gu\u00f0i \u00ed lj\u00f3si lifandi manna.<\/p>\n","protected":false},"excerpt":{"rendered":"<p>LVI. Gyllini klenodium Dav\u00ed\u00f0s, af \u00feeirri m\u00e1llausri d\u00fafunni me\u00f0al \u00f3kunnigra, \u00fe\u00e1 Philistei gripu hann til Gat [ Gu\u00f0, vertu m\u00e9r miskunnsamur \u00fev\u00ed a\u00f0 mennirnir vilja f\u00f3ttro\u00f0a mig, daglegana \u00fe\u00e1 str\u00ed\u00f0a \u00feeir og \u00ferengja a\u00f0 m\u00e9r. M\u00ednir [ \u00f3vinir tro\u00f0a mig daglega undir f\u00e6tur \u00fev\u00ed margir berjast \u00e1 m\u00f3ti m\u00e9r drambsamlega. N\u00e6r e\u00f0 eg em hr\u00e6ddur \u00fe\u00e1 treysti eg upp \u00e1 \u00feig. Gu\u00f0s or\u00f0 vil eg hei\u00f0ra og \u00e1 Gu\u00f0 vil eg treysta og ekki um mig hr\u00e6ddur vera, hva\u00f0 skyldi m\u00e9r l\u00edkamlegt hold gj\u00f6ra mega? \u00deeir afbaka daglega m\u00edn or\u00f0, allar \u00feeirra hugsanir eru a\u00f0 gj\u00f6ra m\u00e9r til vonda. \u00deeir <a href=\"https:\/\/biblian.is\/gudbrandsbiblia\/salmarnir-56-kafli\/\"> [&#8230;]<\/a><\/p>\n","protected":false},"author":1,"featured_media":0,"parent":0,"menu_order":0,"comment_status":"open","ping_status":"open","template":"bibliukaflar.php","meta":{"footnotes":""},"class_list":["post-3227","page","type-page","status-publish","hentry"],"_links":{"self":[{"href":"https:\/\/biblian.is\/gudbrandsbiblia\/wp-json\/wp\/v2\/pages\/3227","targetHints":{"allow":["GET"]}}],"collection":[{"href":"https:\/\/biblian.is\/gudbrandsbiblia\/wp-json\/wp\/v2\/pages"}],"about":[{"href":"https:\/\/biblian.is\/gudbrandsbiblia\/wp-json\/wp\/v2\/types\/page"}],"author":[{"embeddable":true,"href":"https:\/\/biblian.is\/gudbrandsbiblia\/wp-json\/wp\/v2\/users\/1"}],"replies":[{"embeddable":true,"href":"https:\/\/biblian.is\/gudbrandsbiblia\/wp-json\/wp\/v2\/comments?post=3227"}],"version-history":[{"count":0,"href":"https:\/\/biblian.is\/gudbrandsbiblia\/wp-json\/wp\/v2\/pages\/3227\/revisions"}],"wp:attachment":[{"href":"https:\/\/biblian.is\/gudbrandsbiblia\/wp-json\/wp\/v2\/media?parent=3227"}],"curies":[{"name":"wp","href":"https:\/\/api.w.org\/{rel}","templated":true}]}}