{"id":3224,"date":"2017-12-18T18:33:01","date_gmt":"2017-12-18T18:33:01","guid":{"rendered":"http:\/\/biblian.is\/gudbrandsbiblia\/salmarnir-53-kafli\/"},"modified":"2017-12-18T18:33:01","modified_gmt":"2017-12-18T18:33:01","slug":"salmarnir-53-kafli","status":"publish","type":"page","link":"https:\/\/biblian.is\/gudbrandsbiblia\/salmarnir-53-kafli\/","title":{"rendered":"S\u00e1lmarnir 53. kafli"},"content":{"rendered":"<p>LIII.<\/p>\n<p>Menntunarfr\u00e6\u00f0i Dav\u00ed\u00f0s \u00ed k\u00f3rnum til samans fyrir a\u00f0 syngja<\/p>\n<p>Hinir f\u00e1v\u00edsu segja \u00ed s\u00ednu hjarta: &#8222;Enginn er Gu\u00f0.&#8220; \u00deeir duga ekkert og eru andstyggilegir or\u00f0nir \u00ed s\u00ednu vondu ath\u00e6fi, \u00fear er ei s\u00e1 neinn a\u00f0 gott gj\u00f6ri.<\/p>\n<p>\tGu\u00f0 leit af himnum ofan yfir sonu mannanna a\u00f0 hann s\u00e6i hvert nokkur v\u00e6ri skynsamur, s\u00e1 e\u00f0 eftir Gu\u00f0i leita\u00f0i.<\/p>\n<p>\tEn allir eru \u00feeir affallnir og allir til samans \u00f3n\u00fdtir or\u00f0nir, \u00fear er ei s\u00e1 neinn a\u00f0 gott gj\u00f6rir og ekki einn.<\/p>\n<p>\tHvert vilja \u00feeir illskumenn ekki l\u00e1ta s\u00e9r segjast, \u00feeir e\u00f0 uppsvelgja mitt f\u00f3lk svo \u00feeir n\u00e6ri sj\u00e1lfa sig? Gu\u00f0 \u00e1kalla \u00feeir ekki.<\/p>\n<p>\tEn \u00fear eru \u00feeir hr\u00e6ddir um sig sem ei er ugganda \u00fev\u00ed a\u00f0 Gu\u00f0 \u00ed sundurdreifir beinum \u00feeirra <span class=\"athugasemd\" title=\"a \/ (Nau\u00f0ungar) \/ \u00dea\u00f0 eru \u00feeir sem me\u00f0 l\u00f6gm\u00e1li og valdi og nau\u00f0gan vilja gj\u00f6ra menn r\u00e9ttl\u00e1ta \u00ed \u00feeirra eigin verkum, \u00e1l\u00edka sem hertugar framkn\u00fdja og nau\u00f0ga str\u00ed\u00f0sf\u00f3lkinu\">[<\/span> nau\u00f0ungarmanna, \u00fe\u00fa gj\u00f6rir \u00fe\u00e1 til skammar \u00fev\u00ed Gu\u00f0 hann forsm\u00e1ir \u00fe\u00e1.<\/p>\n<p>\tEg s\u00e6i \u00fea\u00f0 gjarnan \u00fea\u00f0 hj\u00e1lpr\u00e6\u00f0i\u00f0 \u00fat af S\u00edon k\u00e6mi yfir \u00cdsrael og Gu\u00f0 frelsa\u00f0i sitt herteki\u00f0 f\u00f3lk. \u00de\u00e1 mundi Jakob gle\u00f0ja sig og \u00cdsrael gla\u00f0v\u00e6r vera.<\/p>\n","protected":false},"excerpt":{"rendered":"<p>LIII. Menntunarfr\u00e6\u00f0i Dav\u00ed\u00f0s \u00ed k\u00f3rnum til samans fyrir a\u00f0 syngja Hinir f\u00e1v\u00edsu segja \u00ed s\u00ednu hjarta: &#8222;Enginn er Gu\u00f0.&#8220; \u00deeir duga ekkert og eru andstyggilegir or\u00f0nir \u00ed s\u00ednu vondu ath\u00e6fi, \u00fear er ei s\u00e1 neinn a\u00f0 gott gj\u00f6ri. Gu\u00f0 leit af himnum ofan yfir sonu mannanna a\u00f0 hann s\u00e6i hvert nokkur v\u00e6ri skynsamur, s\u00e1 e\u00f0 eftir Gu\u00f0i leita\u00f0i. En allir eru \u00feeir affallnir og allir til samans \u00f3n\u00fdtir or\u00f0nir, \u00fear er ei s\u00e1 neinn a\u00f0 gott gj\u00f6rir og ekki einn. Hvert vilja \u00feeir illskumenn ekki l\u00e1ta s\u00e9r segjast, \u00feeir e\u00f0 uppsvelgja mitt f\u00f3lk svo \u00feeir n\u00e6ri sj\u00e1lfa sig? Gu\u00f0 \u00e1kalla <a href=\"https:\/\/biblian.is\/gudbrandsbiblia\/salmarnir-53-kafli\/\"> [&#8230;]<\/a><\/p>\n","protected":false},"author":1,"featured_media":0,"parent":0,"menu_order":0,"comment_status":"open","ping_status":"open","template":"bibliukaflar.php","meta":{"footnotes":""},"class_list":["post-3224","page","type-page","status-publish","hentry"],"_links":{"self":[{"href":"https:\/\/biblian.is\/gudbrandsbiblia\/wp-json\/wp\/v2\/pages\/3224","targetHints":{"allow":["GET"]}}],"collection":[{"href":"https:\/\/biblian.is\/gudbrandsbiblia\/wp-json\/wp\/v2\/pages"}],"about":[{"href":"https:\/\/biblian.is\/gudbrandsbiblia\/wp-json\/wp\/v2\/types\/page"}],"author":[{"embeddable":true,"href":"https:\/\/biblian.is\/gudbrandsbiblia\/wp-json\/wp\/v2\/users\/1"}],"replies":[{"embeddable":true,"href":"https:\/\/biblian.is\/gudbrandsbiblia\/wp-json\/wp\/v2\/comments?post=3224"}],"version-history":[{"count":0,"href":"https:\/\/biblian.is\/gudbrandsbiblia\/wp-json\/wp\/v2\/pages\/3224\/revisions"}],"wp:attachment":[{"href":"https:\/\/biblian.is\/gudbrandsbiblia\/wp-json\/wp\/v2\/media?parent=3224"}],"curies":[{"name":"wp","href":"https:\/\/api.w.org\/{rel}","templated":true}]}}