{"id":3222,"date":"2017-12-18T18:33:01","date_gmt":"2017-12-18T18:33:01","guid":{"rendered":"http:\/\/biblian.is\/gudbrandsbiblia\/salmarnir-51-kafli\/"},"modified":"2017-12-18T18:33:01","modified_gmt":"2017-12-18T18:33:01","slug":"salmarnir-51-kafli","status":"publish","type":"page","link":"https:\/\/biblian.is\/gudbrandsbiblia\/salmarnir-51-kafli\/","title":{"rendered":"S\u00e1lmarnir 51. kafli"},"content":{"rendered":"<p>LI.<\/p>\n<p>S\u00e1lmur Dav\u00ed\u00f0s fyrir a\u00f0 syngja \u00fe\u00e1 Natan sp\u00e1ma\u00f0ur kom til hans eftir \u00fea\u00f0 hann haf\u00f0i inngengi\u00f0 til Betsabe<\/p>\n<p>Miskunna \u00fe\u00fa m\u00e9r, Gu\u00f0, eftir mikilli miskunnsemi \u00feinni og eftir mikilleik miskunnsemda \u00feinna \u00fe\u00e1 afm\u00e1 \u00fe\u00fa mitt rangl\u00e6ti.<\/p>\n<p>\t\u00devo \u00fe\u00fa mig vel af illgj\u00f6r\u00f0 minni og hreinsa mig af synd minni.<\/p>\n<p>\t\u00dev\u00ed a\u00f0 eg me\u00f0kenni m\u00edna misgj\u00f6r\u00f0 og m\u00edn synd er jafnan fyrir m\u00e9r.<\/p>\n<p>\t\u00de\u00e9r einum hefi eg \u00e1 m\u00f3ti broti\u00f0 og illa breytt fyrir \u00fe\u00e9r so a\u00f0 \u00fe\u00fa r\u00e9ttfer\u00f0ugur s\u00e9rt \u00ed \u00fe\u00ednum or\u00f0um og hreinn fundinn ver\u00f0ir n\u00e6r e\u00f0 \u00fe\u00fa d\u00e6mist.<\/p>\n<p>\tSj\u00e1 \u00fe\u00fa, \u00fat af syndsamlegu s\u00e6\u00f0i em eg getinn og \u00ed synd gat mig m\u00edn m\u00f3\u00f0ir.<\/p>\n<p>\tSj\u00e1, \u00fe\u00fa elskar sannleikann sem hulinn liggur, \u00fe\u00fa l\u00e6tur mig vita \u00feann heimuglega v\u00edsd\u00f3m.<\/p>\n<p>\t<span class=\"athugasemd\" title=\"sword Seg \u00fe\u00fa mig frj\u00e1lsan fr\u00e1 m\u00ednum syndum, hver aflausn e\u00f0 merkist fyrir \u00e1st\u00f6kkvan isopi \u00ed l\u00f6gm\u00e1linu\">[<\/span> Afleys mig me\u00f0 ysopo so a\u00f0 eg hreinsunst, \u00fevo \u00fe\u00fa mig svo a\u00f0 eg snj\u00e1hv\u00edtur ver\u00f0i.<\/p>\n<p>\tL\u00e1t \u00fe\u00fa mig f\u00e1 a\u00f0 heyra f\u00f6gnu\u00f0 og gle\u00f0i svo a\u00f0 \u00feau beinin gla\u00f0v\u00e6r ver\u00f0i sem \u00fe\u00fa hefur svo \u00ed sundurkrami\u00f0.<\/p>\n<p>\tBurtsn\u00fa \u00fe\u00ednu andliti fr\u00e1 m\u00ednum syndum og afm\u00e1 \u00fe\u00fa allar m\u00ednar misgj\u00f6r\u00f0ir.<\/p>\n<p>\tHreint hjarta skapa \u00fe\u00fa, Gu\u00f0, \u00ed m\u00e9r og gef m\u00e9r n\u00fdjan <span class=\"athugasemd\" title=\"a \/ \u00dea\u00f0 er, vissan anda hver e\u00f0 \u00f3brig\u00f0anlega \u00e1n alls efa nokkru tr\u00fair og er \u00fear fullv\u00eds upp \u00e1 og l\u00e6tur sig ekki \u00fea\u00f0an lei\u00f0a n\u00e9 skelfa me\u00f0 margh\u00e1ttu\u00f0um meiningum, hugsunum, l\u00e6rd\u00f3mi, svo sem \u00feeir efafullu gj\u00f6ra\">[<\/span> styrkvan anda.<\/p>\n<p>\tKasta m\u00e9r ekki \u00ed burt fr\u00e1 \u00fe\u00ednu augliti og tak ekki \u00feinn heilagan anda \u00ed fr\u00e1 m\u00e9r.<\/p>\n<p>\tL\u00e1t mig aftur f\u00e1 huggun \u00fe\u00edns hj\u00e1lpr\u00e6\u00f0is og s\u00e1 m\u00e1ttarandi styrki mig.<\/p>\n<p>\t\u00dev\u00ed a\u00f0 \u00f3mildum vil eg kenna \u00fe\u00edna vegu so \u00fea\u00f0 hinir r\u00e9ttl\u00e1tu sn\u00faist til \u00fe\u00edn.<\/p>\n<p>\tFrelsa mig \u00ed fr\u00e1 \u00feeirri <span class=\"athugasemd\" title=\"b \/ Af synd og s\u00f6k, me\u00f0 hverri eg hef dau\u00f0ann for\u00fe\u00e9nt, so sem v\u00e9r erum allir me\u00f0 \u00feeim h\u00e6tti fyrir Gu\u00f0i dau\u00f0asekir\">[<\/span> bl\u00f3\u00f0skuldu, Gu\u00f0, \u00fe\u00fa sem ert minn Gu\u00f0 og hj\u00e1lpari, so a\u00f0 m\u00edn tunga lofi \u00feitt r\u00e9ttl\u00e6ti.<\/p>\n<p>\tDrottinn, opna \u00fe\u00fa m\u00ednar varir svo a\u00f0 minn munnur kunngj\u00f6ri \u00feitt lof.<\/p>\n<p>\t\u00dev\u00ed a\u00f0 \u00fe\u00fa hefur ekki neina vild til offursins \u0096 annars \u00fe\u00e1 mundi eg gefa \u00fe\u00e9r \u00fea\u00f0 \u0096 og brennioffri\u00f0 \u00fe\u00f3knast \u00fe\u00e9r ekki.<\/p>\n<p>\t\u00dea\u00f0 offri\u00f0 sem Gu\u00f0i \u00fe\u00f3knast er harm\u00ferunginn andi, eitt harm\u00ferungi\u00f0 og sundurkrami\u00f0 hjarta \u00fea muntu, Gu\u00f0, ekki fyrirl\u00edta.<\/p>\n<p>\tGj\u00f6r \u00fe\u00fa vel vi\u00f0ur S\u00edon eftir \u00feinni g\u00f3f\u00fdsi, uppbygg \u00fe\u00fa m\u00farveggina Jer\u00fasalem.<\/p>\n<p>\t\u00de\u00e1 mun \u00fe\u00e9r \u00fe\u00f3knast offri\u00f0 r\u00e9ttl\u00e6tisins, brennioffur og allar f\u00f3rnir, \u00fe\u00e1 munu \u00feeir uxum offra yfir \u00fe\u00ednu altari.<\/p>\n","protected":false},"excerpt":{"rendered":"<p>LI. S\u00e1lmur Dav\u00ed\u00f0s fyrir a\u00f0 syngja \u00fe\u00e1 Natan sp\u00e1ma\u00f0ur kom til hans eftir \u00fea\u00f0 hann haf\u00f0i inngengi\u00f0 til Betsabe Miskunna \u00fe\u00fa m\u00e9r, Gu\u00f0, eftir mikilli miskunnsemi \u00feinni og eftir mikilleik miskunnsemda \u00feinna \u00fe\u00e1 afm\u00e1 \u00fe\u00fa mitt rangl\u00e6ti. \u00devo \u00fe\u00fa mig vel af illgj\u00f6r\u00f0 minni og hreinsa mig af synd minni. \u00dev\u00ed a\u00f0 eg me\u00f0kenni m\u00edna misgj\u00f6r\u00f0 og m\u00edn synd er jafnan fyrir m\u00e9r. \u00de\u00e9r einum hefi eg \u00e1 m\u00f3ti broti\u00f0 og illa breytt fyrir \u00fe\u00e9r so a\u00f0 \u00fe\u00fa r\u00e9ttfer\u00f0ugur s\u00e9rt \u00ed \u00fe\u00ednum or\u00f0um og hreinn fundinn ver\u00f0ir n\u00e6r e\u00f0 \u00fe\u00fa d\u00e6mist. Sj\u00e1 \u00fe\u00fa, \u00fat af syndsamlegu s\u00e6\u00f0i em eg getinn <a href=\"https:\/\/biblian.is\/gudbrandsbiblia\/salmarnir-51-kafli\/\"> [&#8230;]<\/a><\/p>\n","protected":false},"author":1,"featured_media":0,"parent":0,"menu_order":0,"comment_status":"open","ping_status":"open","template":"bibliukaflar.php","meta":{"footnotes":""},"class_list":["post-3222","page","type-page","status-publish","hentry"],"_links":{"self":[{"href":"https:\/\/biblian.is\/gudbrandsbiblia\/wp-json\/wp\/v2\/pages\/3222","targetHints":{"allow":["GET"]}}],"collection":[{"href":"https:\/\/biblian.is\/gudbrandsbiblia\/wp-json\/wp\/v2\/pages"}],"about":[{"href":"https:\/\/biblian.is\/gudbrandsbiblia\/wp-json\/wp\/v2\/types\/page"}],"author":[{"embeddable":true,"href":"https:\/\/biblian.is\/gudbrandsbiblia\/wp-json\/wp\/v2\/users\/1"}],"replies":[{"embeddable":true,"href":"https:\/\/biblian.is\/gudbrandsbiblia\/wp-json\/wp\/v2\/comments?post=3222"}],"version-history":[{"count":0,"href":"https:\/\/biblian.is\/gudbrandsbiblia\/wp-json\/wp\/v2\/pages\/3222\/revisions"}],"wp:attachment":[{"href":"https:\/\/biblian.is\/gudbrandsbiblia\/wp-json\/wp\/v2\/media?parent=3222"}],"curies":[{"name":"wp","href":"https:\/\/api.w.org\/{rel}","templated":true}]}}