{"id":3221,"date":"2017-12-18T18:33:01","date_gmt":"2017-12-18T18:33:01","guid":{"rendered":"http:\/\/biblian.is\/gudbrandsbiblia\/salmarnir-50-kafli\/"},"modified":"2017-12-18T18:33:01","modified_gmt":"2017-12-18T18:33:01","slug":"salmarnir-50-kafli","status":"publish","type":"page","link":"https:\/\/biblian.is\/gudbrandsbiblia\/salmarnir-50-kafli\/","title":{"rendered":"S\u00e1lmarnir 50. kafli"},"content":{"rendered":"<p>L.<\/p>\n<p>Gu\u00f0 voldugur Drottinn hann talar og kallar ver\u00f6ldina \u00ed fr\u00e1 uppruna s\u00f3larinnar allt til hennar ni\u00f0urg\u00f6ngu.<\/p>\n<p>\t\u00dat af S\u00edon byrjast fyrst s\u00e1 fegur\u00f0argeislinn Gu\u00f0s.<\/p>\n<p>\tVor Gu\u00f0 hann kemur og \u00feegir ekki, brennandi eldur gengur fyrir hans augs\u00fdn og \u00ed kringum hann mikill stormvindur.<\/p>\n<p>\tHann kallar himininn og j\u00f6r\u00f0ina \u00fea\u00f0 hann <span class=\"athugasemd\" title=\"sword A\u00f0 hann st\u00fdri, hj\u00e1lpi, leysi menn fr\u00e1 dau\u00f0anum, dj\u00f6flinum, syndinni\">[<\/span> d\u00e6mi sitt f\u00f3lk:<\/p>\n<p>\t&#8222;Samansafni \u00fe\u00e9r m\u00ednum heil\u00f6gum, \u00feeir e\u00f0 meir halda \u00fat af s\u00e1ttm\u00e1lanum en f\u00f3rnf\u00e6ringunum.&#8220;<\/p>\n<p>\tOg himnarnir munu kunngj\u00f6ra hans r\u00e9ttl\u00e6ti \u00fev\u00ed a\u00f0 Gu\u00f0 er d\u00f3marinn. Sela.<\/p>\n<p>\t&#8222;Heyr \u00fe\u00fa, f\u00f3lk mitt, l\u00e1t mig tala, \u00cdsrael, l\u00e1ttu mig votta \u00fe\u00e9r \u00fea\u00f0: Eg Gu\u00f0 em \u00feinn Gu\u00f0.<\/p>\n<p>\tFyrir \u00fe\u00edna f\u00f3rnf\u00e6ringa sakir \u00e1v\u00edta eg \u00feig ekki \u00fev\u00ed a\u00f0 \u00fe\u00ednar brennif\u00f3rnir eru jafnan fyrir minni augs\u00fdn.<\/p>\n<p>\tEi vil eg hafa uxa af \u00fe\u00ednu h\u00fasi n\u00e9 kjarnhafra \u00fat af stalli \u00fe\u00ednum.<\/p>\n<p>\t\u00dev\u00ed a\u00f0 d\u00fdrin \u00f6ll \u00ed sk\u00f3gunum eru m\u00edn og kvikf\u00e9\u00f0 \u00e1 fj\u00f6llunum \u00fear e\u00f0 \u00fea\u00f0 gengur \u00fe\u00fasundum til samans.<\/p>\n<p>Allt fuglakyn \u00e1 fj\u00f6llunum \u00fe\u00e1 \u00feekki eg og alls kyns f\u00e9na\u00f0ur \u00ed h\u00f6gunum er fyrir m\u00e9r.<\/p>\n<p>\tEf eg er hungra\u00f0ur \u00fe\u00e1 \u00fearf eg \u00fe\u00e9r ei \u00fear af a\u00f0 segja \u00fev\u00ed a\u00f0 jar\u00f0arkringlan er m\u00edn og allt hva\u00f0 \u00fear er inni.<\/p>\n<p>\tHvert \u00feenkir \u00fe\u00fa a\u00f0 eg vilji uxakj\u00f6t eta e\u00f0ur hafrabl\u00f3\u00f0 drekka?<\/p>\n<p>\tOffra \u00fe\u00fa Gu\u00f0i lofgj\u00f6r\u00f0inni og gjald Hinum h\u00e6sta \u00fe\u00edn <span class=\"athugasemd\" title=\"sword Hva\u00f0 \u00fe\u00fa h\u00e9st Gu\u00f0i, a\u00f0 hann s\u00e9 \u00feinn Gu\u00f0, eftir hlj\u00f3\u00f0an fyrsta bo\u00f0or\u00f0s\">[<\/span> heit.<\/p>\n<p>\t\u00c1kalla mig \u00ed ney\u00f0inni, \u00fe\u00e1 mun eg frelsa \u00feig og \u00fe\u00fa skalt hei\u00f0ra mig.&#8220;<\/p>\n<p>\tEn til hins \u00f3gu\u00f0hr\u00e6dda segir Gu\u00f0: &#8222;Hvar fyrir kunngj\u00f6rir \u00fe\u00fa m\u00ednar r\u00e9ttl\u00e6tingar og tekur minn s\u00e1ttm\u00e1la \u00fe\u00e9r \u00ed munn<\/p>\n<p>\t\u00fear e\u00f0 \u00fe\u00fa hatar r\u00e1\u00f0ningina og fleygir m\u00ednum or\u00f0um \u00e1 bak \u00fe\u00e9r aftur?<\/p>\n<p>\tN\u00e6r e\u00f0 \u00fe\u00fa s\u00e9r \u00fej\u00f3finn \u00fe\u00e1 hleypur \u00fe\u00fa me\u00f0 honum og leggur \u00feitt samlag me\u00f0 h\u00f3rd\u00f3msm\u00f6nnum.<\/p>\n<p>\t\u00deinn munn l\u00e6tur \u00fe\u00fa tala illt og \u00fe\u00edn tunga m\u00e6lir fl\u00e6r\u00f0.<\/p>\n<p>\t\u00de\u00fa situr og talar \u00ed m\u00f3ti \u00fe\u00ednum br\u00f3\u00f0ur, syni \u00feinnar m\u00f3\u00f0ur honum bakm\u00e6lir \u00fe\u00fa.<\/p>\n<p>\t\u00deetta gj\u00f6rir \u00fe\u00fa og eg \u00feegi, \u00fear fyri meinar \u00fe\u00fa \u00fea\u00f0 eg mun l\u00edkur \u00fe\u00e9r. En eg vil straffa \u00feig og eg vil setja \u00fe\u00e9r \u00fea\u00f0 fyrir sj\u00f3nir.<\/p>\n<p>\tHyggi\u00f0 a\u00f0 \u00feessu, \u00fe\u00e9r sem Gu\u00f0i gleymi\u00f0, svo a\u00f0 eg \u00ed burt svipti y\u00f0ur ekki eitt sinn og a\u00f0 \u00fear s\u00e9 \u00fe\u00e1 enginn frelsari lengur.<\/p>\n<p>\tHver e\u00f0 \u00feakkl\u00e6tinu offrar, hann hei\u00f0rar mig og \u00fea\u00f0 er s\u00e1 vegurinn hvern a\u00f0 eg v\u00edsa \u00fe\u00e9r, \u00fea\u00f0 Gu\u00f0s hj\u00e1lpr\u00e6\u00f0i\u00f0.&#8220;<\/p>\n","protected":false},"excerpt":{"rendered":"<p>L. Gu\u00f0 voldugur Drottinn hann talar og kallar ver\u00f6ldina \u00ed fr\u00e1 uppruna s\u00f3larinnar allt til hennar ni\u00f0urg\u00f6ngu. \u00dat af S\u00edon byrjast fyrst s\u00e1 fegur\u00f0argeislinn Gu\u00f0s. Vor Gu\u00f0 hann kemur og \u00feegir ekki, brennandi eldur gengur fyrir hans augs\u00fdn og \u00ed kringum hann mikill stormvindur. Hann kallar himininn og j\u00f6r\u00f0ina \u00fea\u00f0 hann [ d\u00e6mi sitt f\u00f3lk: &#8222;Samansafni \u00fe\u00e9r m\u00ednum heil\u00f6gum, \u00feeir e\u00f0 meir halda \u00fat af s\u00e1ttm\u00e1lanum en f\u00f3rnf\u00e6ringunum.&#8220; Og himnarnir munu kunngj\u00f6ra hans r\u00e9ttl\u00e6ti \u00fev\u00ed a\u00f0 Gu\u00f0 er d\u00f3marinn. Sela. &#8222;Heyr \u00fe\u00fa, f\u00f3lk mitt, l\u00e1t mig tala, \u00cdsrael, l\u00e1ttu mig votta \u00fe\u00e9r \u00fea\u00f0: Eg Gu\u00f0 em \u00feinn Gu\u00f0. Fyrir \u00fe\u00edna <a href=\"https:\/\/biblian.is\/gudbrandsbiblia\/salmarnir-50-kafli\/\"> [&#8230;]<\/a><\/p>\n","protected":false},"author":1,"featured_media":0,"parent":0,"menu_order":0,"comment_status":"open","ping_status":"open","template":"bibliukaflar.php","meta":{"footnotes":""},"class_list":["post-3221","page","type-page","status-publish","hentry"],"_links":{"self":[{"href":"https:\/\/biblian.is\/gudbrandsbiblia\/wp-json\/wp\/v2\/pages\/3221","targetHints":{"allow":["GET"]}}],"collection":[{"href":"https:\/\/biblian.is\/gudbrandsbiblia\/wp-json\/wp\/v2\/pages"}],"about":[{"href":"https:\/\/biblian.is\/gudbrandsbiblia\/wp-json\/wp\/v2\/types\/page"}],"author":[{"embeddable":true,"href":"https:\/\/biblian.is\/gudbrandsbiblia\/wp-json\/wp\/v2\/users\/1"}],"replies":[{"embeddable":true,"href":"https:\/\/biblian.is\/gudbrandsbiblia\/wp-json\/wp\/v2\/comments?post=3221"}],"version-history":[{"count":0,"href":"https:\/\/biblian.is\/gudbrandsbiblia\/wp-json\/wp\/v2\/pages\/3221\/revisions"}],"wp:attachment":[{"href":"https:\/\/biblian.is\/gudbrandsbiblia\/wp-json\/wp\/v2\/media?parent=3221"}],"curies":[{"name":"wp","href":"https:\/\/api.w.org\/{rel}","templated":true}]}}