{"id":3220,"date":"2017-12-18T18:33:01","date_gmt":"2017-12-18T18:33:01","guid":{"rendered":"http:\/\/biblian.is\/gudbrandsbiblia\/salmarnir-49-kafli\/"},"modified":"2017-12-18T18:33:01","modified_gmt":"2017-12-18T18:33:01","slug":"salmarnir-49-kafli","status":"publish","type":"page","link":"https:\/\/biblian.is\/gudbrandsbiblia\/salmarnir-49-kafli\/","title":{"rendered":"S\u00e1lmarnir 49. kafli"},"content":{"rendered":"<p>XLIX.<\/p>\n<p>S\u00e1lmadiktur sona K\u00f3ra fyrir a\u00f0 syngja<\/p>\n<p>Heyri\u00f0 \u00feetta, allar \u00fej\u00f3\u00f0ir, merki\u00f0 \u00feetta, allir \u00fe\u00e9r sem lifi\u00f0 \u00e1 \u00feessum t\u00edma,<\/p>\n<p>\tl\u00edka al\u00fe\u00fd\u00f0an svo sem herrarnir, b\u00e6\u00f0i r\u00edkir og f\u00e1t\u00e6kir allir til samans.<\/p>\n<p>\tMinn munnur skal \u00fat af v\u00edsd\u00f3mi m\u00e6la og mitt hjarta af skilningi segja.<\/p>\n<p>\tV\u00e9r viljum g\u00f3\u00f0a m\u00e1lsgrein f\u00e1 a\u00f0 heyra og einn \u00e1g\u00e6tan dikt \u00e1 h\u00f6rpunnar hlj\u00f3\u00f0f\u00e6ri.<\/p>\n<p>\tHvar fyrir skylda eg hr\u00e6ddur vera \u00e1 \u00feeim vonda degi n\u00e6r e\u00f0 illgj\u00f6r\u00f0 minna ofs\u00f3knarmanna umkringir mig,<\/p>\n<p>\t\u00feeir e\u00f0 treysta upp \u00e1 s\u00edn au\u00f0\u00e6fi og hr\u00f3sa s\u00e9r \u00fat af s\u00ednum mikla r\u00edkd\u00f3mi?<\/p>\n<p>\tKann nokku\u00f0 br\u00f3\u00f0urinn einn annan a\u00f0 endurleysa n\u00e9 nokkurn vi\u00f0 Gu\u00f0 a\u00f0 forl\u00edka?<\/p>\n<p>\t\u00dev\u00ed a\u00f0 \u00fea\u00f0 kostar allt formiki\u00f0 \u00feeirra s\u00e1lir a\u00f0 endurleysa svo a\u00f0 hann hl\u00fdtur \u00fea\u00f0 kyrrt a\u00f0 l\u00e1ta vera eil\u00edflegana<\/p>\n<p>\t\u00fe\u00f3 a\u00f0 hann <span class=\"athugasemd\" title=\"sword Hann hefur g\u00f3\u00f0an m\u00f3\u00f0, hugsar aldrei um dau\u00f0ann\">[<\/span> lifi aldrei so lengi og sj\u00e1i ekki gr\u00f6fina.<\/p>\n<p>\tFyrst v\u00e9r sj\u00e1um \u00fea\u00f0 hinir v\u00edsu deyja svo l\u00edka sem \u00feeir hinir heimsku og f\u00e1v\u00edsu tort\u00fdnast og hlj\u00f3ta s\u00edn au\u00f0\u00e6fi \u00f6\u00f0rum a\u00f0 l\u00e1ta.<\/p>\n<p>\t\u00deetta er \u00feeirra hjarta a\u00f0 \u00feeirra <span class=\"athugasemd\" title=\"a \/ \u00deeirra slekti, b\u00f6rn og hyski et ct.\">[<\/span> h\u00fas muni vara eil\u00edflega og \u00feeirra b\u00fasta\u00f0ur bl\u00edfa um aldur og \u00e6vi og hafi mikil metor\u00f0 \u00e1 j\u00f6r\u00f0u.<\/p>\n<p>\t\u00de\u00f3 kunna \u00feeir \u00ed sl\u00edkum <span class=\"athugasemd\" title=\"b \/ Au\u00f0\u00e6fum, magt og d\u00fdr\u00f0\">[<\/span> metor\u00f0um ei a\u00f0 bl\u00edfa heldur hlj\u00f3ta \u00feeir vi\u00f0 a\u00f0 skilja sem annar f\u00e9na\u00f0ur.<\/p>\n<p>\t\u00deessi \u00feeirra vegur er ei utan heimska. \u00de\u00f3 lofa hann samt \u00feeirra eftirkomendur me\u00f0 s\u00ednum munni. Sela.<\/p>\n<p>\tSo sem a\u00f0rir sau\u00f0ir eru \u00feeir innibyrg\u00f0ir \u00ed helv\u00edti, dau\u00f0inn hann gnagar \u00fe\u00e1 en hinir r\u00e9ttv\u00edsu munu mj\u00f6g snarlega yfir \u00feeim drottna, \u00feeirra ofst\u00e6ki \u00fea\u00f0 hl\u00fdtur a\u00f0 \u00feverra, \u00ed helv\u00edti \u00fe\u00e1 hlj\u00f3ta \u00feeir a\u00f0 bl\u00edfa.<\/p>\n<p>\tEn Gu\u00f0 mun frelsa m\u00edna s\u00e1lu \u00fat af helv\u00edtisvaldi \u00fev\u00ed a\u00f0 hann hefur teki\u00f0 mig a\u00f0 s\u00e9r. Sela.<\/p>\n<p>\tL\u00e1t ekki \u00fea\u00f0 villa \u00feig \u00fe\u00f3tt a\u00f0 einhver kunni r\u00edkur a\u00f0 vera e\u00f0ur \u00fe\u00f3 a\u00f0 tignars\u00f3mi hans h\u00fass ver\u00f0i mikill<\/p>\n<p>\t\u00fev\u00ed a\u00f0 \u00ed s\u00ednu andl\u00e1ti mun hann \u00f6ngvan hlut me\u00f0 s\u00e9r taka og hans d\u00fdr\u00f0 mun ei eftir honum fara.<\/p>\n<p>\t\u00de\u00f3tt hann meti sig upp af <span class=\"athugasemd\" title=\"c \/ \u00dea\u00f0 heldur hann fars\u00e6ld a\u00f0 hafa r\u00edkid\u00e6mi, vald og vir\u00f0ingar \u00feessa heims\">[<\/span> s\u00e6ll\u00edfi s\u00ednu og lofar \u00fea\u00f0 n\u00e6r e\u00f0 einhver \u00fatvegar s\u00e9r g\u00f3\u00f0a daga<\/p>\n<p>\t\u00fe\u00f3 fara \u00feeir eftir fe\u00f0rum s\u00ednum og sj\u00e1 lj\u00f3si\u00f0 aldrei oftar.<\/p>\n<p>\tSumma: N\u00e6r e\u00f0 ma\u00f0urinn er \u00ed hei\u00f0rinum og hefur ekki skilninginn \u00fe\u00e1 fer hann burt l\u00edka sem f\u00e9na\u00f0urinn.<\/p>\n","protected":false},"excerpt":{"rendered":"<p>XLIX. S\u00e1lmadiktur sona K\u00f3ra fyrir a\u00f0 syngja Heyri\u00f0 \u00feetta, allar \u00fej\u00f3\u00f0ir, merki\u00f0 \u00feetta, allir \u00fe\u00e9r sem lifi\u00f0 \u00e1 \u00feessum t\u00edma, l\u00edka al\u00fe\u00fd\u00f0an svo sem herrarnir, b\u00e6\u00f0i r\u00edkir og f\u00e1t\u00e6kir allir til samans. Minn munnur skal \u00fat af v\u00edsd\u00f3mi m\u00e6la og mitt hjarta af skilningi segja. V\u00e9r viljum g\u00f3\u00f0a m\u00e1lsgrein f\u00e1 a\u00f0 heyra og einn \u00e1g\u00e6tan dikt \u00e1 h\u00f6rpunnar hlj\u00f3\u00f0f\u00e6ri. Hvar fyrir skylda eg hr\u00e6ddur vera \u00e1 \u00feeim vonda degi n\u00e6r e\u00f0 illgj\u00f6r\u00f0 minna ofs\u00f3knarmanna umkringir mig, \u00feeir e\u00f0 treysta upp \u00e1 s\u00edn au\u00f0\u00e6fi og hr\u00f3sa s\u00e9r \u00fat af s\u00ednum mikla r\u00edkd\u00f3mi? Kann nokku\u00f0 br\u00f3\u00f0urinn einn annan a\u00f0 endurleysa n\u00e9 nokkurn <a href=\"https:\/\/biblian.is\/gudbrandsbiblia\/salmarnir-49-kafli\/\"> [&#8230;]<\/a><\/p>\n","protected":false},"author":1,"featured_media":0,"parent":0,"menu_order":0,"comment_status":"open","ping_status":"open","template":"bibliukaflar.php","meta":{"footnotes":""},"class_list":["post-3220","page","type-page","status-publish","hentry"],"_links":{"self":[{"href":"https:\/\/biblian.is\/gudbrandsbiblia\/wp-json\/wp\/v2\/pages\/3220","targetHints":{"allow":["GET"]}}],"collection":[{"href":"https:\/\/biblian.is\/gudbrandsbiblia\/wp-json\/wp\/v2\/pages"}],"about":[{"href":"https:\/\/biblian.is\/gudbrandsbiblia\/wp-json\/wp\/v2\/types\/page"}],"author":[{"embeddable":true,"href":"https:\/\/biblian.is\/gudbrandsbiblia\/wp-json\/wp\/v2\/users\/1"}],"replies":[{"embeddable":true,"href":"https:\/\/biblian.is\/gudbrandsbiblia\/wp-json\/wp\/v2\/comments?post=3220"}],"version-history":[{"count":0,"href":"https:\/\/biblian.is\/gudbrandsbiblia\/wp-json\/wp\/v2\/pages\/3220\/revisions"}],"wp:attachment":[{"href":"https:\/\/biblian.is\/gudbrandsbiblia\/wp-json\/wp\/v2\/media?parent=3220"}],"curies":[{"name":"wp","href":"https:\/\/api.w.org\/{rel}","templated":true}]}}