{"id":3218,"date":"2017-12-18T18:33:01","date_gmt":"2017-12-18T18:33:01","guid":{"rendered":"http:\/\/biblian.is\/gudbrandsbiblia\/salmarnir-47-kafli\/"},"modified":"2017-12-18T18:33:01","modified_gmt":"2017-12-18T18:33:01","slug":"salmarnir-47-kafli","status":"publish","type":"page","link":"https:\/\/biblian.is\/gudbrandsbiblia\/salmarnir-47-kafli\/","title":{"rendered":"S\u00e1lmarnir 47. kafli"},"content":{"rendered":"<p>XLVII.<\/p>\n<p>S\u00e1lmur sona K\u00f3ra a\u00f0 syngja fyrir <\/p>\n<p>Hafi\u00f0 l\u00f3fatak, allar \u00fej\u00f3\u00f0ir, og syngi\u00f0 h\u00e1tt lof Gu\u00f0i me\u00f0 gle\u00f0ilegri raustu!<\/p>\n<p>\t\u00dev\u00ed a\u00f0 s\u00e1 hinn h\u00e6\u00f0sti Drottinn hann er \u00f3gurlegur, einn mikilsh\u00e1ttar konungur yfir allri jar\u00f0arkringlunni.<\/p>\n<p>\tHann mun f\u00f3lki\u00f0 undir oss leggja og \u00fej\u00f3\u00f0irnar undir vora f\u00e6tur.<\/p>\n<p>\tHann \u00fatvelur oss til sinnar arfleif\u00f0ar, vegsemdina Jakobs hvern hann elskar. Sela.<\/p>\n<p>\tGu\u00f0 hann st\u00edgur upp me\u00f0 h\u00e1vum fagna\u00f0ars\u00f6ng og Drottinn me\u00f0 sk\u00e6rri l\u00fa\u00f0rarraust.<\/p>\n<p>\tSyngi\u00f0 lof, syngi\u00f0 lof Gu\u00f0i, syngi\u00f0 lof, syngi\u00f0 lof vorum konungi.<\/p>\n<p>\t\u00dev\u00ed a\u00f0 Gu\u00f0 hann er konungur \u00e1 \u00f6llu jar\u00f0r\u00edki. Syngi\u00f0 honum lof <span class=\"athugasemd\" title=\"sword A\u00f0 menn vandlega handt\u00e9ri or\u00f0i\u00f0 og hl\u00edfi \u00fear vi\u00f0\">[<\/span> forsj\u00e1legana.<\/p>\n<p>\tGu\u00f0 er konungur yfir hei\u00f0ingjunum, Gu\u00f0 hann situr \u00e1 s\u00ednum heilaga veldisst\u00f3li.<\/p>\n<p>\tH\u00f6f\u00f0ingjarnir \u00fej\u00f3\u00f0anna eru samansafna\u00f0ir til f\u00f3lksins Gu\u00f0s Abrahams \u00fev\u00ed a\u00f0 Gu\u00f0 hann er mj\u00f6g upphafinn hj\u00e1 <span class=\"athugasemd\" title=\"a \/ (Skildum) \/ \u00c1 me\u00f0al Krist tr\u00faa\u00f0ra skulu og svo nokkrir h\u00f6f\u00f0ingjar vera, \u00feeir kallast h\u00e9r skildir \u00e1 j\u00f6r\u00f0unni\">[<\/span> skildunum jar\u00f0arinnar.<\/p>\n","protected":false},"excerpt":{"rendered":"<p>XLVII. S\u00e1lmur sona K\u00f3ra a\u00f0 syngja fyrir Hafi\u00f0 l\u00f3fatak, allar \u00fej\u00f3\u00f0ir, og syngi\u00f0 h\u00e1tt lof Gu\u00f0i me\u00f0 gle\u00f0ilegri raustu! \u00dev\u00ed a\u00f0 s\u00e1 hinn h\u00e6\u00f0sti Drottinn hann er \u00f3gurlegur, einn mikilsh\u00e1ttar konungur yfir allri jar\u00f0arkringlunni. Hann mun f\u00f3lki\u00f0 undir oss leggja og \u00fej\u00f3\u00f0irnar undir vora f\u00e6tur. Hann \u00fatvelur oss til sinnar arfleif\u00f0ar, vegsemdina Jakobs hvern hann elskar. Sela. Gu\u00f0 hann st\u00edgur upp me\u00f0 h\u00e1vum fagna\u00f0ars\u00f6ng og Drottinn me\u00f0 sk\u00e6rri l\u00fa\u00f0rarraust. Syngi\u00f0 lof, syngi\u00f0 lof Gu\u00f0i, syngi\u00f0 lof, syngi\u00f0 lof vorum konungi. \u00dev\u00ed a\u00f0 Gu\u00f0 hann er konungur \u00e1 \u00f6llu jar\u00f0r\u00edki. Syngi\u00f0 honum lof [ forsj\u00e1legana. Gu\u00f0 er konungur yfir hei\u00f0ingjunum, Gu\u00f0 <a href=\"https:\/\/biblian.is\/gudbrandsbiblia\/salmarnir-47-kafli\/\"> [&#8230;]<\/a><\/p>\n","protected":false},"author":1,"featured_media":0,"parent":0,"menu_order":0,"comment_status":"open","ping_status":"open","template":"bibliukaflar.php","meta":{"footnotes":""},"class_list":["post-3218","page","type-page","status-publish","hentry"],"_links":{"self":[{"href":"https:\/\/biblian.is\/gudbrandsbiblia\/wp-json\/wp\/v2\/pages\/3218","targetHints":{"allow":["GET"]}}],"collection":[{"href":"https:\/\/biblian.is\/gudbrandsbiblia\/wp-json\/wp\/v2\/pages"}],"about":[{"href":"https:\/\/biblian.is\/gudbrandsbiblia\/wp-json\/wp\/v2\/types\/page"}],"author":[{"embeddable":true,"href":"https:\/\/biblian.is\/gudbrandsbiblia\/wp-json\/wp\/v2\/users\/1"}],"replies":[{"embeddable":true,"href":"https:\/\/biblian.is\/gudbrandsbiblia\/wp-json\/wp\/v2\/comments?post=3218"}],"version-history":[{"count":0,"href":"https:\/\/biblian.is\/gudbrandsbiblia\/wp-json\/wp\/v2\/pages\/3218\/revisions"}],"wp:attachment":[{"href":"https:\/\/biblian.is\/gudbrandsbiblia\/wp-json\/wp\/v2\/media?parent=3218"}],"curies":[{"name":"wp","href":"https:\/\/api.w.org\/{rel}","templated":true}]}}