{"id":3215,"date":"2017-12-18T18:33:01","date_gmt":"2017-12-18T18:33:01","guid":{"rendered":"http:\/\/biblian.is\/gudbrandsbiblia\/salmarnir-44-kafli\/"},"modified":"2017-12-18T18:33:01","modified_gmt":"2017-12-18T18:33:01","slug":"salmarnir-44-kafli","status":"publish","type":"page","link":"https:\/\/biblian.is\/gudbrandsbiblia\/salmarnir-44-kafli\/","title":{"rendered":"S\u00e1lmarnir 44. kafli"},"content":{"rendered":"<p>XLIIII.<\/p>\n<p>Eitt menntanarfr\u00e6\u00f0i sona K\u00f3ra fyrir a\u00f0 syngja<\/p>\n<p>Gu\u00f0, v\u00e9r h\u00f6fum heyrt me\u00f0 vorum eyrum, fe\u00f0ur vorir hafa kunngj\u00f6rt oss \u00fea\u00f0<\/p>\n<p>\thva\u00f0 \u00fe\u00fa gj\u00f6r\u00f0ir \u00e1 \u00feeirra \u00e6vi for\u00f0um daga.<\/p>\n<p>\t\u00de\u00fa \u00ed burt rakst hina hei\u00f0nu me\u00f0 \u00feinni hendi en innsettir \u00fe\u00e1 \u00ed sta\u00f0inn, \u00fe\u00fa fordjarfa\u00f0ir f\u00f3lki\u00f0 en \u00fe\u00e1 \u00fatbreiddir \u00fe\u00fa.<\/p>\n<p>\t\u00dev\u00ed a\u00f0 ei hafa \u00feeir landi\u00f0 undir sig lagt me\u00f0 s\u00ednu sver\u00f0i og \u00feeirra armur sto\u00f0a\u00f0i \u00feeim ekki heldur \u00fe\u00edn h\u00e6gri h\u00f6nd og \u00feinn armleggur og lj\u00f3si\u00f0 \u00fe\u00edns andlits \u00fev\u00ed a\u00f0 \u00fe\u00fa haf\u00f0ir g\u00f3\u00f0an \u00feokka \u00e1 \u00feeim.<\/p>\n<p>\tGu\u00f0, \u00fe\u00fa ert minn konungur, \u00fe\u00fa hinn sami sem Jakob hj\u00e1lpr\u00e6\u00f0i til segir.<\/p>\n<p>\tFyrir \u00feig viljum v\u00e9r vora \u00f3vini a\u00f0 velli leggja, \u00ed \u00fe\u00ednu nafni viljum v\u00e9r \u00fe\u00e1 undir f\u00e6tur tro\u00f0a sem reisa sig upp \u00e1 m\u00f3ti oss.<\/p>\n<p>\t\u00dev\u00ed a\u00f0 eigi treysti eg upp \u00e1 minn boga og mitt sver\u00f0 \u00fea\u00f0 frelsar mig ekki<\/p>\n<p>\theldur frelsar \u00fe\u00fa oss fr\u00e1 vorum \u00f3vinum og gj\u00f6rir \u00fe\u00e1 til vanvir\u00f0u sem oss hata.<\/p>\n<p>\tDaglega viljum v\u00e9r hr\u00f3sa \u00fat af Drottni og \u00fe\u00ednu nafni \u00feakkir gj\u00f6ra eil\u00edflega. Sela. <\/p>\n<p>\tHvar fyrir forleggur \u00fe\u00fa oss n\u00fa og l\u00e6tur oss til skammar ver\u00f0a og dregur ekki \u00fat me\u00f0 voru herli\u00f0i?<\/p>\n<p>\t\u00de\u00fa l\u00e6tur oss fl\u00fdja fyrir vorum \u00f3vinum svo a\u00f0 \u00feeir hverjir e\u00f0 hata oss \u00feeir hrifsa vort eigi\u00f0 til s\u00edn.<\/p>\n<p>\t\u00de\u00fa l\u00e6tur oss upp\u00e9tast sem sau\u00f0i og \u00ed sundur dreifir oss me\u00f0al hei\u00f0inna \u00fej\u00f3\u00f0a.<\/p>\n<p>\t\u00de\u00fa selur \u00feitt f\u00f3lk \u00fat fyrir ekki par og tekur ekkert ver\u00f0 fyrir \u00fea\u00f0.<\/p>\n<p>\t\u00de\u00fa gj\u00f6rir oss a\u00f0 forsm\u00e1n vorum n\u00e1b\u00faum, a\u00f0 spotti og h\u00e1\u00f0i \u00feeim sem \u00ed kringum oss eru.<\/p>\n<p>\t\u00de\u00fa gj\u00f6rir oss a\u00f0 m\u00e1lsh\u00e6tti \u00e1 me\u00f0al hei\u00f0ingjanna og f\u00f3lki\u00f0 skekur h\u00f6fu\u00f0in a\u00f0 oss.<\/p>\n<p>\tAlla daga er m\u00edn vanvir\u00f0a fyrir m\u00e9r og m\u00edn \u00e1sj\u00f3na er full af forsm\u00e1n<\/p>\n<p>\tsvo a\u00f0 eg hl\u00fdt \u00fe\u00e1 ni\u00f0runarmenn og lastendur a\u00f0 heyra og ver\u00f0a a\u00f0 sj\u00e1 \u00fe\u00e1 \u00f3vini og ofs\u00e6kjendur.<\/p>\n<p>\tAllt \u00feetta er yfir oss komi\u00f0, v\u00e9r h\u00f6fum \u00fe\u00f3 ekki forgleymt \u00fe\u00e9r og eigi handt\u00e9ra\u00f0 \u00f3tr\u00falega \u00ed \u00fe\u00ednum s\u00e1ttm\u00e1la.<\/p>\n<p>\tVort hjarta er ekki fr\u00e1falli\u00f0 og vor f\u00f3tspor hafa ei viki\u00f0 af \u00fe\u00ednum vegi<\/p>\n<p>\ta\u00f0 \u00fe\u00fa ni\u00f0ursl\u00e6r oss \u00feannin me\u00f0al \u00feeirra <span class=\"athugasemd\" title=\"sword Eitur spottfullustu og grimmustu v\u00edkinga. Myrkur kallar hann \u00f3g\u00e6fu.\">[<\/span> eiturdrekanna og byrgir oss me\u00f0 dau\u00f0ans myrkri.<\/p>\n<p>\tEf a\u00f0 v\u00e9r h\u00f6fum n\u00fa forgleymt Gu\u00f0s vors nafni og vorar hendur upphafi\u00f0 til eins annarlegs gu\u00f0s<\/p>\n<p>\t\u00fe\u00e1 m\u00e6tti Gu\u00f0 \u00feess krefja en hann \u00feekkir vel vorn hjartans grunn.<\/p>\n<p>\t\u00dev\u00ed a\u00f0 daglega ver\u00f0um v\u00e9r <span class=\"athugasemd\" title=\"a \/ \u00deeir ofs\u00e6kja oss ekki fyrir sakir vorra misgj\u00f6rninga heldur vegna \u00fe\u00edns or\u00f0s\">[<\/span> fyrir \u00fe\u00edna skuld ni\u00f0urdrepnir og erum reikna\u00f0ir so sem a\u00f0rir sl\u00e1trunarsau\u00f0ir.<\/p>\n<p>\tVakna \u00fe\u00fa upp, Drottinn, hvar fyrir sefur \u00fe\u00fa svo fast? Vakna \u00fe\u00fa og \u00fatsk\u00fafa oss ekki so algj\u00f6rlega.<\/p>\n<p>\tHvar fyrir byrgir \u00fe\u00fa \u00feitt andlit? Forgleymir \u00fe\u00fa vorri \u00e1nau\u00f0 og arm\u00e6\u00f0i?<\/p>\n<p>\t\u00dev\u00ed a\u00f0 vor s\u00e1la er til moldar ni\u00f0ur beyg\u00f0, vor kvi\u00f0ur hann klessist ni\u00f0ur vi\u00f0 j\u00f6r\u00f0ina.<\/p>\n<p>\tTak \u00feig upp, hj\u00e1lpa oss og frelsa \u00fe\u00fa oss fyrir \u00feinnar miskunnar sakir.<\/p>\n","protected":false},"excerpt":{"rendered":"<p>XLIIII. Eitt menntanarfr\u00e6\u00f0i sona K\u00f3ra fyrir a\u00f0 syngja Gu\u00f0, v\u00e9r h\u00f6fum heyrt me\u00f0 vorum eyrum, fe\u00f0ur vorir hafa kunngj\u00f6rt oss \u00fea\u00f0 hva\u00f0 \u00fe\u00fa gj\u00f6r\u00f0ir \u00e1 \u00feeirra \u00e6vi for\u00f0um daga. \u00de\u00fa \u00ed burt rakst hina hei\u00f0nu me\u00f0 \u00feinni hendi en innsettir \u00fe\u00e1 \u00ed sta\u00f0inn, \u00fe\u00fa fordjarfa\u00f0ir f\u00f3lki\u00f0 en \u00fe\u00e1 \u00fatbreiddir \u00fe\u00fa. \u00dev\u00ed a\u00f0 ei hafa \u00feeir landi\u00f0 undir sig lagt me\u00f0 s\u00ednu sver\u00f0i og \u00feeirra armur sto\u00f0a\u00f0i \u00feeim ekki heldur \u00fe\u00edn h\u00e6gri h\u00f6nd og \u00feinn armleggur og lj\u00f3si\u00f0 \u00fe\u00edns andlits \u00fev\u00ed a\u00f0 \u00fe\u00fa haf\u00f0ir g\u00f3\u00f0an \u00feokka \u00e1 \u00feeim. Gu\u00f0, \u00fe\u00fa ert minn konungur, \u00fe\u00fa hinn sami sem Jakob hj\u00e1lpr\u00e6\u00f0i til segir. <a href=\"https:\/\/biblian.is\/gudbrandsbiblia\/salmarnir-44-kafli\/\"> [&#8230;]<\/a><\/p>\n","protected":false},"author":1,"featured_media":0,"parent":0,"menu_order":0,"comment_status":"open","ping_status":"open","template":"bibliukaflar.php","meta":{"footnotes":""},"class_list":["post-3215","page","type-page","status-publish","hentry"],"_links":{"self":[{"href":"https:\/\/biblian.is\/gudbrandsbiblia\/wp-json\/wp\/v2\/pages\/3215","targetHints":{"allow":["GET"]}}],"collection":[{"href":"https:\/\/biblian.is\/gudbrandsbiblia\/wp-json\/wp\/v2\/pages"}],"about":[{"href":"https:\/\/biblian.is\/gudbrandsbiblia\/wp-json\/wp\/v2\/types\/page"}],"author":[{"embeddable":true,"href":"https:\/\/biblian.is\/gudbrandsbiblia\/wp-json\/wp\/v2\/users\/1"}],"replies":[{"embeddable":true,"href":"https:\/\/biblian.is\/gudbrandsbiblia\/wp-json\/wp\/v2\/comments?post=3215"}],"version-history":[{"count":0,"href":"https:\/\/biblian.is\/gudbrandsbiblia\/wp-json\/wp\/v2\/pages\/3215\/revisions"}],"wp:attachment":[{"href":"https:\/\/biblian.is\/gudbrandsbiblia\/wp-json\/wp\/v2\/media?parent=3215"}],"curies":[{"name":"wp","href":"https:\/\/api.w.org\/{rel}","templated":true}]}}