{"id":3212,"date":"2017-12-18T18:32:57","date_gmt":"2017-12-18T18:32:57","guid":{"rendered":"http:\/\/biblian.is\/gudbrandsbiblia\/salmarnir-41-kafli\/"},"modified":"2017-12-18T18:32:57","modified_gmt":"2017-12-18T18:32:57","slug":"salmarnir-41-kafli","status":"publish","type":"page","link":"https:\/\/biblian.is\/gudbrandsbiblia\/salmarnir-41-kafli\/","title":{"rendered":"S\u00e1lmarnir 41. kafli"},"content":{"rendered":"<p>XLI.<\/p>\n<p>S\u00e1lmur Dav\u00ed\u00f0s fyrir a\u00f0 syngja<\/p>\n<p>S\u00e6ll er s\u00e1 e\u00f0 annast hinn \u00feurftuga og f\u00e1r\u00e1\u00f0a, Drottinn mun frelsa hann \u00ed hinni vondri t\u00ed\u00f0.<\/p>\n<p>\tDrottinn mun bevara hann og l\u00e1ta hann l\u00edfi halda og gj\u00f6ra hann fulls\u00e6lan \u00e1 j\u00f6r\u00f0u og yfirgefa hann ekki \u00ed vald sinna \u00f3vina.<\/p>\n<p>\tDrottinn mun endurl\u00edfga hann \u00e1 hans s\u00f3ttars\u00e6ng, \u00fe\u00fa hj\u00e1lpar honum \u00fat af \u00f6llu hans krankd\u00e6mi.<\/p>\n<p>\tEg sag\u00f0a: &#8222;Drottinn, miskunna \u00fe\u00fa m\u00e9r, l\u00e6kna \u00fe\u00fa s\u00e1l m\u00edna \u00fev\u00ed a\u00f0 eg hefi syndgast \u00e1 m\u00f3ti \u00fe\u00e9r.&#8220;<\/p>\n<p>\tM\u00ednir \u00f3vinir \u00feeir m\u00e6la vonslega til m\u00edn: &#8222;N\u00e6r mun hann deyja og hans nafn forganga?&#8220;<\/p>\n<p>\t\u00deeir fara a\u00f0 sko\u00f0a og nema \u00fea\u00f0 \u00fe\u00f3 ekki \u00fat af hjarta heldur leita \u00feess a\u00f0 \u00feeir megi lasta nokku\u00f0, ganga s\u00ed\u00f0an \u00e1 burt og bera \u00fea\u00f0 \u00fat.<\/p>\n<p>\tAllir \u00feeir e\u00f0 mig hata hv\u00edskra til samans \u00e1 m\u00f3ti m\u00e9r og hugsa m\u00e9r vont til.<\/p>\n<p>\tEitt illskupar hafa \u00feeir \u00e1lykta\u00f0 \u00e1 m\u00f3ti m\u00e9r: &#8222;N\u00e6r e\u00f0 hann liggur \u00fe\u00e1 skal hann ekki upp aftur standa.&#8220;<\/p>\n<p>\tEinnin minn vinur hverjum eg treysta, s\u00e1 e\u00f0 \u00e1t mitt brau\u00f0 hann tre\u00f0ur mig undir f\u00e6tur.<\/p>\n<p>\tEn \u00fe\u00fa, Drottinn, miskunna m\u00e9r, reis mig upp og mun eg \u00fe\u00e1 endurgjalda \u00feeim.<\/p>\n<p>\t\u00dat af \u00fev\u00ed formerki eg a\u00f0 \u00fe\u00fa hefur g\u00f3\u00f0vild til m\u00edn, so \u00fea\u00f0 minn \u00f3vinur hlakki ekki yfir m\u00e9r.<\/p>\n<p>\tEn mig \u00fe\u00e1 sty\u00f0ur \u00fe\u00fa fyrir m\u00edns meinleysis sakir og setur mig fyri \u00feinni augsj\u00f3n \u00e6vinlega.<\/p>\n<p>\tLofa\u00f0ur s\u00e9 Drottin Gu\u00f0 \u00cdsraels um aldur og a\u00f0 eil\u00edfu. Amen. Amen.<\/p>\n","protected":false},"excerpt":{"rendered":"<p>XLI. S\u00e1lmur Dav\u00ed\u00f0s fyrir a\u00f0 syngja S\u00e6ll er s\u00e1 e\u00f0 annast hinn \u00feurftuga og f\u00e1r\u00e1\u00f0a, Drottinn mun frelsa hann \u00ed hinni vondri t\u00ed\u00f0. Drottinn mun bevara hann og l\u00e1ta hann l\u00edfi halda og gj\u00f6ra hann fulls\u00e6lan \u00e1 j\u00f6r\u00f0u og yfirgefa hann ekki \u00ed vald sinna \u00f3vina. Drottinn mun endurl\u00edfga hann \u00e1 hans s\u00f3ttars\u00e6ng, \u00fe\u00fa hj\u00e1lpar honum \u00fat af \u00f6llu hans krankd\u00e6mi. Eg sag\u00f0a: &#8222;Drottinn, miskunna \u00fe\u00fa m\u00e9r, l\u00e6kna \u00fe\u00fa s\u00e1l m\u00edna \u00fev\u00ed a\u00f0 eg hefi syndgast \u00e1 m\u00f3ti \u00fe\u00e9r.&#8220; M\u00ednir \u00f3vinir \u00feeir m\u00e6la vonslega til m\u00edn: &#8222;N\u00e6r mun hann deyja og hans nafn forganga?&#8220; \u00deeir fara a\u00f0 sko\u00f0a og nema <a href=\"https:\/\/biblian.is\/gudbrandsbiblia\/salmarnir-41-kafli\/\"> [&#8230;]<\/a><\/p>\n","protected":false},"author":1,"featured_media":0,"parent":0,"menu_order":0,"comment_status":"open","ping_status":"open","template":"bibliukaflar.php","meta":{"footnotes":""},"class_list":["post-3212","page","type-page","status-publish","hentry"],"_links":{"self":[{"href":"https:\/\/biblian.is\/gudbrandsbiblia\/wp-json\/wp\/v2\/pages\/3212","targetHints":{"allow":["GET"]}}],"collection":[{"href":"https:\/\/biblian.is\/gudbrandsbiblia\/wp-json\/wp\/v2\/pages"}],"about":[{"href":"https:\/\/biblian.is\/gudbrandsbiblia\/wp-json\/wp\/v2\/types\/page"}],"author":[{"embeddable":true,"href":"https:\/\/biblian.is\/gudbrandsbiblia\/wp-json\/wp\/v2\/users\/1"}],"replies":[{"embeddable":true,"href":"https:\/\/biblian.is\/gudbrandsbiblia\/wp-json\/wp\/v2\/comments?post=3212"}],"version-history":[{"count":0,"href":"https:\/\/biblian.is\/gudbrandsbiblia\/wp-json\/wp\/v2\/pages\/3212\/revisions"}],"wp:attachment":[{"href":"https:\/\/biblian.is\/gudbrandsbiblia\/wp-json\/wp\/v2\/media?parent=3212"}],"curies":[{"name":"wp","href":"https:\/\/api.w.org\/{rel}","templated":true}]}}