{"id":3211,"date":"2017-12-18T18:32:57","date_gmt":"2017-12-18T18:32:57","guid":{"rendered":"http:\/\/biblian.is\/gudbrandsbiblia\/salmarnir-40-kafli\/"},"modified":"2017-12-18T18:32:57","modified_gmt":"2017-12-18T18:32:57","slug":"salmarnir-40-kafli","status":"publish","type":"page","link":"https:\/\/biblian.is\/gudbrandsbiblia\/salmarnir-40-kafli\/","title":{"rendered":"S\u00e1lmarnir 40. kafli"},"content":{"rendered":"<p>XL.<\/p>\n<p>S\u00e1lmur Dav\u00ed\u00f0s til a\u00f0 syngja<\/p>\n<p>V\u00e6ntandi bei\u00f0 eg Drottins og hann hneig\u00f0i sig til m\u00edn og heyr\u00f0i mitt kall.<\/p>\n<p>\tOg hann leiddi mig \u00fat af \u00feeirri \u00f3gnunargr\u00f6f, burt \u00far \u00feeim saurinda\u00ferekk og setti m\u00edna f\u00e6tur \u00e1 fasta hellu so a\u00f0 eg f\u00e9kk grei\u00f0ilega gengi\u00f0.<\/p>\n<p>\tOg n\u00fdjan lofs\u00f6ng gaf hann m\u00e9r \u00ed minn munn til a\u00f0 lofa vorn Gu\u00f0. Margir munu sj\u00e1 \u00fea\u00f0 og \u00f3ttast Drottin og vona \u00e1 hann.<\/p>\n<p>\tS\u00e6ll er s\u00e1 ma\u00f0ur sem setur s\u00edna von upp \u00e1 Drottin og hann hver a\u00f0 ekki sn\u00fdr til hinna s\u00e9rg\u00f3\u00f0u og \u00feeirra sem lygar um h\u00f6nd hafa.<\/p>\n<p>\tDrottinn minn Gu\u00f0, miklar \u00fe\u00e1 eru \u00fe\u00ednar d\u00e1semdir og \u00fe\u00ednar hugsanir \u00fe\u00e6r \u00fe\u00fa au\u00f0s\u00fdnir oss. Ekkert er \u00fea\u00f0 \u00fe\u00e9r s\u00e9 saml\u00edkjanda, eg vil kunngj\u00f6ra \u00fe\u00e6r og \u00fear af segja \u00fe\u00f3 a\u00f0 \u00fe\u00e6r s\u00e9u \u00f3teljanlegar.<\/p>\n<p>\tF\u00f3rnir og offranir \u00fe\u00f3knast \u00fe\u00e9r ekki en m\u00edn eyru opna\u00f0ir \u00fe\u00fa, syndoffur og brennif\u00f3rnir \u00fea\u00f0 viltu hvorki.<\/p>\n<p>\t\u00de\u00e1 sag\u00f0i eg: <span class=\"athugasemd\" title=\"Ebre. 10\">[<\/span> &#8222;Sj\u00e1 \u00fe\u00fa, eg kem. \u00cd b\u00f3kinni er skrifa\u00f0 m\u00e9r. <\/p>\n<p>\t\u00deinn vilja, minn Gu\u00f0, gj\u00f6ri eg gjarnan og \u00feitt l\u00f6gm\u00e1l hefi eg \u00ed m\u00ednu hjarta.&#8220;<\/p>\n<p>\tEg vil kunngj\u00f6ra r\u00e9ttv\u00edsina \u00ed \u00feeirri hinni miklu samkundu, sj\u00e1 \u00fe\u00fa, eg mun ekki minn munn \u00e1 m\u00e9r byrgja l\u00e1ta, \u00fe\u00fa Drottinn veist \u00fea\u00f0.<\/p>\n<p>\t\u00de\u00edna r\u00e9ttv\u00edsi byrgi eg ei \u00ed m\u00ednu hjarta, \u00fat af \u00fe\u00ednum sannleika og hj\u00e1lpr\u00e6\u00f0i \u00fe\u00e1 tala eg, eg dyl ekki \u00fe\u00edna miskunn og sannleiks trygg\u00f0 fyrir \u00feeirri hinni miklu samkundu.<\/p>\n<p>\tEn \u00fe\u00fa, Drottinn, sn\u00fa ekki \u00feinni miskunn fr\u00e1 m\u00e9r, l\u00e1ttu \u00fe\u00edna miskunnsemd og sannleiksdygg\u00f0 jafnan var\u00f0veita mig.<\/p>\n<p>\t\u00dev\u00ed a\u00f0 \u00f3teljanleg kvalr\u00e6\u00f0i hafa umkringt mig, m\u00ednar syndir \u00fe\u00e6r h\u00f6ndlu\u00f0u mig so a\u00f0 eg <span class=\"athugasemd\" title=\"sword Svo a\u00f0 fyrir hjartans trygg\u00f0 misi eg s\u00fdnina\">[<\/span> gat ei s\u00e9\u00f0, fleiri eru \u00fe\u00e6r en h\u00e1rin \u00e1 h\u00f6f\u00f0i m\u00ednu og mitt hjarta \u00fea\u00f0 hefur yfirgefi\u00f0 mig.<\/p>\n<p>\tL\u00e1t \u00fe\u00e9r \u00fea\u00f0 \u00feekkt vera, Drottinn, a\u00f0 \u00fe\u00fa frelsir mig, fl\u00fdttu \u00fe\u00e9r, Drottinn, m\u00e9r til hj\u00e1lpar.<\/p>\n<p>\tSkammist \u00feeir allir s\u00edn og til skammar ver\u00f0i sem leita a\u00f0 minni s\u00e1lu a\u00f0 \u00feeir tort\u00fdni m\u00e9r, til baka \u00fe\u00e1 falli \u00feeir og til skammar ver\u00f0i \u00feeir sem m\u00e9r vilja til vonda.<\/p>\n<p>\tS\u00edna hneisu \u00fe\u00e1 beri \u00feeir sem segja til m\u00edn: &#8222;Vel, vel!&#8220;<\/p>\n<p>\tGle\u00f0ji sig og fagni allir \u00feeir e\u00f0 \u00fe\u00edn leita og \u00feeir e\u00f0 \u00feitt hj\u00e1lpr\u00e6\u00f0i elska, \u00fe\u00e1 megi \u00e6t\u00ed\u00f0 segja: &#8222;H\u00e1leitlega s\u00e9 Drottinn lofa\u00f0ur!&#8220;<\/p>\n<p>\t\u00dev\u00ed a\u00f0 eg em f\u00e1t\u00e6kur og f\u00e1r\u00e1\u00f0ur en \u00fe\u00fa, Drottinn, ber \u00e1hyggju fyrir m\u00e9r, \u00fe\u00fa ert minn hj\u00e1lpari og frelsari, minn Gu\u00f0, seinka \u00fe\u00fa ekki.<\/p>\n","protected":false},"excerpt":{"rendered":"<p>XL. S\u00e1lmur Dav\u00ed\u00f0s til a\u00f0 syngja V\u00e6ntandi bei\u00f0 eg Drottins og hann hneig\u00f0i sig til m\u00edn og heyr\u00f0i mitt kall. Og hann leiddi mig \u00fat af \u00feeirri \u00f3gnunargr\u00f6f, burt \u00far \u00feeim saurinda\u00ferekk og setti m\u00edna f\u00e6tur \u00e1 fasta hellu so a\u00f0 eg f\u00e9kk grei\u00f0ilega gengi\u00f0. Og n\u00fdjan lofs\u00f6ng gaf hann m\u00e9r \u00ed minn munn til a\u00f0 lofa vorn Gu\u00f0. Margir munu sj\u00e1 \u00fea\u00f0 og \u00f3ttast Drottin og vona \u00e1 hann. S\u00e6ll er s\u00e1 ma\u00f0ur sem setur s\u00edna von upp \u00e1 Drottin og hann hver a\u00f0 ekki sn\u00fdr til hinna s\u00e9rg\u00f3\u00f0u og \u00feeirra sem lygar um h\u00f6nd hafa. Drottinn minn Gu\u00f0, <a href=\"https:\/\/biblian.is\/gudbrandsbiblia\/salmarnir-40-kafli\/\"> [&#8230;]<\/a><\/p>\n","protected":false},"author":1,"featured_media":0,"parent":0,"menu_order":0,"comment_status":"open","ping_status":"open","template":"bibliukaflar.php","meta":{"footnotes":""},"class_list":["post-3211","page","type-page","status-publish","hentry"],"_links":{"self":[{"href":"https:\/\/biblian.is\/gudbrandsbiblia\/wp-json\/wp\/v2\/pages\/3211","targetHints":{"allow":["GET"]}}],"collection":[{"href":"https:\/\/biblian.is\/gudbrandsbiblia\/wp-json\/wp\/v2\/pages"}],"about":[{"href":"https:\/\/biblian.is\/gudbrandsbiblia\/wp-json\/wp\/v2\/types\/page"}],"author":[{"embeddable":true,"href":"https:\/\/biblian.is\/gudbrandsbiblia\/wp-json\/wp\/v2\/users\/1"}],"replies":[{"embeddable":true,"href":"https:\/\/biblian.is\/gudbrandsbiblia\/wp-json\/wp\/v2\/comments?post=3211"}],"version-history":[{"count":0,"href":"https:\/\/biblian.is\/gudbrandsbiblia\/wp-json\/wp\/v2\/pages\/3211\/revisions"}],"wp:attachment":[{"href":"https:\/\/biblian.is\/gudbrandsbiblia\/wp-json\/wp\/v2\/media?parent=3211"}],"curies":[{"name":"wp","href":"https:\/\/api.w.org\/{rel}","templated":true}]}}