{"id":3208,"date":"2017-12-18T18:32:57","date_gmt":"2017-12-18T18:32:57","guid":{"rendered":"http:\/\/biblian.is\/gudbrandsbiblia\/salmarnir-37-kafli\/"},"modified":"2017-12-18T18:32:57","modified_gmt":"2017-12-18T18:32:57","slug":"salmarnir-37-kafli","status":"publish","type":"page","link":"https:\/\/biblian.is\/gudbrandsbiblia\/salmarnir-37-kafli\/","title":{"rendered":"S\u00e1lmarnir 37. kafli"},"content":{"rendered":"<p>XXXVII.<\/p>\n<p>S\u00e1lmur Dav\u00ed\u00f0s<\/p>\n<p>Eigi skaltu gramur vera \u00feeim illu, vert ekki heldur \u00f6fundsamur \u00feeim illgj\u00f6r\u00f0am\u00f6nnum. <span class=\"athugasemd\" title=\"\u00deessa s\u00e1lms gl\u00f3s\u00e9ran og \u00fatlegging eru \u00feau or\u00f0in Christi: S\u00e6lir eru \u00feeir h\u00f3gv\u00e6rir \u00fev\u00ed a\u00f0 \u00feeir munu jar\u00f0r\u00edki erfa\">[<\/span> <\/p>\n<p>\t\u00dev\u00ed a\u00f0 svo sem gras ver\u00f0a \u00feeir skj\u00f3tlega ni\u00f0urslegnir og l\u00edka sem \u00fea\u00f0 hinu gr\u00e6nu jurtir \u00fe\u00e1 \u00feorna \u00feeir upp.<\/p>\n<p>\tVona \u00fe\u00fa \u00e1 Drottin og gj\u00f6r hi\u00f0 g\u00f3\u00f0a, b\u00fa \u00fe\u00fa \u00ed landinu og leita \u00feinnar atvinnu <span class=\"athugasemd\" title=\"a \/ Me\u00f0 Gu\u00f0i og g\u00f3\u00f0u rykti, a\u00f0 \u00fe\u00fa \u00f3ttist Gu\u00f0 og sv\u00edkir \u00f6ngvan\">[<\/span> \u00e6rlega.<\/p>\n<p>\tHaf \u00fe\u00fa \u00fe\u00edna una\u00f0semd \u00e1 Drottni, hann mun gefa \u00fe\u00e9r hva\u00f0 sem \u00feitt hjarta bei\u00f0ist.<\/p>\n<p>\tB\u00edfala \u00fe\u00fa Drottni \u00feinn veg og vona \u00e1 hann, hann mun \u00fev\u00ed vel til vegar koma<\/p>\n<p>\tOg hann mun \u00fe\u00edna r\u00e9ttv\u00edsi h\u00e9r framlei\u00f0a sem lj\u00f3s og \u00feitt r\u00e9ttarfar l\u00edka sem h\u00e1degi\u00f0.<\/p>\n<p>\t<span class=\"athugasemd\" title=\"a \/ B\u00ed\u00f0, vert bi\u00f0lundarg\u00f3\u00f0ur\">[<\/span> Haltu kyrru fyrir fyrir Drottni og haf vaktan \u00e1 honum, vert ei rei\u00f0ur vi\u00f0 \u00fe\u00e1 hverra illska a\u00f0 hefur framgang.<\/p>\n<p>\tYfirgef \u00fe\u00fa rei\u00f0ina og l\u00e1t \u00ed burtu fara \u00fe\u00e1 grimmdarheiftina, rei\u00f0st \u00fe\u00fa ekki svo a\u00f0 \u00fe\u00fa einnin illa gj\u00f6rir.<\/p>\n<p>\t\u00dev\u00ed a\u00f0 \u00feeir hinu illgj\u00f6rnu ver\u00f0a afm\u00e1\u00f0ir en hinir sem b\u00ed\u00f0a Drottins \u00feeir munu landi\u00f0 erfa.<\/p>\n<p>\tInnan l\u00edtils t\u00edma \u00fe\u00e1 mun hinn \u00f3gu\u00f0hr\u00e6ddi ei lengur vera og n\u00e6r e\u00f0 \u00fe\u00fa leitar a\u00f0 hans sta\u00f0 mun hann allur \u00ed burtu.<\/p>\n<p>\tEn hinir h\u00f3gv\u00e6ru munu landi\u00f0 erfa og una\u00f0semd hafa \u00ed miklum fri\u00f0i.<\/p>\n<p>\tHinn \u00f3gu\u00f0hr\u00e6ddi umsitur \u00feann r\u00e9ttl\u00e1ta og n\u00edstir s\u00ednum t\u00f6nnum til samans yfir honum.<\/p>\n<p>\tEn Drottinn hann h\u00e6\u00f0ir a\u00f0 honum \u00fev\u00ed a\u00f0 hann s\u00e9r fyrir \u00fea\u00f0 hans dagur muni koma.<\/p>\n<p>\tHinir \u00f3gu\u00f0hr\u00e6ddu rykkja \u00fat sver\u00f0um \u00far sl\u00ed\u00f0rum, spenna upp bogann sinn svo a\u00f0 \u00feeir felli hina f\u00e1t\u00e6ku og f\u00e1r\u00e1\u00f0u og ni\u00f0urdrepi hinn r\u00e9ttfer\u00f0uga<\/p>\n<p>\ten \u00feeirra eigin sver\u00f0 munu innganga \u00ed sj\u00e1lfs \u00feeirra hjarta og \u00feeirra armbrysti mun \u00ed sundur brotna.<\/p>\n<p>\t\u00dea\u00f0 hi\u00f0 litla sem hinn r\u00e9ttl\u00e1ti hefur er betra heldur en \u00feau hinu miklu au\u00f0\u00e6fin margra \u00f3gu\u00f0hr\u00e6ddra.<\/p>\n<p>\t\u00dev\u00ed a\u00f0 armleggur \u00f3mildra mun \u00ed sundur brotna en Drottinn hann styrkir hinn r\u00e9ttfer\u00f0uga.<\/p>\n<p>\tDrottni eru kunnir dagar \u00feeirra hinna flekklausu og \u00feeirra au\u00f0ur mun vara eil\u00edflega.<\/p>\n<p>\t\u00deeir munu ei til skammar ver\u00f0a \u00ed \u00feeirri vondri t\u00ed\u00f0 og \u00e1 \u00feeim hall\u00e6rist\u00edmum munu \u00feeir n\u00f3gan sa\u00f0ning hafa.<\/p>\n<p>\t\u00dev\u00ed a\u00f0 hinir \u00f3mildu munu fyrirfarast og \u00feeir \u00f3vinir Drottins, \u00fe\u00f3 \u00feeir v\u00e6ri svo sem lystilegur aldingar\u00f0ur \u00fe\u00e1 munu \u00feeir \u00fe\u00f3 so ni\u00f0ur hja\u00f0na l\u00edka sem reykur a\u00f0 \u00f6ngvu ver\u00f0ur.<\/p>\n<p>\tHinn \u00f3gu\u00f0hr\u00e6ddi tekur l\u00e1n og betalar ekki en s\u00e1 hinn r\u00e9ttfer\u00f0ugi er miskunnsamur og gjafmildur. <span class=\"athugasemd\" title=\"S\u00e1l. 112\">[<\/span>  <\/p>\n<p>\t\u00dev\u00ed a\u00f0 \u00feeir sem af honum blessa\u00f0ir eru munu landi\u00f0 erfa en hinir a\u00f0rir sem af honum b\u00f6lva\u00f0ir eru munu afm\u00e1\u00f0ir ver\u00f0a.<\/p>\n<p>\tAf Drottni mun grei\u00f0ast \u00feess manns gangur og hann hefur mikla \u00fe\u00f3knan \u00e1 hans vegi.<\/p>\n<p>\t\u00de\u00f3 e\u00f0 hann hrasi \u00fe\u00e1 ver\u00f0ur hann ekki \u00ed burt kasta\u00f0ur \u00fev\u00ed a\u00f0 Drottinn heldur \u00ed h\u00f6nd me\u00f0 honum.<\/p>\n<p>\tEg var ungur og em n\u00fa gamall or\u00f0inn og ekki hefi eg nokkurn t\u00edma s\u00e9\u00f0 hinn r\u00e9ttfer\u00f0uga vera yfirgefinn n\u00e9 hans s\u00e6\u00f0i \u00feurfa mat a\u00f0 \u00feiggja.<\/p>\n<p>\tAllt\u00ed\u00f0 er hann miskunnsamur og l\u00e1nar gjarnan og hans s\u00e6\u00f0i mun blessa\u00f0 ver\u00f0a.<\/p>\n<p>\tL\u00e1t af illsku og gj\u00f6r gott og b\u00fa um aldur og \u00e6vi.<\/p>\n<p>\t\u00dev\u00ed a\u00f0 Drottinn hann elskar r\u00e9ttindin og yfirgefur ekki s\u00edna heilaga, a\u00f0 eil\u00edfu ver\u00f0a \u00feeir var\u00f0veittir en s\u00e6\u00f0i\u00f0 \u00f3gu\u00f0hr\u00e6ddra mun fyrirfarast.<\/p>\n<p>\tHinir r\u00e9ttfer\u00f0ugu erfa landi\u00f0 og b\u00faa \u00fear inni um aldur og \u00e6vi.<\/p>\n<p>\tMunnur hins r\u00e9ttfer\u00f0uga m\u00e6lir visku og hans tunga h\u00fan talar r\u00e9ttindin.<\/p>\n<p>\tL\u00f6gm\u00e1li\u00f0 hans Gu\u00f0s er \u00ed hans hjarta, hans gangur skri\u00f0nar ekki.<\/p>\n<p>\tHinn \u00f3gu\u00f0hr\u00e6ddi umsitur \u00feann r\u00e9ttfer\u00f0uga og leitar vi\u00f0 honum \u00ed hel a\u00f0 koma<\/p>\n<p>\ten Drottinn yfirgefur hann ekki \u00ed hans hendur og fyrird\u00e6mir hann ei \u00fe\u00e1 e\u00f0 hann ver\u00f0ur d\u00e6mdur.<\/p>\n<p>\tB\u00ed\u00f0 \u00fe\u00fa Drottins og var\u00f0veit hans veg, \u00fe\u00e1 mun hann upphefja \u00feig svo a\u00f0 \u00fe\u00fa landi\u00f0 erfir, \u00fe\u00fa munt \u00fea\u00f0 sj\u00e1 a\u00f0 hinir \u00f3gu\u00f0hr\u00e6ddu ver\u00f0a afm\u00e1\u00f0ir.\t<\/p>\n<p>\tEg s\u00e1 einn \u00f3gu\u00f0hr\u00e6ddan, s\u00e1 var r\u00edkil\u00e1tur og hann \u00feandi sig \u00fat og bl\u00f3mga\u00f0ist sem sedrusvi\u00f0ur.<\/p>\n<p>\tOg \u00fe\u00e1 eg gekk \u00fear framhj\u00e1, sj\u00e1 \u00fe\u00fa, \u00fe\u00e1 var hann horfinn, eg spur\u00f0i a\u00f0 honum en hann fannst hv\u00f6rgi.<\/p>\n<p>\tVertu meinlaus og r\u00e9tts\u00fdn \u00fev\u00ed a\u00f0 sl\u00edkum mun a\u00f0 s\u00ed\u00f0ustu vel ganga.<\/p>\n<p>\tEn hinir rangl\u00e1tu munu allir til samans afm\u00e1\u00f0ir ver\u00f0a og hinir \u00f3gu\u00f0hr\u00e6ddu munu um s\u00ed\u00f0ir afm\u00e1\u00f0ir ver\u00f0a.<\/p>\n<p>\tEn Drottinn hann hj\u00e1lpar r\u00e9ttl\u00e1tum, hann er \u00feeirra styrkur \u00e1 h\u00f6rmungart\u00edmanum.<\/p>\n<p>\tOg Drottinn mun hj\u00e1 \u00feeim standa og frelsa \u00fe\u00e1, hann mun \u00ed fr\u00e1 \u00f3gu\u00f0hr\u00e6ddum frelsa \u00fe\u00e1 og \u00feeim hj\u00e1lp veita \u00fev\u00ed a\u00f0 \u00feeir treysta \u00e1 hann.<\/p>\n","protected":false},"excerpt":{"rendered":"<p>XXXVII. S\u00e1lmur Dav\u00ed\u00f0s Eigi skaltu gramur vera \u00feeim illu, vert ekki heldur \u00f6fundsamur \u00feeim illgj\u00f6r\u00f0am\u00f6nnum. [ \u00dev\u00ed a\u00f0 svo sem gras ver\u00f0a \u00feeir skj\u00f3tlega ni\u00f0urslegnir og l\u00edka sem \u00fea\u00f0 hinu gr\u00e6nu jurtir \u00fe\u00e1 \u00feorna \u00feeir upp. Vona \u00fe\u00fa \u00e1 Drottin og gj\u00f6r hi\u00f0 g\u00f3\u00f0a, b\u00fa \u00fe\u00fa \u00ed landinu og leita \u00feinnar atvinnu [ \u00e6rlega. Haf \u00fe\u00fa \u00fe\u00edna una\u00f0semd \u00e1 Drottni, hann mun gefa \u00fe\u00e9r hva\u00f0 sem \u00feitt hjarta bei\u00f0ist. B\u00edfala \u00fe\u00fa Drottni \u00feinn veg og vona \u00e1 hann, hann mun \u00fev\u00ed vel til vegar koma Og hann mun \u00fe\u00edna r\u00e9ttv\u00edsi h\u00e9r framlei\u00f0a sem lj\u00f3s og \u00feitt r\u00e9ttarfar l\u00edka sem h\u00e1degi\u00f0. <a href=\"https:\/\/biblian.is\/gudbrandsbiblia\/salmarnir-37-kafli\/\"> [&#8230;]<\/a><\/p>\n","protected":false},"author":1,"featured_media":0,"parent":0,"menu_order":0,"comment_status":"open","ping_status":"open","template":"bibliukaflar.php","meta":{"footnotes":""},"class_list":["post-3208","page","type-page","status-publish","hentry"],"_links":{"self":[{"href":"https:\/\/biblian.is\/gudbrandsbiblia\/wp-json\/wp\/v2\/pages\/3208","targetHints":{"allow":["GET"]}}],"collection":[{"href":"https:\/\/biblian.is\/gudbrandsbiblia\/wp-json\/wp\/v2\/pages"}],"about":[{"href":"https:\/\/biblian.is\/gudbrandsbiblia\/wp-json\/wp\/v2\/types\/page"}],"author":[{"embeddable":true,"href":"https:\/\/biblian.is\/gudbrandsbiblia\/wp-json\/wp\/v2\/users\/1"}],"replies":[{"embeddable":true,"href":"https:\/\/biblian.is\/gudbrandsbiblia\/wp-json\/wp\/v2\/comments?post=3208"}],"version-history":[{"count":0,"href":"https:\/\/biblian.is\/gudbrandsbiblia\/wp-json\/wp\/v2\/pages\/3208\/revisions"}],"wp:attachment":[{"href":"https:\/\/biblian.is\/gudbrandsbiblia\/wp-json\/wp\/v2\/media?parent=3208"}],"curies":[{"name":"wp","href":"https:\/\/api.w.org\/{rel}","templated":true}]}}