{"id":3207,"date":"2017-12-18T18:32:57","date_gmt":"2017-12-18T18:32:57","guid":{"rendered":"http:\/\/biblian.is\/gudbrandsbiblia\/salmarnir-36-kafli\/"},"modified":"2017-12-18T18:32:57","modified_gmt":"2017-12-18T18:32:57","slug":"salmarnir-36-kafli","status":"publish","type":"page","link":"https:\/\/biblian.is\/gudbrandsbiblia\/salmarnir-36-kafli\/","title":{"rendered":"S\u00e1lmarnir 36. kafli"},"content":{"rendered":"<p>XXXVI.<\/p>\n<p>S\u00e1lmur Dav\u00ed\u00f0s, Drottins \u00fej\u00f3nustumanns, til a\u00f0 syngja fyrir<\/p>\n<p>Eg segi af hjartans grunni um ath\u00e6fi hins \u00f3gu\u00f0hr\u00e6dda: \u00dea er hj\u00e1 honum enginn gu\u00f0s\u00f3tti.<\/p>\n<p>\t\u00deeir fegra sig sj\u00e1lfir s\u00edn \u00e1 milli so a\u00f0 \u00feeir fram komi s\u00ednu vondu m\u00e1lefni og umsn\u00fai annarra.<\/p>\n<p>\tAllur \u00feeirra l\u00e6rd\u00f3mur er ska\u00f0semi og lygar, \u00feeir l\u00e1ta ekki lei\u00f0r\u00e9tta sig so a\u00f0 \u00feeir gj\u00f6ri nokku\u00f0 gott<\/p>\n<p>\theldur hugsa \u00feeir \u00ed <span class=\"athugasemd\" title=\"sword \u00d3afl\u00e1tanlega hafa ei hv\u00edld\">[<\/span> hv\u00edlum s\u00ednum um ska\u00f0semina og standa fastir \u00e1 \u00feeim illskuvegi og for\u00f0ast ekkert illt.<\/p>\n<p>\tDrottinn, \u00fe\u00edn miskunnsemi tekur svo v\u00edtt sem himinninn er og \u00feinn sannleikur so langt sem sk\u00fdin \u00feau ganga.<\/p>\n<p>\t\u00deitt r\u00e9ttl\u00e6ti stendur l\u00edka sem <span class=\"athugasemd\" title=\"b \/ St\u00f6\u00f0uglega, \u00f3hr\u00e6ranlega\">[<\/span> fjalli\u00f0 Gu\u00f0s og \u00fe\u00ednir d\u00f3mar so sem miki\u00f0 regindj\u00fap, Drottinn, \u00fe\u00fa hj\u00e1lpar hvorumtveggju, b\u00e6\u00f0i m\u00f6nnum og f\u00e9na\u00f0i.<\/p>\n<p>\tGu\u00f0, hversu d\u00fdrm\u00e6t a\u00f0 er \u00fe\u00edn miskunn so \u00fea\u00f0 mannanna synir hafa traust undir skugga \u00feinna v\u00e6ngja!<\/p>\n<p>\t\u00deeir ver\u00f0a drukknir af n\u00e6g\u00f0arg\u00e6\u00f0um \u00fe\u00edns h\u00fass og \u00fe\u00fa drykkjar \u00fe\u00e1 me\u00f0 vellystingu so sem me\u00f0 rennanda vatni.<\/p>\n<p>\t\u00dev\u00ed a\u00f0 hj\u00e1 \u00fe\u00e9r er l\u00edfsins uppsprettubrunnurinn og \u00ed \u00fe\u00ednu lj\u00f3si sj\u00e1um v\u00e9r <span class=\"athugasemd\" title=\"c \/ Huggun, f\u00f6gnu\u00f0\">[<\/span> lj\u00f3si\u00f0.<\/p>\n<p>\tBrei\u00f0 \u00fe\u00fa \u00fe\u00edna miskunn \u00fat yfir \u00fe\u00e1 sem \u00feig me\u00f0kenna og \u00fe\u00edna r\u00e9ttv\u00edsi \u00fat yfir \u00fe\u00e1 sem r\u00e9ttv\u00edsir eru.<\/p>\n<p>\tL\u00e1t mig ei af \u00feeim drambl\u00e1tu f\u00f3ttro\u00f0inn ver\u00f0a og \u00fea\u00f0 h\u00f6nd hins \u00f3milda h\u00fan um koll sl\u00e1i mig ekki,<\/p>\n<p>\theldur l\u00e1ttu \u00fe\u00e1 illgj\u00f6r\u00f0amenn \u00fear \u00ed \u00feeim sta\u00f0 ni\u00f0ur falla svo a\u00f0 \u00feeir \u00ed burt drifnir ver\u00f0i og f\u00e1i ekki sta\u00f0i\u00f0.<\/p>\n","protected":false},"excerpt":{"rendered":"<p>XXXVI. S\u00e1lmur Dav\u00ed\u00f0s, Drottins \u00fej\u00f3nustumanns, til a\u00f0 syngja fyrir Eg segi af hjartans grunni um ath\u00e6fi hins \u00f3gu\u00f0hr\u00e6dda: \u00dea er hj\u00e1 honum enginn gu\u00f0s\u00f3tti. \u00deeir fegra sig sj\u00e1lfir s\u00edn \u00e1 milli so a\u00f0 \u00feeir fram komi s\u00ednu vondu m\u00e1lefni og umsn\u00fai annarra. Allur \u00feeirra l\u00e6rd\u00f3mur er ska\u00f0semi og lygar, \u00feeir l\u00e1ta ekki lei\u00f0r\u00e9tta sig so a\u00f0 \u00feeir gj\u00f6ri nokku\u00f0 gott heldur hugsa \u00feeir \u00ed [ hv\u00edlum s\u00ednum um ska\u00f0semina og standa fastir \u00e1 \u00feeim illskuvegi og for\u00f0ast ekkert illt. Drottinn, \u00fe\u00edn miskunnsemi tekur svo v\u00edtt sem himinninn er og \u00feinn sannleikur so langt sem sk\u00fdin \u00feau ganga. \u00deitt r\u00e9ttl\u00e6ti stendur <a href=\"https:\/\/biblian.is\/gudbrandsbiblia\/salmarnir-36-kafli\/\"> [&#8230;]<\/a><\/p>\n","protected":false},"author":1,"featured_media":0,"parent":0,"menu_order":0,"comment_status":"open","ping_status":"open","template":"bibliukaflar.php","meta":{"footnotes":""},"class_list":["post-3207","page","type-page","status-publish","hentry"],"_links":{"self":[{"href":"https:\/\/biblian.is\/gudbrandsbiblia\/wp-json\/wp\/v2\/pages\/3207","targetHints":{"allow":["GET"]}}],"collection":[{"href":"https:\/\/biblian.is\/gudbrandsbiblia\/wp-json\/wp\/v2\/pages"}],"about":[{"href":"https:\/\/biblian.is\/gudbrandsbiblia\/wp-json\/wp\/v2\/types\/page"}],"author":[{"embeddable":true,"href":"https:\/\/biblian.is\/gudbrandsbiblia\/wp-json\/wp\/v2\/users\/1"}],"replies":[{"embeddable":true,"href":"https:\/\/biblian.is\/gudbrandsbiblia\/wp-json\/wp\/v2\/comments?post=3207"}],"version-history":[{"count":0,"href":"https:\/\/biblian.is\/gudbrandsbiblia\/wp-json\/wp\/v2\/pages\/3207\/revisions"}],"wp:attachment":[{"href":"https:\/\/biblian.is\/gudbrandsbiblia\/wp-json\/wp\/v2\/media?parent=3207"}],"curies":[{"name":"wp","href":"https:\/\/api.w.org\/{rel}","templated":true}]}}