{"id":3206,"date":"2017-12-18T18:32:57","date_gmt":"2017-12-18T18:32:57","guid":{"rendered":"http:\/\/biblian.is\/gudbrandsbiblia\/salmarnir-35-kafli\/"},"modified":"2017-12-18T18:32:57","modified_gmt":"2017-12-18T18:32:57","slug":"salmarnir-35-kafli","status":"publish","type":"page","link":"https:\/\/biblian.is\/gudbrandsbiblia\/salmarnir-35-kafli\/","title":{"rendered":"S\u00e1lmarnir 35. kafli"},"content":{"rendered":"<p>XXXV.<\/p>\n<p>S\u00e1lmur Dav\u00ed\u00f0s<\/p>\n<p>M\u00f3tstatt \u00fe\u00fa, Drottinn, m\u00edna m\u00f3tst\u00f6\u00f0umenn og berstu vi\u00f0 \u00fe\u00e1 sem \u00ed m\u00f3ti m\u00e9r berjast.<\/p>\n<p>\t\u00der\u00edf \u00fe\u00fa skj\u00f6ldinn og spj\u00f3ti\u00f0 og tak \u00feig upp m\u00e9r til hj\u00e1lpar.<\/p>\n<p>\tRei\u00f0 \u00fe\u00fa til spj\u00f3ti\u00f0 og ver mig \u00ed m\u00f3ti m\u00ednum ofs\u00f3knurum, seg \u00fe\u00fa til minnar s\u00e1lar: &#8222;Eg em \u00fe\u00edn hj\u00e1lp.&#8220;<\/p>\n<p>\tSkammist \u00feeir s\u00edn og ver\u00f0i d\u00e1ra\u00f0ir sem leita a\u00f0 minni s\u00e1lu, fl\u00fdi \u00feeir og til skammar ver\u00f0i sem m\u00e9r vilja til vonda.<\/p>\n<p>\tVer\u00f0i \u00feeir sem moldarduft fyrir vindi og engill Drottins hann fordr\u00edfi \u00fe\u00e1.<\/p>\n<p>\t\u00deeirra vegur hann ver\u00f0i myrkur og h\u00e1lka og engill Drottins hann ofs\u00e6ki \u00fe\u00e1.\t<\/p>\n<p>\t\u00dev\u00ed a\u00f0 \u00feeir hafa fyrir \u00f6ngva s\u00f6k lagt s\u00ednar v\u00e9lasn\u00f6rur m\u00e9r til fordj\u00f6rfunar og hafa \u00e1n saka minni s\u00e1l gr\u00f6fina grafi\u00f0.<\/p>\n<p>\t\u00d3forvarandis komi \u00fea\u00f0 yfir hann og \u00fea\u00f0 neti\u00f0 sem hann hefur lagt vei\u00f0i hann sj\u00e1lfan og ver\u00f0i hann \u00fear me\u00f0 yfirfallinn.<\/p>\n<p>\tEn m\u00edn s\u00e1l h\u00fan gle\u00f0ji sig \u00ed Drottni og s\u00e9 gla\u00f0v\u00e6r \u00fat \u00ed hans hj\u00e1lpr\u00e6\u00f0i.<\/p>\n<p>\t\u00d6ll m\u00edn bein \u00feau mega vel segja: &#8222;Drottinn, hver er \u00fe\u00e9r l\u00edkur? \u00de\u00fa sem frelsar hinn vola\u00f0a \u00ed fr\u00e1 \u00feeim sem honum yfirsterkari er og \u00feann hinn f\u00e1t\u00e6ka og f\u00e1r\u00e1\u00f0a \u00ed fr\u00e1 r\u00e1nsm\u00f6nnum.&#8220;<\/p>\n<p>\t\u00dear st\u00f3\u00f0u upp illir lj\u00fagvottar og vitnu\u00f0u \u00fea\u00f0 \u00e1 mig sem eg var ekki valdur.<\/p>\n<p>\t\u00deeir gjalda m\u00e9r illt fyrir gott, a\u00f0 koma m\u00e9r \u00ed hjartans sorg.<\/p>\n<p>\tEn eg \u00fe\u00e1 e\u00f0 \u00feeir voru sj\u00fakir kl\u00e6ddist sorgarb\u00faningi, \u00fevingandi mig me\u00f0 f\u00f6stum og \u00fat af hjarta \u00fe\u00e1 ba\u00f0st eg fyrir.<\/p>\n<p>\tEg h\u00e9lt mig sem v\u00e6ri hann vinur minn og br\u00f3\u00f0ir, eg gekk hlj\u00f3\u00f0ur l\u00edka sem s\u00e1 e\u00f0 syrgir s\u00edna m\u00f3\u00f0ur.<\/p>\n<p>\tEn \u00feeir gle\u00f0ja sig yfir m\u00ednu ska\u00f0r\u00e6\u00f0i og taka sig saman, hinir <span class=\"athugasemd\" title=\"a \/ \u00deeir e\u00f0 haltra \u00e1 b\u00e1\u00f0ar f\u00e6tur, l\u00e1tast \u00fej\u00f3na Gu\u00f0i en \u00fe\u00f3 dj\u00f6flinum me\u00f0. y. Reg. xviy.\">[<\/span> h\u00f6ltu setja sig upp \u00e1 m\u00f3ti m\u00e9r fyrir sakleysi, \u00feeir hrifsa og kunna ei af a\u00f0 l\u00e1ta.<\/p>\n<p>\tMe\u00f0ur hr\u00e6snurum og h\u00e1\u00f0gj\u00f6rnum m\u00f6nnum b\u00faksins vegna bitu \u00feeir s\u00ednum t\u00f6nnum til samans yfir m\u00e9r.<\/p>\n<p>\tDrottinn, hversu lengi viltu sj\u00e1 upp \u00e1 \u00fea\u00f0? Frelsa \u00fe\u00fa m\u00edna s\u00e1lu \u00ed burt fr\u00e1 \u00feeirra harki og m\u00edna \u00fe\u00e1 eins\u00f6mu fr\u00e1 \u00feeim le\u00f3nahvolpunum.<\/p>\n<p>\t\u00cd \u00feeirri hinni miklu samkundu vil eg \u00fe\u00e9r \u00feakkir gj\u00f6ra og \u00e1 me\u00f0al mikils f\u00f3lksfj\u00f6lda vil eg lofa \u00feig.<\/p>\n<p>\tL\u00e1ttu \u00fe\u00e1 ekki gle\u00f0ja sig yfir m\u00e9r sem mig m\u00f3tfalla ranglegana og ekki \u00fe\u00e1 spotta mig me\u00f0 s\u00ednu augnatilliti sem mig hata fyrir ekkert.<\/p>\n<p>\t\u00dev\u00ed \u00feeir hugsa ska\u00f0a a\u00f0 gj\u00f6ra og leita falskra saka \u00ed m\u00f3ti \u00feeim kyrrl\u00e1tu \u00ed landinu.<\/p>\n<p>\tS\u00ednum munni gapa \u00feeir \u00ed sundur \u00e1 m\u00f3ti m\u00e9r og segja: &#8222;Vel, vel, \u00fea\u00f0 sj\u00e1um v\u00e9r gjarnan!&#8220;<\/p>\n<p>\tDrottinn, \u00fe\u00fa s\u00e9r \u00fea\u00f0, \u00feegi \u00fe\u00fa ekki, Drottinn, vertu m\u00e9r ekki fjarl\u00e6gur.<\/p>\n<p>\tStatt upp og vakna til m\u00edns r\u00e9ttar og til m\u00edns m\u00e1lefnis, minn Gu\u00f0 og Drottinn.<\/p>\n<p>\tDrottinn Gu\u00f0 minn, d\u00e6m \u00fe\u00fa mig eftir \u00fe\u00ednu r\u00e9ttl\u00e6ti so a\u00f0 \u00feeir gle\u00f0ji sig ekki yfir m\u00e9r.<\/p>\n<p>\tL\u00e1t \u00fe\u00e1 ekki segja \u00ed s\u00ednu hjarta: &#8222;Vel, vel, \u00fea\u00f0 vildum v\u00e9r, v\u00e9r h\u00f6fum uppsvelgt hann!&#8220;<\/p>\n<p>\tSkammist \u00feeir s\u00edn og a\u00f0 sk\u00f6mm ver\u00f0i \u00feeir allir sem gle\u00f0ja sig af m\u00ednum \u00f3f\u00f6rum, me\u00f0 sk\u00f6mm og forsm\u00e1n ver\u00f0i \u00feeir kl\u00e6ddir sem vondslega tala \u00e1 m\u00f3ti m\u00e9r.<\/p>\n<p>\tFagni og gle\u00f0jist \u00feeir sem m\u00e9r unna m\u00edns r\u00e9ttar a\u00f0 nj\u00f3ta og \u00feeir e\u00f0 \u00e6t\u00ed\u00f0 segja: &#8222;Mikillega s\u00e9 Drottin lofa\u00f0ur, s\u00e1 e\u00f0 s\u00ednum \u00fej\u00f3n vill vel.&#8220;<\/p>\n<p>\tOg m\u00edn tunga h\u00fan skal tala um \u00feitt r\u00e9ttl\u00e6ti og pr\u00edsa \u00feig daglegana.<\/p>\n","protected":false},"excerpt":{"rendered":"<p>XXXV. S\u00e1lmur Dav\u00ed\u00f0s M\u00f3tstatt \u00fe\u00fa, Drottinn, m\u00edna m\u00f3tst\u00f6\u00f0umenn og berstu vi\u00f0 \u00fe\u00e1 sem \u00ed m\u00f3ti m\u00e9r berjast. \u00der\u00edf \u00fe\u00fa skj\u00f6ldinn og spj\u00f3ti\u00f0 og tak \u00feig upp m\u00e9r til hj\u00e1lpar. Rei\u00f0 \u00fe\u00fa til spj\u00f3ti\u00f0 og ver mig \u00ed m\u00f3ti m\u00ednum ofs\u00f3knurum, seg \u00fe\u00fa til minnar s\u00e1lar: &#8222;Eg em \u00fe\u00edn hj\u00e1lp.&#8220; Skammist \u00feeir s\u00edn og ver\u00f0i d\u00e1ra\u00f0ir sem leita a\u00f0 minni s\u00e1lu, fl\u00fdi \u00feeir og til skammar ver\u00f0i sem m\u00e9r vilja til vonda. Ver\u00f0i \u00feeir sem moldarduft fyrir vindi og engill Drottins hann fordr\u00edfi \u00fe\u00e1. \u00deeirra vegur hann ver\u00f0i myrkur og h\u00e1lka og engill Drottins hann ofs\u00e6ki \u00fe\u00e1. \u00dev\u00ed a\u00f0 \u00feeir hafa <a href=\"https:\/\/biblian.is\/gudbrandsbiblia\/salmarnir-35-kafli\/\"> [&#8230;]<\/a><\/p>\n","protected":false},"author":1,"featured_media":0,"parent":0,"menu_order":0,"comment_status":"open","ping_status":"open","template":"bibliukaflar.php","meta":{"footnotes":""},"class_list":["post-3206","page","type-page","status-publish","hentry"],"_links":{"self":[{"href":"https:\/\/biblian.is\/gudbrandsbiblia\/wp-json\/wp\/v2\/pages\/3206","targetHints":{"allow":["GET"]}}],"collection":[{"href":"https:\/\/biblian.is\/gudbrandsbiblia\/wp-json\/wp\/v2\/pages"}],"about":[{"href":"https:\/\/biblian.is\/gudbrandsbiblia\/wp-json\/wp\/v2\/types\/page"}],"author":[{"embeddable":true,"href":"https:\/\/biblian.is\/gudbrandsbiblia\/wp-json\/wp\/v2\/users\/1"}],"replies":[{"embeddable":true,"href":"https:\/\/biblian.is\/gudbrandsbiblia\/wp-json\/wp\/v2\/comments?post=3206"}],"version-history":[{"count":0,"href":"https:\/\/biblian.is\/gudbrandsbiblia\/wp-json\/wp\/v2\/pages\/3206\/revisions"}],"wp:attachment":[{"href":"https:\/\/biblian.is\/gudbrandsbiblia\/wp-json\/wp\/v2\/media?parent=3206"}],"curies":[{"name":"wp","href":"https:\/\/api.w.org\/{rel}","templated":true}]}}