{"id":3205,"date":"2017-12-18T18:32:57","date_gmt":"2017-12-18T18:32:57","guid":{"rendered":"http:\/\/biblian.is\/gudbrandsbiblia\/salmarnir-34-kafli\/"},"modified":"2017-12-18T18:32:57","modified_gmt":"2017-12-18T18:32:57","slug":"salmarnir-34-kafli","status":"publish","type":"page","link":"https:\/\/biblian.is\/gudbrandsbiblia\/salmarnir-34-kafli\/","title":{"rendered":"S\u00e1lmarnir 34. kafli"},"content":{"rendered":"<p>XXXIIII.<\/p>\n<p>S\u00e1lmur Dav\u00ed\u00f0s \u00fe\u00e1 e\u00f0 hann breytti andliti s\u00ednu fyrir Ab\u00edmelek hver e\u00f0 rak hann fr\u00e1 s\u00e9r og hann f\u00f3r \u00ed burt. <span class=\"athugasemd\" title=\"1. Sam. 21\">[<\/span> <\/p>\n<p>Alla t\u00edma vil eg lofa Drottin, hans lofgj\u00f6r\u00f0 skal \u00e6t\u00ed\u00f0 vera \u00ed m\u00ednum munni.<\/p>\n<p>\tM\u00edn s\u00e1la skal hr\u00f3sa s\u00e9r \u00ed Drottni so \u00fea\u00f0 heyri hinir f\u00e1r\u00e1\u00f0u og gle\u00f0ji sig.<\/p>\n<p>\tVegsami \u00fe\u00e9r Drottin me\u00f0ur m\u00e9r og l\u00e1tum oss alla til samans upphefja hans nafn.<\/p>\n<p>\t\u00de\u00e1 a\u00f0 eg leita\u00f0i Drottins andsvara\u00f0i hann m\u00e9r og frelsa\u00f0i mig \u00fat af allri minni hr\u00e6\u00f0slu.<\/p>\n<p>\t\u00deeir e\u00f0 \u00e1 hann l\u00edta og til hans <span class=\"athugasemd\" title=\"a \/ \u00deeir sem \u00ferengja s\u00e9r fram til hans og svo sem yfirfalla hann, l\u00edka sem s\u00fa \u00fer\u00e1b\u00e6nin kvinna gj\u00f6r\u00f0i d\u00f3maranum. Luc. xviy. \u00dev\u00ed a\u00f0 \u00fea\u00f0 l\u00edkar honum \u00feegar nokkur leitar, ber, \u00e1 kn\u00fdr, me\u00f0 \u00f3afl\u00e1tanlegri b\u00e6n\">[<\/span> flykkjast \u00feeirra augsj\u00f3n ver\u00f0ur ekki til vansemdar.<\/p>\n<p>\t\u00de\u00e1 \u00feessi hinn f\u00e1t\u00e6ki kalla\u00f0i \u00fe\u00e1 b\u00e6nheyr\u00f0i Drottinn hann og hj\u00e1lpa\u00f0i honum \u00fat af allri sinni \u00e1nau\u00f0.<\/p>\n<p>\tEngill Drottins hann fylkir s\u00e9r \u00ed kringum \u00fe\u00e1 sem hann \u00f3ttast og hj\u00e1lpar \u00feeim \u00fea\u00f0an.<\/p>\n<p>\tSmakki \u00fe\u00e9r og sj\u00e1i\u00f0 hversu Drottinn hann er lj\u00fafur, s\u00e6ll er s\u00e1 ma\u00f0ur hver e\u00f0 \u00e1 hann treystir.<\/p>\n<p>\t\u00d3ttist Drottin, \u00fe\u00e9r hans heilagir, \u00fev\u00ed a\u00f0 \u00feeir sem hann \u00f3ttast hafa \u00f6ngvan brest.<\/p>\n<p>\tHinir r\u00edku munu vi\u00f0 \u00feurfa og hungur l\u00ed\u00f0a en \u00feeir sem leita Drottins munu \u00f6ngvan skort hafa af alls kyns g\u00f3\u00f0a.<\/p>\n<p>\tKomi\u00f0 hinga\u00f0, b\u00f6rn, hl\u00fd\u00f0i\u00f0 m\u00e9r, \u00f3tta Drottins vil eg kenna y\u00f0ur.<\/p>\n<p>\tHver er s\u00e1 manna sem girnist l\u00edfi\u00f0 og gjarnan vill hafa g\u00f3\u00f0a daga? <span class=\"athugasemd\" title=\"1. P\u00e9t. 3\">[<\/span> <\/p>\n<p>\t\u00de\u00e1 <span class=\"athugasemd\" title=\"b \/ Fl\u00fd falsl\u00e6rd\u00f3m, gj\u00f6r \u00f6\u00f0rum til g\u00f3\u00f0a og vert \u00feolinm\u00f3\u00f0ur\">[<\/span> vara \u00fe\u00fa \u00fe\u00edna tungu \u00ed fr\u00e1 illu og \u00fe\u00ednar varir svo a\u00f0 \u00fe\u00e6r tali ekki neina fl\u00e6r\u00f0.<\/p>\n<p>\tL\u00e1t af illu og gj\u00f6r hi\u00f0 g\u00f3\u00f0a, leita fri\u00f0arins og fylg honum eftir.<\/p>\n<p>\tAugu Drottins l\u00edta \u00e1 hina r\u00e9ttl\u00e1tu og hans eyru \u00e1 \u00feeirra kall<\/p>\n<p>\ten andlit Drottins skyggnir yfir \u00fe\u00e1 sem illa gj\u00f6ra svo \u00fea\u00f0 hann \u00ed burt skafi \u00feeirra minning af j\u00f6r\u00f0u.<\/p>\n<p>\tN\u00e6r e\u00f0 hinir (r\u00e9ttl\u00e1tu) kalla \u00fe\u00e1 heyrir Drottinn \u00fea\u00f0 og hj\u00e1lpar \u00feeim sem sorgbitnir eru \u00ed huganum.<\/p>\n<p>\tS\u00e1 hinn r\u00e9ttl\u00e1ti hl\u00fdtur margt a\u00f0 \u00feola en Drottinn frelsar hann \u00fat af \u00fev\u00ed \u00f6llu saman.<\/p>\n<p>\tHann forsvarar honum \u00f6ll hans bein so a\u00f0 ei eitt af \u00feeim \u00ed sundur brotnar.<\/p>\n<p>\t\u00d3g\u00e6fan h\u00fan drepur hinn \u00f3milda og hinir sem hata \u00feann r\u00e9ttl\u00e1ta \u00feeir munu sekir ver\u00f0a.<\/p>\n<p>\tDrottinn hann frelsar s\u00e1lir sinna \u00fej\u00f3nustumanna og allir \u00feeir e\u00f0 \u00e1 hann treysta munu s\u00fdkn saka ver\u00f0a.<\/p>\n","protected":false},"excerpt":{"rendered":"<p>XXXIIII. S\u00e1lmur Dav\u00ed\u00f0s \u00fe\u00e1 e\u00f0 hann breytti andliti s\u00ednu fyrir Ab\u00edmelek hver e\u00f0 rak hann fr\u00e1 s\u00e9r og hann f\u00f3r \u00ed burt. [ Alla t\u00edma vil eg lofa Drottin, hans lofgj\u00f6r\u00f0 skal \u00e6t\u00ed\u00f0 vera \u00ed m\u00ednum munni. M\u00edn s\u00e1la skal hr\u00f3sa s\u00e9r \u00ed Drottni so \u00fea\u00f0 heyri hinir f\u00e1r\u00e1\u00f0u og gle\u00f0ji sig. Vegsami \u00fe\u00e9r Drottin me\u00f0ur m\u00e9r og l\u00e1tum oss alla til samans upphefja hans nafn. \u00de\u00e1 a\u00f0 eg leita\u00f0i Drottins andsvara\u00f0i hann m\u00e9r og frelsa\u00f0i mig \u00fat af allri minni hr\u00e6\u00f0slu. \u00deeir e\u00f0 \u00e1 hann l\u00edta og til hans [ flykkjast \u00feeirra augsj\u00f3n ver\u00f0ur ekki til vansemdar. \u00de\u00e1 \u00feessi <a href=\"https:\/\/biblian.is\/gudbrandsbiblia\/salmarnir-34-kafli\/\"> [&#8230;]<\/a><\/p>\n","protected":false},"author":1,"featured_media":0,"parent":0,"menu_order":0,"comment_status":"open","ping_status":"open","template":"bibliukaflar.php","meta":{"footnotes":""},"class_list":["post-3205","page","type-page","status-publish","hentry"],"_links":{"self":[{"href":"https:\/\/biblian.is\/gudbrandsbiblia\/wp-json\/wp\/v2\/pages\/3205","targetHints":{"allow":["GET"]}}],"collection":[{"href":"https:\/\/biblian.is\/gudbrandsbiblia\/wp-json\/wp\/v2\/pages"}],"about":[{"href":"https:\/\/biblian.is\/gudbrandsbiblia\/wp-json\/wp\/v2\/types\/page"}],"author":[{"embeddable":true,"href":"https:\/\/biblian.is\/gudbrandsbiblia\/wp-json\/wp\/v2\/users\/1"}],"replies":[{"embeddable":true,"href":"https:\/\/biblian.is\/gudbrandsbiblia\/wp-json\/wp\/v2\/comments?post=3205"}],"version-history":[{"count":0,"href":"https:\/\/biblian.is\/gudbrandsbiblia\/wp-json\/wp\/v2\/pages\/3205\/revisions"}],"wp:attachment":[{"href":"https:\/\/biblian.is\/gudbrandsbiblia\/wp-json\/wp\/v2\/media?parent=3205"}],"curies":[{"name":"wp","href":"https:\/\/api.w.org\/{rel}","templated":true}]}}