{"id":3204,"date":"2017-12-18T18:32:57","date_gmt":"2017-12-18T18:32:57","guid":{"rendered":"http:\/\/biblian.is\/gudbrandsbiblia\/salmarnir-33-kafli\/"},"modified":"2017-12-18T18:32:57","modified_gmt":"2017-12-18T18:32:57","slug":"salmarnir-33-kafli","status":"publish","type":"page","link":"https:\/\/biblian.is\/gudbrandsbiblia\/salmarnir-33-kafli\/","title":{"rendered":"S\u00e1lmarnir 33. kafli"},"content":{"rendered":"<p>XXXIII.<\/p>\n<p>S\u00e1lmur Dav\u00ed\u00f0s<\/p>\n<p>Gle\u00f0ji\u00f0 y\u00f0ur, \u00fe\u00e9r r\u00e9ttl\u00e1tir, \u00ed Drottni, hinir r\u00e9ttfer\u00f0ugu skulu lofa hann fagurlegana.<\/p>\n<p>\t\u00deakki\u00f0 Drottni me\u00f0 h\u00f6rpusl\u00e6tti og lofsyngi\u00f0 honum \u00e1 t\u00edu strengja hlj\u00f3\u00f0f\u00e6ri.<\/p>\n<p>\tSyngi\u00f0 honum n\u00fdjan dikt og stilli\u00f0 honum \u00fea\u00f0 hlj\u00f3\u00f0f\u00e6ri vel me\u00f0 h\u00e1kv\u00e6\u00f0is lofs\u00f6ng.<\/p>\n<p>\t\u00dev\u00ed a\u00f0 or\u00f0i\u00f0 Drottins er sannarlegt og hva\u00f0 hann lofar \u00fea\u00f0 efnir hann vissulega.<\/p>\n<p>\tHann elskar r\u00e9ttv\u00edsina og d\u00f3minn, j\u00f6r\u00f0in h\u00fan er og full af miskunn Drottins.<\/p>\n<p>\tHimnarnir eru fyrir or\u00f0i\u00f0 Drottins gj\u00f6r\u00f0ir og fyrir anda hans munns allur \u00feeirra her.<\/p>\n<p>\tHann heldur vatninu til samans \u00ed sj\u00f3num svo sem \u00ed \u00f6\u00f0rum belg og leggur undirdj\u00fapin \u00ed leynd.<\/p>\n<p>\t\u00d6ll ver\u00f6ldin h\u00fan \u00f3ttist Drottin og fyrir honum hr\u00e6\u00f0ist allt hva\u00f0 \u00e1 j\u00f6r\u00f0u byggir.<\/p>\n<p>\t\u00dev\u00ed a\u00f0 svo sem hann segir, svo ske\u00f0ur \u00fea\u00f0, so sem hann skipar, so stendur \u00fea\u00f0.<\/p>\n<p>\tDrottinn hann \u00f3n\u00fdtar gj\u00f6rir r\u00e1\u00f0agj\u00f6r\u00f0ir hinna hei\u00f0nu og umsn\u00fdr hugsunum f\u00f3lksins.<\/p>\n<p>\tEn r\u00e1\u00f0 Drottins \u00fea\u00f0 bl\u00edfur eil\u00edflegana, hans hjartans hugsanir um aldur og \u00e6vi.<\/p>\n<p>\tS\u00e6l er s\u00fa \u00fej\u00f3\u00f0 hverra Gu\u00f0 \u00fea\u00f0 Drottinn er og \u00fea\u00f0 f\u00f3lk hvert hann hefur s\u00e9r til arfleif\u00f0ar \u00fatvali\u00f0.<\/p>\n<p>\tDrottinn hann l\u00edtur af himni ofan og s\u00e9r alla mannanna sonu.<\/p>\n<p>\t\u00dat af s\u00ednu voldugu tignars\u00e6ti l\u00edtur hann yfir alla \u00fe\u00e1 sem \u00e1 j\u00f6r\u00f0u byggja. <span class=\"athugasemd\" title=\"Ebre. 4\">[<\/span> <\/p>\n<p>\tHann <span class=\"athugasemd\" title=\"a \/ Allar \u00feeirra hugsanir beygir hann og hneigir eftir s\u00ednum vilja\">[<\/span> hneigir allra \u00feeirra hj\u00f6rtu, hann hyggur a\u00f0 allra \u00feeirra verkum.<\/p>\n<p>\tKonunginum sto\u00f0ar ekki sitt hi\u00f0 mikla magtarveldi og risinn hann hj\u00e1lpast ekki fyrir sinn mikla mannskap,<\/p>\n<p>\tv\u00edghestar \u00feeir hj\u00e1lpa og einnin ekki og \u00feeirra hi\u00f0 mikla afl \u00fea\u00f0 frelsar ekki.<\/p>\n<p>\tSj\u00e1 \u00fe\u00fa, augu Drottins eru yfir \u00feeim sem hann \u00f3ttast og yfir \u00feeim sem vona upp \u00e1 hans miskunnsemi<\/p>\n<p>\tsvo \u00fea\u00f0 hann frelsar \u00feeirra s\u00e1lir \u00far dau\u00f0anum og gefur \u00feeim f\u00e6\u00f0slu \u00ed hall\u00e6rinu. <span class=\"athugasemd\" title=\"S\u00e1l. 34; 37\">[<\/span> <\/p>\n<p>\tS\u00e1la vor h\u00fan v\u00e6ntir Drottins \u00fev\u00ed a\u00f0 hann er vor hj\u00e1lp og hl\u00edf\u00f0arskj\u00f6ldur.<\/p>\n<p>\t\u00dev\u00ed a\u00f0 \u00ed honum gle\u00f0jast vor hj\u00f6rtu og v\u00e9r vonum \u00e1 hans hi\u00f0 heilaga nafn.<\/p>\n<p>\t\u00de\u00edn miskunn, Drottinn, h\u00fan s\u00e9 yfir oss eftir \u00fev\u00ed sem v\u00e9r vonum \u00e1 \u00feig.<\/p>\n","protected":false},"excerpt":{"rendered":"<p>XXXIII. S\u00e1lmur Dav\u00ed\u00f0s Gle\u00f0ji\u00f0 y\u00f0ur, \u00fe\u00e9r r\u00e9ttl\u00e1tir, \u00ed Drottni, hinir r\u00e9ttfer\u00f0ugu skulu lofa hann fagurlegana. \u00deakki\u00f0 Drottni me\u00f0 h\u00f6rpusl\u00e6tti og lofsyngi\u00f0 honum \u00e1 t\u00edu strengja hlj\u00f3\u00f0f\u00e6ri. Syngi\u00f0 honum n\u00fdjan dikt og stilli\u00f0 honum \u00fea\u00f0 hlj\u00f3\u00f0f\u00e6ri vel me\u00f0 h\u00e1kv\u00e6\u00f0is lofs\u00f6ng. \u00dev\u00ed a\u00f0 or\u00f0i\u00f0 Drottins er sannarlegt og hva\u00f0 hann lofar \u00fea\u00f0 efnir hann vissulega. Hann elskar r\u00e9ttv\u00edsina og d\u00f3minn, j\u00f6r\u00f0in h\u00fan er og full af miskunn Drottins. Himnarnir eru fyrir or\u00f0i\u00f0 Drottins gj\u00f6r\u00f0ir og fyrir anda hans munns allur \u00feeirra her. Hann heldur vatninu til samans \u00ed sj\u00f3num svo sem \u00ed \u00f6\u00f0rum belg og leggur undirdj\u00fapin \u00ed leynd. \u00d6ll ver\u00f6ldin h\u00fan <a href=\"https:\/\/biblian.is\/gudbrandsbiblia\/salmarnir-33-kafli\/\"> [&#8230;]<\/a><\/p>\n","protected":false},"author":1,"featured_media":0,"parent":0,"menu_order":0,"comment_status":"open","ping_status":"open","template":"bibliukaflar.php","meta":{"footnotes":""},"class_list":["post-3204","page","type-page","status-publish","hentry"],"_links":{"self":[{"href":"https:\/\/biblian.is\/gudbrandsbiblia\/wp-json\/wp\/v2\/pages\/3204","targetHints":{"allow":["GET"]}}],"collection":[{"href":"https:\/\/biblian.is\/gudbrandsbiblia\/wp-json\/wp\/v2\/pages"}],"about":[{"href":"https:\/\/biblian.is\/gudbrandsbiblia\/wp-json\/wp\/v2\/types\/page"}],"author":[{"embeddable":true,"href":"https:\/\/biblian.is\/gudbrandsbiblia\/wp-json\/wp\/v2\/users\/1"}],"replies":[{"embeddable":true,"href":"https:\/\/biblian.is\/gudbrandsbiblia\/wp-json\/wp\/v2\/comments?post=3204"}],"version-history":[{"count":0,"href":"https:\/\/biblian.is\/gudbrandsbiblia\/wp-json\/wp\/v2\/pages\/3204\/revisions"}],"wp:attachment":[{"href":"https:\/\/biblian.is\/gudbrandsbiblia\/wp-json\/wp\/v2\/media?parent=3204"}],"curies":[{"name":"wp","href":"https:\/\/api.w.org\/{rel}","templated":true}]}}