{"id":3203,"date":"2017-12-18T18:32:57","date_gmt":"2017-12-18T18:32:57","guid":{"rendered":"http:\/\/biblian.is\/gudbrandsbiblia\/salmarnir-32-kafli\/"},"modified":"2017-12-18T18:32:57","modified_gmt":"2017-12-18T18:32:57","slug":"salmarnir-32-kafli","status":"publish","type":"page","link":"https:\/\/biblian.is\/gudbrandsbiblia\/salmarnir-32-kafli\/","title":{"rendered":"S\u00e1lmarnir 32. kafli"},"content":{"rendered":"<p>XXXII.<\/p>\n<p>Menntunarfr\u00e6\u00f0i Dav\u00ed\u00f0s<\/p>\n<p>S\u00e6lir eru \u00feeir hverjum a\u00f0 misgj\u00f6r\u00f0irnar eru fyrirgefnar og \u00feeir hverja syndir a\u00f0 eru huldar. <span class=\"athugasemd\" title=\"R\u00f3m. 4\">[<\/span><\/p>\n<p>\tS\u00e6ll er s\u00e1 ma\u00f0ur hverjum Drottinn tilreiknar ekki syndina, \u00ed hvers anda \u00fea\u00f0 engin fl\u00e6r\u00f0 er.<\/p>\n<p>\t\u00dev\u00ed a\u00f0 \u00fe\u00e1 eg vildi hafa <span class=\"athugasemd\" title=\"a \/ (\u00deaga\u00f0) \/ \u00dea\u00f0 er, \u00fe\u00e1 eg vilda ekki me\u00f0kenna \u00fea\u00f0 me\u00f0 m\u00e9r v\u00e6ri ekki utan synd \u00fe\u00e1 haf\u00f0i m\u00edn samviska \u00f6ngva r\u00f3, \u00fear til eg hlaut a\u00f0 me\u00f0kenna \u00fea\u00f0 og tr\u00faa og treysta alleina upp \u00e1 Gu\u00f0s g\u00e6sku\">[<\/span> \u00feaga\u00f0 \u00fe\u00e1 ur\u00f0u m\u00edn bein m\u00e1ttlaus af minni daglegri kveinan.<\/p>\n<p>\t\u00dev\u00ed a\u00f0 \u00fe\u00edn h\u00f6nd var n\u00f3tt sem dag \u00feung yfir m\u00e9r so a\u00f0 m\u00edn v\u00f6kvan upp\u00feorna\u00f0i svo sem \u00e1 sumar\u00feerrir. Sela.<\/p>\n<p>\t\u00dear fyrir me\u00f0kenni eg m\u00ednar syndir og dreg ekki dulur \u00e1 minn misgj\u00f6rning. Eg sag\u00f0a: &#8222;J\u00e1ta vil eg Drottni m\u00ednar yfirtro\u00f0slur.&#8220; \u00de\u00e1 fyrirgafst \u00fe\u00fa m\u00e9r \u00feann misverkna\u00f0 minnar syndar. Sela.<\/p>\n<p>\t\u00dear um munu allir heilagir \u00feig bi\u00f0ja \u00ed hagkv\u00e6man t\u00edma, \u00fear fyrir n\u00e6r e\u00f0 fl\u00f3\u00f0i\u00f0 mikilla vatna \u00fea\u00f0 kemur \u00fe\u00e1 n\u00e1ir \u00fea\u00f0 hvergi til hinna s\u00f6mu.<\/p>\n<p>\t\u00de\u00fa ert mitt athvarf, var\u00f0veit mig fyrir angist a\u00f0 eg so frelsa\u00f0ur me\u00f0 \u00f6llu gla\u00f0v\u00e6r kunni a\u00f0 pr\u00edsa \u00feig. Sela.<\/p>\n<p>\tEg vil undirv\u00edsa \u00fe\u00e9r og v\u00edsa \u00fe\u00e9r \u00feann veginn sem \u00fe\u00fa \u00e1tt a\u00f0 ganga, eg vil me\u00f0 m\u00ednum augum lei\u00f0a \u00feig.<\/p>\n<p>\tVeri\u00f0 ekki so sem hestar og m\u00falar \u00ed hverjum \u00fea\u00f0 enginn skilningur er, hverjum menn ver\u00f0a bitil og beisl \u00ed munn a\u00f0 leggja n\u00e6r e\u00f0 \u00feeir vilja ekki til \u00fe\u00edn.<\/p>\n<p>\tS\u00e1 hinn \u00f3gu\u00f0hr\u00e6ddi hefur margar pl\u00e1gur en hver e\u00f0 hann vonar \u00e1 Drottin \u00feann sama mun miskunnsemi umkringja.<\/p>\n<p>\tGle\u00f0ji\u00f0 y\u00f0ur \u00ed Drottni og veri\u00f0 gla\u00f0ir, \u00fe\u00e9r r\u00e9ttl\u00e1tir, og hr\u00f3si\u00f0 \u00fear af, allir r\u00e9ttfer\u00f0ugir \u00ed hjarta.<\/p>\n","protected":false},"excerpt":{"rendered":"<p>XXXII. Menntunarfr\u00e6\u00f0i Dav\u00ed\u00f0s S\u00e6lir eru \u00feeir hverjum a\u00f0 misgj\u00f6r\u00f0irnar eru fyrirgefnar og \u00feeir hverja syndir a\u00f0 eru huldar. [ S\u00e6ll er s\u00e1 ma\u00f0ur hverjum Drottinn tilreiknar ekki syndina, \u00ed hvers anda \u00fea\u00f0 engin fl\u00e6r\u00f0 er. \u00dev\u00ed a\u00f0 \u00fe\u00e1 eg vildi hafa [ \u00feaga\u00f0 \u00fe\u00e1 ur\u00f0u m\u00edn bein m\u00e1ttlaus af minni daglegri kveinan. \u00dev\u00ed a\u00f0 \u00fe\u00edn h\u00f6nd var n\u00f3tt sem dag \u00feung yfir m\u00e9r so a\u00f0 m\u00edn v\u00f6kvan upp\u00feorna\u00f0i svo sem \u00e1 sumar\u00feerrir. Sela. \u00dear fyrir me\u00f0kenni eg m\u00ednar syndir og dreg ekki dulur \u00e1 minn misgj\u00f6rning. Eg sag\u00f0a: &#8222;J\u00e1ta vil eg Drottni m\u00ednar yfirtro\u00f0slur.&#8220; \u00de\u00e1 fyrirgafst \u00fe\u00fa m\u00e9r \u00feann misverkna\u00f0 <a href=\"https:\/\/biblian.is\/gudbrandsbiblia\/salmarnir-32-kafli\/\"> [&#8230;]<\/a><\/p>\n","protected":false},"author":1,"featured_media":0,"parent":0,"menu_order":0,"comment_status":"open","ping_status":"open","template":"bibliukaflar.php","meta":{"footnotes":""},"class_list":["post-3203","page","type-page","status-publish","hentry"],"_links":{"self":[{"href":"https:\/\/biblian.is\/gudbrandsbiblia\/wp-json\/wp\/v2\/pages\/3203","targetHints":{"allow":["GET"]}}],"collection":[{"href":"https:\/\/biblian.is\/gudbrandsbiblia\/wp-json\/wp\/v2\/pages"}],"about":[{"href":"https:\/\/biblian.is\/gudbrandsbiblia\/wp-json\/wp\/v2\/types\/page"}],"author":[{"embeddable":true,"href":"https:\/\/biblian.is\/gudbrandsbiblia\/wp-json\/wp\/v2\/users\/1"}],"replies":[{"embeddable":true,"href":"https:\/\/biblian.is\/gudbrandsbiblia\/wp-json\/wp\/v2\/comments?post=3203"}],"version-history":[{"count":0,"href":"https:\/\/biblian.is\/gudbrandsbiblia\/wp-json\/wp\/v2\/pages\/3203\/revisions"}],"wp:attachment":[{"href":"https:\/\/biblian.is\/gudbrandsbiblia\/wp-json\/wp\/v2\/media?parent=3203"}],"curies":[{"name":"wp","href":"https:\/\/api.w.org\/{rel}","templated":true}]}}