{"id":3202,"date":"2017-12-18T18:32:57","date_gmt":"2017-12-18T18:32:57","guid":{"rendered":"http:\/\/biblian.is\/gudbrandsbiblia\/salmarnir-31-kafli\/"},"modified":"2017-12-18T18:32:57","modified_gmt":"2017-12-18T18:32:57","slug":"salmarnir-31-kafli","status":"publish","type":"page","link":"https:\/\/biblian.is\/gudbrandsbiblia\/salmarnir-31-kafli\/","title":{"rendered":"S\u00e1lmarnir 31. kafli"},"content":{"rendered":"<p>XXXI.<\/p>\n<p>S\u00e1lmur Dav\u00ed\u00f0s til a\u00f0 syngja fyrir <\/p>\n<p>\u00c1 \u00feig, Drottinn, treysti eg, l\u00e1t mig aldrei til skammar ver\u00f0a, frelsa mig \u00fe\u00edns r\u00e9ttl\u00e6tis vegna.<\/p>\n<p>\tHneig \u00feitt eyra til m\u00edn, skj\u00f3tlega \u00fe\u00e1 hj\u00e1lpa \u00fe\u00fa m\u00e9r.<\/p>\n<p>\tVertu m\u00e9r \u00f6ruggt bjarg og v\u00edgi svo a\u00f0 \u00fe\u00fa frelsir mig.<\/p>\n<p>\t\u00dev\u00ed a\u00f0 \u00fe\u00fa ert mitt bjarg og mitt v\u00edgi og fyrir \u00fe\u00edns nafns sakir \u00fe\u00e1 lei\u00f0 \u00fe\u00fa mig og st\u00fdr m\u00e9r.<\/p>\n<p>\t\u00datlei\u00f0 \u00fe\u00fa mig af sn\u00f6runni sem \u00feeir hafa egnt fyrir m\u00e9r \u00fev\u00ed a\u00f0 \u00fe\u00fa ert minn styrkur.<\/p>\n<p>\t\u00cd \u00fe\u00ednar hendur fel eg minn anda, \u00fe\u00fa Drottinn Gu\u00f0 sannleiksins, \u00fe\u00fa hefur frelsa\u00f0 mig.<\/p>\n<p>\tEg hata \u00fe\u00e1 sem halda \u00fat af \u00f3nytsamlegum kenningum en eg vona \u00e1 \u00feig, Drottinn.<\/p>\n<p>\tEg gle\u00f0 mig og em gla\u00f0v\u00e6r yfir \u00feinni miskunnsemi \u00fev\u00ed a\u00f0 \u00fe\u00fa \u00e1l\u00edtur m\u00edna eymd og \u00feekkir s\u00e1lu m\u00edna \u00ed m\u00f3tganginum.<\/p>\n<p>\tOg \u00fe\u00fa yfirgafst mig ei \u00fat \u00ed \u00f3vina hendur, \u00fe\u00fa settir m\u00edna f\u00e6tur \u00fear \u00feeir hafa n\u00f3g r\u00fam.<\/p>\n<p>\tMiskunna \u00fe\u00fa m\u00e9r, Drottinn, \u00fev\u00ed a\u00f0 eg kvelst, mitt yfirbrag\u00f0 er ni\u00f0urhruni\u00f0 af harmi, \u00fear a\u00f0 auk m\u00edn s\u00e1la og minn kvi\u00f0ur.<\/p>\n<p>\tMitt l\u00edf er \u00fat af hrygg\u00f0inni a\u00f0 \u00ferotum komi\u00f0 og m\u00edn \u00e1ratala af \u00feungri andvarpan.<\/p>\n<p>\tMinn kraftur er ni\u00f0urfallinn fyrir minna misgj\u00f6rninga sakir og m\u00edn bein \u00feau eru m\u00e1ttlaus or\u00f0in.<\/p>\n<p>\tSvo illa \u00fe\u00e1 gengur m\u00e9r a\u00f0 eg em mikil sm\u00e1n or\u00f0in m\u00ednum n\u00e1gr\u00f6nnum og vi\u00f0bj\u00f3\u00f0ur m\u00ednum kunningjum, \u00feeir e\u00f0 mig s\u00e1u \u00fati fl\u00fd\u00f0u fyrir m\u00e9r.<\/p>\n<p>\tM\u00edn er forgleymt \u00ed hjartanu l\u00edka sem framli\u00f0ins manns, eg em or\u00f0inn so sem anna\u00f0 \u00ed sundur broti\u00f0 ker.<\/p>\n<p>\t\u00dev\u00ed a\u00f0 margir lasta mig illa so \u00fea\u00f0 hver ma\u00f0ur stuggar vi\u00f0 m\u00e9r, \u00feeir bera s\u00edn r\u00e1\u00f0 til samans yfir m\u00e9r og \u00feenkja mig l\u00edfi a\u00f0 svipta.<\/p>\n<p>\tEn eg vona \u00e1 Drottin og segi: &#8222;\u00de\u00fa ert minn Gu\u00f0.&#8220;<\/p>\n<p>\tM\u00ednir t\u00edmar eru \u00ed \u00feinni hendi, frelsa \u00fe\u00fa mig af hendi \u00f3vina minna og \u00ed fr\u00e1 \u00feeim sem ofs\u00e6kja mig.<\/p>\n<p>\tL\u00e1ttu \u00feitt andlit sk\u00edna yfir \u00fer\u00e6li \u00fe\u00ednum, hj\u00e1lpa \u00fe\u00fa m\u00e9r \u00feinnar miskunnar vegna.<\/p>\n<p>\tL\u00e1t \u00fe\u00fa mig ekki, Drottinn, til skammar ver\u00f0a \u00fev\u00ed a\u00f0 eg \u00e1kalla \u00feig, hinir \u00f3gu\u00f0hr\u00e6ddu hlj\u00f3ta til skammar og ni\u00f0ur \u00feagga\u00f0ir a\u00f0 ver\u00f0a \u00ed helv\u00edti.<\/p>\n<p>\tM\u00e1llausir ver\u00f0a \u00feeir falsfullir munnar, \u00feeir e\u00f0 har\u00f0lega, hofm\u00f3\u00f0ugt og forsm\u00e1narlega tala \u00ed m\u00f3ti \u00feeim hinum r\u00e9ttfer\u00f0uga.<\/p>\n<p>\tHversu mikil er \u00fe\u00edn g\u00f3\u00f0girni hverja \u00fe\u00fa hefur geymt \u00feeim sem \u00feig \u00f3ttast og veittir \u00feeim sem treysta \u00e1 \u00feig \u00ed manna augliti!<\/p>\n<p>\t\u00de\u00fa byrgir \u00fe\u00e1 heimuglega hj\u00e1 \u00fe\u00e9r fyrir hvers manns \u00feakk, \u00fe\u00fa felur \u00fe\u00e1 \u00ed \u00feinni tjaldb\u00fa\u00f0 fyrir \u00feeim \u00fer\u00e6tus\u00f6mum tungum.<\/p>\n<p>\tLofa\u00f0ur s\u00e9 Drottin \u00fev\u00ed a\u00f0 hann hefur au\u00f0s\u00fdnt m\u00e9r d\u00e1samlega g\u00f3\u00f0girni \u00ed einum \u00f6ruggum sta\u00f0.<\/p>\n<p>\t\u00de\u00e1 eg sag\u00f0i \u00ed minni efasemi: &#8222;Eg em \u00ed burt drifinn fr\u00e1 \u00e1sj\u00f3n \u00feinna augna&#8220;, \u00fe\u00f3 heyr\u00f0ir \u00fe\u00fa r\u00f6dd minnar gr\u00e1tbei\u00f0ni \u00fe\u00e1 eg kalla\u00f0i til \u00fe\u00edn.<\/p>\n<p>\tElski \u00fe\u00e9r Drottin, allir hans heilagir, Drottinn hann verndar \u00fe\u00e1 hina r\u00e9tttr\u00fau\u00f0u og endurgeldur \u00feeim r\u00edkuglega sem drambl\u00e6ti\u00f0 t\u00ed\u00f0ka.<\/p>\n<p>\tVeri\u00f0 hraustir og hugdjarfir, \u00fe\u00e9r allir sem Drottins b\u00ed\u00f0i\u00f0.<\/p>\n","protected":false},"excerpt":{"rendered":"<p>XXXI. S\u00e1lmur Dav\u00ed\u00f0s til a\u00f0 syngja fyrir \u00c1 \u00feig, Drottinn, treysti eg, l\u00e1t mig aldrei til skammar ver\u00f0a, frelsa mig \u00fe\u00edns r\u00e9ttl\u00e6tis vegna. Hneig \u00feitt eyra til m\u00edn, skj\u00f3tlega \u00fe\u00e1 hj\u00e1lpa \u00fe\u00fa m\u00e9r. Vertu m\u00e9r \u00f6ruggt bjarg og v\u00edgi svo a\u00f0 \u00fe\u00fa frelsir mig. \u00dev\u00ed a\u00f0 \u00fe\u00fa ert mitt bjarg og mitt v\u00edgi og fyrir \u00fe\u00edns nafns sakir \u00fe\u00e1 lei\u00f0 \u00fe\u00fa mig og st\u00fdr m\u00e9r. \u00datlei\u00f0 \u00fe\u00fa mig af sn\u00f6runni sem \u00feeir hafa egnt fyrir m\u00e9r \u00fev\u00ed a\u00f0 \u00fe\u00fa ert minn styrkur. \u00cd \u00fe\u00ednar hendur fel eg minn anda, \u00fe\u00fa Drottinn Gu\u00f0 sannleiksins, \u00fe\u00fa hefur frelsa\u00f0 mig. Eg hata \u00fe\u00e1 <a href=\"https:\/\/biblian.is\/gudbrandsbiblia\/salmarnir-31-kafli\/\"> [&#8230;]<\/a><\/p>\n","protected":false},"author":1,"featured_media":0,"parent":0,"menu_order":0,"comment_status":"open","ping_status":"open","template":"bibliukaflar.php","meta":{"footnotes":""},"class_list":["post-3202","page","type-page","status-publish","hentry"],"_links":{"self":[{"href":"https:\/\/biblian.is\/gudbrandsbiblia\/wp-json\/wp\/v2\/pages\/3202","targetHints":{"allow":["GET"]}}],"collection":[{"href":"https:\/\/biblian.is\/gudbrandsbiblia\/wp-json\/wp\/v2\/pages"}],"about":[{"href":"https:\/\/biblian.is\/gudbrandsbiblia\/wp-json\/wp\/v2\/types\/page"}],"author":[{"embeddable":true,"href":"https:\/\/biblian.is\/gudbrandsbiblia\/wp-json\/wp\/v2\/users\/1"}],"replies":[{"embeddable":true,"href":"https:\/\/biblian.is\/gudbrandsbiblia\/wp-json\/wp\/v2\/comments?post=3202"}],"version-history":[{"count":0,"href":"https:\/\/biblian.is\/gudbrandsbiblia\/wp-json\/wp\/v2\/pages\/3202\/revisions"}],"wp:attachment":[{"href":"https:\/\/biblian.is\/gudbrandsbiblia\/wp-json\/wp\/v2\/media?parent=3202"}],"curies":[{"name":"wp","href":"https:\/\/api.w.org\/{rel}","templated":true}]}}