{"id":3200,"date":"2017-12-18T18:32:57","date_gmt":"2017-12-18T18:32:57","guid":{"rendered":"http:\/\/biblian.is\/gudbrandsbiblia\/salmarnir-29-kafli\/"},"modified":"2017-12-18T18:32:57","modified_gmt":"2017-12-18T18:32:57","slug":"salmarnir-29-kafli","status":"publish","type":"page","link":"https:\/\/biblian.is\/gudbrandsbiblia\/salmarnir-29-kafli\/","title":{"rendered":"S\u00e1lmarnir 29. kafli"},"content":{"rendered":"<p>XXIX.<\/p>\n<p>S\u00e1lmur Dav\u00ed\u00f0s<\/p>\n<p>F\u00e6ri\u00f0 hinga\u00f0 Drottni, \u00fe\u00e9r voldugir, <span class=\"athugasemd\" title=\"sword gefi\u00f0 Drottni d\u00fdr\u00f0ina\">[<\/span> f\u00e6ri\u00f0 hinga\u00f0 Drottni d\u00fdr\u00f0ina og styrkleikann.<\/p>\n<p>\tF\u00e6ri\u00f0 hinga\u00f0 Drottni d\u00fdr\u00f0ina hans nafns, tilbi\u00f0ji\u00f0 Drottin \u00ed heil\u00f6gum skr\u00fa\u00f0a.<\/p>\n<p>\tRaustin Drottins gekk yfir v\u00f6tnin, Gu\u00f0 d\u00fdr\u00f0arinnar l\u00e6tur rei\u00f0ar\u00ferumurnar sl\u00e1, Drottinn yfir miklum v\u00f6tnum.<\/p>\n<p>\tR\u00f6dd Drottins gengur me\u00f0 krafti, r\u00f6dd Drottins fer d\u00fdr\u00f0arlega.<\/p>\n<p>\tRraustin Drottins h\u00fan \u00ed sundur br\u00fdtur sedrusvi\u00f0inn, Drottinn hann \u00ed sundur br\u00fdtur sedrustr\u00e9n \u00ed L\u00edbanon<\/p>\n<p>\tog l\u00e6tur \u00feau st\u00f6kkva upp sem annan k\u00e1lf, L\u00edbanon og Sirjon sem einn ungan einhyrning.<\/p>\n<p>\tRaustin Drottins h\u00fan sundrar sem eldslogi.<\/p>\n<p>\tRaustin Drottins skelfir ey\u00f0im\u00f6rkina, raustin Drottins hr\u00e6rir ey\u00f0im\u00f6rkina Kades.<\/p>\n<p>\tRaustin Drottins skelfir hindurnar og sney\u00f0ir sk\u00f3gana og \u00ed hans musteri mun honum hver sem einn loflega d\u00fdr\u00f0 segja.<\/p>\n<p>\tDrottinn hann situr til a\u00f0 gj\u00f6ra vatsfl\u00f3\u00f0i\u00f0 og Drottinn hann bl\u00edfur einn konungur a\u00f0 eil\u00edfu.<\/p>\n<p>\tDrottinn mun gefa kraft s\u00ednu f\u00f3lki, Drottinn hann mun blessa sitt f\u00f3lk me\u00f0 <span class=\"athugasemd\" title=\"(a) \/ \u00dea\u00f0 er, a\u00f0 honum vegni vel og hafi n\u00e6g\u00f0 allra nau\u00f0synlegra hluta\">[<\/span> fri\u00f0i.<\/p>\n","protected":false},"excerpt":{"rendered":"<p>XXIX. S\u00e1lmur Dav\u00ed\u00f0s F\u00e6ri\u00f0 hinga\u00f0 Drottni, \u00fe\u00e9r voldugir, [ f\u00e6ri\u00f0 hinga\u00f0 Drottni d\u00fdr\u00f0ina og styrkleikann. F\u00e6ri\u00f0 hinga\u00f0 Drottni d\u00fdr\u00f0ina hans nafns, tilbi\u00f0ji\u00f0 Drottin \u00ed heil\u00f6gum skr\u00fa\u00f0a. Raustin Drottins gekk yfir v\u00f6tnin, Gu\u00f0 d\u00fdr\u00f0arinnar l\u00e6tur rei\u00f0ar\u00ferumurnar sl\u00e1, Drottinn yfir miklum v\u00f6tnum. R\u00f6dd Drottins gengur me\u00f0 krafti, r\u00f6dd Drottins fer d\u00fdr\u00f0arlega. Rraustin Drottins h\u00fan \u00ed sundur br\u00fdtur sedrusvi\u00f0inn, Drottinn hann \u00ed sundur br\u00fdtur sedrustr\u00e9n \u00ed L\u00edbanon og l\u00e6tur \u00feau st\u00f6kkva upp sem annan k\u00e1lf, L\u00edbanon og Sirjon sem einn ungan einhyrning. Raustin Drottins h\u00fan sundrar sem eldslogi. Raustin Drottins skelfir ey\u00f0im\u00f6rkina, raustin Drottins hr\u00e6rir ey\u00f0im\u00f6rkina Kades. Raustin Drottins skelfir hindurnar og sney\u00f0ir <a href=\"https:\/\/biblian.is\/gudbrandsbiblia\/salmarnir-29-kafli\/\"> [&#8230;]<\/a><\/p>\n","protected":false},"author":1,"featured_media":0,"parent":0,"menu_order":0,"comment_status":"open","ping_status":"open","template":"bibliukaflar.php","meta":{"footnotes":""},"class_list":["post-3200","page","type-page","status-publish","hentry"],"_links":{"self":[{"href":"https:\/\/biblian.is\/gudbrandsbiblia\/wp-json\/wp\/v2\/pages\/3200","targetHints":{"allow":["GET"]}}],"collection":[{"href":"https:\/\/biblian.is\/gudbrandsbiblia\/wp-json\/wp\/v2\/pages"}],"about":[{"href":"https:\/\/biblian.is\/gudbrandsbiblia\/wp-json\/wp\/v2\/types\/page"}],"author":[{"embeddable":true,"href":"https:\/\/biblian.is\/gudbrandsbiblia\/wp-json\/wp\/v2\/users\/1"}],"replies":[{"embeddable":true,"href":"https:\/\/biblian.is\/gudbrandsbiblia\/wp-json\/wp\/v2\/comments?post=3200"}],"version-history":[{"count":0,"href":"https:\/\/biblian.is\/gudbrandsbiblia\/wp-json\/wp\/v2\/pages\/3200\/revisions"}],"wp:attachment":[{"href":"https:\/\/biblian.is\/gudbrandsbiblia\/wp-json\/wp\/v2\/media?parent=3200"}],"curies":[{"name":"wp","href":"https:\/\/api.w.org\/{rel}","templated":true}]}}