{"id":3199,"date":"2017-12-18T18:32:57","date_gmt":"2017-12-18T18:32:57","guid":{"rendered":"http:\/\/biblian.is\/gudbrandsbiblia\/salmarnir-28-kafli\/"},"modified":"2017-12-18T18:32:57","modified_gmt":"2017-12-18T18:32:57","slug":"salmarnir-28-kafli","status":"publish","type":"page","link":"https:\/\/biblian.is\/gudbrandsbiblia\/salmarnir-28-kafli\/","title":{"rendered":"S\u00e1lmarnir 28. kafli"},"content":{"rendered":"<p>XXVIII.<\/p>\n<p>N\u00e6r eg kalla til \u00fe\u00edn, Drottinn minn styrkur, \u00fe\u00e1 \u00feeg ekki vi\u00f0 m\u00e9r so a\u00f0 eg ver\u00f0i ekki (ef a\u00f0 \u00fe\u00fa \u00feegir) l\u00edkur \u00feeim sem ofan st\u00edga \u00ed undirdj\u00fapin. <\/p>\n<p>\tHeyr \u00fe\u00fa r\u00f6dd minnar gr\u00e1tbei\u00f0ni n\u00e6r eg kalla til \u00fe\u00edn, \u00fe\u00e1 e\u00f0 eg upphef m\u00ednar hendur til \u00fe\u00edns heilaga musteris.<\/p>\n<p>\tDrag mig ekki \u00ed samband vi\u00f0 \u00fe\u00e1 hina \u00f3gu\u00f0legu og \u00ed sambland vi\u00f0 \u00fe\u00e1 illgj\u00f6r\u00f0amenn, \u00feeir e\u00f0 s\u00e1ttsamlega m\u00e6la vi\u00f0 sinn n\u00e1unga en hafa hi\u00f0 vonda \u00ed hjartanu.<\/p>\n<p>\tGjaltu \u00feeim eftir \u00feeirra tilverkna\u00f0i og eftir \u00feeirrar illskusamlegri breytni, gjald \u00feeim eftir handaverkum \u00feeirra, betala \u00feeim hva\u00f0 \u00feeir for\u00fe\u00e9na\u00f0 hafa.<\/p>\n<p>\t\u00dev\u00ed a\u00f0 \u00feeir huglei\u00f0a ekki verkin Drottins og eigi heldur hans handaverk. \u00dear fyrir mun hann ni\u00f0urbrj\u00f3ta \u00fe\u00e1 og ekki uppbyggja.<\/p>\n<p>\tLofa\u00f0ur s\u00e9 Drottinn \u00fev\u00ed hann hefur heyrt r\u00f6dd minnar gr\u00e1tb\u00e6nar.<\/p>\n<p>\tDrottinn er minn styrkleiki og minn hl\u00edf\u00f0arskj\u00f6ldur, \u00e1 hann vonar mitt hjarta og em eg h\u00f3lpinn og mitt hjarta \u00fea\u00f0 er gla\u00f0v\u00e6rt og \u00ed m\u00ednum lofs\u00f6ng vil eg honum \u00feakkir gj\u00f6ra.<\/p>\n<p>\t\tDrottinn er styrkleikur \u00feeirra, hann er s\u00e1 styrkleikurinn sem a\u00f0 hj\u00e1lpar s\u00ednum <span class=\"athugasemd\" title=\"sword Smur\u00f0a\">[<\/span> Kristi.<\/p>\n<p>\t\tHj\u00e1lpa \u00fe\u00fa \u00fe\u00ednu f\u00f3lki og blessa \u00fe\u00edna arfleif\u00f0 og gef \u00feeim f\u00e6\u00f0slu og upphef \u00fe\u00e1 eil\u00edflega.<\/p>\n","protected":false},"excerpt":{"rendered":"<p>XXVIII. N\u00e6r eg kalla til \u00fe\u00edn, Drottinn minn styrkur, \u00fe\u00e1 \u00feeg ekki vi\u00f0 m\u00e9r so a\u00f0 eg ver\u00f0i ekki (ef a\u00f0 \u00fe\u00fa \u00feegir) l\u00edkur \u00feeim sem ofan st\u00edga \u00ed undirdj\u00fapin. Heyr \u00fe\u00fa r\u00f6dd minnar gr\u00e1tbei\u00f0ni n\u00e6r eg kalla til \u00fe\u00edn, \u00fe\u00e1 e\u00f0 eg upphef m\u00ednar hendur til \u00fe\u00edns heilaga musteris. Drag mig ekki \u00ed samband vi\u00f0 \u00fe\u00e1 hina \u00f3gu\u00f0legu og \u00ed sambland vi\u00f0 \u00fe\u00e1 illgj\u00f6r\u00f0amenn, \u00feeir e\u00f0 s\u00e1ttsamlega m\u00e6la vi\u00f0 sinn n\u00e1unga en hafa hi\u00f0 vonda \u00ed hjartanu. Gjaltu \u00feeim eftir \u00feeirra tilverkna\u00f0i og eftir \u00feeirrar illskusamlegri breytni, gjald \u00feeim eftir handaverkum \u00feeirra, betala \u00feeim hva\u00f0 \u00feeir for\u00fe\u00e9na\u00f0 hafa. \u00dev\u00ed <a href=\"https:\/\/biblian.is\/gudbrandsbiblia\/salmarnir-28-kafli\/\"> [&#8230;]<\/a><\/p>\n","protected":false},"author":1,"featured_media":0,"parent":0,"menu_order":0,"comment_status":"open","ping_status":"open","template":"bibliukaflar.php","meta":{"footnotes":""},"class_list":["post-3199","page","type-page","status-publish","hentry"],"_links":{"self":[{"href":"https:\/\/biblian.is\/gudbrandsbiblia\/wp-json\/wp\/v2\/pages\/3199","targetHints":{"allow":["GET"]}}],"collection":[{"href":"https:\/\/biblian.is\/gudbrandsbiblia\/wp-json\/wp\/v2\/pages"}],"about":[{"href":"https:\/\/biblian.is\/gudbrandsbiblia\/wp-json\/wp\/v2\/types\/page"}],"author":[{"embeddable":true,"href":"https:\/\/biblian.is\/gudbrandsbiblia\/wp-json\/wp\/v2\/users\/1"}],"replies":[{"embeddable":true,"href":"https:\/\/biblian.is\/gudbrandsbiblia\/wp-json\/wp\/v2\/comments?post=3199"}],"version-history":[{"count":0,"href":"https:\/\/biblian.is\/gudbrandsbiblia\/wp-json\/wp\/v2\/pages\/3199\/revisions"}],"wp:attachment":[{"href":"https:\/\/biblian.is\/gudbrandsbiblia\/wp-json\/wp\/v2\/media?parent=3199"}],"curies":[{"name":"wp","href":"https:\/\/api.w.org\/{rel}","templated":true}]}}