{"id":3197,"date":"2017-12-18T18:32:57","date_gmt":"2017-12-18T18:32:57","guid":{"rendered":"http:\/\/biblian.is\/gudbrandsbiblia\/salmarnir-26-kafli\/"},"modified":"2017-12-18T18:32:57","modified_gmt":"2017-12-18T18:32:57","slug":"salmarnir-26-kafli","status":"publish","type":"page","link":"https:\/\/biblian.is\/gudbrandsbiblia\/salmarnir-26-kafli\/","title":{"rendered":"S\u00e1lmarnir 26. kafli"},"content":{"rendered":"<p>XXVI.<\/p>\n<p>S\u00e1lmur Dav\u00ed\u00f0s<\/p>\n<p>L\u00e1t \u00fe\u00fa mig r\u00e9tt ske, Drottinn, \u00fev\u00ed a\u00f0 eg em saklaus, eg vona upp \u00e1 Drottin, \u00fear fyri mun eg ekki falla.<\/p>\n<p>\tReyn \u00fe\u00fa mig, Drottinn, og rannsaka mig, hreinsa m\u00edn n\u00fdru og mitt hjarta.<\/p>\n<p>\t\u00dev\u00ed a\u00f0 \u00fe\u00edn miskunn er fyrir m\u00ednum augum og eg geng \u00ed \u00fe\u00ednum sannleik.<\/p>\n<p>\tEg sit ekki \u00e1 r\u00e1\u00f0i hj\u00e1 \u00feeim h\u00e9g\u00f3mam\u00f6nnum og ekkert samlag hefi eg vi\u00f0 hina fl\u00e1r\u00e1\u00f0u.<\/p>\n<p>\tEg hata samkundu \u00feeirra hinna illgj\u00f6rnu og sit ekki hj\u00e1 \u00f3gu\u00f0hr\u00e6ddum.<\/p>\n<p>\tEg \u00fev\u00e6 m\u00ednar hendur me\u00f0 sakleysi og held mig, Drottin, til \u00fe\u00edns altaris<\/p>\n<p>\tsvo a\u00f0 eg heyri \u00fear raust \u00feinnar lofgj\u00f6r\u00f0ar og framtelji \u00fear allar \u00fe\u00ednar d\u00e1semdir.<\/p>\n<p>\tDrottinn, eg elska sta\u00f0inn \u00fe\u00edns <span class=\"athugasemd\" title=\"a \/ (\u00de\u00edns h\u00fass) \/ Gu\u00f0s h\u00fas og samkunda er \u00fear sem Gu\u00f0s or\u00f0 er kennt en hvergi annars sta\u00f0ar \u00fev\u00ed a\u00f0 \u00fear b\u00fdr Gu\u00f0. \u00dear fyrir pr\u00edsar hann svo gla\u00f0lega Gu\u00f0s h\u00fas vegna Gu\u00f0s or\u00f0s. S\u00e1l. cxxy.\">[<\/span> h\u00fass og \u00feann sta\u00f0 \u00fear e\u00f0 \u00fe\u00edn d\u00fdr\u00f0 b\u00fdr.<\/p>\n<p>\tTort\u00fdn ekki s\u00e1lu minni me\u00f0 \u00feeim syndugu og ekki heldur l\u00edfi m\u00ednu me\u00f0ur \u00feeim bl\u00f3\u00f0\u00feyrstugu<\/p>\n<p>\t\u00ed hverra h\u00f6ndum \u00fea\u00f0 illskuverkin eru og \u00feeir \u00feiggja gjarnan f\u00e9g\u00e1fur.<\/p>\n<p>\tEn eg geng \u00ed m\u00ednu sakleysi, frelsa \u00fe\u00fa mig og vert m\u00e9r miskunnsamur.<\/p>\n<p>\tMinn f\u00f3tur hann stendur \u00e1 r\u00e9ttum vegi, \u00feig vil eg lofa, Drottinn, \u00ed samkundunum.<\/p>\n","protected":false},"excerpt":{"rendered":"<p>XXVI. S\u00e1lmur Dav\u00ed\u00f0s L\u00e1t \u00fe\u00fa mig r\u00e9tt ske, Drottinn, \u00fev\u00ed a\u00f0 eg em saklaus, eg vona upp \u00e1 Drottin, \u00fear fyri mun eg ekki falla. Reyn \u00fe\u00fa mig, Drottinn, og rannsaka mig, hreinsa m\u00edn n\u00fdru og mitt hjarta. \u00dev\u00ed a\u00f0 \u00fe\u00edn miskunn er fyrir m\u00ednum augum og eg geng \u00ed \u00fe\u00ednum sannleik. Eg sit ekki \u00e1 r\u00e1\u00f0i hj\u00e1 \u00feeim h\u00e9g\u00f3mam\u00f6nnum og ekkert samlag hefi eg vi\u00f0 hina fl\u00e1r\u00e1\u00f0u. Eg hata samkundu \u00feeirra hinna illgj\u00f6rnu og sit ekki hj\u00e1 \u00f3gu\u00f0hr\u00e6ddum. Eg \u00fev\u00e6 m\u00ednar hendur me\u00f0 sakleysi og held mig, Drottin, til \u00fe\u00edns altaris svo a\u00f0 eg heyri \u00fear raust \u00feinnar lofgj\u00f6r\u00f0ar <a href=\"https:\/\/biblian.is\/gudbrandsbiblia\/salmarnir-26-kafli\/\"> [&#8230;]<\/a><\/p>\n","protected":false},"author":1,"featured_media":0,"parent":0,"menu_order":0,"comment_status":"open","ping_status":"open","template":"bibliukaflar.php","meta":{"footnotes":""},"class_list":["post-3197","page","type-page","status-publish","hentry"],"_links":{"self":[{"href":"https:\/\/biblian.is\/gudbrandsbiblia\/wp-json\/wp\/v2\/pages\/3197","targetHints":{"allow":["GET"]}}],"collection":[{"href":"https:\/\/biblian.is\/gudbrandsbiblia\/wp-json\/wp\/v2\/pages"}],"about":[{"href":"https:\/\/biblian.is\/gudbrandsbiblia\/wp-json\/wp\/v2\/types\/page"}],"author":[{"embeddable":true,"href":"https:\/\/biblian.is\/gudbrandsbiblia\/wp-json\/wp\/v2\/users\/1"}],"replies":[{"embeddable":true,"href":"https:\/\/biblian.is\/gudbrandsbiblia\/wp-json\/wp\/v2\/comments?post=3197"}],"version-history":[{"count":0,"href":"https:\/\/biblian.is\/gudbrandsbiblia\/wp-json\/wp\/v2\/pages\/3197\/revisions"}],"wp:attachment":[{"href":"https:\/\/biblian.is\/gudbrandsbiblia\/wp-json\/wp\/v2\/media?parent=3197"}],"curies":[{"name":"wp","href":"https:\/\/api.w.org\/{rel}","templated":true}]}}