{"id":3196,"date":"2017-12-18T18:32:57","date_gmt":"2017-12-18T18:32:57","guid":{"rendered":"http:\/\/biblian.is\/gudbrandsbiblia\/salmarnir-25-kafli\/"},"modified":"2017-12-18T18:32:57","modified_gmt":"2017-12-18T18:32:57","slug":"salmarnir-25-kafli","status":"publish","type":"page","link":"https:\/\/biblian.is\/gudbrandsbiblia\/salmarnir-25-kafli\/","title":{"rendered":"S\u00e1lmarnir 25. kafli"},"content":{"rendered":"<p>XXV.<\/p>\n<p>S\u00e1lmur Dav\u00ed\u00f0s<\/p>\n<p>Til \u00fe\u00edn, Drottinn, forlengir mig.<\/p>\n<p>\tMinn Gu\u00f0, \u00e1 \u00feig treysti eg, l\u00e1t mig ekki til skammar ver\u00f0a so a\u00f0 \u00f3vinir m\u00ednir gle\u00f0ji sig ekki yfir m\u00e9r.<\/p>\n<p>\t\u00dev\u00ed a\u00f0 enginn ver\u00f0ur s\u00e1 til skammar sem \u00fe\u00edn b\u00ed\u00f0ur en til skammar hlj\u00f3ta a\u00f0 ver\u00f0a \u00feeir hinir <span class=\"athugasemd\" title=\"a \/ \u00deeir sem l\u00e1tast hafa n\u00f3glegar sakir til a\u00f0 forsm\u00e1 en \u00fe\u00f3 f\u00e1n\u00fdtar, sem a\u00f0 er vald, v\u00edsd\u00f3mur, r\u00edkid\u00e6mi\">[<\/span> f\u00e1n\u00fdtu forsm\u00e1narar.<\/p>\n<p>\tDrottinn, v\u00edsa \u00fe\u00fa m\u00e9r \u00fe\u00edna vegu og l\u00e6r mig \u00fe\u00edna forstigu.<\/p>\n<p>\tLei\u00f0 \u00fe\u00fa mig \u00ed \u00fe\u00ednum sannleika og l\u00e6r mig \u00fev\u00ed a\u00f0 \u00fe\u00fa ert Gu\u00f0, minn frelsari, daglegana vona eg \u00e1 \u00feig.<\/p>\n<p>\tMinnstu, Drottinn, \u00feinna miskunnsemda og \u00feinnar g\u00e6sku sem veri\u00f0 hefur fr\u00e1 upphafi veraldar.<\/p>\n<p>\tMinnst \u00fe\u00fa ekki \u00e1 syndir minnar \u00e6sku og \u00e1 m\u00ednar misgj\u00f6r\u00f0ir heldur minnst \u00fe\u00fa m\u00edn eftir miskunnsemi \u00feinni og fyrir \u00feinnar g\u00f3\u00f0girndar sakir.<\/p>\n<p>\tDrottinn er g\u00f3\u00f0ur og r\u00e9ttfer\u00f0ugur, \u00fear fyrir lei\u00f0r\u00e9ttir hann hina syndugu \u00e1 veginum.<\/p>\n<p>\tHann lei\u00f0ir hina f\u00e1r\u00e1\u00f0u r\u00e9tt og l\u00e6rir \u00fe\u00e1 volu\u00f0u s\u00edna vegu.<\/p>\n<p>\tVegir Drottins eru ekki utan miskunnsemd og sannleikur \u00feeim e\u00f0 hans s\u00e1ttm\u00e1la og vitnisbur\u00f0i geyma.<\/p>\n<p>\tFyrir \u00fe\u00edns nafns sakir, Drottinn, vert l\u00edknsamur synd minni \u00fev\u00ed a\u00f0 h\u00fan er mikil.<\/p>\n<p>\tHver er s\u00e1 hann \u00f3ttast Drottin? \u00deeim hinum sama mun hann v\u00edsa \u00feann besta veg.<\/p>\n<p>\tS\u00e1la hans mun hv\u00edlast \u00ed g\u00f3\u00f0u og hans s\u00e6\u00f0i mun landi\u00f0 erfa.<\/p>\n<p>\tLeyndir d\u00f3mar Drottins eru me\u00f0al \u00feeirra sem hann \u00f3ttast og sinn s\u00e1ttm\u00e1la l\u00e6tur hann \u00fe\u00e1 vita.<\/p>\n<p>\tM\u00edn augu l\u00edta jafnan til Drottins \u00fev\u00ed hann mun m\u00edna f\u00e6tur \u00fatleysa af sn\u00f6runni.<\/p>\n<p>\tSn\u00fa \u00fe\u00e9r til m\u00edn og vert m\u00e9r miskunnsamur \u00fev\u00ed a\u00f0 eg em einmana og f\u00e1r\u00e1\u00f0ur.<\/p>\n<p>\tKv\u00f6l m\u00edns hjarta er mikil, lei\u00f0 \u00fe\u00fa mig burt \u00far m\u00ednum nau\u00f0um.<\/p>\n<p>\tL\u00edttu \u00e1 m\u00edna eymd og arm\u00e6\u00f0u og fyrirgef \u00fe\u00fa m\u00e9r allar m\u00ednar syndir.<\/p>\n<p>\tL\u00edt \u00fe\u00fa \u00e1 \u00fea\u00f0 a\u00f0 m\u00ednir \u00f3vinir eru svo margir og \u00feeir hata mig \u00fat af rangri illgirni.<\/p>\n<p>\tVar\u00f0veit \u00fe\u00fa m\u00edna s\u00e1lu og frels mig, l\u00e1t mig ekki til skammar ver\u00f0a \u00fev\u00ed a\u00f0 eg treysti \u00e1 \u00feig.<\/p>\n<p>\tSakleysi\u00f0 og r\u00e9ttv\u00edsin var\u00f0veiti mig \u00fev\u00ed a\u00f0 \u00fe\u00edn b\u00ed\u00f0 eg.<\/p>\n<p>\tGu\u00f0, frelsa \u00fe\u00fa \u00cdsrael af \u00f6llum s\u00ednum m\u00f3tgangi.<\/p>\n","protected":false},"excerpt":{"rendered":"<p>XXV. S\u00e1lmur Dav\u00ed\u00f0s Til \u00fe\u00edn, Drottinn, forlengir mig. Minn Gu\u00f0, \u00e1 \u00feig treysti eg, l\u00e1t mig ekki til skammar ver\u00f0a so a\u00f0 \u00f3vinir m\u00ednir gle\u00f0ji sig ekki yfir m\u00e9r. \u00dev\u00ed a\u00f0 enginn ver\u00f0ur s\u00e1 til skammar sem \u00fe\u00edn b\u00ed\u00f0ur en til skammar hlj\u00f3ta a\u00f0 ver\u00f0a \u00feeir hinir [ f\u00e1n\u00fdtu forsm\u00e1narar. Drottinn, v\u00edsa \u00fe\u00fa m\u00e9r \u00fe\u00edna vegu og l\u00e6r mig \u00fe\u00edna forstigu. Lei\u00f0 \u00fe\u00fa mig \u00ed \u00fe\u00ednum sannleika og l\u00e6r mig \u00fev\u00ed a\u00f0 \u00fe\u00fa ert Gu\u00f0, minn frelsari, daglegana vona eg \u00e1 \u00feig. Minnstu, Drottinn, \u00feinna miskunnsemda og \u00feinnar g\u00e6sku sem veri\u00f0 hefur fr\u00e1 upphafi veraldar. Minnst \u00fe\u00fa ekki \u00e1 syndir <a href=\"https:\/\/biblian.is\/gudbrandsbiblia\/salmarnir-25-kafli\/\"> [&#8230;]<\/a><\/p>\n","protected":false},"author":1,"featured_media":0,"parent":0,"menu_order":0,"comment_status":"open","ping_status":"open","template":"bibliukaflar.php","meta":{"footnotes":""},"class_list":["post-3196","page","type-page","status-publish","hentry"],"_links":{"self":[{"href":"https:\/\/biblian.is\/gudbrandsbiblia\/wp-json\/wp\/v2\/pages\/3196","targetHints":{"allow":["GET"]}}],"collection":[{"href":"https:\/\/biblian.is\/gudbrandsbiblia\/wp-json\/wp\/v2\/pages"}],"about":[{"href":"https:\/\/biblian.is\/gudbrandsbiblia\/wp-json\/wp\/v2\/types\/page"}],"author":[{"embeddable":true,"href":"https:\/\/biblian.is\/gudbrandsbiblia\/wp-json\/wp\/v2\/users\/1"}],"replies":[{"embeddable":true,"href":"https:\/\/biblian.is\/gudbrandsbiblia\/wp-json\/wp\/v2\/comments?post=3196"}],"version-history":[{"count":0,"href":"https:\/\/biblian.is\/gudbrandsbiblia\/wp-json\/wp\/v2\/pages\/3196\/revisions"}],"wp:attachment":[{"href":"https:\/\/biblian.is\/gudbrandsbiblia\/wp-json\/wp\/v2\/media?parent=3196"}],"curies":[{"name":"wp","href":"https:\/\/api.w.org\/{rel}","templated":true}]}}