{"id":3195,"date":"2017-12-18T18:32:57","date_gmt":"2017-12-18T18:32:57","guid":{"rendered":"http:\/\/biblian.is\/gudbrandsbiblia\/salmarnir-24-kafli\/"},"modified":"2017-12-18T18:32:57","modified_gmt":"2017-12-18T18:32:57","slug":"salmarnir-24-kafli","status":"publish","type":"page","link":"https:\/\/biblian.is\/gudbrandsbiblia\/salmarnir-24-kafli\/","title":{"rendered":"S\u00e1lmarnir 24. kafli"},"content":{"rendered":"<p>XXIIII.<\/p>\n<p>J\u00f6r\u00f0in h\u00fan er Drottins og hva\u00f0 \u00ed henni er, jar\u00f0arkringlan og hverjir \u00fear inni b\u00faa. <span class=\"athugasemd\" title=\"1. Kor. 10\">[<\/span><\/p>\n<p>\t\u00dev\u00ed hann hefur grundvalla\u00f0 hana yfir sj\u00e1varhafi\u00f0 og yfir v\u00f6tnin tilb\u00fai\u00f0 hana.<\/p>\n<p>\tHver mun uppst\u00edga \u00e1 fjalli\u00f0 Drottins og hver mun standa \u00ed hans hinum heilaga sta\u00f0?<\/p>\n<p>\tS\u00e1 e\u00f0 hefur meinlausar hendur og hann sem er hreinhjarta\u00f0ur, s\u00e1 e\u00f0 ekki hefur lysting \u00e1 h\u00e9g\u00f3mlegum l\u00e6rd\u00f3mi og hver e\u00f0 sver ekki heldur sviksamlega,<\/p>\n<p>\ts\u00e1 hinn sami mun me\u00f0taka blessun af Drottni og r\u00e9ttl\u00e6ti af Gu\u00f0i s\u00edns hj\u00e1lpr\u00e6\u00f0is.<\/p>\n<p>\t\u00deetta er s\u00fa kynsl\u00f3\u00f0in hver e\u00f0 a\u00f0 honum spyr, h\u00fan hver a\u00f0 leitar \u00fe\u00edns <span class=\"athugasemd\" title=\"a \/ (Andlits) \/ \u00dea\u00f0 er, n\u00e1veru og kunnugleika Gu\u00f0s hver e\u00f0 var \u00e1 me\u00f0al \u00cdsraels f\u00f3lks en hvergi annars sta\u00f0ar\">[<\/span> andlits Jakobs. Sela.<\/p>\n<p>\tL\u00e1ti\u00f0 portin v\u00ed\u00f0opin og l\u00faki\u00f0 v\u00edtt upp dyrnar \u00ed ver\u00f6ldinni so \u00fea\u00f0 konungur d\u00fdr\u00f0arinnar inngangi.<\/p>\n<p>\tHver er s\u00e1 konungur d\u00fdr\u00f0arinnar? \u00dea\u00f0 er Drottinn, sterkur og voldugur, Drottinn megtugur \u00ed str\u00ed\u00f0i.<\/p>\n<p>\tL\u00e1ti\u00f0 portin v\u00ed\u00f0opin og l\u00faki\u00f0 h\u00e1tt upp dyrnar \u00ed ver\u00f6ldinni so \u00fea\u00f0 konungur d\u00fdr\u00f0arinnar inngangi.<\/p>\n<p>\tHver er s\u00e1 konungur d\u00fdr\u00f0arinnar? \u00dea\u00f0 er Drottinn allsherjar, hann er s\u00e1 konungur d\u00fdr\u00f0arinnar. Sela.<\/p>\n","protected":false},"excerpt":{"rendered":"<p>XXIIII. J\u00f6r\u00f0in h\u00fan er Drottins og hva\u00f0 \u00ed henni er, jar\u00f0arkringlan og hverjir \u00fear inni b\u00faa. [ \u00dev\u00ed hann hefur grundvalla\u00f0 hana yfir sj\u00e1varhafi\u00f0 og yfir v\u00f6tnin tilb\u00fai\u00f0 hana. Hver mun uppst\u00edga \u00e1 fjalli\u00f0 Drottins og hver mun standa \u00ed hans hinum heilaga sta\u00f0? S\u00e1 e\u00f0 hefur meinlausar hendur og hann sem er hreinhjarta\u00f0ur, s\u00e1 e\u00f0 ekki hefur lysting \u00e1 h\u00e9g\u00f3mlegum l\u00e6rd\u00f3mi og hver e\u00f0 sver ekki heldur sviksamlega, s\u00e1 hinn sami mun me\u00f0taka blessun af Drottni og r\u00e9ttl\u00e6ti af Gu\u00f0i s\u00edns hj\u00e1lpr\u00e6\u00f0is. \u00deetta er s\u00fa kynsl\u00f3\u00f0in hver e\u00f0 a\u00f0 honum spyr, h\u00fan hver a\u00f0 leitar \u00fe\u00edns [ andlits Jakobs. <a href=\"https:\/\/biblian.is\/gudbrandsbiblia\/salmarnir-24-kafli\/\"> [&#8230;]<\/a><\/p>\n","protected":false},"author":1,"featured_media":0,"parent":0,"menu_order":0,"comment_status":"open","ping_status":"open","template":"bibliukaflar.php","meta":{"footnotes":""},"class_list":["post-3195","page","type-page","status-publish","hentry"],"_links":{"self":[{"href":"https:\/\/biblian.is\/gudbrandsbiblia\/wp-json\/wp\/v2\/pages\/3195","targetHints":{"allow":["GET"]}}],"collection":[{"href":"https:\/\/biblian.is\/gudbrandsbiblia\/wp-json\/wp\/v2\/pages"}],"about":[{"href":"https:\/\/biblian.is\/gudbrandsbiblia\/wp-json\/wp\/v2\/types\/page"}],"author":[{"embeddable":true,"href":"https:\/\/biblian.is\/gudbrandsbiblia\/wp-json\/wp\/v2\/users\/1"}],"replies":[{"embeddable":true,"href":"https:\/\/biblian.is\/gudbrandsbiblia\/wp-json\/wp\/v2\/comments?post=3195"}],"version-history":[{"count":0,"href":"https:\/\/biblian.is\/gudbrandsbiblia\/wp-json\/wp\/v2\/pages\/3195\/revisions"}],"wp:attachment":[{"href":"https:\/\/biblian.is\/gudbrandsbiblia\/wp-json\/wp\/v2\/media?parent=3195"}],"curies":[{"name":"wp","href":"https:\/\/api.w.org\/{rel}","templated":true}]}}