{"id":3194,"date":"2017-12-18T18:32:57","date_gmt":"2017-12-18T18:32:57","guid":{"rendered":"http:\/\/biblian.is\/gudbrandsbiblia\/salmarnir-23-kafli\/"},"modified":"2017-12-18T18:32:57","modified_gmt":"2017-12-18T18:32:57","slug":"salmarnir-23-kafli","status":"publish","type":"page","link":"https:\/\/biblian.is\/gudbrandsbiblia\/salmarnir-23-kafli\/","title":{"rendered":"S\u00e1lmarnir 23. kafli"},"content":{"rendered":"<p>XXIII.<\/p>\n<p>Drottinn er minn hir\u00f0ir, mig mun ekki neitt bresta.<\/p>\n<p>\tHann f\u00f3\u00f0rar mig \u00ed lystilegum grashaga og lei\u00f0ir mig fram a\u00f0 fersku vatni. <span class=\"athugasemd\" title=\"Sak. 11 \/ Esa. 40 \/ Jer. 23 \/ Esek. 34 \/ J\u00f3h. 10 \/ 1. P\u00e9t. 2\">[<\/span> <\/p>\n<p>\tHann endurn\u00e6rir s\u00e1l m\u00edna, hann lei\u00f0ir mig \u00e1 r\u00e9ttan veg fyrir s\u00edns nafns sakir.<\/p>\n<p>\tOg \u00fe\u00f3tt eg r\u00e1fa\u00f0i \u00ed myrkvum (dau\u00f0ans) dal \u00fe\u00e1 hr\u00e6\u00f0unst eg \u00fe\u00f3 \u00f6ngva \u00f3lukku \u00fev\u00ed a\u00f0 \u00fe\u00fa ert hj\u00e1 m\u00e9r, \u00feinn v\u00f6ndur og stafur \u00feeir hugsvala m\u00e9r.<\/p>\n<p>\t\u00de\u00fa tilrei\u00f0ir eitt matbor\u00f0 fyrir minni s\u00e1lu \u00ed gegn \u00feeim e\u00f0 hrella mig, \u00fe\u00fa smyr mitt h\u00f6fu\u00f0 me\u00f0 vi\u00f0smj\u00f6ri og skenkir fullt \u00e1 fyrir mig.<\/p>\n<p>\tG\u00e6ska og miskunnsemi munu m\u00e9r eftirfylgja m\u00edna l\u00edfdaga og eg mun b\u00faa \u00ed h\u00fasi Drottins \u00e6vinlega.<\/p>\n","protected":false},"excerpt":{"rendered":"<p>XXIII. Drottinn er minn hir\u00f0ir, mig mun ekki neitt bresta. Hann f\u00f3\u00f0rar mig \u00ed lystilegum grashaga og lei\u00f0ir mig fram a\u00f0 fersku vatni. [ Hann endurn\u00e6rir s\u00e1l m\u00edna, hann lei\u00f0ir mig \u00e1 r\u00e9ttan veg fyrir s\u00edns nafns sakir. Og \u00fe\u00f3tt eg r\u00e1fa\u00f0i \u00ed myrkvum (dau\u00f0ans) dal \u00fe\u00e1 hr\u00e6\u00f0unst eg \u00fe\u00f3 \u00f6ngva \u00f3lukku \u00fev\u00ed a\u00f0 \u00fe\u00fa ert hj\u00e1 m\u00e9r, \u00feinn v\u00f6ndur og stafur \u00feeir hugsvala m\u00e9r. \u00de\u00fa tilrei\u00f0ir eitt matbor\u00f0 fyrir minni s\u00e1lu \u00ed gegn \u00feeim e\u00f0 hrella mig, \u00fe\u00fa smyr mitt h\u00f6fu\u00f0 me\u00f0 vi\u00f0smj\u00f6ri og skenkir fullt \u00e1 fyrir mig. G\u00e6ska og miskunnsemi munu m\u00e9r eftirfylgja m\u00edna l\u00edfdaga og eg <a href=\"https:\/\/biblian.is\/gudbrandsbiblia\/salmarnir-23-kafli\/\"> [&#8230;]<\/a><\/p>\n","protected":false},"author":1,"featured_media":0,"parent":0,"menu_order":0,"comment_status":"open","ping_status":"open","template":"bibliukaflar.php","meta":{"footnotes":""},"class_list":["post-3194","page","type-page","status-publish","hentry"],"_links":{"self":[{"href":"https:\/\/biblian.is\/gudbrandsbiblia\/wp-json\/wp\/v2\/pages\/3194","targetHints":{"allow":["GET"]}}],"collection":[{"href":"https:\/\/biblian.is\/gudbrandsbiblia\/wp-json\/wp\/v2\/pages"}],"about":[{"href":"https:\/\/biblian.is\/gudbrandsbiblia\/wp-json\/wp\/v2\/types\/page"}],"author":[{"embeddable":true,"href":"https:\/\/biblian.is\/gudbrandsbiblia\/wp-json\/wp\/v2\/users\/1"}],"replies":[{"embeddable":true,"href":"https:\/\/biblian.is\/gudbrandsbiblia\/wp-json\/wp\/v2\/comments?post=3194"}],"version-history":[{"count":0,"href":"https:\/\/biblian.is\/gudbrandsbiblia\/wp-json\/wp\/v2\/pages\/3194\/revisions"}],"wp:attachment":[{"href":"https:\/\/biblian.is\/gudbrandsbiblia\/wp-json\/wp\/v2\/media?parent=3194"}],"curies":[{"name":"wp","href":"https:\/\/api.w.org\/{rel}","templated":true}]}}