{"id":3192,"date":"2017-12-18T18:32:54","date_gmt":"2017-12-18T18:32:54","guid":{"rendered":"http:\/\/biblian.is\/gudbrandsbiblia\/salmarnir-21-kafli\/"},"modified":"2017-12-18T18:32:54","modified_gmt":"2017-12-18T18:32:54","slug":"salmarnir-21-kafli","status":"publish","type":"page","link":"https:\/\/biblian.is\/gudbrandsbiblia\/salmarnir-21-kafli\/","title":{"rendered":"S\u00e1lmarnir 21. kafli"},"content":{"rendered":"<p>XXI.<\/p>\n<p>S\u00e1lmur Dav\u00ed\u00f0s fyrir a\u00f0 syngja<\/p>\n<p>Drottinn, k\u00f3ngurinn gle\u00f0ur sig \u00ed \u00fe\u00ednum krafti og hva\u00f0 harla gla\u00f0ur er hann \u00fat af \u00fe\u00ednu hj\u00e1lpr\u00e6\u00f0i!<\/p>\n<p>\t\u00de\u00fa gefur honum s\u00edna hjartans vild og synjar ekki \u00feess hva\u00f0 hans munnur bei\u00f0ist. Sela.<\/p>\n<p>\t\u00dev\u00ed a\u00f0 \u00fe\u00fa yfirhellir hann me\u00f0 velsemdarblessun, k\u00f3r\u00f3nuna af gulli setur \u00fe\u00fa upp \u00e1 hans h\u00f6fu\u00f0.<\/p>\n<p>\tHann bi\u00f0ur \u00feig um l\u00edf og \u00fe\u00fa gefur honum langa l\u00edfdaga um aldur og a\u00f0 eil\u00edfu.<\/p>\n<p>\tMikil er hans d\u00fdr\u00f0 \u00ed \u00fe\u00ednu hj\u00e1lpr\u00e6\u00f0i, \u00fe\u00fa leggur honum vegsemd og pr\u00fd\u00f0i til.<\/p>\n<p>\t\u00dev\u00ed a\u00f0 \u00fe\u00fa setur hann til blessunar eil\u00edflega, \u00fe\u00fa gle\u00f0ur hann me\u00f0 f\u00f6gnu\u00f0i \u00fe\u00edns andlits.<\/p>\n<p>\t\u00dev\u00ed a\u00f0 k\u00f3ngurinn hann vonar upp \u00e1 Drottin og fyrir miskunnsemi Hins h\u00e6sta mun hann st\u00f6\u00f0ugur standa.<\/p>\n<p>\t\u00de\u00edn h\u00f6nd mun finna alla \u00fe\u00edna \u00f3vini, \u00fe\u00edn h\u00e6gri h\u00f6nd mun hitta \u00fe\u00e1 e\u00f0 \u00feig hata.<\/p>\n<p>\t\u00de\u00fa munt gj\u00f6ra \u00fe\u00e1 l\u00edka sem eldsins ofn \u00e1 t\u00edma \u00feinnar rei\u00f0i, Drottinn mun uppsvelgja \u00fe\u00e1 \u00ed sinni rei\u00f0i og eldurinn mun upp\u00e9ta \u00fe\u00e1.<\/p>\n<p>\t\u00deeirra \u00e1v\u00f6xt muntu tort\u00fdnast l\u00e1ta af j\u00f6r\u00f0u og \u00feeirra s\u00e6\u00f0i \u00ed burt fr\u00e1 mannanna sonum.<\/p>\n<p>\t\u00dev\u00ed a\u00f0 \u00feeir \u00feenktu \u00fe\u00e9r illt a\u00f0 gj\u00f6ra og samsettu \u00fe\u00e6r r\u00e1\u00f0agj\u00f6r\u00f0ir hverjar \u00feeir fengu ekki fullkomna\u00f0.<\/p>\n<p>\t\u00dev\u00ed a\u00f0 \u00fe\u00fa munt gj\u00f6ra \u00fe\u00e1 a\u00f0 <span class=\"athugasemd\" title=\"a \/ (Auslum) \/ A\u00f0 \u00feeir beri jafnan og \u00f3lukku l\u00ed\u00f0i\">[<\/span> \u00f6rlum, \u00feinn bogastreng muntu spenna \u00ed gegn \u00feeirra augs\u00fdn.<\/p>\n<p>\tDrottinn, upphef \u00feig \u00ed \u00fe\u00ednum krafti, \u00fe\u00e1 viljum v\u00e9r syngja og lofa \u00feitt magtarveldi.<\/p>\n","protected":false},"excerpt":{"rendered":"<p>XXI. S\u00e1lmur Dav\u00ed\u00f0s fyrir a\u00f0 syngja Drottinn, k\u00f3ngurinn gle\u00f0ur sig \u00ed \u00fe\u00ednum krafti og hva\u00f0 harla gla\u00f0ur er hann \u00fat af \u00fe\u00ednu hj\u00e1lpr\u00e6\u00f0i! \u00de\u00fa gefur honum s\u00edna hjartans vild og synjar ekki \u00feess hva\u00f0 hans munnur bei\u00f0ist. Sela. \u00dev\u00ed a\u00f0 \u00fe\u00fa yfirhellir hann me\u00f0 velsemdarblessun, k\u00f3r\u00f3nuna af gulli setur \u00fe\u00fa upp \u00e1 hans h\u00f6fu\u00f0. Hann bi\u00f0ur \u00feig um l\u00edf og \u00fe\u00fa gefur honum langa l\u00edfdaga um aldur og a\u00f0 eil\u00edfu. Mikil er hans d\u00fdr\u00f0 \u00ed \u00fe\u00ednu hj\u00e1lpr\u00e6\u00f0i, \u00fe\u00fa leggur honum vegsemd og pr\u00fd\u00f0i til. \u00dev\u00ed a\u00f0 \u00fe\u00fa setur hann til blessunar eil\u00edflega, \u00fe\u00fa gle\u00f0ur hann me\u00f0 f\u00f6gnu\u00f0i \u00fe\u00edns andlits. \u00dev\u00ed <a href=\"https:\/\/biblian.is\/gudbrandsbiblia\/salmarnir-21-kafli\/\"> [&#8230;]<\/a><\/p>\n","protected":false},"author":1,"featured_media":0,"parent":0,"menu_order":0,"comment_status":"open","ping_status":"open","template":"bibliukaflar.php","meta":{"footnotes":""},"class_list":["post-3192","page","type-page","status-publish","hentry"],"_links":{"self":[{"href":"https:\/\/biblian.is\/gudbrandsbiblia\/wp-json\/wp\/v2\/pages\/3192","targetHints":{"allow":["GET"]}}],"collection":[{"href":"https:\/\/biblian.is\/gudbrandsbiblia\/wp-json\/wp\/v2\/pages"}],"about":[{"href":"https:\/\/biblian.is\/gudbrandsbiblia\/wp-json\/wp\/v2\/types\/page"}],"author":[{"embeddable":true,"href":"https:\/\/biblian.is\/gudbrandsbiblia\/wp-json\/wp\/v2\/users\/1"}],"replies":[{"embeddable":true,"href":"https:\/\/biblian.is\/gudbrandsbiblia\/wp-json\/wp\/v2\/comments?post=3192"}],"version-history":[{"count":0,"href":"https:\/\/biblian.is\/gudbrandsbiblia\/wp-json\/wp\/v2\/pages\/3192\/revisions"}],"wp:attachment":[{"href":"https:\/\/biblian.is\/gudbrandsbiblia\/wp-json\/wp\/v2\/media?parent=3192"}],"curies":[{"name":"wp","href":"https:\/\/api.w.org\/{rel}","templated":true}]}}