{"id":3191,"date":"2017-12-18T18:32:54","date_gmt":"2017-12-18T18:32:54","guid":{"rendered":"http:\/\/biblian.is\/gudbrandsbiblia\/salmarnir-20-kafli\/"},"modified":"2017-12-18T18:32:54","modified_gmt":"2017-12-18T18:32:54","slug":"salmarnir-20-kafli","status":"publish","type":"page","link":"https:\/\/biblian.is\/gudbrandsbiblia\/salmarnir-20-kafli\/","title":{"rendered":"S\u00e1lmarnir 20. kafli"},"content":{"rendered":"<p>XX.<\/p>\n<p>S\u00e1lmur Dav\u00ed\u00f0s fyrir a\u00f0 syngja<\/p>\n<p>Drottinn b\u00e6nheyri \u00feig \u00e1 m\u00f3tgangst\u00edmanum og nafni\u00f0 Gu\u00f0s Jakobs \u00fea\u00f0 verndi \u00feig.<\/p>\n<p>\tHann sendi \u00fe\u00e9r hj\u00e1lp af helgid\u00f3minum og styrki \u00feig \u00fat af S\u00edon.<\/p>\n<p>\tMinnugur s\u00e9 hann alls \u00fe\u00edns mataroffurs og \u00fe\u00edn brennif\u00f3rn ver\u00f0i feit \u00ed n\u00f3g. Sela.<\/p>\n<p>\tDrottinn gefi \u00fe\u00e9r \u00fe\u00edna hjartans vild og uppfylli allan \u00feinn \u00e1setning.<\/p>\n<p>\tV\u00e9r gle\u00f0jum oss \u00ed \u00fe\u00ednu hj\u00e1lpr\u00e6\u00f0i og \u00ed nafni Gu\u00f0s vors setjum v\u00e9r upp sigurmerki\u00f0. Drottinn uppfylli allar \u00fe\u00ednar b\u00e6nir.<\/p>\n<p>\tN\u00fa <span class=\"athugasemd\" title=\"a \/ Gu\u00f0 hl\u00fdtur a\u00f0 gefa r\u00e1\u00f0i\u00f0 og d\u00e1\u00f0ina, vor \u00e1setningur og gj\u00f6rningar eru til einskis\">[<\/span> formerki eg a\u00f0 Drottinn frelsar sinn hinn smur\u00f0a og b\u00e6nheyrir hann \u00fat af s\u00ednum heil\u00f6gum himni, hans h\u00e6gri h\u00f6nd hj\u00e1lpar kr\u00f6ftuglega.<\/p>\n<p>\t\u00deeir hinir a\u00f0rir treysta upp \u00e1 vagna og v\u00edghesta en v\u00e9r hugsum upp \u00e1 nafni\u00f0 Drottins Gu\u00f0s vors.<\/p>\n<p>\t\u00deeir eru ni\u00f0urslegnir og fallnir en v\u00e9r st\u00f6ndum r\u00e9ttir.<\/p>\n<p>\tDrottinn, hj\u00e1lpa \u00fe\u00fa oss, konungurinn heyri oss n\u00e6r e\u00f0 v\u00e9r \u00e1k\u00f6llum hann.<\/p>\n","protected":false},"excerpt":{"rendered":"<p>XX. S\u00e1lmur Dav\u00ed\u00f0s fyrir a\u00f0 syngja Drottinn b\u00e6nheyri \u00feig \u00e1 m\u00f3tgangst\u00edmanum og nafni\u00f0 Gu\u00f0s Jakobs \u00fea\u00f0 verndi \u00feig. Hann sendi \u00fe\u00e9r hj\u00e1lp af helgid\u00f3minum og styrki \u00feig \u00fat af S\u00edon. Minnugur s\u00e9 hann alls \u00fe\u00edns mataroffurs og \u00fe\u00edn brennif\u00f3rn ver\u00f0i feit \u00ed n\u00f3g. Sela. Drottinn gefi \u00fe\u00e9r \u00fe\u00edna hjartans vild og uppfylli allan \u00feinn \u00e1setning. V\u00e9r gle\u00f0jum oss \u00ed \u00fe\u00ednu hj\u00e1lpr\u00e6\u00f0i og \u00ed nafni Gu\u00f0s vors setjum v\u00e9r upp sigurmerki\u00f0. Drottinn uppfylli allar \u00fe\u00ednar b\u00e6nir. N\u00fa [ formerki eg a\u00f0 Drottinn frelsar sinn hinn smur\u00f0a og b\u00e6nheyrir hann \u00fat af s\u00ednum heil\u00f6gum himni, hans h\u00e6gri h\u00f6nd hj\u00e1lpar kr\u00f6ftuglega. \u00deeir hinir <a href=\"https:\/\/biblian.is\/gudbrandsbiblia\/salmarnir-20-kafli\/\"> [&#8230;]<\/a><\/p>\n","protected":false},"author":1,"featured_media":0,"parent":0,"menu_order":0,"comment_status":"open","ping_status":"open","template":"bibliukaflar.php","meta":{"footnotes":""},"class_list":["post-3191","page","type-page","status-publish","hentry"],"_links":{"self":[{"href":"https:\/\/biblian.is\/gudbrandsbiblia\/wp-json\/wp\/v2\/pages\/3191","targetHints":{"allow":["GET"]}}],"collection":[{"href":"https:\/\/biblian.is\/gudbrandsbiblia\/wp-json\/wp\/v2\/pages"}],"about":[{"href":"https:\/\/biblian.is\/gudbrandsbiblia\/wp-json\/wp\/v2\/types\/page"}],"author":[{"embeddable":true,"href":"https:\/\/biblian.is\/gudbrandsbiblia\/wp-json\/wp\/v2\/users\/1"}],"replies":[{"embeddable":true,"href":"https:\/\/biblian.is\/gudbrandsbiblia\/wp-json\/wp\/v2\/comments?post=3191"}],"version-history":[{"count":0,"href":"https:\/\/biblian.is\/gudbrandsbiblia\/wp-json\/wp\/v2\/pages\/3191\/revisions"}],"wp:attachment":[{"href":"https:\/\/biblian.is\/gudbrandsbiblia\/wp-json\/wp\/v2\/media?parent=3191"}],"curies":[{"name":"wp","href":"https:\/\/api.w.org\/{rel}","templated":true}]}}