{"id":3189,"date":"2017-12-18T18:32:54","date_gmt":"2017-12-18T18:32:54","guid":{"rendered":"http:\/\/biblian.is\/gudbrandsbiblia\/salmarnir-18-kafli\/"},"modified":"2017-12-18T18:32:54","modified_gmt":"2017-12-18T18:32:54","slug":"salmarnir-18-kafli","status":"publish","type":"page","link":"https:\/\/biblian.is\/gudbrandsbiblia\/salmarnir-18-kafli\/","title":{"rendered":"S\u00e1lmarnir 18. kafli"},"content":{"rendered":"<p>XVIII.<\/p>\n<p>Einn s\u00e1lmur Dav\u00ed\u00f0s, Drottins \u00fej\u00f3nustumanns, til a\u00f0 syngja fyrir hver e\u00f0 tala\u00f0i fyrir Drottni or\u00f0in \u00feessa lofkv\u00e6\u00f0is \u00ed \u00feann t\u00edma \u00fe\u00e1 e\u00f0 Drottinn haf\u00f0i frelsa\u00f0 hann af h\u00f6ndum allra sinna \u00f3vina og af hendi Saul og sag\u00f0i:<\/p>\n<p>Hjartk\u00e6ran hefi eg \u00feig, Drottinn, minn styrkleiki, Drottinn mitt hl\u00edf\u00f0arbjarg, mitt \u00f6ruggt v\u00edgi, minn frelsari, minn Gu\u00f0, mitt traust \u00e1 hvert eg treysti,<\/p>\n<p>\tm\u00edn verndarhl\u00edf og horn m\u00edns hj\u00e1lpr\u00e6\u00f0is og mitt athvarf.<\/p>\n<p>\tEg vil lofa Drottin og \u00e1kalla hann, \u00fe\u00e1 mun eg frelsa\u00f0ur ver\u00f0a \u00ed fr\u00e1 m\u00ednum \u00f3vinum.<\/p>\n<p>\t\u00dev\u00ed a\u00f0 mig hafa umkringt b\u00f6ndin dau\u00f0ans og Bel\u00edals bekkir hafa skelft mig.<\/p>\n<p>\tB\u00f6ndin helv\u00edtis hafa umkringt mig og dau\u00f0ans sn\u00f6rur yfirbugu\u00f0u mig.<\/p>\n<p>\tN\u00e6r eg kveljunst \u00fe\u00e1 \u00e1kalla eg Drottin og hr\u00f3pa til Gu\u00f0s m\u00edns, \u00fe\u00e1 b\u00e6nheyrir hann m\u00edna raust af s\u00ednu musteri og mitt \u00e1kall kemur frir hans aus\u00fdn honum til eyrna.<\/p>\n<p>\tJ\u00f6r\u00f0in titra\u00f0i og hristist \u00f6ll og grundvellir fjallanna skulfu og hr\u00e6r\u00f0u sig \u00fe\u00e1 e\u00f0 hann reiddist.<\/p>\n<p>\tReykur gaus upp af hans n\u00f6sum en eldur brann af hans munni svo a\u00f0 \u00fear sindru\u00f0u neistar \u00fat af.<\/p>\n<p>\tHann beyg\u00f0i himnana og st\u00e9 ofan og myrkva\u00feoka var undir hans f\u00f3tum<\/p>\n<p>\tog hann f\u00f3r upp yfir ker\u00fab\u00edm og flaug, hann sveima\u00f0i \u00e1 vindsins v\u00e6ngjum.<\/p>\n<p>\tHans tjald \u00ed kringum hann var myrkri\u00f0 og dimm \u00feokusk\u00fd, \u00fear var hann innihulinn.<\/p>\n<p>\t\u00dat af \u00feeim geislum fyrir hans augs\u00fdn tv\u00edstru\u00f0ust sk\u00fdin me\u00f0 hagli og eldflugum<\/p>\n<p>\tog Drottinn hann l\u00e9t rei\u00f0ar\u00ferumur sl\u00e1 af himni og s\u00e1 hinn h\u00e6sti gaf \u00fat sitt hlj\u00f3\u00f0 me\u00f0 hagli og eldgangi.<\/p>\n<p>\tHann skaut s\u00ednum geislum \u00fat og \u00ed sundur dreif\u00f0i \u00feeim, hann l\u00e9t ver\u00f0a miklar eldingar og hr\u00e6ddi \u00fe\u00e1.<\/p>\n<p>\t\u00de\u00e1 s\u00e1ust uppsprettupyttir vatnanna og grundvellir jar\u00f0arinnar augl\u00fdstu sig, Drottinn, af \u00feinni straffan, \u00fat af bl\u00e6stri andans \u00feinna nasa.<\/p>\n<p>\tHann sendi \u00fat af h\u00e6\u00f0inni og me\u00f0t\u00f3k mig og t\u00f3k mig burt \u00far miklum v\u00f6tnum.<\/p>\n<p>\tHann frelsa\u00f0i mig fr\u00e1 sterkustum \u00f3vinum m\u00ednum og \u00ed burt fr\u00e1 \u00feeim e\u00f0 mig h\u00f6tu\u00f0u, hverjir m\u00e9r voru megtugri,<\/p>\n<p>\t\u00feeir e\u00f0 m\u00e9r \u00e1s\u00f3kn veittu \u00e1 m\u00ednum h\u00f6rmungardegi. Og Drottinn var mitt huggunartraust.<\/p>\n<p>\tOg hann leiddi mig \u00fat \u00e1 v\u00ed\u00f0an v\u00f6ll, hann leiddi mig burt \u00fea\u00f0an \u00fev\u00ed hann haf\u00f0i g\u00f3\u00f0an vilja til m\u00edn.<\/p>\n<p>\tDrottinn hann endugeldur m\u00e9r eftir m\u00ednu r\u00e9ttfer\u00f0ugu m\u00e1lefni, hann umbunar m\u00e9r eftir hreinfer\u00f0ugleika minna handa<\/p>\n<p>\t\u00fev\u00ed a\u00f0 eg var\u00f0veiti vegu Drottins og breyti ekki illmannlega \u00e1 m\u00f3ti m\u00ednum Gu\u00f0i.<\/p>\n<p>\t\u00dev\u00ed a\u00f0 alla hans d\u00f3ma hefi eg m\u00e9r fyrir sj\u00f3num og hans bo\u00f0or\u00f0um fleygi eg ekki \u00ed burt fr\u00e1 m\u00e9r<\/p>\n<p>\theldur em eg flekklaus fyrir honum og b\u00edvara mig fr\u00e1 syndinni.<\/p>\n<p>\t\u00dear fyrir endurgeldur m\u00e9r Drottinn eftir m\u00ednu r\u00e9ttl\u00e6ti og eftir hreinfer\u00f0ugleika minna handa \u00ed hans augliti.<\/p>\n<p>\tHj\u00e1 heil\u00f6gum ertu heilagur og hj\u00e1 fr\u00f3mum ertu fr\u00f3mur og hj\u00e1 hreinfer\u00f0ugum ertu hreinfer\u00f0ugur og hj\u00e1 rangsn\u00fanum ert \u00fe\u00fa rangsn\u00fainn.<\/p>\n<p>\t\u00dev\u00ed a\u00f0 \u00fe\u00fa munt frelsa \u00fea\u00f0 f\u00e1r\u00e1\u00f0a f\u00f3lk og ni\u00f0url\u00e6ga drambs\u00f6m augu.<\/p>\n<p>\t\u00dev\u00ed a\u00f0 \u00fe\u00fa uppbirtir mitt lj\u00f3s, Drottinn Gu\u00f0 minn hann gj\u00f6rir mitt myrkur a\u00f0 birtu.<\/p>\n<p>\t\u00dev\u00ed a\u00f0 fyrir \u00feig \u00fe\u00e1 f\u00e6 eg str\u00ed\u00f0sf\u00f3lki\u00f0 vi\u00f0 velli lagt og fyrir minn Gu\u00f0yfir steinvegginn stokki\u00f0.<\/p>\n<p>\tGu\u00f0s vegir eru fyrir utan l\u00fdti, or\u00f0r\u00e6\u00f0ur Drottins eru gagnhreinar, hann er einn hl\u00edf\u00f0arskj\u00f6ldur allra \u00feeirra sem \u00e1 hann treysta. <span class=\"athugasemd\" title=\"Proverb. 30\">[<\/span><\/p>\n<p>\t\u00dev\u00ed a\u00f0 hver er Gu\u00f0 utan alleinasta Drottinn e\u00f0a hver er sterkur utan vor Gu\u00f0?<\/p>\n<p>\tGu\u00f0 brynjar mig me\u00f0 krafti og gj\u00f6rir m\u00edna vegu flekklausa.<\/p>\n<p>\tHann gj\u00f6rir m\u00edna f\u00e6tur \u00e1l\u00edka sem hjartarins og setur mig upp \u00e1 m\u00edna h\u00e6\u00f0.<\/p>\n<p>\tHann kennir m\u00ednum h\u00f6ndum a\u00f0 berjast og l\u00e6rir m\u00edna armleggi st\u00e1lbogann a\u00f0 spanna.<\/p>\n<p>\tOg \u00fe\u00fa gefur m\u00e9r skj\u00f6ldinn \u00fe\u00edns hj\u00e1lpr\u00e6\u00f0is og \u00fe\u00edn h\u00e6gri h\u00f6nd styrkir mig og n\u00e6r e\u00f0 \u00fe\u00fa au\u00f0m\u00fdkir mig \u00fe\u00e1 miklar \u00fe\u00fa mig.<\/p>\n<p>\t\u00de\u00fa veitir m\u00e9r n\u00f3glegt gangr\u00fam svo \u00fea\u00f0 m\u00ednir \u00f6kklali\u00f0ir skri\u00f0na ekki.<\/p>\n<p>\tEg vil s\u00e6kja eftir m\u00ednum \u00f3vinum og handtaka \u00fe\u00e1 og ei aftur sn\u00faa fyrr en \u00fea\u00f0 eg hefi fyrirkomi\u00f0 \u00feeim.<\/p>\n<p>\tEg mun \u00fe\u00e1 ni\u00f0ursl\u00e1 og \u00feeir munu m\u00e9r ekki vi\u00f0st\u00f6\u00f0u veita, \u00feeir hlj\u00f3ta undir m\u00ednar f\u00e6tur a\u00f0 falla.<\/p>\n<p>\t\u00de\u00fa kannt me\u00f0 krafti a\u00f0 herkl\u00e6\u00f0a mig til bardaga, \u00fe\u00fa undir mig leggur alla \u00fe\u00e1 sem setja sig upp \u00e1 m\u00f3ti m\u00e9r.<\/p>\n<p>\t\u00de\u00fa gefur m\u00e9r \u00fea\u00f0 m\u00ednir \u00f3vinir sn\u00faa \u00e1 fl\u00f3tta og eg m\u00ednu hatursm\u00f6nnum \u00ed sundur dreifi.<\/p>\n<p>\t\u00deeir kalla og \u00fear er s\u00e1 enginn e\u00f0 \u00feeim hj\u00e1lpi, til Drottins, en hann andsvarar \u00feeim ekki.<\/p>\n<p>\tEg vil melja \u00fe\u00e1 svo sem moldarduft fyrir vindi, eg vil \u00fatsk\u00fafa \u00feeim l\u00edka sem saurindum \u00e1 str\u00e6tum.<\/p>\n<p>\t\u00de\u00fa hj\u00e1lpar m\u00e9r \u00ed fr\u00e1 \u00fev\u00ed \u00fer\u00e1ttunarsama f\u00f3lki og gj\u00f6rir mig a\u00f0 h\u00f6f\u00f0i me\u00f0al hei\u00f0inna \u00fej\u00f3\u00f0a, \u00fea\u00f0 f\u00f3lk hvert eg \u00feekkta ekki \u00fea\u00f0 mun \u00fej\u00f3na m\u00e9r.<\/p>\n<p>\t\u00dea\u00f0 hl\u00fd\u00f0ir m\u00e9r me\u00f0 hl\u00fd\u00f0ugum eyrum, j\u00e1, \u00feeir annarlegu synir afneita m\u00e9r.<\/p>\n<p>\tHinir annarlegu synir \u00feeir hja\u00f0na ni\u00f0ur og fara f\u00e1lmandi \u00ed s\u00ednum b\u00f6ndum.<\/p>\n<p>\tDrottinn hann lifir og blessa\u00f0ur s\u00e9 styrkur minn og Gu\u00f0 m\u00edns hj\u00e1lpr\u00e6\u00f0is s\u00e9 lofa\u00f0ur,<\/p>\n<p>\ts\u00e1 Gu\u00f0 er m\u00e9r gefur hefndnina og f\u00f3lki\u00f0 undir mig leggur,<\/p>\n<p>\ts\u00e1 e\u00f0 frelsar mig \u00ed fr\u00e1 \u00f3vinum m\u00ednum og forhefur mig \u00ed burt fr\u00e1 \u00feeim sem settu sig upp \u00ed m\u00f3ti m\u00e9r, \u00fe\u00fa hj\u00e1lpar m\u00e9r \u00ed fr\u00e1 \u00feeim hinum rangl\u00e1tu.<\/p>\n<p>\t\u00dear fyrir vil eg, Drottinn, \u00fe\u00e9r \u00feakkir gj\u00f6ra me\u00f0al hei\u00f0inna \u00fej\u00f3\u00f0a og lofsyngja \u00fe\u00ednu nafni,<\/p>\n<p>\ts\u00e1 e\u00f0 au\u00f0s\u00fdnir miki\u00f0 hj\u00e1lpr\u00e6\u00f0i s\u00ednum konungi og miskunn veitir s\u00ednum smur\u00f0a, Dav\u00ed\u00f0, og hans afkv\u00e6mi eil\u00edflega.<\/p>\n","protected":false},"excerpt":{"rendered":"<p>XVIII. Einn s\u00e1lmur Dav\u00ed\u00f0s, Drottins \u00fej\u00f3nustumanns, til a\u00f0 syngja fyrir hver e\u00f0 tala\u00f0i fyrir Drottni or\u00f0in \u00feessa lofkv\u00e6\u00f0is \u00ed \u00feann t\u00edma \u00fe\u00e1 e\u00f0 Drottinn haf\u00f0i frelsa\u00f0 hann af h\u00f6ndum allra sinna \u00f3vina og af hendi Saul og sag\u00f0i: Hjartk\u00e6ran hefi eg \u00feig, Drottinn, minn styrkleiki, Drottinn mitt hl\u00edf\u00f0arbjarg, mitt \u00f6ruggt v\u00edgi, minn frelsari, minn Gu\u00f0, mitt traust \u00e1 hvert eg treysti, m\u00edn verndarhl\u00edf og horn m\u00edns hj\u00e1lpr\u00e6\u00f0is og mitt athvarf. Eg vil lofa Drottin og \u00e1kalla hann, \u00fe\u00e1 mun eg frelsa\u00f0ur ver\u00f0a \u00ed fr\u00e1 m\u00ednum \u00f3vinum. \u00dev\u00ed a\u00f0 mig hafa umkringt b\u00f6ndin dau\u00f0ans og Bel\u00edals bekkir hafa skelft mig. B\u00f6ndin <a href=\"https:\/\/biblian.is\/gudbrandsbiblia\/salmarnir-18-kafli\/\"> [&#8230;]<\/a><\/p>\n","protected":false},"author":1,"featured_media":0,"parent":0,"menu_order":0,"comment_status":"open","ping_status":"open","template":"bibliukaflar.php","meta":{"footnotes":""},"class_list":["post-3189","page","type-page","status-publish","hentry"],"_links":{"self":[{"href":"https:\/\/biblian.is\/gudbrandsbiblia\/wp-json\/wp\/v2\/pages\/3189","targetHints":{"allow":["GET"]}}],"collection":[{"href":"https:\/\/biblian.is\/gudbrandsbiblia\/wp-json\/wp\/v2\/pages"}],"about":[{"href":"https:\/\/biblian.is\/gudbrandsbiblia\/wp-json\/wp\/v2\/types\/page"}],"author":[{"embeddable":true,"href":"https:\/\/biblian.is\/gudbrandsbiblia\/wp-json\/wp\/v2\/users\/1"}],"replies":[{"embeddable":true,"href":"https:\/\/biblian.is\/gudbrandsbiblia\/wp-json\/wp\/v2\/comments?post=3189"}],"version-history":[{"count":0,"href":"https:\/\/biblian.is\/gudbrandsbiblia\/wp-json\/wp\/v2\/pages\/3189\/revisions"}],"wp:attachment":[{"href":"https:\/\/biblian.is\/gudbrandsbiblia\/wp-json\/wp\/v2\/media?parent=3189"}],"curies":[{"name":"wp","href":"https:\/\/api.w.org\/{rel}","templated":true}]}}