{"id":3188,"date":"2017-12-18T18:32:54","date_gmt":"2017-12-18T18:32:54","guid":{"rendered":"http:\/\/biblian.is\/gudbrandsbiblia\/salmarnir-17-kafli\/"},"modified":"2017-12-18T18:32:54","modified_gmt":"2017-12-18T18:32:54","slug":"salmarnir-17-kafli","status":"publish","type":"page","link":"https:\/\/biblian.is\/gudbrandsbiblia\/salmarnir-17-kafli\/","title":{"rendered":"S\u00e1lmarnir 17. kafli"},"content":{"rendered":"<p>XVII.<\/p>\n<p>Ein b\u00e6n Dav\u00ed\u00f0s<\/p>\n<p>Heyr \u00fe\u00fa, Drottinn, <span class=\"athugasemd\" title=\"a \/ (R\u00e9ttv\u00edsi) \/ Eg veit v\u00edst eg kenni ekki lygar heldur \u00feitt or\u00f0. \u00dear fyrir viltu ekki b\u00e6nheyra mig, \u00fe\u00e1 b\u00e6nheyr \u00fe\u00fa \u00feitt r\u00e9tt m\u00e1lefni\">[<\/span> r\u00e9ttv\u00edsina, merk mitt \u00e1kall, hygg a\u00f0 minni b\u00e6n hver a\u00f0 ei sker af sviksamlegum v\u00f6rum.<\/p>\n<p>\tHlutastu til m\u00edns m\u00e1lefnis og gef g\u00e6tur a\u00f0 r\u00e9ttindunum.<\/p>\n<p>\t\u00de\u00fa reynir mitt hjarta og vitjar \u00feess \u00e1 n\u00e1ttar\u00feeli og hreinsar mig og finnur ekkert me\u00f0 m\u00e9r, eg einsetta m\u00e9r a\u00f0 minn munnur skyldi ekki skeika.<\/p>\n<p>\tEg var\u00f0veiti mig \u00ed or\u00f0inu \u00feinna vara, fyrir mannanna verkum, \u00e1 veginum spillvirkjans.<\/p>\n<p>\tHaltu minni g\u00f6ngu \u00ed \u00fe\u00ednum vegum so a\u00f0 m\u00edn f\u00f3tspor skri\u00f0ni ekki.<\/p>\n<p>\tEg kalla \u00e1 \u00feig a\u00f0 \u00fe\u00fa, Gu\u00f0, b\u00e6nheyrir mig, hneig \u00fe\u00edn eyru til m\u00edn og heyr m\u00edn or\u00f0.<\/p>\n<p>\tAu\u00f0s\u00fdn \u00fe\u00edna d\u00e1samlega g\u00f3\u00f0girni, \u00fe\u00fa hj\u00e1lpari \u00feeirra sem \u00e1 \u00feig treysta, \u00ed gegn \u00feeim sem setja sig upp \u00ed m\u00f3ti \u00feeinni h\u00e6gri hendi.<\/p>\n<p>\tVar\u00f0veit \u00fe\u00fa mig svo sem sj\u00e1ldri\u00f0 augans, undir skugga v\u00e6ngja \u00feinna vernda \u00fe\u00fa mig<\/p>\n<p>\tfyrir \u00feeim \u00f3gu\u00f0legu sem kvelja mig, fyrir m\u00ednum \u00f3vinum sem umsitja m\u00edna s\u00e1lu. <\/p>\n<p>\t\u00deeirra <span class=\"athugasemd\" title=\"sword \u00deeir miklu og megtugu\">[<\/span> feitingar halda til samans, me\u00f0 s\u00ednum munni tala \u00feeir drambsamlega.<\/p>\n<p>\tHvar e\u00f0 v\u00e9r g\u00f6ngum \u00fe\u00e1 umkringja \u00feeir oss, s\u00edn augu setja \u00feeir \u00feanga\u00f0 \u00fea\u00f0 \u00feeir sl\u00e1i oss til jar\u00f0ar<\/p>\n<p>\tso sem anna\u00f0 le\u00f3n \u00fea\u00f0 b\u00fai\u00f0 er til br\u00e1\u00f0ina a\u00f0 vei\u00f0a, l\u00edka sem le\u00f3nshvelpur s\u00e1 e\u00f0 situr \u00ed fylsnum.<\/p>\n<p>\tTak \u00feig upp, Drottinn, yfirfall \u00fe\u00e1 og ni\u00f0url\u00e6g \u00fe\u00e1, frelsa \u00fe\u00fa me\u00f0 sver\u00f0i \u00fe\u00ednu s\u00e1lu m\u00edna fr\u00e1 \u00feeim \u00f3gu\u00f0legu,<\/p>\n<p>\tfr\u00e1 f\u00f3lki \u00feinnar <span class=\"athugasemd\" title=\"b \/ (Handar) \u00deeir e\u00f0 \u00fe\u00e9r \u00ed hendur falla til str\u00f6ffunar. Ebre. x. Hryggilegt er a\u00f0 falla \u00ed hendur Drottins\">[<\/span> handar, Drottinn, fr\u00e1 m\u00f6nnum \u00feessarar veraldar, \u00feeir e\u00f0 sitt hlutskipti hafa \u00ed \u00feeirra l\u00edfi, hverra kvi\u00f0 e\u00f0 \u00fe\u00fa fyllir me\u00f0 \u00fe\u00ednum au\u00f0i. \u00deeir hafa mikinn fj\u00f6lda barna og l\u00e1ta s\u00ednar eftirleifar eftir hj\u00e1 \u00feeirra ni\u00f0jum.<\/p>\n<p>\tEn eg mun sj\u00e1 \u00feitt auglit \u00ed r\u00e9ttl\u00e6ti, eg mun saddur ver\u00f0a n\u00e6r eg <span class=\"athugasemd\" title=\"c \/ Eg vil vera vakandi \u00ed or\u00f0inu og tr\u00fanni og hrj\u00f3ta ekki\">[<\/span> vakna eftir \u00feinni mynd.<\/p>\n","protected":false},"excerpt":{"rendered":"<p>XVII. Ein b\u00e6n Dav\u00ed\u00f0s Heyr \u00fe\u00fa, Drottinn, [ r\u00e9ttv\u00edsina, merk mitt \u00e1kall, hygg a\u00f0 minni b\u00e6n hver a\u00f0 ei sker af sviksamlegum v\u00f6rum. Hlutastu til m\u00edns m\u00e1lefnis og gef g\u00e6tur a\u00f0 r\u00e9ttindunum. \u00de\u00fa reynir mitt hjarta og vitjar \u00feess \u00e1 n\u00e1ttar\u00feeli og hreinsar mig og finnur ekkert me\u00f0 m\u00e9r, eg einsetta m\u00e9r a\u00f0 minn munnur skyldi ekki skeika. Eg var\u00f0veiti mig \u00ed or\u00f0inu \u00feinna vara, fyrir mannanna verkum, \u00e1 veginum spillvirkjans. Haltu minni g\u00f6ngu \u00ed \u00fe\u00ednum vegum so a\u00f0 m\u00edn f\u00f3tspor skri\u00f0ni ekki. Eg kalla \u00e1 \u00feig a\u00f0 \u00fe\u00fa, Gu\u00f0, b\u00e6nheyrir mig, hneig \u00fe\u00edn eyru til m\u00edn og heyr m\u00edn <a href=\"https:\/\/biblian.is\/gudbrandsbiblia\/salmarnir-17-kafli\/\"> [&#8230;]<\/a><\/p>\n","protected":false},"author":1,"featured_media":0,"parent":0,"menu_order":0,"comment_status":"open","ping_status":"open","template":"bibliukaflar.php","meta":{"footnotes":""},"class_list":["post-3188","page","type-page","status-publish","hentry"],"_links":{"self":[{"href":"https:\/\/biblian.is\/gudbrandsbiblia\/wp-json\/wp\/v2\/pages\/3188","targetHints":{"allow":["GET"]}}],"collection":[{"href":"https:\/\/biblian.is\/gudbrandsbiblia\/wp-json\/wp\/v2\/pages"}],"about":[{"href":"https:\/\/biblian.is\/gudbrandsbiblia\/wp-json\/wp\/v2\/types\/page"}],"author":[{"embeddable":true,"href":"https:\/\/biblian.is\/gudbrandsbiblia\/wp-json\/wp\/v2\/users\/1"}],"replies":[{"embeddable":true,"href":"https:\/\/biblian.is\/gudbrandsbiblia\/wp-json\/wp\/v2\/comments?post=3188"}],"version-history":[{"count":0,"href":"https:\/\/biblian.is\/gudbrandsbiblia\/wp-json\/wp\/v2\/pages\/3188\/revisions"}],"wp:attachment":[{"href":"https:\/\/biblian.is\/gudbrandsbiblia\/wp-json\/wp\/v2\/media?parent=3188"}],"curies":[{"name":"wp","href":"https:\/\/api.w.org\/{rel}","templated":true}]}}