{"id":3187,"date":"2017-12-18T18:32:54","date_gmt":"2017-12-18T18:32:54","guid":{"rendered":"http:\/\/biblian.is\/gudbrandsbiblia\/salmarnir-16-kafli\/"},"modified":"2017-12-18T18:32:54","modified_gmt":"2017-12-18T18:32:54","slug":"salmarnir-16-kafli","status":"publish","type":"page","link":"https:\/\/biblian.is\/gudbrandsbiblia\/salmarnir-16-kafli\/","title":{"rendered":"S\u00e1lmarnir 16. kafli"},"content":{"rendered":"<p>XVI.<\/p>\n<p>Eitt gyllini klenodium Dav\u00ed\u00f0s<\/p>\n<p>Var\u00f0veit mig, Gu\u00f0, \u00fev\u00ed a\u00f0 eg treysti upp \u00e1 \u00feig.<\/p>\n<p>\tEg sag\u00f0i til Drottins: &#8222;\u00de\u00fa ert Drottinn, eg hl\u00fdt a\u00f0 l\u00ed\u00f0a fyrir \u00fe\u00ednar sakir.&#8220;<\/p>\n<p>\tFyrir \u00fe\u00e1 heil\u00f6gu sem \u00e1 jar\u00f0r\u00edki eru og fyrir \u00fe\u00e1 d\u00fdrlegu, \u00e1 \u00feeim hefi hefi eg alla m\u00edna \u00fe\u00f3knan.<\/p>\n<p>\tEn \u00feeir hinir a\u00f0rir sem eftir hinum \u00f6\u00f0rum stunda munu miki\u00f0 hjartans angur l\u00ed\u00f0a. Eg vil ekki f\u00e6ra \u00feeirra drykkjarf\u00f3rnir me\u00f0 <span class=\"athugasemd\" title=\"a \/ (Bl\u00f3\u00f0) \/ \u00deeir sem vilja bl\u00ed\u00f0ka Gu\u00f0 me\u00f0 hafrabl\u00f3\u00f0i en eg gj\u00f6ri \u00fea\u00f0 me\u00f0 m\u00ednu sj\u00e1lfs bl\u00f3\u00f0i\">[<\/span> bl\u00f3\u00f0inu, ekki heldur taka \u00feeirra <span class=\"athugasemd\" title=\"b \/ (Nafn) \/ Eg vil ekki kenna n\u00e9 pr\u00e9dika \u00fea\u00f0 sem \u00feeir l\u00e6ra sem me\u00f0 verkin fara, heldur tr\u00fana hverja Gu\u00f0 gefur\">[<\/span> nafn m\u00e9r \u00ed munn.<\/p>\n<p>\tDrottinn er m\u00edn arfleif\u00f0 og mitt hlutskipti, \u00fe\u00fa ert s\u00e1 sem m\u00e9r var\u00f0veitir m\u00edna hlutdeild.<\/p>\n<p>\tHlutur f\u00e9ll m\u00e9r \u00ed lystilegum sta\u00f0 og hin besta arfleif\u00f0in hlotna\u00f0ist m\u00e9r.<\/p>\n<p>\tEg lofa \u00feann Drottinn sem m\u00e9r gaf r\u00e1\u00f0, l\u00edka tyfta mig einnin m\u00edn n\u00fdru \u00e1 n\u00e6tur.<\/p>\n<p>\tAlla t\u00edma hefi eg Drottin m\u00e9r fyrir augum \u00fev\u00ed hann er m\u00e9r til h\u00e6gri handar, \u00fear fyrir mun eg st\u00f6\u00f0ugur bl\u00edfa.<\/p>\n<p>\t\u00dear fyrir gle\u00f0ur sig mitt hjarta og m\u00edn <span class=\"athugasemd\" title=\"c \/ (D\u00fdr\u00f0) \/ M\u00edn tunga me\u00f0 hverri eg d\u00fdrka og lofa Gu\u00f0\">[<\/span> d\u00fdr\u00f0 er gla\u00f0v\u00e6r, svo mun og einnin mitt hold \u00ed voninni hv\u00edlast.<\/p>\n<p>\t\u00dev\u00ed a\u00f0 ei muntu m\u00edna \u00f6nd yfirgefa \u00ed helv\u00edti og ei l\u00e1ta \u00feinn heilaga rotnan sj\u00e1.<\/p>\n<p>\t\u00de\u00fa gj\u00f6r\u00f0ir m\u00e9r kunnan veginn til l\u00edfsins, fyrir \u00feinni augs\u00fdn er gn\u00f3tt fagna\u00f0arins og gle\u00f0ilegt l\u00edf til \u00feinnar h\u00e6gri handar eil\u00edflegana.<\/p>\n","protected":false},"excerpt":{"rendered":"<p>XVI. Eitt gyllini klenodium Dav\u00ed\u00f0s Var\u00f0veit mig, Gu\u00f0, \u00fev\u00ed a\u00f0 eg treysti upp \u00e1 \u00feig. Eg sag\u00f0i til Drottins: &#8222;\u00de\u00fa ert Drottinn, eg hl\u00fdt a\u00f0 l\u00ed\u00f0a fyrir \u00fe\u00ednar sakir.&#8220; Fyrir \u00fe\u00e1 heil\u00f6gu sem \u00e1 jar\u00f0r\u00edki eru og fyrir \u00fe\u00e1 d\u00fdrlegu, \u00e1 \u00feeim hefi hefi eg alla m\u00edna \u00fe\u00f3knan. En \u00feeir hinir a\u00f0rir sem eftir hinum \u00f6\u00f0rum stunda munu miki\u00f0 hjartans angur l\u00ed\u00f0a. Eg vil ekki f\u00e6ra \u00feeirra drykkjarf\u00f3rnir me\u00f0 [ bl\u00f3\u00f0inu, ekki heldur taka \u00feeirra [ nafn m\u00e9r \u00ed munn. Drottinn er m\u00edn arfleif\u00f0 og mitt hlutskipti, \u00fe\u00fa ert s\u00e1 sem m\u00e9r var\u00f0veitir m\u00edna hlutdeild. Hlutur f\u00e9ll m\u00e9r \u00ed lystilegum <a href=\"https:\/\/biblian.is\/gudbrandsbiblia\/salmarnir-16-kafli\/\"> [&#8230;]<\/a><\/p>\n","protected":false},"author":1,"featured_media":0,"parent":0,"menu_order":0,"comment_status":"open","ping_status":"open","template":"bibliukaflar.php","meta":{"footnotes":""},"class_list":["post-3187","page","type-page","status-publish","hentry"],"_links":{"self":[{"href":"https:\/\/biblian.is\/gudbrandsbiblia\/wp-json\/wp\/v2\/pages\/3187","targetHints":{"allow":["GET"]}}],"collection":[{"href":"https:\/\/biblian.is\/gudbrandsbiblia\/wp-json\/wp\/v2\/pages"}],"about":[{"href":"https:\/\/biblian.is\/gudbrandsbiblia\/wp-json\/wp\/v2\/types\/page"}],"author":[{"embeddable":true,"href":"https:\/\/biblian.is\/gudbrandsbiblia\/wp-json\/wp\/v2\/users\/1"}],"replies":[{"embeddable":true,"href":"https:\/\/biblian.is\/gudbrandsbiblia\/wp-json\/wp\/v2\/comments?post=3187"}],"version-history":[{"count":0,"href":"https:\/\/biblian.is\/gudbrandsbiblia\/wp-json\/wp\/v2\/pages\/3187\/revisions"}],"wp:attachment":[{"href":"https:\/\/biblian.is\/gudbrandsbiblia\/wp-json\/wp\/v2\/media?parent=3187"}],"curies":[{"name":"wp","href":"https:\/\/api.w.org\/{rel}","templated":true}]}}