{"id":3186,"date":"2017-12-18T18:32:54","date_gmt":"2017-12-18T18:32:54","guid":{"rendered":"http:\/\/biblian.is\/gudbrandsbiblia\/salmarnir-15-kafli\/"},"modified":"2017-12-18T18:32:54","modified_gmt":"2017-12-18T18:32:54","slug":"salmarnir-15-kafli","status":"publish","type":"page","link":"https:\/\/biblian.is\/gudbrandsbiblia\/salmarnir-15-kafli\/","title":{"rendered":"S\u00e1lmarnir 15. kafli"},"content":{"rendered":"<p>XV.<\/p>\n<p>S\u00e1lmur Dav\u00ed\u00f0s<\/p>\n<p>Drottinn, hver f\u00e6r a\u00f0 b\u00faa \u00ed \u00feinni tjaldb\u00fa\u00f0 e\u00f0ur hver mun hv\u00edlast upp \u00e1 \u00fe\u00ednu heil\u00f6gu fjalli?<\/p>\n<p>\tHann s\u00e1 e\u00f0 framgengur flekklaus og gj\u00f6rir r\u00e9tt og talar sannleikinn \u00fat af hjarta,<\/p>\n<p>\thver e\u00f0 ekki sviksamlega m\u00e6lir me\u00f0 sinni tungu og n\u00e1unga s\u00ednum ekkert illt gj\u00f6rir og leggur ekki s\u00ednum n\u00e1unga neitt lastlegt til,<\/p>\n<p>\thver hann lei\u00f0ir hj\u00e1 s\u00e9r hinn illgjarna en \u00ed hei\u00f0ri hefur hinn gu\u00f0hr\u00e6dda, hver hann sver s\u00ednum n\u00e1unga og sv\u00edkur hann ekki,<\/p>\n<p>\thver hann gefur ekki f\u00e9 \u00fat upp \u00e1 okur og tekur ekki m\u00fatu yfir \u00feann hinn saklausa. Hver e\u00f0 \u00feetta gj\u00f6rir s\u00e1 mun st\u00f6\u00f0ugur bl\u00edfa \u00e6vinlega.<\/p>\n","protected":false},"excerpt":{"rendered":"<p>XV. S\u00e1lmur Dav\u00ed\u00f0s Drottinn, hver f\u00e6r a\u00f0 b\u00faa \u00ed \u00feinni tjaldb\u00fa\u00f0 e\u00f0ur hver mun hv\u00edlast upp \u00e1 \u00fe\u00ednu heil\u00f6gu fjalli? Hann s\u00e1 e\u00f0 framgengur flekklaus og gj\u00f6rir r\u00e9tt og talar sannleikinn \u00fat af hjarta, hver e\u00f0 ekki sviksamlega m\u00e6lir me\u00f0 sinni tungu og n\u00e1unga s\u00ednum ekkert illt gj\u00f6rir og leggur ekki s\u00ednum n\u00e1unga neitt lastlegt til, hver hann lei\u00f0ir hj\u00e1 s\u00e9r hinn illgjarna en \u00ed hei\u00f0ri hefur hinn gu\u00f0hr\u00e6dda, hver hann sver s\u00ednum n\u00e1unga og sv\u00edkur hann ekki, hver hann gefur ekki f\u00e9 \u00fat upp \u00e1 okur og tekur ekki m\u00fatu yfir \u00feann hinn saklausa. Hver e\u00f0 \u00feetta gj\u00f6rir s\u00e1 <a href=\"https:\/\/biblian.is\/gudbrandsbiblia\/salmarnir-15-kafli\/\"> [&#8230;]<\/a><\/p>\n","protected":false},"author":1,"featured_media":0,"parent":0,"menu_order":0,"comment_status":"open","ping_status":"open","template":"bibliukaflar.php","meta":{"footnotes":""},"class_list":["post-3186","page","type-page","status-publish","hentry"],"_links":{"self":[{"href":"https:\/\/biblian.is\/gudbrandsbiblia\/wp-json\/wp\/v2\/pages\/3186","targetHints":{"allow":["GET"]}}],"collection":[{"href":"https:\/\/biblian.is\/gudbrandsbiblia\/wp-json\/wp\/v2\/pages"}],"about":[{"href":"https:\/\/biblian.is\/gudbrandsbiblia\/wp-json\/wp\/v2\/types\/page"}],"author":[{"embeddable":true,"href":"https:\/\/biblian.is\/gudbrandsbiblia\/wp-json\/wp\/v2\/users\/1"}],"replies":[{"embeddable":true,"href":"https:\/\/biblian.is\/gudbrandsbiblia\/wp-json\/wp\/v2\/comments?post=3186"}],"version-history":[{"count":0,"href":"https:\/\/biblian.is\/gudbrandsbiblia\/wp-json\/wp\/v2\/pages\/3186\/revisions"}],"wp:attachment":[{"href":"https:\/\/biblian.is\/gudbrandsbiblia\/wp-json\/wp\/v2\/media?parent=3186"}],"curies":[{"name":"wp","href":"https:\/\/api.w.org\/{rel}","templated":true}]}}